{"id":4520,"date":"2023-08-13T19:05:22","date_gmt":"2023-08-13T17:05:22","guid":{"rendered":"https:\/\/preprod.qista.com\/?post_type=product&#038;p=4520"},"modified":"2025-05-22T12:24:42","modified_gmt":"2025-05-22T10:24:42","slug":"bam-smart-urbaine","status":"publish","type":"product","link":"https:\/\/qista.com\/fr\/boutique\/bam-smart-urbaine\/","title":{"rendered":"BAM Urbaine Visio+"},"content":{"rendered":"","protected":false},"excerpt":{"rendered":"<h3><strong>D\u00e9di\u00e9e \u00e0 la voie publique<\/strong><\/h3>\n<p>Contre les moustiques, choisissez la BAM VISIO URBAINE : la solution simple, efficace et \u00e9cologique.<\/p>\n<ul class=\"puces-liste\">\n<li><i class=\"fas fa-check\" style=\"color: #70f1d1;\" aria-hidden=\"true\"><\/i> <strong>Borne connect\u00e9e<\/strong><\/li>\n<li><strong><i class=\"fas fa-check\" style=\"color: #70f1d1;\" aria-hidden=\"true\"><\/i> Anti-moustique traditionnel et tigre<\/strong><\/li>\n<li><strong><i class=\"fas fa-check\" style=\"color: #70f1d1;\" aria-hidden=\"true\"><\/i> S\u00e9lectivit\u00e9 renforc\u00e9e<\/strong><\/li>\n<li><strong><i class=\"fas fa-check\" style=\"color: #70f1d1;\" aria-hidden=\"true\"><\/i> Z\u00e9ro toxicit\u00e9<\/strong><\/li>\n<li><strong><i class=\"fas fa-check\" style=\"color: #70f1d1;\" aria-hidden=\"true\"><\/i> Made in France<\/strong><\/li>\n<\/ul>\n","protected":false},"featured_media":41451,"comment_status":"closed","ping_status":"closed","template":"","meta":{"_acf_changed":false,"_mo_disable_npp":""},"product_brand":[],"product_cat":[31],"product_tag":[52],"class_list":{"0":"post-4520","1":"product","2":"type-product","3":"status-publish","4":"has-post-thumbnail","6":"product_cat-bam","7":"product_tag-bam-urbaine","9":"first","10":"instock","11":"taxable","12":"shipping-taxable","13":"purchasable","14":"product-type-simple"},"acf":[],"yoast_head":"<!-- This site is optimized with the Yoast SEO plugin v25.3 - https:\/\/yoast.com\/wordpress\/plugins\/seo\/ -->\n<title>Anti-moustique professionnel et collectivit\u00e9<\/title>\n<meta name=\"description\" content=\"Borne anti-moustique connect\u00e9e pour les professionnels et collectivit\u00e9s. BAM Visio Urbaine est pilotable \u00e0 distance via une application mobile. Le Starter Kit BAM permet d\u2019acqu\u00e9rir l\u2019ensemble de vos \u00e9quipements pour la premi\u00e8re saison.\" \/>\n<meta name=\"robots\" content=\"index, follow, max-snippet:-1, max-image-preview:large, max-video-preview:-1\" \/>\n<link rel=\"canonical\" href=\"https:\/\/qista.com\/fr\/boutique\/bam-smart-urbaine\/\" \/>\n<meta property=\"og:locale\" content=\"fr_FR\" \/>\n<meta property=\"og:type\" content=\"article\" \/>\n<meta property=\"og:title\" content=\"Anti-moustique professionnel et collectivit\u00e9\" \/>\n<meta property=\"og:description\" content=\"Borne anti-moustique connect\u00e9e pour les professionnels et collectivit\u00e9s. BAM Visio Urbaine est pilotable \u00e0 distance via une application mobile. Le Starter Kit BAM permet d\u2019acqu\u00e9rir l\u2019ensemble de vos \u00e9quipements pour la premi\u00e8re saison.\" \/>\n<meta property=\"og:url\" content=\"https:\/\/qista.com\/fr\/boutique\/bam-smart-urbaine\/\" \/>\n<meta property=\"og:site_name\" content=\"Qista.com\" \/>\n<meta property=\"article:modified_time\" content=\"2025-05-22T10:24:42+00:00\" \/>\n<meta property=\"og:image\" content=\"https:\/\/qista.com\/wp-content\/uploads\/2023\/08\/20240927_143759.png\" \/>\n\t<meta property=\"og:image:width\" content=\"1868\" \/>\n\t<meta property=\"og:image:height\" content=\"1921\" \/>\n\t<meta property=\"og:image:type\" content=\"image\/png\" \/>\n<meta name=\"twitter:card\" content=\"summary_large_image\" \/>\n<meta name=\"twitter:label1\" content=\"Dur\u00e9e de lecture estim\u00e9e\" \/>\n\t<meta name=\"twitter:data1\" content=\"1 minute\" \/>\n<script type=\"application\/ld+json\" class=\"yoast-schema-graph\">{\"@context\":\"https:\/\/schema.org\",\"@graph\":[{\"@type\":\"WebPage\",\"@id\":\"https:\/\/qista.com\/fr\/boutique\/bam-smart-urbaine\/\",\"url\":\"https:\/\/qista.com\/fr\/boutique\/bam-smart-urbaine\/\",\"name\":\"Anti-moustique professionnel et collectivit\u00e9\",\"isPartOf\":{\"@id\":\"https:\/\/qista.com\/fr\/#website\"},\"primaryImageOfPage\":{\"@id\":\"https:\/\/qista.com\/fr\/boutique\/bam-smart-urbaine\/#primaryimage\"},\"image\":{\"@id\":\"https:\/\/qista.com\/fr\/boutique\/bam-smart-urbaine\/#primaryimage\"},\"thumbnailUrl\":\"https:\/\/qista.com\/wp-content\/uploads\/2023\/08\/20240927_143759.png\",\"datePublished\":\"2023-08-13T17:05:22+00:00\",\"dateModified\":\"2025-05-22T10:24:42+00:00\",\"description\":\"Borne anti-moustique connect\u00e9e pour les professionnels et collectivit\u00e9s. BAM Visio Urbaine est pilotable \u00e0 distance via une application mobile. Le Starter Kit BAM permet d\u2019acqu\u00e9rir l\u2019ensemble de vos \u00e9quipements pour la premi\u00e8re saison.\",\"breadcrumb\":{\"@id\":\"https:\/\/qista.com\/fr\/boutique\/bam-smart-urbaine\/#breadcrumb\"},\"inLanguage\":\"fr-FR\",\"potentialAction\":[{\"@type\":\"ReadAction\",\"target\":[\"https:\/\/qista.com\/fr\/boutique\/bam-smart-urbaine\/\"]}]},{\"@type\":\"ImageObject\",\"inLanguage\":\"fr-FR\",\"@id\":\"https:\/\/qista.com\/fr\/boutique\/bam-smart-urbaine\/#primaryimage\",\"url\":\"https:\/\/qista.com\/wp-content\/uploads\/2023\/08\/20240927_143759.png\",\"contentUrl\":\"https:\/\/qista.com\/wp-content\/uploads\/2023\/08\/20240927_143759.png\",\"width\":1868,\"height\":1921},{\"@type\":\"BreadcrumbList\",\"@id\":\"https:\/\/qista.com\/fr\/boutique\/bam-smart-urbaine\/#breadcrumb\",\"itemListElement\":[{\"@type\":\"ListItem\",\"position\":1,\"name\":\"Accueil\",\"item\":\"https:\/\/qista.com\/fr\/\"},{\"@type\":\"ListItem\",\"position\":2,\"name\":\"BAM Urbaine Visio+\"}]},{\"@type\":\"WebSite\",\"@id\":\"https:\/\/qista.com\/fr\/#website\",\"url\":\"https:\/\/qista.com\/fr\/\",\"name\":\"QISTA\",\"description\":\"L&#039;aspiration MosqiVortex 788\",\"publisher\":{\"@id\":\"https:\/\/qista.com\/fr\/#organization\"},\"potentialAction\":[{\"@type\":\"SearchAction\",\"target\":{\"@type\":\"EntryPoint\",\"urlTemplate\":\"https:\/\/qista.com\/fr\/?s={search_term_string}\"},\"query-input\":{\"@type\":\"PropertyValueSpecification\",\"valueRequired\":true,\"valueName\":\"search_term_string\"}}],\"inLanguage\":\"fr-FR\"},{\"@type\":\"Organization\",\"@id\":\"https:\/\/qista.com\/fr\/#organization\",\"name\":\"QISTA\",\"url\":\"https:\/\/qista.com\/fr\/\",\"logo\":{\"@type\":\"ImageObject\",\"inLanguage\":\"fr-FR\",\"@id\":\"https:\/\/qista.com\/fr\/#\/schema\/logo\/image\/\",\"url\":\"https:\/\/qista.com\/wp-content\/uploads\/2023\/03\/LogoB_Qista_MosqiVortex.webp\",\"contentUrl\":\"https:\/\/qista.com\/wp-content\/uploads\/2023\/03\/LogoB_Qista_MosqiVortex.webp\",\"width\":537,\"height\":164,\"caption\":\"QISTA\"},\"image\":{\"@id\":\"https:\/\/qista.com\/fr\/#\/schema\/logo\/image\/\"}}]}<\/script>\n<!-- \/ Yoast SEO plugin. -->","yoast_head_json":{"title":"Anti-moustique professionnel et collectivit\u00e9","description":"Borne anti-moustique connect\u00e9e pour les professionnels et collectivit\u00e9s. BAM Visio Urbaine est pilotable \u00e0 distance via une application mobile. Le Starter Kit BAM permet d\u2019acqu\u00e9rir l\u2019ensemble de vos \u00e9quipements pour la premi\u00e8re saison.","robots":{"index":"index","follow":"follow","max-snippet":"max-snippet:-1","max-image-preview":"max-image-preview:large","max-video-preview":"max-video-preview:-1"},"canonical":"https:\/\/qista.com\/fr\/boutique\/bam-smart-urbaine\/","og_locale":"fr_FR","og_type":"article","og_title":"Anti-moustique professionnel et collectivit\u00e9","og_description":"Borne anti-moustique connect\u00e9e pour les professionnels et collectivit\u00e9s. BAM Visio Urbaine est pilotable \u00e0 distance via une application mobile. Le Starter Kit BAM permet d\u2019acqu\u00e9rir l\u2019ensemble de vos \u00e9quipements pour la premi\u00e8re saison.","og_url":"https:\/\/qista.com\/fr\/boutique\/bam-smart-urbaine\/","og_site_name":"Qista.com","article_modified_time":"2025-05-22T10:24:42+00:00","og_image":[{"width":1868,"height":1921,"url":"https:\/\/qista.com\/wp-content\/uploads\/2023\/08\/20240927_143759.png","type":"image\/png"}],"twitter_card":"summary_large_image","twitter_misc":{"Dur\u00e9e de lecture estim\u00e9e":"1 minute"},"schema":{"@context":"https:\/\/schema.org","@graph":[{"@type":"WebPage","@id":"https:\/\/qista.com\/fr\/boutique\/bam-smart-urbaine\/","url":"https:\/\/qista.com\/fr\/boutique\/bam-smart-urbaine\/","name":"Anti-moustique professionnel et collectivit\u00e9","isPartOf":{"@id":"https:\/\/qista.com\/fr\/#website"},"primaryImageOfPage":{"@id":"https:\/\/qista.com\/fr\/boutique\/bam-smart-urbaine\/#primaryimage"},"image":{"@id":"https:\/\/qista.com\/fr\/boutique\/bam-smart-urbaine\/#primaryimage"},"thumbnailUrl":"https:\/\/qista.com\/wp-content\/uploads\/2023\/08\/20240927_143759.png","datePublished":"2023-08-13T17:05:22+00:00","dateModified":"2025-05-22T10:24:42+00:00","description":"Borne anti-moustique connect\u00e9e pour les professionnels et collectivit\u00e9s. BAM Visio Urbaine est pilotable \u00e0 distance via une application mobile. Le Starter Kit BAM permet d\u2019acqu\u00e9rir l\u2019ensemble de vos \u00e9quipements pour la premi\u00e8re saison.","breadcrumb":{"@id":"https:\/\/qista.com\/fr\/boutique\/bam-smart-urbaine\/#breadcrumb"},"inLanguage":"fr-FR","potentialAction":[{"@type":"ReadAction","target":["https:\/\/qista.com\/fr\/boutique\/bam-smart-urbaine\/"]}]},{"@type":"ImageObject","inLanguage":"fr-FR","@id":"https:\/\/qista.com\/fr\/boutique\/bam-smart-urbaine\/#primaryimage","url":"https:\/\/qista.com\/wp-content\/uploads\/2023\/08\/20240927_143759.png","contentUrl":"https:\/\/qista.com\/wp-content\/uploads\/2023\/08\/20240927_143759.png","width":1868,"height":1921},{"@type":"BreadcrumbList","@id":"https:\/\/qista.com\/fr\/boutique\/bam-smart-urbaine\/#breadcrumb","itemListElement":[{"@type":"ListItem","position":1,"name":"Accueil","item":"https:\/\/qista.com\/fr\/"},{"@type":"ListItem","position":2,"name":"BAM Urbaine Visio+"}]},{"@type":"WebSite","@id":"https:\/\/qista.com\/fr\/#website","url":"https:\/\/qista.com\/fr\/","name":"QISTA","description":"L&#039;aspiration MosqiVortex 788","publisher":{"@id":"https:\/\/qista.com\/fr\/#organization"},"potentialAction":[{"@type":"SearchAction","target":{"@type":"EntryPoint","urlTemplate":"https:\/\/qista.com\/fr\/?s={search_term_string}"},"query-input":{"@type":"PropertyValueSpecification","valueRequired":true,"valueName":"search_term_string"}}],"inLanguage":"fr-FR"},{"@type":"Organization","@id":"https:\/\/qista.com\/fr\/#organization","name":"QISTA","url":"https:\/\/qista.com\/fr\/","logo":{"@type":"ImageObject","inLanguage":"fr-FR","@id":"https:\/\/qista.com\/fr\/#\/schema\/logo\/image\/","url":"https:\/\/qista.com\/wp-content\/uploads\/2023\/03\/LogoB_Qista_MosqiVortex.webp","contentUrl":"https:\/\/qista.com\/wp-content\/uploads\/2023\/03\/LogoB_Qista_MosqiVortex.webp","width":537,"height":164,"caption":"QISTA"},"image":{"@id":"https:\/\/qista.com\/fr\/#\/schema\/logo\/image\/"}}]}},"_links":{"self":[{"href":"https:\/\/qista.com\/fr\/wp-json\/wp\/v2\/product\/4520","targetHints":{"allow":["GET"]}}],"collection":[{"href":"https:\/\/qista.com\/fr\/wp-json\/wp\/v2\/product"}],"about":[{"href":"https:\/\/qista.com\/fr\/wp-json\/wp\/v2\/types\/product"}],"replies":[{"embeddable":true,"href":"https:\/\/qista.com\/fr\/wp-json\/wp\/v2\/comments?post=4520"}],"version-history":[{"count":5,"href":"https:\/\/qista.com\/fr\/wp-json\/wp\/v2\/product\/4520\/revisions"}],"predecessor-version":[{"id":43820,"href":"https:\/\/qista.com\/fr\/wp-json\/wp\/v2\/product\/4520\/revisions\/43820"}],"wp:featuredmedia":[{"embeddable":true,"href":"https:\/\/qista.com\/fr\/wp-json\/wp\/v2\/media\/41451"}],"wp:attachment":[{"href":"https:\/\/qista.com\/fr\/wp-json\/wp\/v2\/media?parent=4520"}],"wp:term":[{"taxonomy":"product_brand","embeddable":true,"href":"https:\/\/qista.com\/fr\/wp-json\/wp\/v2\/product_brand?post=4520"},{"taxonomy":"product_cat","embeddable":true,"href":"https:\/\/qista.com\/fr\/wp-json\/wp\/v2\/product_cat?post=4520"},{"taxonomy":"product_tag","embeddable":true,"href":"https:\/\/qista.com\/fr\/wp-json\/wp\/v2\/product_tag?post=4520"}],"curies":[{"name":"wp","href":"https:\/\/api.w.org\/{rel}","templated":true}]}}