{"id":43785,"date":"2025-05-22T10:23:14","date_gmt":"2025-05-22T08:23:14","guid":{"rendered":"https:\/\/qista.com\/?post_type=product&#038;p=43785"},"modified":"2025-05-22T11:15:54","modified_gmt":"2025-05-22T09:15:54","slug":"pack-de-recharge-qista-one","status":"publish","type":"product","link":"https:\/\/qista.com\/fr\/boutique\/pack-de-recharge-qista-one\/","title":{"rendered":"Pack de recharge pour Qista One"},"content":{"rendered":"\t\t<div data-elementor-type=\"product-post\" data-elementor-id=\"43785\" class=\"elementor elementor-43785\" data-elementor-post-type=\"product\">\n\t\t\t\t\t\t<section class=\"elementor-section elementor-top-section elementor-element elementor-element-1fc344ac elementor-section-boxed elementor-section-height-default elementor-section-height-default\" data-id=\"1fc344ac\" data-element_type=\"section\">\n\t\t\t\t\t\t<div class=\"elementor-container elementor-column-gap-default\">\n\t\t\t\t\t<div class=\"elementor-column elementor-col-100 elementor-top-column elementor-element elementor-element-699b4aab\" data-id=\"699b4aab\" data-element_type=\"column\">\n\t\t\t<div class=\"elementor-widget-wrap elementor-element-populated\">\n\t\t\t\t\t\t<div class=\"elementor-element elementor-element-727e2131 elementor-widget elementor-widget-text-editor\" data-id=\"727e2131\" data-element_type=\"widget\" data-widget_type=\"text-editor.default\">\n\t\t\t\t<div class=\"elementor-widget-container\">\n\t\t\t\t\t\t\t\t\tLe pack de recharge est compos\u00e9 d&rsquo;une bouteille de CO<sub>2<\/sub>\u00a0et d&rsquo;un leurre olfactif pour moustique tigre ou traditionnel.\r\n<h4>Conservation<\/h4>\r\nVous pouvez conserver les leurres anti-moustique sans les ouvrir 1 an maximum. \u00c0 conserver \u00e0 temp\u00e9rature ambiante. La temp\u00e9rature ne doit pas varier.\r\n<h4><\/h4>\r\n<h4>Remplacement<\/h4>\r\nDans le cadre d&rsquo;une utilisation quotidienne 15h\/24 (recommandation pour une efficacit\u00e9 optimale), la cartouche de gaz CO<sub>2<\/sub>\u00a0et les leurres doivent \u00eatre remplac\u00e9s chaque mois.\r\n<h4><\/h4>\r\n<h4>Option d&rsquo;installation<\/h4>\r\nVous effectuez vous m\u00eame la maintenance de votre borne ? Gr\u00e2ce au guide d\u2019utilisation fourni avec votre borne anti-moustiques, vous pouvez r\u00e9aliser vous-m\u00eame le remplacement de vos consommables, \u00e9tape par \u00e9tape, en suivant les indications donn\u00e9es par Qista.\t\t\t\t\t\t\t\t<\/div>\n\t\t\t\t<\/div>\n\t\t\t\t\t<\/div>\n\t\t<\/div>\n\t\t\t\t\t<\/div>\n\t\t<\/section>\n\t\t\t\t<\/div>\n\t\t","protected":false},"excerpt":{"rendered":"<p>Ne laissez pas les moustiques g\u00e2cher votre \u00e9t\u00e9 : rechargez votre borne d\u00e8s les premiers signes de leur apparition ! Notre pack de recharge contient une bouteille de CO2 et deux leurres olfactifs efficace contre les moustiques tigres ou traditionnels.<\/p>\n<ul class=\"puces-liste\">\n<li><i class=\"fas fa-check\" style=\"color: #70f1d1;\" aria-hidden=\"true\"><\/i> <strong>Bouteille de CO2<\/strong><\/li>\n<li><strong><i class=\"fas fa-check\" style=\"color: #70f1d1;\" aria-hidden=\"true\"><\/i> Choix du leurre moustique tigre ou traditionnel<\/strong><\/li>\n<li><strong><i class=\"fas fa-check\" style=\"color: #70f1d1;\" aria-hidden=\"true\"><\/i> Livraison sur palette uniquement<\/strong><\/li>\n<\/ul>\n","protected":false},"featured_media":5068,"comment_status":"closed","ping_status":"closed","template":"","meta":{"_acf_changed":false,"_mo_disable_npp":""},"product_brand":[],"product_cat":[32,330],"product_tag":[331],"class_list":{"0":"post-43785","1":"product","2":"type-product","3":"status-publish","4":"has-post-thumbnail","6":"product_cat-consommables","7":"product_cat-pack-de-recharge-q-one","8":"product_tag-pack-de-recharge-q-one","10":"first","11":"instock","12":"taxable","13":"shipping-taxable","14":"product-type-simple"},"acf":[],"yoast_head":"<!-- This site is optimized with the Yoast SEO plugin v25.3 - https:\/\/yoast.com\/wordpress\/plugins\/seo\/ -->\n<title>Pack de recharge pour machine anti-moustique - Qista<\/title>\n<meta name=\"description\" content=\"Le pack de recharge de consommables pour votre borne anti-moustique Qista vous permet de commander tout ce dont vous avez besoin pour une capture optimale des moustiques.\" \/>\n<meta name=\"robots\" content=\"index, follow, max-snippet:-1, max-image-preview:large, max-video-preview:-1\" \/>\n<link rel=\"canonical\" href=\"https:\/\/qista.com\/fr\/boutique\/pack-de-recharge-qista-one\/\" \/>\n<meta property=\"og:locale\" content=\"fr_FR\" \/>\n<meta property=\"og:type\" content=\"article\" \/>\n<meta property=\"og:title\" content=\"Pack de recharge pour machine anti-moustique - Qista\" \/>\n<meta property=\"og:description\" content=\"Le pack de recharge de consommables pour votre borne anti-moustique Qista vous permet de commander tout ce dont vous avez besoin pour une capture optimale des moustiques.\" \/>\n<meta property=\"og:url\" content=\"https:\/\/qista.com\/fr\/boutique\/pack-de-recharge-qista-one\/\" \/>\n<meta property=\"og:site_name\" content=\"Qista.com\" \/>\n<meta property=\"article:modified_time\" content=\"2025-05-22T09:15:54+00:00\" \/>\n<meta property=\"og:image\" content=\"https:\/\/qista.com\/wp-content\/uploads\/2023\/02\/pack-recharge-co2-leurre-2023-qista-768-copie-1.webp\" \/>\n\t<meta property=\"og:image:width\" content=\"768\" \/>\n\t<meta property=\"og:image:height\" content=\"768\" \/>\n\t<meta property=\"og:image:type\" content=\"image\/webp\" \/>\n<meta name=\"twitter:card\" content=\"summary_large_image\" \/>\n<meta name=\"twitter:label1\" content=\"Dur\u00e9e de lecture estim\u00e9e\" \/>\n\t<meta name=\"twitter:data1\" content=\"1 minute\" \/>\n<script type=\"application\/ld+json\" class=\"yoast-schema-graph\">{\"@context\":\"https:\/\/schema.org\",\"@graph\":[{\"@type\":\"WebPage\",\"@id\":\"https:\/\/qista.com\/fr\/boutique\/pack-de-recharge-qista-one\/\",\"url\":\"https:\/\/qista.com\/fr\/boutique\/pack-de-recharge-qista-one\/\",\"name\":\"Pack de recharge pour machine anti-moustique - Qista\",\"isPartOf\":{\"@id\":\"https:\/\/qista.com\/fr\/#website\"},\"primaryImageOfPage\":{\"@id\":\"https:\/\/qista.com\/fr\/boutique\/pack-de-recharge-qista-one\/#primaryimage\"},\"image\":{\"@id\":\"https:\/\/qista.com\/fr\/boutique\/pack-de-recharge-qista-one\/#primaryimage\"},\"thumbnailUrl\":\"https:\/\/qista.com\/wp-content\/uploads\/2023\/02\/pack-recharge-co2-leurre-2023-qista-768-copie-1.webp\",\"datePublished\":\"2025-05-22T08:23:14+00:00\",\"dateModified\":\"2025-05-22T09:15:54+00:00\",\"description\":\"Le pack de recharge de consommables pour votre borne anti-moustique Qista vous permet de commander tout ce dont vous avez besoin pour une capture optimale des moustiques.\",\"breadcrumb\":{\"@id\":\"https:\/\/qista.com\/fr\/boutique\/pack-de-recharge-qista-one\/#breadcrumb\"},\"inLanguage\":\"fr-FR\",\"potentialAction\":[{\"@type\":\"ReadAction\",\"target\":[\"https:\/\/qista.com\/fr\/boutique\/pack-de-recharge-qista-one\/\"]}]},{\"@type\":\"ImageObject\",\"inLanguage\":\"fr-FR\",\"@id\":\"https:\/\/qista.com\/fr\/boutique\/pack-de-recharge-qista-one\/#primaryimage\",\"url\":\"https:\/\/qista.com\/wp-content\/uploads\/2023\/02\/pack-recharge-co2-leurre-2023-qista-768-copie-1.webp\",\"contentUrl\":\"https:\/\/qista.com\/wp-content\/uploads\/2023\/02\/pack-recharge-co2-leurre-2023-qista-768-copie-1.webp\",\"width\":768,\"height\":768},{\"@type\":\"BreadcrumbList\",\"@id\":\"https:\/\/qista.com\/fr\/boutique\/pack-de-recharge-qista-one\/#breadcrumb\",\"itemListElement\":[{\"@type\":\"ListItem\",\"position\":1,\"name\":\"Accueil\",\"item\":\"https:\/\/qista.com\/fr\/\"},{\"@type\":\"ListItem\",\"position\":2,\"name\":\"Pack de recharge pour Qista One\"}]},{\"@type\":\"WebSite\",\"@id\":\"https:\/\/qista.com\/fr\/#website\",\"url\":\"https:\/\/qista.com\/fr\/\",\"name\":\"QISTA\",\"description\":\"L&#039;aspiration MosqiVortex 788\",\"publisher\":{\"@id\":\"https:\/\/qista.com\/fr\/#organization\"},\"potentialAction\":[{\"@type\":\"SearchAction\",\"target\":{\"@type\":\"EntryPoint\",\"urlTemplate\":\"https:\/\/qista.com\/fr\/?s={search_term_string}\"},\"query-input\":{\"@type\":\"PropertyValueSpecification\",\"valueRequired\":true,\"valueName\":\"search_term_string\"}}],\"inLanguage\":\"fr-FR\"},{\"@type\":\"Organization\",\"@id\":\"https:\/\/qista.com\/fr\/#organization\",\"name\":\"QISTA\",\"url\":\"https:\/\/qista.com\/fr\/\",\"logo\":{\"@type\":\"ImageObject\",\"inLanguage\":\"fr-FR\",\"@id\":\"https:\/\/qista.com\/fr\/#\/schema\/logo\/image\/\",\"url\":\"https:\/\/qista.com\/wp-content\/uploads\/2023\/03\/LogoB_Qista_MosqiVortex.webp\",\"contentUrl\":\"https:\/\/qista.com\/wp-content\/uploads\/2023\/03\/LogoB_Qista_MosqiVortex.webp\",\"width\":537,\"height\":164,\"caption\":\"QISTA\"},\"image\":{\"@id\":\"https:\/\/qista.com\/fr\/#\/schema\/logo\/image\/\"}}]}<\/script>\n<!-- \/ Yoast SEO plugin. -->","yoast_head_json":{"title":"Pack de recharge pour machine anti-moustique - Qista","description":"Le pack de recharge de consommables pour votre borne anti-moustique Qista vous permet de commander tout ce dont vous avez besoin pour une capture optimale des moustiques.","robots":{"index":"index","follow":"follow","max-snippet":"max-snippet:-1","max-image-preview":"max-image-preview:large","max-video-preview":"max-video-preview:-1"},"canonical":"https:\/\/qista.com\/fr\/boutique\/pack-de-recharge-qista-one\/","og_locale":"fr_FR","og_type":"article","og_title":"Pack de recharge pour machine anti-moustique - Qista","og_description":"Le pack de recharge de consommables pour votre borne anti-moustique Qista vous permet de commander tout ce dont vous avez besoin pour une capture optimale des moustiques.","og_url":"https:\/\/qista.com\/fr\/boutique\/pack-de-recharge-qista-one\/","og_site_name":"Qista.com","article_modified_time":"2025-05-22T09:15:54+00:00","og_image":[{"width":768,"height":768,"url":"https:\/\/qista.com\/wp-content\/uploads\/2023\/02\/pack-recharge-co2-leurre-2023-qista-768-copie-1.webp","type":"image\/webp"}],"twitter_card":"summary_large_image","twitter_misc":{"Dur\u00e9e de lecture estim\u00e9e":"1 minute"},"schema":{"@context":"https:\/\/schema.org","@graph":[{"@type":"WebPage","@id":"https:\/\/qista.com\/fr\/boutique\/pack-de-recharge-qista-one\/","url":"https:\/\/qista.com\/fr\/boutique\/pack-de-recharge-qista-one\/","name":"Pack de recharge pour machine anti-moustique - Qista","isPartOf":{"@id":"https:\/\/qista.com\/fr\/#website"},"primaryImageOfPage":{"@id":"https:\/\/qista.com\/fr\/boutique\/pack-de-recharge-qista-one\/#primaryimage"},"image":{"@id":"https:\/\/qista.com\/fr\/boutique\/pack-de-recharge-qista-one\/#primaryimage"},"thumbnailUrl":"https:\/\/qista.com\/wp-content\/uploads\/2023\/02\/pack-recharge-co2-leurre-2023-qista-768-copie-1.webp","datePublished":"2025-05-22T08:23:14+00:00","dateModified":"2025-05-22T09:15:54+00:00","description":"Le pack de recharge de consommables pour votre borne anti-moustique Qista vous permet de commander tout ce dont vous avez besoin pour une capture optimale des moustiques.","breadcrumb":{"@id":"https:\/\/qista.com\/fr\/boutique\/pack-de-recharge-qista-one\/#breadcrumb"},"inLanguage":"fr-FR","potentialAction":[{"@type":"ReadAction","target":["https:\/\/qista.com\/fr\/boutique\/pack-de-recharge-qista-one\/"]}]},{"@type":"ImageObject","inLanguage":"fr-FR","@id":"https:\/\/qista.com\/fr\/boutique\/pack-de-recharge-qista-one\/#primaryimage","url":"https:\/\/qista.com\/wp-content\/uploads\/2023\/02\/pack-recharge-co2-leurre-2023-qista-768-copie-1.webp","contentUrl":"https:\/\/qista.com\/wp-content\/uploads\/2023\/02\/pack-recharge-co2-leurre-2023-qista-768-copie-1.webp","width":768,"height":768},{"@type":"BreadcrumbList","@id":"https:\/\/qista.com\/fr\/boutique\/pack-de-recharge-qista-one\/#breadcrumb","itemListElement":[{"@type":"ListItem","position":1,"name":"Accueil","item":"https:\/\/qista.com\/fr\/"},{"@type":"ListItem","position":2,"name":"Pack de recharge pour Qista One"}]},{"@type":"WebSite","@id":"https:\/\/qista.com\/fr\/#website","url":"https:\/\/qista.com\/fr\/","name":"QISTA","description":"L&#039;aspiration MosqiVortex 788","publisher":{"@id":"https:\/\/qista.com\/fr\/#organization"},"potentialAction":[{"@type":"SearchAction","target":{"@type":"EntryPoint","urlTemplate":"https:\/\/qista.com\/fr\/?s={search_term_string}"},"query-input":{"@type":"PropertyValueSpecification","valueRequired":true,"valueName":"search_term_string"}}],"inLanguage":"fr-FR"},{"@type":"Organization","@id":"https:\/\/qista.com\/fr\/#organization","name":"QISTA","url":"https:\/\/qista.com\/fr\/","logo":{"@type":"ImageObject","inLanguage":"fr-FR","@id":"https:\/\/qista.com\/fr\/#\/schema\/logo\/image\/","url":"https:\/\/qista.com\/wp-content\/uploads\/2023\/03\/LogoB_Qista_MosqiVortex.webp","contentUrl":"https:\/\/qista.com\/wp-content\/uploads\/2023\/03\/LogoB_Qista_MosqiVortex.webp","width":537,"height":164,"caption":"QISTA"},"image":{"@id":"https:\/\/qista.com\/fr\/#\/schema\/logo\/image\/"}}]}},"_links":{"self":[{"href":"https:\/\/qista.com\/fr\/wp-json\/wp\/v2\/product\/43785","targetHints":{"allow":["GET"]}}],"collection":[{"href":"https:\/\/qista.com\/fr\/wp-json\/wp\/v2\/product"}],"about":[{"href":"https:\/\/qista.com\/fr\/wp-json\/wp\/v2\/types\/product"}],"replies":[{"embeddable":true,"href":"https:\/\/qista.com\/fr\/wp-json\/wp\/v2\/comments?post=43785"}],"version-history":[{"count":3,"href":"https:\/\/qista.com\/fr\/wp-json\/wp\/v2\/product\/43785\/revisions"}],"predecessor-version":[{"id":43813,"href":"https:\/\/qista.com\/fr\/wp-json\/wp\/v2\/product\/43785\/revisions\/43813"}],"wp:featuredmedia":[{"embeddable":true,"href":"https:\/\/qista.com\/fr\/wp-json\/wp\/v2\/media\/5068"}],"wp:attachment":[{"href":"https:\/\/qista.com\/fr\/wp-json\/wp\/v2\/media?parent=43785"}],"wp:term":[{"taxonomy":"product_brand","embeddable":true,"href":"https:\/\/qista.com\/fr\/wp-json\/wp\/v2\/product_brand?post=43785"},{"taxonomy":"product_cat","embeddable":true,"href":"https:\/\/qista.com\/fr\/wp-json\/wp\/v2\/product_cat?post=43785"},{"taxonomy":"product_tag","embeddable":true,"href":"https:\/\/qista.com\/fr\/wp-json\/wp\/v2\/product_tag?post=43785"}],"curies":[{"name":"wp","href":"https:\/\/api.w.org\/{rel}","templated":true}]}}