{"id":34943,"date":"2024-06-05T08:41:12","date_gmt":"2024-06-05T06:41:12","guid":{"rendered":"https:\/\/qista.com\/?post_type=product&#038;p=34943"},"modified":"2026-01-29T09:21:28","modified_gmt":"2026-01-29T08:21:28","slug":"qista-one","status":"publish","type":"product","link":"https:\/\/qista.com\/fr\/boutique\/qista-one\/","title":{"rendered":"Pack Qista One"},"content":{"rendered":"<p>La QISTA ONE, votre premier pas vers la d\u00e9moustication \u00e9cologique.<\/p>\n","protected":false},"excerpt":{"rendered":"<h3><strong>D\u00e9di\u00e9e aux espaces priv\u00e9s<\/strong><\/h3>\n<p>La QISTA ONE, votre premier pas vers la d\u00e9moustication propre !<br \/>\nContre les moustiques, choisissez QISTA : la solution simple, efficace et \u00e9cologique :<\/p>\n<ul class=\"puces-liste\">\n<li><strong><i class=\"fas fa-check\" style=\"color: #70f1d1;\" aria-hidden=\"true\"><\/i> Borne programmable via son propre r\u00e9seau WIFI<\/strong><\/li>\n<li><strong><i class=\"fas fa-check\" style=\"color: #70f1d1;\" aria-hidden=\"true\"><\/i> Anti-moustique traditionnel et tigre<\/strong><\/li>\n<li><strong><i class=\"fas fa-check\" style=\"color: #70f1d1;\" aria-hidden=\"true\"><\/i> Z\u00e9ro toxicit\u00e9<\/strong><\/li>\n<li><strong><i class=\"fas fa-check\" style=\"color: #70f1d1;\" aria-hidden=\"true\"><\/i> 1 bouteille CO\u2082 = 2 mois d&rsquo;utilisation<\/strong><\/li>\n<li><strong><i class=\"fas fa-check\" style=\"color: #70f1d1;\" aria-hidden=\"true\"><\/i> Mode silencieux disponible<\/strong><\/li>\n<li><strong><i class=\"fas fa-check\" style=\"color: #70f1d1;\" aria-hidden=\"true\"><\/i> Made in France<\/strong><\/li>\n<\/ul>\n","protected":false},"featured_media":43547,"comment_status":"open","ping_status":"closed","template":"","meta":{"_acf_changed":false,"_mo_disable_npp":""},"product_brand":[],"product_cat":[31],"product_tag":[256],"class_list":{"0":"post-34943","1":"product","2":"type-product","3":"status-publish","4":"has-post-thumbnail","6":"product_cat-bam","7":"product_tag-qista-one","8":"product_shipping_class-livraison-sur-palette-offerte-et-retour-bouteilles-vides-via-dpd-inclus","10":"first","11":"outofstock","12":"sold-individually","13":"taxable","14":"shipping-taxable","15":"purchasable","16":"product-type-variable","17":"has-default-attributes"},"acf":[],"yoast_head":"<!-- This site is optimized with the Yoast SEO plugin v25.3 - https:\/\/yoast.com\/wordpress\/plugins\/seo\/ -->\n<title>Pack Qista One &#8212; Qista.com<\/title>\n<meta name=\"description\" content=\"Choisissez une d\u00e9moustication propre et efficace avec QISTA ONE, une borne anti-moustique \u00e9cologique, con\u00e7ue pour les espaces priv\u00e9s.\" \/>\n<meta name=\"robots\" content=\"noindex, nofollow\" \/>\n<meta property=\"og:locale\" content=\"fr_FR\" \/>\n<meta property=\"og:type\" content=\"article\" \/>\n<meta property=\"og:title\" content=\"Pack Qista One &#8212; Qista.com\" \/>\n<meta property=\"og:description\" content=\"Choisissez une d\u00e9moustication propre et efficace avec QISTA ONE, une borne anti-moustique \u00e9cologique, con\u00e7ue pour les espaces priv\u00e9s.\" \/>\n<meta property=\"og:url\" content=\"https:\/\/qista.com\/fr\/boutique\/qista-one\/\" \/>\n<meta property=\"og:site_name\" content=\"Qista.com\" \/>\n<meta property=\"article:modified_time\" content=\"2026-01-29T08:21:28+00:00\" \/>\n<meta property=\"og:image\" content=\"https:\/\/qista.com\/wp-content\/uploads\/2025\/05\/WP-Packshot-Qista-One-34.png\" \/>\n\t<meta property=\"og:image:width\" content=\"768\" \/>\n\t<meta property=\"og:image:height\" content=\"768\" \/>\n\t<meta property=\"og:image:type\" content=\"image\/png\" \/>\n<meta name=\"twitter:card\" content=\"summary_large_image\" \/>\n<meta name=\"twitter:label1\" content=\"Dur\u00e9e de lecture estim\u00e9e\" \/>\n\t<meta name=\"twitter:data1\" content=\"1 minute\" \/>\n<script type=\"application\/ld+json\" class=\"yoast-schema-graph\">{\"@context\":\"https:\/\/schema.org\",\"@graph\":[{\"@type\":\"WebPage\",\"@id\":\"https:\/\/qista.com\/fr\/boutique\/qista-one\/\",\"url\":\"https:\/\/qista.com\/fr\/boutique\/qista-one\/\",\"name\":\"Pack Qista One &#8212; Qista.com\",\"isPartOf\":{\"@id\":\"https:\/\/qista.com\/fr\/#website\"},\"primaryImageOfPage\":{\"@id\":\"https:\/\/qista.com\/fr\/boutique\/qista-one\/#primaryimage\"},\"image\":{\"@id\":\"https:\/\/qista.com\/fr\/boutique\/qista-one\/#primaryimage\"},\"thumbnailUrl\":\"https:\/\/qista.com\/wp-content\/uploads\/2025\/05\/WP-Packshot-Qista-One-34.png\",\"datePublished\":\"2024-06-05T06:41:12+00:00\",\"dateModified\":\"2026-01-29T08:21:28+00:00\",\"description\":\"Choisissez une d\u00e9moustication propre et efficace avec QISTA ONE, une borne anti-moustique \u00e9cologique, con\u00e7ue pour les espaces priv\u00e9s.\",\"breadcrumb\":{\"@id\":\"https:\/\/qista.com\/fr\/boutique\/qista-one\/#breadcrumb\"},\"inLanguage\":\"fr-FR\",\"potentialAction\":[{\"@type\":\"ReadAction\",\"target\":[\"https:\/\/qista.com\/fr\/boutique\/qista-one\/\"]}]},{\"@type\":\"ImageObject\",\"inLanguage\":\"fr-FR\",\"@id\":\"https:\/\/qista.com\/fr\/boutique\/qista-one\/#primaryimage\",\"url\":\"https:\/\/qista.com\/wp-content\/uploads\/2025\/05\/WP-Packshot-Qista-One-34.png\",\"contentUrl\":\"https:\/\/qista.com\/wp-content\/uploads\/2025\/05\/WP-Packshot-Qista-One-34.png\",\"width\":768,\"height\":768},{\"@type\":\"BreadcrumbList\",\"@id\":\"https:\/\/qista.com\/fr\/boutique\/qista-one\/#breadcrumb\",\"itemListElement\":[{\"@type\":\"ListItem\",\"position\":1,\"name\":\"Accueil\",\"item\":\"https:\/\/qista.com\/fr\/\"},{\"@type\":\"ListItem\",\"position\":2,\"name\":\"Pack Qista One\"}]},{\"@type\":\"WebSite\",\"@id\":\"https:\/\/qista.com\/fr\/#website\",\"url\":\"https:\/\/qista.com\/fr\/\",\"name\":\"QISTA\",\"description\":\"L&#039;aspiration MosqiVortex 788\",\"publisher\":{\"@id\":\"https:\/\/qista.com\/fr\/#organization\"},\"potentialAction\":[{\"@type\":\"SearchAction\",\"target\":{\"@type\":\"EntryPoint\",\"urlTemplate\":\"https:\/\/qista.com\/fr\/?s={search_term_string}\"},\"query-input\":{\"@type\":\"PropertyValueSpecification\",\"valueRequired\":true,\"valueName\":\"search_term_string\"}}],\"inLanguage\":\"fr-FR\"},{\"@type\":\"Organization\",\"@id\":\"https:\/\/qista.com\/fr\/#organization\",\"name\":\"QISTA\",\"url\":\"https:\/\/qista.com\/fr\/\",\"logo\":{\"@type\":\"ImageObject\",\"inLanguage\":\"fr-FR\",\"@id\":\"https:\/\/qista.com\/fr\/#\/schema\/logo\/image\/\",\"url\":\"https:\/\/qista.com\/wp-content\/uploads\/2023\/03\/LogoB_Qista_MosqiVortex.webp\",\"contentUrl\":\"https:\/\/qista.com\/wp-content\/uploads\/2023\/03\/LogoB_Qista_MosqiVortex.webp\",\"width\":537,\"height\":164,\"caption\":\"QISTA\"},\"image\":{\"@id\":\"https:\/\/qista.com\/fr\/#\/schema\/logo\/image\/\"}}]}<\/script>\n<!-- \/ Yoast SEO plugin. -->","yoast_head_json":{"title":"Pack Qista One &#8212; Qista.com","description":"Choisissez une d\u00e9moustication propre et efficace avec QISTA ONE, une borne anti-moustique \u00e9cologique, con\u00e7ue pour les espaces priv\u00e9s.","robots":{"index":"noindex","follow":"nofollow"},"og_locale":"fr_FR","og_type":"article","og_title":"Pack Qista One &#8212; Qista.com","og_description":"Choisissez une d\u00e9moustication propre et efficace avec QISTA ONE, une borne anti-moustique \u00e9cologique, con\u00e7ue pour les espaces priv\u00e9s.","og_url":"https:\/\/qista.com\/fr\/boutique\/qista-one\/","og_site_name":"Qista.com","article_modified_time":"2026-01-29T08:21:28+00:00","og_image":[{"width":768,"height":768,"url":"https:\/\/qista.com\/wp-content\/uploads\/2025\/05\/WP-Packshot-Qista-One-34.png","type":"image\/png"}],"twitter_card":"summary_large_image","twitter_misc":{"Dur\u00e9e de lecture estim\u00e9e":"1 minute"},"schema":{"@context":"https:\/\/schema.org","@graph":[{"@type":"WebPage","@id":"https:\/\/qista.com\/fr\/boutique\/qista-one\/","url":"https:\/\/qista.com\/fr\/boutique\/qista-one\/","name":"Pack Qista One &#8212; Qista.com","isPartOf":{"@id":"https:\/\/qista.com\/fr\/#website"},"primaryImageOfPage":{"@id":"https:\/\/qista.com\/fr\/boutique\/qista-one\/#primaryimage"},"image":{"@id":"https:\/\/qista.com\/fr\/boutique\/qista-one\/#primaryimage"},"thumbnailUrl":"https:\/\/qista.com\/wp-content\/uploads\/2025\/05\/WP-Packshot-Qista-One-34.png","datePublished":"2024-06-05T06:41:12+00:00","dateModified":"2026-01-29T08:21:28+00:00","description":"Choisissez une d\u00e9moustication propre et efficace avec QISTA ONE, une borne anti-moustique \u00e9cologique, con\u00e7ue pour les espaces priv\u00e9s.","breadcrumb":{"@id":"https:\/\/qista.com\/fr\/boutique\/qista-one\/#breadcrumb"},"inLanguage":"fr-FR","potentialAction":[{"@type":"ReadAction","target":["https:\/\/qista.com\/fr\/boutique\/qista-one\/"]}]},{"@type":"ImageObject","inLanguage":"fr-FR","@id":"https:\/\/qista.com\/fr\/boutique\/qista-one\/#primaryimage","url":"https:\/\/qista.com\/wp-content\/uploads\/2025\/05\/WP-Packshot-Qista-One-34.png","contentUrl":"https:\/\/qista.com\/wp-content\/uploads\/2025\/05\/WP-Packshot-Qista-One-34.png","width":768,"height":768},{"@type":"BreadcrumbList","@id":"https:\/\/qista.com\/fr\/boutique\/qista-one\/#breadcrumb","itemListElement":[{"@type":"ListItem","position":1,"name":"Accueil","item":"https:\/\/qista.com\/fr\/"},{"@type":"ListItem","position":2,"name":"Pack Qista One"}]},{"@type":"WebSite","@id":"https:\/\/qista.com\/fr\/#website","url":"https:\/\/qista.com\/fr\/","name":"QISTA","description":"L&#039;aspiration MosqiVortex 788","publisher":{"@id":"https:\/\/qista.com\/fr\/#organization"},"potentialAction":[{"@type":"SearchAction","target":{"@type":"EntryPoint","urlTemplate":"https:\/\/qista.com\/fr\/?s={search_term_string}"},"query-input":{"@type":"PropertyValueSpecification","valueRequired":true,"valueName":"search_term_string"}}],"inLanguage":"fr-FR"},{"@type":"Organization","@id":"https:\/\/qista.com\/fr\/#organization","name":"QISTA","url":"https:\/\/qista.com\/fr\/","logo":{"@type":"ImageObject","inLanguage":"fr-FR","@id":"https:\/\/qista.com\/fr\/#\/schema\/logo\/image\/","url":"https:\/\/qista.com\/wp-content\/uploads\/2023\/03\/LogoB_Qista_MosqiVortex.webp","contentUrl":"https:\/\/qista.com\/wp-content\/uploads\/2023\/03\/LogoB_Qista_MosqiVortex.webp","width":537,"height":164,"caption":"QISTA"},"image":{"@id":"https:\/\/qista.com\/fr\/#\/schema\/logo\/image\/"}}]}},"_links":{"self":[{"href":"https:\/\/qista.com\/fr\/wp-json\/wp\/v2\/product\/34943","targetHints":{"allow":["GET"]}}],"collection":[{"href":"https:\/\/qista.com\/fr\/wp-json\/wp\/v2\/product"}],"about":[{"href":"https:\/\/qista.com\/fr\/wp-json\/wp\/v2\/types\/product"}],"replies":[{"embeddable":true,"href":"https:\/\/qista.com\/fr\/wp-json\/wp\/v2\/comments?post=34943"}],"version-history":[{"count":6,"href":"https:\/\/qista.com\/fr\/wp-json\/wp\/v2\/product\/34943\/revisions"}],"predecessor-version":[{"id":44724,"href":"https:\/\/qista.com\/fr\/wp-json\/wp\/v2\/product\/34943\/revisions\/44724"}],"wp:featuredmedia":[{"embeddable":true,"href":"https:\/\/qista.com\/fr\/wp-json\/wp\/v2\/media\/43547"}],"wp:attachment":[{"href":"https:\/\/qista.com\/fr\/wp-json\/wp\/v2\/media?parent=34943"}],"wp:term":[{"taxonomy":"product_brand","embeddable":true,"href":"https:\/\/qista.com\/fr\/wp-json\/wp\/v2\/product_brand?post=34943"},{"taxonomy":"product_cat","embeddable":true,"href":"https:\/\/qista.com\/fr\/wp-json\/wp\/v2\/product_cat?post=34943"},{"taxonomy":"product_tag","embeddable":true,"href":"https:\/\/qista.com\/fr\/wp-json\/wp\/v2\/product_tag?post=34943"}],"curies":[{"name":"wp","href":"https:\/\/api.w.org\/{rel}","templated":true}]}}