{"id":34257,"date":"2024-05-14T18:04:18","date_gmt":"2024-05-14T16:04:18","guid":{"rendered":"https:\/\/qista.com\/boutique\/recuperation-derniere-bouteille-supp\/"},"modified":"2024-05-23T05:44:41","modified_gmt":"2024-05-23T03:44:41","slug":"recuperation-derniere-bouteille-supp","status":"publish","type":"product","link":"https:\/\/qista.com\/fr\/boutique\/recuperation-derniere-bouteille-supp\/","title":{"rendered":"R\u00e9cup\u00e9ration derni\u00e8re bouteille SUPP"},"content":{"rendered":"","protected":false},"excerpt":{"rendered":"","protected":false},"featured_media":0,"comment_status":"closed","ping_status":"closed","template":"","meta":{"_acf_changed":false,"_mo_disable_npp":""},"product_brand":[],"product_cat":[242],"product_tag":[236,235,244,251,254,255,250,233,252,253,238],"class_list":{"0":"post-34257","1":"product","2":"type-product","3":"status-publish","5":"product_cat-configurateur","6":"product_tag-configurator-bornes","7":"product_tag-configurator-pack-consommables","8":"product_tag-standard-delivery","9":"product_tag-standard-delivery-autonome","10":"product_tag-standard-delivery-install-agree","11":"product_tag-standard-delivery-install-qista","12":"product_tag-transporter-delivery","13":"product_tag-maintenance-gold","14":"product_tag-maintenance-gold-install-agree","15":"product_tag-maintenance-gold-install-qista","16":"product_tag-retrait-qista","18":"first","19":"instock","20":"taxable","21":"shipping-taxable","22":"purchasable","23":"product-type-variable"},"acf":[],"yoast_head":"<!-- This site is optimized with the Yoast SEO plugin v25.3 - https:\/\/yoast.com\/wordpress\/plugins\/seo\/ -->\n<title>R\u00e9cup\u00e9ration derni\u00e8re bouteille SUPP &#8212; Qista.com<\/title>\n<meta name=\"robots\" content=\"index, follow, max-snippet:-1, max-image-preview:large, max-video-preview:-1\" \/>\n<link rel=\"canonical\" href=\"https:\/\/qista.com\/fr\/boutique\/recuperation-derniere-bouteille-supp\/\" \/>\n<meta property=\"og:locale\" content=\"fr_FR\" \/>\n<meta property=\"og:type\" content=\"article\" \/>\n<meta property=\"og:title\" content=\"R\u00e9cup\u00e9ration derni\u00e8re bouteille SUPP &#8212; Qista.com\" \/>\n<meta property=\"og:url\" content=\"https:\/\/qista.com\/fr\/boutique\/recuperation-derniere-bouteille-supp\/\" \/>\n<meta property=\"og:site_name\" content=\"Qista.com\" \/>\n<meta property=\"article:modified_time\" content=\"2024-05-23T03:44:41+00:00\" \/>\n<meta property=\"og:image\" content=\"https:\/\/qista.com\/wp-content\/uploads\/2023\/09\/quista-borne-visioplus.webp\" \/>\n\t<meta property=\"og:image:width\" content=\"1200\" \/>\n\t<meta property=\"og:image:height\" content=\"1196\" \/>\n\t<meta property=\"og:image:type\" content=\"image\/webp\" \/>\n<meta name=\"twitter:card\" content=\"summary_large_image\" \/>\n<script type=\"application\/ld+json\" class=\"yoast-schema-graph\">{\"@context\":\"https:\/\/schema.org\",\"@graph\":[{\"@type\":\"WebPage\",\"@id\":\"https:\/\/qista.com\/fr\/boutique\/recuperation-derniere-bouteille-supp\/\",\"url\":\"https:\/\/qista.com\/fr\/boutique\/recuperation-derniere-bouteille-supp\/\",\"name\":\"R\u00e9cup\u00e9ration derni\u00e8re bouteille SUPP &#8212; Qista.com\",\"isPartOf\":{\"@id\":\"https:\/\/qista.com\/fr\/#website\"},\"datePublished\":\"2024-05-14T16:04:18+00:00\",\"dateModified\":\"2024-05-23T03:44:41+00:00\",\"breadcrumb\":{\"@id\":\"https:\/\/qista.com\/fr\/boutique\/recuperation-derniere-bouteille-supp\/#breadcrumb\"},\"inLanguage\":\"fr-FR\",\"potentialAction\":[{\"@type\":\"ReadAction\",\"target\":[\"https:\/\/qista.com\/fr\/boutique\/recuperation-derniere-bouteille-supp\/\"]}]},{\"@type\":\"BreadcrumbList\",\"@id\":\"https:\/\/qista.com\/fr\/boutique\/recuperation-derniere-bouteille-supp\/#breadcrumb\",\"itemListElement\":[{\"@type\":\"ListItem\",\"position\":1,\"name\":\"Accueil\",\"item\":\"https:\/\/qista.com\/fr\/\"},{\"@type\":\"ListItem\",\"position\":2,\"name\":\"R\u00e9cup\u00e9ration derni\u00e8re bouteille SUPP\"}]},{\"@type\":\"WebSite\",\"@id\":\"https:\/\/qista.com\/fr\/#website\",\"url\":\"https:\/\/qista.com\/fr\/\",\"name\":\"QISTA\",\"description\":\"L&#039;aspiration MosqiVortex 788\",\"publisher\":{\"@id\":\"https:\/\/qista.com\/fr\/#organization\"},\"potentialAction\":[{\"@type\":\"SearchAction\",\"target\":{\"@type\":\"EntryPoint\",\"urlTemplate\":\"https:\/\/qista.com\/fr\/?s={search_term_string}\"},\"query-input\":{\"@type\":\"PropertyValueSpecification\",\"valueRequired\":true,\"valueName\":\"search_term_string\"}}],\"inLanguage\":\"fr-FR\"},{\"@type\":\"Organization\",\"@id\":\"https:\/\/qista.com\/fr\/#organization\",\"name\":\"QISTA\",\"url\":\"https:\/\/qista.com\/fr\/\",\"logo\":{\"@type\":\"ImageObject\",\"inLanguage\":\"fr-FR\",\"@id\":\"https:\/\/qista.com\/fr\/#\/schema\/logo\/image\/\",\"url\":\"https:\/\/qista.com\/wp-content\/uploads\/2023\/03\/LogoB_Qista_MosqiVortex.webp\",\"contentUrl\":\"https:\/\/qista.com\/wp-content\/uploads\/2023\/03\/LogoB_Qista_MosqiVortex.webp\",\"width\":537,\"height\":164,\"caption\":\"QISTA\"},\"image\":{\"@id\":\"https:\/\/qista.com\/fr\/#\/schema\/logo\/image\/\"}}]}<\/script>\n<!-- \/ Yoast SEO plugin. -->","yoast_head_json":{"title":"R\u00e9cup\u00e9ration derni\u00e8re bouteille SUPP &#8212; Qista.com","robots":{"index":"index","follow":"follow","max-snippet":"max-snippet:-1","max-image-preview":"max-image-preview:large","max-video-preview":"max-video-preview:-1"},"canonical":"https:\/\/qista.com\/fr\/boutique\/recuperation-derniere-bouteille-supp\/","og_locale":"fr_FR","og_type":"article","og_title":"R\u00e9cup\u00e9ration derni\u00e8re bouteille SUPP &#8212; Qista.com","og_url":"https:\/\/qista.com\/fr\/boutique\/recuperation-derniere-bouteille-supp\/","og_site_name":"Qista.com","article_modified_time":"2024-05-23T03:44:41+00:00","og_image":[{"width":1200,"height":1196,"url":"https:\/\/qista.com\/wp-content\/uploads\/2023\/09\/quista-borne-visioplus.webp","type":"image\/webp"}],"twitter_card":"summary_large_image","schema":{"@context":"https:\/\/schema.org","@graph":[{"@type":"WebPage","@id":"https:\/\/qista.com\/fr\/boutique\/recuperation-derniere-bouteille-supp\/","url":"https:\/\/qista.com\/fr\/boutique\/recuperation-derniere-bouteille-supp\/","name":"R\u00e9cup\u00e9ration derni\u00e8re bouteille SUPP &#8212; Qista.com","isPartOf":{"@id":"https:\/\/qista.com\/fr\/#website"},"datePublished":"2024-05-14T16:04:18+00:00","dateModified":"2024-05-23T03:44:41+00:00","breadcrumb":{"@id":"https:\/\/qista.com\/fr\/boutique\/recuperation-derniere-bouteille-supp\/#breadcrumb"},"inLanguage":"fr-FR","potentialAction":[{"@type":"ReadAction","target":["https:\/\/qista.com\/fr\/boutique\/recuperation-derniere-bouteille-supp\/"]}]},{"@type":"BreadcrumbList","@id":"https:\/\/qista.com\/fr\/boutique\/recuperation-derniere-bouteille-supp\/#breadcrumb","itemListElement":[{"@type":"ListItem","position":1,"name":"Accueil","item":"https:\/\/qista.com\/fr\/"},{"@type":"ListItem","position":2,"name":"R\u00e9cup\u00e9ration derni\u00e8re bouteille SUPP"}]},{"@type":"WebSite","@id":"https:\/\/qista.com\/fr\/#website","url":"https:\/\/qista.com\/fr\/","name":"QISTA","description":"L&#039;aspiration MosqiVortex 788","publisher":{"@id":"https:\/\/qista.com\/fr\/#organization"},"potentialAction":[{"@type":"SearchAction","target":{"@type":"EntryPoint","urlTemplate":"https:\/\/qista.com\/fr\/?s={search_term_string}"},"query-input":{"@type":"PropertyValueSpecification","valueRequired":true,"valueName":"search_term_string"}}],"inLanguage":"fr-FR"},{"@type":"Organization","@id":"https:\/\/qista.com\/fr\/#organization","name":"QISTA","url":"https:\/\/qista.com\/fr\/","logo":{"@type":"ImageObject","inLanguage":"fr-FR","@id":"https:\/\/qista.com\/fr\/#\/schema\/logo\/image\/","url":"https:\/\/qista.com\/wp-content\/uploads\/2023\/03\/LogoB_Qista_MosqiVortex.webp","contentUrl":"https:\/\/qista.com\/wp-content\/uploads\/2023\/03\/LogoB_Qista_MosqiVortex.webp","width":537,"height":164,"caption":"QISTA"},"image":{"@id":"https:\/\/qista.com\/fr\/#\/schema\/logo\/image\/"}}]}},"_links":{"self":[{"href":"https:\/\/qista.com\/fr\/wp-json\/wp\/v2\/product\/34257","targetHints":{"allow":["GET"]}}],"collection":[{"href":"https:\/\/qista.com\/fr\/wp-json\/wp\/v2\/product"}],"about":[{"href":"https:\/\/qista.com\/fr\/wp-json\/wp\/v2\/types\/product"}],"replies":[{"embeddable":true,"href":"https:\/\/qista.com\/fr\/wp-json\/wp\/v2\/comments?post=34257"}],"version-history":[{"count":0,"href":"https:\/\/qista.com\/fr\/wp-json\/wp\/v2\/product\/34257\/revisions"}],"wp:attachment":[{"href":"https:\/\/qista.com\/fr\/wp-json\/wp\/v2\/media?parent=34257"}],"wp:term":[{"taxonomy":"product_brand","embeddable":true,"href":"https:\/\/qista.com\/fr\/wp-json\/wp\/v2\/product_brand?post=34257"},{"taxonomy":"product_cat","embeddable":true,"href":"https:\/\/qista.com\/fr\/wp-json\/wp\/v2\/product_cat?post=34257"},{"taxonomy":"product_tag","embeddable":true,"href":"https:\/\/qista.com\/fr\/wp-json\/wp\/v2\/product_tag?post=34257"}],"curies":[{"name":"wp","href":"https:\/\/api.w.org\/{rel}","templated":true}]}}