{"id":2831,"date":"2023-01-14T16:37:54","date_gmt":"2023-01-14T15:37:54","guid":{"rendered":"https:\/\/preprod.qista.com\/?post_type=product&#038;p=2831"},"modified":"2025-12-02T11:45:16","modified_gmt":"2025-12-02T10:45:16","slug":"bam-optima","status":"publish","type":"product","link":"https:\/\/qista.com\/fr\/boutique\/bam-optima\/","title":{"rendered":"BAM Optima"},"content":{"rendered":"","protected":false},"excerpt":{"rendered":"<h3><strong>D\u00e9di\u00e9e aux espaces priv\u00e9s<\/strong><\/h3>\n<p>Contre les moustiques, choisissez Qista : la solution simple, efficace et \u00e9cologique :<\/p>\n<ul class=\"puces-liste\">\n<li><i class=\"fas fa-check\" style=\"color: #70f1d1;\" aria-hidden=\"true\"><\/i> <strong>Borne connect\u00e9e<\/strong><\/li>\n<li><strong><i class=\"fas fa-check\" style=\"color: #70f1d1;\" aria-hidden=\"true\"><\/i> Anti-moustique traditionnel et tigre<\/strong><\/li>\n<li><strong><i class=\"fas fa-check\" style=\"color: #70f1d1;\" aria-hidden=\"true\"><\/i> Moustiques comptabilis\u00e9s par capteur optique<\/strong><\/li>\n<li><strong><i class=\"fas fa-check\" style=\"color: #70f1d1;\" aria-hidden=\"true\"><\/i> Z\u00e9ro toxicit\u00e9<\/strong><\/li>\n<li><strong><i class=\"fas fa-check\" style=\"color: #70f1d1;\" aria-hidden=\"true\"><\/i> Made in France<\/strong><\/li>\n<\/ul>\n","protected":false},"featured_media":44206,"comment_status":"closed","ping_status":"closed","template":"","meta":{"_acf_changed":false,"_mo_disable_npp":""},"product_brand":[],"product_cat":[31,53],"product_tag":[46,249],"class_list":{"0":"post-2831","1":"product","2":"type-product","3":"status-publish","4":"has-post-thumbnail","6":"product_cat-bam","7":"product_cat-bam-config","8":"product_tag-bam","9":"product_tag-borne-visio","11":"first","12":"instock","13":"taxable","14":"shipping-taxable","15":"purchasable","16":"product-type-simple"},"acf":[],"yoast_head":"<!-- This site is optimized with the Yoast SEO plugin v25.3 - https:\/\/yoast.com\/wordpress\/plugins\/seo\/ -->\n<title>BAM VISIO - Borne antimoustique connect\u00e9e - Qista<\/title>\n<meta name=\"description\" content=\"Programmable et contr\u00f4lable \u00e0 distance gr\u00e2ce \u00e0 son application pour smartphone, la BAM VISIO+ de Qista adapte son fonctionnement pour vous prot\u00e9ger au mieux des moustiques.\" \/>\n<meta name=\"robots\" content=\"noindex, nofollow\" \/>\n<meta property=\"og:locale\" content=\"fr_FR\" \/>\n<meta property=\"og:type\" content=\"article\" \/>\n<meta property=\"og:title\" content=\"BAM VISIO - Borne antimoustique connect\u00e9e - Qista\" \/>\n<meta property=\"og:description\" content=\"Programmable et contr\u00f4lable \u00e0 distance gr\u00e2ce \u00e0 son application pour smartphone, la BAM VISIO+ de Qista adapte son fonctionnement pour vous prot\u00e9ger au mieux des moustiques.\" \/>\n<meta property=\"og:url\" content=\"https:\/\/qista.com\/fr\/boutique\/bam-optima\/\" \/>\n<meta property=\"og:site_name\" content=\"Qista.com\" \/>\n<meta property=\"article:modified_time\" content=\"2025-12-02T10:45:16+00:00\" \/>\n<meta property=\"og:image\" content=\"https:\/\/qista.com\/wp-content\/uploads\/2025\/07\/PACKSHOT-NL-Bam-Optima-3_4-blanc.png\" \/>\n\t<meta property=\"og:image:width\" content=\"500\" \/>\n\t<meta property=\"og:image:height\" content=\"667\" \/>\n\t<meta property=\"og:image:type\" content=\"image\/png\" \/>\n<meta name=\"twitter:card\" content=\"summary_large_image\" \/>\n<meta name=\"twitter:label1\" content=\"Dur\u00e9e de lecture estim\u00e9e\" \/>\n\t<meta name=\"twitter:data1\" content=\"1 minute\" \/>\n<script type=\"application\/ld+json\" class=\"yoast-schema-graph\">{\"@context\":\"https:\/\/schema.org\",\"@graph\":[{\"@type\":\"WebPage\",\"@id\":\"https:\/\/qista.com\/fr\/boutique\/bam-optima\/\",\"url\":\"https:\/\/qista.com\/fr\/boutique\/bam-optima\/\",\"name\":\"BAM VISIO - Borne antimoustique connect\u00e9e - Qista\",\"isPartOf\":{\"@id\":\"https:\/\/qista.com\/fr\/#website\"},\"primaryImageOfPage\":{\"@id\":\"https:\/\/qista.com\/fr\/boutique\/bam-optima\/#primaryimage\"},\"image\":{\"@id\":\"https:\/\/qista.com\/fr\/boutique\/bam-optima\/#primaryimage\"},\"thumbnailUrl\":\"https:\/\/qista.com\/wp-content\/uploads\/2025\/07\/PACKSHOT-NL-Bam-Optima-3_4-blanc.png\",\"datePublished\":\"2023-01-14T15:37:54+00:00\",\"dateModified\":\"2025-12-02T10:45:16+00:00\",\"description\":\"Programmable et contr\u00f4lable \u00e0 distance gr\u00e2ce \u00e0 son application pour smartphone, la BAM VISIO+ de Qista adapte son fonctionnement pour vous prot\u00e9ger au mieux des moustiques.\",\"breadcrumb\":{\"@id\":\"https:\/\/qista.com\/fr\/boutique\/bam-optima\/#breadcrumb\"},\"inLanguage\":\"fr-FR\",\"potentialAction\":[{\"@type\":\"ReadAction\",\"target\":[\"https:\/\/qista.com\/fr\/boutique\/bam-optima\/\"]}]},{\"@type\":\"ImageObject\",\"inLanguage\":\"fr-FR\",\"@id\":\"https:\/\/qista.com\/fr\/boutique\/bam-optima\/#primaryimage\",\"url\":\"https:\/\/qista.com\/wp-content\/uploads\/2025\/07\/PACKSHOT-NL-Bam-Optima-3_4-blanc.png\",\"contentUrl\":\"https:\/\/qista.com\/wp-content\/uploads\/2025\/07\/PACKSHOT-NL-Bam-Optima-3_4-blanc.png\",\"width\":500,\"height\":667,\"caption\":\"Borne anti moustiques Optima Qista\"},{\"@type\":\"BreadcrumbList\",\"@id\":\"https:\/\/qista.com\/fr\/boutique\/bam-optima\/#breadcrumb\",\"itemListElement\":[{\"@type\":\"ListItem\",\"position\":1,\"name\":\"Accueil\",\"item\":\"https:\/\/qista.com\/fr\/\"},{\"@type\":\"ListItem\",\"position\":2,\"name\":\"BAM Optima\"}]},{\"@type\":\"WebSite\",\"@id\":\"https:\/\/qista.com\/fr\/#website\",\"url\":\"https:\/\/qista.com\/fr\/\",\"name\":\"QISTA\",\"description\":\"L&#039;aspiration MosqiVortex 788\",\"publisher\":{\"@id\":\"https:\/\/qista.com\/fr\/#organization\"},\"potentialAction\":[{\"@type\":\"SearchAction\",\"target\":{\"@type\":\"EntryPoint\",\"urlTemplate\":\"https:\/\/qista.com\/fr\/?s={search_term_string}\"},\"query-input\":{\"@type\":\"PropertyValueSpecification\",\"valueRequired\":true,\"valueName\":\"search_term_string\"}}],\"inLanguage\":\"fr-FR\"},{\"@type\":\"Organization\",\"@id\":\"https:\/\/qista.com\/fr\/#organization\",\"name\":\"QISTA\",\"url\":\"https:\/\/qista.com\/fr\/\",\"logo\":{\"@type\":\"ImageObject\",\"inLanguage\":\"fr-FR\",\"@id\":\"https:\/\/qista.com\/fr\/#\/schema\/logo\/image\/\",\"url\":\"https:\/\/qista.com\/wp-content\/uploads\/2023\/03\/LogoB_Qista_MosqiVortex.webp\",\"contentUrl\":\"https:\/\/qista.com\/wp-content\/uploads\/2023\/03\/LogoB_Qista_MosqiVortex.webp\",\"width\":537,\"height\":164,\"caption\":\"QISTA\"},\"image\":{\"@id\":\"https:\/\/qista.com\/fr\/#\/schema\/logo\/image\/\"}}]}<\/script>\n<!-- \/ Yoast SEO plugin. -->","yoast_head_json":{"title":"BAM VISIO - Borne antimoustique connect\u00e9e - Qista","description":"Programmable et contr\u00f4lable \u00e0 distance gr\u00e2ce \u00e0 son application pour smartphone, la BAM VISIO+ de Qista adapte son fonctionnement pour vous prot\u00e9ger au mieux des moustiques.","robots":{"index":"noindex","follow":"nofollow"},"og_locale":"fr_FR","og_type":"article","og_title":"BAM VISIO - Borne antimoustique connect\u00e9e - Qista","og_description":"Programmable et contr\u00f4lable \u00e0 distance gr\u00e2ce \u00e0 son application pour smartphone, la BAM VISIO+ de Qista adapte son fonctionnement pour vous prot\u00e9ger au mieux des moustiques.","og_url":"https:\/\/qista.com\/fr\/boutique\/bam-optima\/","og_site_name":"Qista.com","article_modified_time":"2025-12-02T10:45:16+00:00","og_image":[{"width":500,"height":667,"url":"https:\/\/qista.com\/wp-content\/uploads\/2025\/07\/PACKSHOT-NL-Bam-Optima-3_4-blanc.png","type":"image\/png"}],"twitter_card":"summary_large_image","twitter_misc":{"Dur\u00e9e de lecture estim\u00e9e":"1 minute"},"schema":{"@context":"https:\/\/schema.org","@graph":[{"@type":"WebPage","@id":"https:\/\/qista.com\/fr\/boutique\/bam-optima\/","url":"https:\/\/qista.com\/fr\/boutique\/bam-optima\/","name":"BAM VISIO - Borne antimoustique connect\u00e9e - Qista","isPartOf":{"@id":"https:\/\/qista.com\/fr\/#website"},"primaryImageOfPage":{"@id":"https:\/\/qista.com\/fr\/boutique\/bam-optima\/#primaryimage"},"image":{"@id":"https:\/\/qista.com\/fr\/boutique\/bam-optima\/#primaryimage"},"thumbnailUrl":"https:\/\/qista.com\/wp-content\/uploads\/2025\/07\/PACKSHOT-NL-Bam-Optima-3_4-blanc.png","datePublished":"2023-01-14T15:37:54+00:00","dateModified":"2025-12-02T10:45:16+00:00","description":"Programmable et contr\u00f4lable \u00e0 distance gr\u00e2ce \u00e0 son application pour smartphone, la BAM VISIO+ de Qista adapte son fonctionnement pour vous prot\u00e9ger au mieux des moustiques.","breadcrumb":{"@id":"https:\/\/qista.com\/fr\/boutique\/bam-optima\/#breadcrumb"},"inLanguage":"fr-FR","potentialAction":[{"@type":"ReadAction","target":["https:\/\/qista.com\/fr\/boutique\/bam-optima\/"]}]},{"@type":"ImageObject","inLanguage":"fr-FR","@id":"https:\/\/qista.com\/fr\/boutique\/bam-optima\/#primaryimage","url":"https:\/\/qista.com\/wp-content\/uploads\/2025\/07\/PACKSHOT-NL-Bam-Optima-3_4-blanc.png","contentUrl":"https:\/\/qista.com\/wp-content\/uploads\/2025\/07\/PACKSHOT-NL-Bam-Optima-3_4-blanc.png","width":500,"height":667,"caption":"Borne anti moustiques Optima Qista"},{"@type":"BreadcrumbList","@id":"https:\/\/qista.com\/fr\/boutique\/bam-optima\/#breadcrumb","itemListElement":[{"@type":"ListItem","position":1,"name":"Accueil","item":"https:\/\/qista.com\/fr\/"},{"@type":"ListItem","position":2,"name":"BAM Optima"}]},{"@type":"WebSite","@id":"https:\/\/qista.com\/fr\/#website","url":"https:\/\/qista.com\/fr\/","name":"QISTA","description":"L&#039;aspiration MosqiVortex 788","publisher":{"@id":"https:\/\/qista.com\/fr\/#organization"},"potentialAction":[{"@type":"SearchAction","target":{"@type":"EntryPoint","urlTemplate":"https:\/\/qista.com\/fr\/?s={search_term_string}"},"query-input":{"@type":"PropertyValueSpecification","valueRequired":true,"valueName":"search_term_string"}}],"inLanguage":"fr-FR"},{"@type":"Organization","@id":"https:\/\/qista.com\/fr\/#organization","name":"QISTA","url":"https:\/\/qista.com\/fr\/","logo":{"@type":"ImageObject","inLanguage":"fr-FR","@id":"https:\/\/qista.com\/fr\/#\/schema\/logo\/image\/","url":"https:\/\/qista.com\/wp-content\/uploads\/2023\/03\/LogoB_Qista_MosqiVortex.webp","contentUrl":"https:\/\/qista.com\/wp-content\/uploads\/2023\/03\/LogoB_Qista_MosqiVortex.webp","width":537,"height":164,"caption":"QISTA"},"image":{"@id":"https:\/\/qista.com\/fr\/#\/schema\/logo\/image\/"}}]}},"_links":{"self":[{"href":"https:\/\/qista.com\/fr\/wp-json\/wp\/v2\/product\/2831","targetHints":{"allow":["GET"]}}],"collection":[{"href":"https:\/\/qista.com\/fr\/wp-json\/wp\/v2\/product"}],"about":[{"href":"https:\/\/qista.com\/fr\/wp-json\/wp\/v2\/types\/product"}],"replies":[{"embeddable":true,"href":"https:\/\/qista.com\/fr\/wp-json\/wp\/v2\/comments?post=2831"}],"version-history":[{"count":4,"href":"https:\/\/qista.com\/fr\/wp-json\/wp\/v2\/product\/2831\/revisions"}],"predecessor-version":[{"id":44728,"href":"https:\/\/qista.com\/fr\/wp-json\/wp\/v2\/product\/2831\/revisions\/44728"}],"wp:featuredmedia":[{"embeddable":true,"href":"https:\/\/qista.com\/fr\/wp-json\/wp\/v2\/media\/44206"}],"wp:attachment":[{"href":"https:\/\/qista.com\/fr\/wp-json\/wp\/v2\/media?parent=2831"}],"wp:term":[{"taxonomy":"product_brand","embeddable":true,"href":"https:\/\/qista.com\/fr\/wp-json\/wp\/v2\/product_brand?post=2831"},{"taxonomy":"product_cat","embeddable":true,"href":"https:\/\/qista.com\/fr\/wp-json\/wp\/v2\/product_cat?post=2831"},{"taxonomy":"product_tag","embeddable":true,"href":"https:\/\/qista.com\/fr\/wp-json\/wp\/v2\/product_tag?post=2831"}],"curies":[{"name":"wp","href":"https:\/\/api.w.org\/{rel}","templated":true}]}}