{"id":4691,"date":"2023-04-14T14:57:56","date_gmt":"2023-04-14T12:57:56","guid":{"rendered":"https:\/\/preprod.qista.com\/?page_id=4691"},"modified":"2025-06-06T16:11:25","modified_gmt":"2025-06-06T14:11:25","slug":"mentions-legales","status":"publish","type":"page","link":"https:\/\/qista.com\/fr\/mentions-legales\/","title":{"rendered":"Mentions l\u00e9gales"},"content":{"rendered":"\t\t<div data-elementor-type=\"wp-page\" data-elementor-id=\"4691\" class=\"elementor elementor-4691\" data-elementor-post-type=\"page\">\n\t\t\t\t\t\t<section class=\"elementor-section elementor-top-section elementor-element elementor-element-72939d9 elementor-section-boxed elementor-section-height-default elementor-section-height-default\" data-id=\"72939d9\" data-element_type=\"section\" data-settings=\"{&quot;background_background&quot;:&quot;classic&quot;}\">\n\t\t\t\t\t\t\t<div class=\"elementor-background-overlay\"><\/div>\n\t\t\t\t\t\t\t<div class=\"elementor-container elementor-column-gap-default\">\n\t\t\t\t\t<div class=\"elementor-column elementor-col-100 elementor-top-column elementor-element elementor-element-971459d\" data-id=\"971459d\" data-element_type=\"column\">\n\t\t\t<div class=\"elementor-widget-wrap elementor-element-populated\">\n\t\t\t\t\t\t<div class=\"elementor-element elementor-element-3366d5a elementor-align-center elementor-widget elementor-widget-breadcrumbs\" data-id=\"3366d5a\" data-element_type=\"widget\" data-widget_type=\"breadcrumbs.default\">\n\t\t\t\t<div class=\"elementor-widget-container\">\n\t\t\t\t\t<p id=\"breadcrumbs\"><span><span><a href=\"https:\/\/qista.com\/fr\/\">Accueil<\/a><\/span><\/span><\/p>\t\t\t\t<\/div>\n\t\t\t\t<\/div>\n\t\t\t\t\t<\/div>\n\t\t<\/div>\n\t\t\t\t\t<\/div>\n\t\t<\/section>\n\t\t\t\t<section class=\"elementor-section elementor-top-section elementor-element elementor-element-8f88527 elementor-section-boxed elementor-section-height-default elementor-section-height-default\" data-id=\"8f88527\" data-element_type=\"section\" data-settings=\"{&quot;background_background&quot;:&quot;classic&quot;}\">\n\t\t\t\t\t\t<div class=\"elementor-container elementor-column-gap-default\">\n\t\t\t\t\t<div class=\"elementor-column elementor-col-100 elementor-top-column elementor-element elementor-element-3d51506\" data-id=\"3d51506\" data-element_type=\"column\">\n\t\t\t<div class=\"elementor-widget-wrap elementor-element-populated\">\n\t\t\t\t\t\t<div class=\"elementor-element elementor-element-220ff52 elementor-widget elementor-widget-heading\" data-id=\"220ff52\" data-element_type=\"widget\" data-widget_type=\"heading.default\">\n\t\t\t\t<div class=\"elementor-widget-container\">\n\t\t\t\t\t<h1 class=\"elementor-heading-title elementor-size-default\">Mentions l\u00e9gales<\/h1>\t\t\t\t<\/div>\n\t\t\t\t<\/div>\n\t\t\t\t<div class=\"elementor-element elementor-element-b327835 elementor-widget-divider--view-line elementor-widget elementor-widget-divider\" data-id=\"b327835\" data-element_type=\"widget\" data-widget_type=\"divider.default\">\n\t\t\t\t<div class=\"elementor-widget-container\">\n\t\t\t\t\t\t\t<div class=\"elementor-divider\">\n\t\t\t<span class=\"elementor-divider-separator\">\n\t\t\t\t\t\t<\/span>\n\t\t<\/div>\n\t\t\t\t\t\t<\/div>\n\t\t\t\t<\/div>\n\t\t\t\t\t<\/div>\n\t\t<\/div>\n\t\t\t\t\t<\/div>\n\t\t<\/section>\n\t\t\t\t<section class=\"elementor-section elementor-top-section elementor-element elementor-element-6de2bf73 elementor-section-boxed elementor-section-height-default elementor-section-height-default\" data-id=\"6de2bf73\" data-element_type=\"section\">\n\t\t\t\t\t\t<div class=\"elementor-container elementor-column-gap-default\">\n\t\t\t\t\t<div class=\"elementor-column elementor-col-100 elementor-top-column elementor-element elementor-element-cd010e2\" data-id=\"cd010e2\" data-element_type=\"column\">\n\t\t\t<div class=\"elementor-widget-wrap elementor-element-populated\">\n\t\t\t\t\t\t<div class=\"elementor-element elementor-element-7c21e70 elementor-widget__width-initial elementor-widget elementor-widget-heading\" data-id=\"7c21e70\" data-element_type=\"widget\" data-widget_type=\"heading.default\">\n\t\t\t\t<div class=\"elementor-widget-container\">\n\t\t\t\t\t<h2 class=\"elementor-heading-title elementor-size-default\">QISTA, SOLUTION ANTI-MOUSTIQUE<\/h2>\t\t\t\t<\/div>\n\t\t\t\t<\/div>\n\t\t\t\t<div class=\"elementor-element elementor-element-3cd9dd2b elementor-widget elementor-widget-text-editor\" data-id=\"3cd9dd2b\" data-element_type=\"widget\" data-widget_type=\"text-editor.default\">\n\t\t\t\t<div class=\"elementor-widget-container\">\n\t\t\t\t\t\t\t\t\t<div class=\"page-title\">\u00a0<\/div><div class=\"std\"><p><strong>Raison sociale :<\/strong> TECHNO BAM<br \/><strong>Forme juridique :<\/strong> SAS<br \/><strong>Adresse :<\/strong> 130 Avenue du Luberon &#8211; 13560 S\u00c9NAS<br \/><strong>Mail :<\/strong> <a href=\"mailto:contact@qista.com\">contact@qista.com<\/a><br \/><strong>T\u00e9l.<\/strong>\u00a0+33 (0) 806 110 640 (prix d&rsquo;un appel local)<br \/><strong>Capital social :<\/strong> 130 227,00\u20ac<br \/><strong>RCS :<\/strong> 802 951 467 RCS TARASCON<br \/><strong>Siret :<\/strong> 80295146700041 \u2013- NAF : 2899B<br \/><strong>N\u00b0 TVA intracommunautaire :<\/strong> FR638 0295 1467<\/p><ul><li><strong>Responsable de la publication :<\/strong>\u00a0Pierre BELLAGAMBI<\/li><li><strong>Cr\u00e9ation : <a href=\"https:\/\/agences-exprimer.com\/\">Agences Exprimer<\/a><\/strong><\/li><li><strong>H\u00e9bergement :<\/strong> Infomaniak , Rue Eug\u00e8ne Marziano 25 1227 Les Acacias (GE)<\/li><\/ul><h4>QISTA :\u00a0130 Avenue du Luberon, 13560 S\u00e9nas<br \/>T\u00e9l. :\u00a0+33 (0) 806 110 640<\/h4><\/div><div class=\"cookieTable__wrapper\">\u00a0<\/div><p><strong>Autorisations de mise sur le march\u00e9 : BAM &#8211; LEURRE MOUSTIQUES TRADITIONNELS<br \/><\/strong> D\u00e9cision relative \u00e0 une demande d&rsquo;autorisation simplifi\u00e9e de mise \u00e0 disposition sur le march\u00e9 du produit biocide : BAM &#8211; LEURRE MOUSTIQUES TRADITIONNELS <br \/><strong> Publication : <\/strong> 17\/05\/2023 <br \/><strong> Num\u00e9ro AMM : <\/strong> FR-2023-0023 <br \/>Atteste que le produit r\u00e9pond aux crit\u00e8res de l&rsquo;articles 25 du r\u00e8glement (UE) N\u00b0528\/2012<\/p><p><strong>Autorisations de mise sur le march\u00e9 : BAM &#8211; LEURRE MOUSTIQUES TIGRES <br \/><\/strong> Autorisation transitoire et d\u00e9p\u00f4t d&rsquo;AMM en cours.<\/p>\t\t\t\t\t\t\t\t<\/div>\n\t\t\t\t<\/div>\n\t\t\t\t\t<\/div>\n\t\t<\/div>\n\t\t\t\t\t<\/div>\n\t\t<\/section>\n\t\t\t\t<\/div>\n\t\t","protected":false},"excerpt":{"rendered":"<p>Mentions l\u00e9gales QISTA, SOLUTION ANTI-MOUSTIQUE \u00a0 Raison sociale : TECHNO BAMForme juridique : SASAdresse : 130 Avenue du Luberon &#8211; 13560 S\u00c9NASMail : contact@qista.comT\u00e9l.\u00a0+33 (0) 806 110 640 (prix d&rsquo;un appel local)Capital social : 130 227,00\u20acRCS : 802 951 467 RCS TARASCONSiret : 80295146700041 \u2013- NAF : 2899BN\u00b0 TVA intracommunautaire : FR638 0295 1467 Responsable [&hellip;]<\/p>\n","protected":false},"author":8329,"featured_media":0,"parent":0,"menu_order":0,"comment_status":"closed","ping_status":"open","template":"elementor_header_footer","meta":{"_acf_changed":false,"_mo_disable_npp":"","footnotes":""},"class_list":["post-4691","page","type-page","status-publish","hentry"],"acf":[],"yoast_head":"<!-- This site is optimized with the Yoast SEO plugin v25.3 - https:\/\/yoast.com\/wordpress\/plugins\/seo\/ -->\n<title>Mentions l\u00e9gales<\/title>\n<meta name=\"description\" content=\"Consultez nos mentions l\u00e9gales ainsi que notre politique de confidentialit\u00e9 sur cette page\" \/>\n<meta name=\"robots\" content=\"index, follow, max-snippet:-1, max-image-preview:large, max-video-preview:-1\" \/>\n<link rel=\"canonical\" href=\"https:\/\/qista.com\/fr\/mentions-legales\/\" \/>\n<meta property=\"og:locale\" content=\"fr_FR\" \/>\n<meta property=\"og:type\" content=\"article\" \/>\n<meta property=\"og:title\" content=\"Mentions l\u00e9gales\" \/>\n<meta property=\"og:description\" content=\"Consultez nos mentions l\u00e9gales ainsi que notre politique de confidentialit\u00e9 sur cette page\" \/>\n<meta property=\"og:url\" content=\"https:\/\/qista.com\/fr\/mentions-legales\/\" \/>\n<meta property=\"og:site_name\" content=\"Qista.com\" \/>\n<meta property=\"article:modified_time\" content=\"2025-06-06T14:11:25+00:00\" \/>\n<meta property=\"og:image\" content=\"https:\/\/qista.com\/wp-content\/uploads\/2023\/09\/quista-borne-visioplus.webp\" \/>\n\t<meta property=\"og:image:width\" content=\"1200\" \/>\n\t<meta property=\"og:image:height\" content=\"1196\" \/>\n\t<meta property=\"og:image:type\" content=\"image\/webp\" \/>\n<meta name=\"twitter:card\" content=\"summary_large_image\" \/>\n<meta name=\"twitter:label1\" content=\"Dur\u00e9e de lecture estim\u00e9e\" \/>\n\t<meta name=\"twitter:data1\" content=\"1 minute\" \/>\n<script type=\"application\/ld+json\" class=\"yoast-schema-graph\">{\"@context\":\"https:\/\/schema.org\",\"@graph\":[{\"@type\":\"WebPage\",\"@id\":\"https:\/\/qista.com\/fr\/mentions-legales\/\",\"url\":\"https:\/\/qista.com\/fr\/mentions-legales\/\",\"name\":\"Mentions l\u00e9gales\",\"isPartOf\":{\"@id\":\"https:\/\/qista.com\/fr\/#website\"},\"datePublished\":\"2023-04-14T12:57:56+00:00\",\"dateModified\":\"2025-06-06T14:11:25+00:00\",\"description\":\"Consultez nos mentions l\u00e9gales ainsi que notre politique de confidentialit\u00e9 sur cette page\",\"breadcrumb\":{\"@id\":\"https:\/\/qista.com\/fr\/mentions-legales\/#breadcrumb\"},\"inLanguage\":\"fr-FR\",\"potentialAction\":[{\"@type\":\"ReadAction\",\"target\":[\"https:\/\/qista.com\/fr\/mentions-legales\/\"]}]},{\"@type\":\"BreadcrumbList\",\"@id\":\"https:\/\/qista.com\/fr\/mentions-legales\/#breadcrumb\",\"itemListElement\":[{\"@type\":\"ListItem\",\"position\":1,\"name\":\"Accueil\",\"item\":\"https:\/\/qista.com\/fr\/\"},{\"@type\":\"ListItem\",\"position\":2,\"name\":\"Mentions l\u00e9gales\"}]},{\"@type\":\"WebSite\",\"@id\":\"https:\/\/qista.com\/fr\/#website\",\"url\":\"https:\/\/qista.com\/fr\/\",\"name\":\"QISTA\",\"description\":\"L&#039;aspiration MosqiVortex 788\",\"publisher\":{\"@id\":\"https:\/\/qista.com\/fr\/#organization\"},\"potentialAction\":[{\"@type\":\"SearchAction\",\"target\":{\"@type\":\"EntryPoint\",\"urlTemplate\":\"https:\/\/qista.com\/fr\/?s={search_term_string}\"},\"query-input\":{\"@type\":\"PropertyValueSpecification\",\"valueRequired\":true,\"valueName\":\"search_term_string\"}}],\"inLanguage\":\"fr-FR\"},{\"@type\":\"Organization\",\"@id\":\"https:\/\/qista.com\/fr\/#organization\",\"name\":\"QISTA\",\"url\":\"https:\/\/qista.com\/fr\/\",\"logo\":{\"@type\":\"ImageObject\",\"inLanguage\":\"fr-FR\",\"@id\":\"https:\/\/qista.com\/fr\/#\/schema\/logo\/image\/\",\"url\":\"https:\/\/qista.com\/wp-content\/uploads\/2023\/03\/LogoB_Qista_MosqiVortex.webp\",\"contentUrl\":\"https:\/\/qista.com\/wp-content\/uploads\/2023\/03\/LogoB_Qista_MosqiVortex.webp\",\"width\":537,\"height\":164,\"caption\":\"QISTA\"},\"image\":{\"@id\":\"https:\/\/qista.com\/fr\/#\/schema\/logo\/image\/\"}}]}<\/script>\n<!-- \/ Yoast SEO plugin. -->","yoast_head_json":{"title":"Mentions l\u00e9gales","description":"Consultez nos mentions l\u00e9gales ainsi que notre politique de confidentialit\u00e9 sur cette page","robots":{"index":"index","follow":"follow","max-snippet":"max-snippet:-1","max-image-preview":"max-image-preview:large","max-video-preview":"max-video-preview:-1"},"canonical":"https:\/\/qista.com\/fr\/mentions-legales\/","og_locale":"fr_FR","og_type":"article","og_title":"Mentions l\u00e9gales","og_description":"Consultez nos mentions l\u00e9gales ainsi que notre politique de confidentialit\u00e9 sur cette page","og_url":"https:\/\/qista.com\/fr\/mentions-legales\/","og_site_name":"Qista.com","article_modified_time":"2025-06-06T14:11:25+00:00","og_image":[{"width":1200,"height":1196,"url":"https:\/\/qista.com\/wp-content\/uploads\/2023\/09\/quista-borne-visioplus.webp","type":"image\/webp"}],"twitter_card":"summary_large_image","twitter_misc":{"Dur\u00e9e de lecture estim\u00e9e":"1 minute"},"schema":{"@context":"https:\/\/schema.org","@graph":[{"@type":"WebPage","@id":"https:\/\/qista.com\/fr\/mentions-legales\/","url":"https:\/\/qista.com\/fr\/mentions-legales\/","name":"Mentions l\u00e9gales","isPartOf":{"@id":"https:\/\/qista.com\/fr\/#website"},"datePublished":"2023-04-14T12:57:56+00:00","dateModified":"2025-06-06T14:11:25+00:00","description":"Consultez nos mentions l\u00e9gales ainsi que notre politique de confidentialit\u00e9 sur cette page","breadcrumb":{"@id":"https:\/\/qista.com\/fr\/mentions-legales\/#breadcrumb"},"inLanguage":"fr-FR","potentialAction":[{"@type":"ReadAction","target":["https:\/\/qista.com\/fr\/mentions-legales\/"]}]},{"@type":"BreadcrumbList","@id":"https:\/\/qista.com\/fr\/mentions-legales\/#breadcrumb","itemListElement":[{"@type":"ListItem","position":1,"name":"Accueil","item":"https:\/\/qista.com\/fr\/"},{"@type":"ListItem","position":2,"name":"Mentions l\u00e9gales"}]},{"@type":"WebSite","@id":"https:\/\/qista.com\/fr\/#website","url":"https:\/\/qista.com\/fr\/","name":"QISTA","description":"L&#039;aspiration MosqiVortex 788","publisher":{"@id":"https:\/\/qista.com\/fr\/#organization"},"potentialAction":[{"@type":"SearchAction","target":{"@type":"EntryPoint","urlTemplate":"https:\/\/qista.com\/fr\/?s={search_term_string}"},"query-input":{"@type":"PropertyValueSpecification","valueRequired":true,"valueName":"search_term_string"}}],"inLanguage":"fr-FR"},{"@type":"Organization","@id":"https:\/\/qista.com\/fr\/#organization","name":"QISTA","url":"https:\/\/qista.com\/fr\/","logo":{"@type":"ImageObject","inLanguage":"fr-FR","@id":"https:\/\/qista.com\/fr\/#\/schema\/logo\/image\/","url":"https:\/\/qista.com\/wp-content\/uploads\/2023\/03\/LogoB_Qista_MosqiVortex.webp","contentUrl":"https:\/\/qista.com\/wp-content\/uploads\/2023\/03\/LogoB_Qista_MosqiVortex.webp","width":537,"height":164,"caption":"QISTA"},"image":{"@id":"https:\/\/qista.com\/fr\/#\/schema\/logo\/image\/"}}]}},"_links":{"self":[{"href":"https:\/\/qista.com\/fr\/wp-json\/wp\/v2\/pages\/4691","targetHints":{"allow":["GET"]}}],"collection":[{"href":"https:\/\/qista.com\/fr\/wp-json\/wp\/v2\/pages"}],"about":[{"href":"https:\/\/qista.com\/fr\/wp-json\/wp\/v2\/types\/page"}],"author":[{"embeddable":true,"href":"https:\/\/qista.com\/fr\/wp-json\/wp\/v2\/users\/8329"}],"replies":[{"embeddable":true,"href":"https:\/\/qista.com\/fr\/wp-json\/wp\/v2\/comments?post=4691"}],"version-history":[{"count":3,"href":"https:\/\/qista.com\/fr\/wp-json\/wp\/v2\/pages\/4691\/revisions"}],"predecessor-version":[{"id":43973,"href":"https:\/\/qista.com\/fr\/wp-json\/wp\/v2\/pages\/4691\/revisions\/43973"}],"wp:attachment":[{"href":"https:\/\/qista.com\/fr\/wp-json\/wp\/v2\/media?parent=4691"}],"curies":[{"name":"wp","href":"https:\/\/api.w.org\/{rel}","templated":true}]}}