{"id":3479,"date":"2023-03-30T16:53:45","date_gmt":"2023-03-30T14:53:45","guid":{"rendered":"https:\/\/preprod.qista.com\/?page_id=3479"},"modified":"2024-07-04T11:31:50","modified_gmt":"2024-07-04T09:31:50","slug":"invasion-moustique-tigre-solutions-pour-les-professionnels","status":"publish","type":"page","link":"https:\/\/qista.com\/fr\/informations-moustique\/invasion-moustique-tigre-solutions-pour-les-professionnels\/","title":{"rendered":"Invasion de moustique tigre : Quelles solutions anti-moustiques pour les professionnels"},"content":{"rendered":"\t\t<div data-elementor-type=\"wp-page\" data-elementor-id=\"3479\" class=\"elementor elementor-3479\" data-elementor-post-type=\"page\">\n\t\t\t\t\t\t<section class=\"elementor-section elementor-top-section elementor-element elementor-element-995f484 elementor-section-boxed elementor-section-height-default elementor-section-height-default\" data-id=\"995f484\" data-element_type=\"section\" data-settings=\"{&quot;background_background&quot;:&quot;classic&quot;}\">\n\t\t\t\t\t\t\t<div class=\"elementor-background-overlay\"><\/div>\n\t\t\t\t\t\t\t<div class=\"elementor-container elementor-column-gap-default\">\n\t\t\t\t\t<div class=\"elementor-column elementor-col-100 elementor-top-column elementor-element elementor-element-2a5cf75\" data-id=\"2a5cf75\" data-element_type=\"column\">\n\t\t\t<div class=\"elementor-widget-wrap elementor-element-populated\">\n\t\t\t\t\t\t<div class=\"elementor-element elementor-element-63743fa elementor-align-center elementor-widget elementor-widget-breadcrumbs\" data-id=\"63743fa\" data-element_type=\"widget\" data-widget_type=\"breadcrumbs.default\">\n\t\t\t\t<div class=\"elementor-widget-container\">\n\t\t\t\t\t<p id=\"breadcrumbs\"><span><span><a href=\"https:\/\/qista.com\/fr\/\">Accueil<\/a><\/span><\/span><\/p>\t\t\t\t<\/div>\n\t\t\t\t<\/div>\n\t\t\t\t\t<\/div>\n\t\t<\/div>\n\t\t\t\t\t<\/div>\n\t\t<\/section>\n\t\t\t\t<section class=\"elementor-section elementor-top-section elementor-element elementor-element-caf835c elementor-section-boxed elementor-section-height-default elementor-section-height-default\" data-id=\"caf835c\" data-element_type=\"section\" data-settings=\"{&quot;background_background&quot;:&quot;classic&quot;}\">\n\t\t\t\t\t\t<div class=\"elementor-container elementor-column-gap-default\">\n\t\t\t\t\t<div class=\"elementor-column elementor-col-100 elementor-top-column elementor-element elementor-element-09c7d08\" data-id=\"09c7d08\" data-element_type=\"column\">\n\t\t\t<div class=\"elementor-widget-wrap elementor-element-populated\">\n\t\t\t\t\t\t<div class=\"elementor-element elementor-element-1d8c898 elementor-widget elementor-widget-text-editor\" data-id=\"1d8c898\" data-element_type=\"widget\" data-widget_type=\"text-editor.default\">\n\t\t\t\t<div class=\"elementor-widget-container\">\n\t\t\t\t\t\t\t\t\tARTICLE\n\t\t\t\t\t\t\t\t<\/div>\n\t\t\t\t<\/div>\n\t\t\t\t<div class=\"elementor-element elementor-element-a9f038d elementor-widget elementor-widget-heading\" data-id=\"a9f038d\" data-element_type=\"widget\" data-widget_type=\"heading.default\">\n\t\t\t\t<div class=\"elementor-widget-container\">\n\t\t\t\t\t<h1 class=\"elementor-heading-title elementor-size-default\">Invasion de moustiques : quels enjeux et solutions pour les professionnels ?<\/h1>\t\t\t\t<\/div>\n\t\t\t\t<\/div>\n\t\t\t\t<div class=\"elementor-element elementor-element-d9f3c4f elementor-widget-divider--view-line elementor-widget elementor-widget-divider\" data-id=\"d9f3c4f\" data-element_type=\"widget\" data-widget_type=\"divider.default\">\n\t\t\t\t<div class=\"elementor-widget-container\">\n\t\t\t\t\t\t\t<div class=\"elementor-divider\">\n\t\t\t<span class=\"elementor-divider-separator\">\n\t\t\t\t\t\t<\/span>\n\t\t<\/div>\n\t\t\t\t\t\t<\/div>\n\t\t\t\t<\/div>\n\t\t\t\t<div class=\"elementor-element elementor-element-49f7787 elementor-widget elementor-widget-text-editor\" data-id=\"49f7787\" data-element_type=\"widget\" data-widget_type=\"text-editor.default\">\n\t\t\t\t<div class=\"elementor-widget-container\">\n\t\t\t\t\t\t\t\t\t<p class=\"lead\">Reconnaissable \u00e0 ses rayures noires et blanches, le moustique tigre est aujourd\u2019hui\u00a0<a href=\"\/retour-moustique-tigre-en-france\">pr\u00e9sent dans 67 d\u00e9partements.<\/a>\u00a0Arriv\u00e9e en France en 2004, cette esp\u00e8ce est extr\u00eamement invasive. Il suffit d\u2019un peu d\u2019eau pour que la femelle y ponde des centaines d\u2019\u0153ufs chaque jour, eux-m\u00eames r\u00e9sistants \u00e0 des conditions extr\u00eames. Humidit\u00e9 et chaleur, ce type de m\u00e9t\u00e9o est id\u00e9al pour l\u2019esp\u00e8ce. De plus, les \u0153ufs de moustique sont plus r\u00e9sistants \u00e0 des basses temp\u00e9ratures que les autres esp\u00e8ces. C\u2019est pourquoi leur prolif\u00e9ration est acc\u00e9l\u00e9r\u00e9e par temps orageux.<\/p>\t\t\t\t\t\t\t\t<\/div>\n\t\t\t\t<\/div>\n\t\t\t\t\t<\/div>\n\t\t<\/div>\n\t\t\t\t\t<\/div>\n\t\t<\/section>\n\t\t\t\t<section class=\"elementor-section elementor-top-section elementor-element elementor-element-5a9849b elementor-section-content-middle elementor-section-boxed elementor-section-height-default elementor-section-height-default\" data-id=\"5a9849b\" data-element_type=\"section\">\n\t\t\t\t\t\t<div class=\"elementor-container elementor-column-gap-default\">\n\t\t\t\t\t<div class=\"elementor-column elementor-col-100 elementor-top-column elementor-element elementor-element-4fc7083\" data-id=\"4fc7083\" data-element_type=\"column\">\n\t\t\t<div class=\"elementor-widget-wrap elementor-element-populated\">\n\t\t\t\t\t\t<div class=\"elementor-element elementor-element-17d5e60 elementor-widget elementor-widget-heading\" data-id=\"17d5e60\" data-element_type=\"widget\" data-widget_type=\"heading.default\">\n\t\t\t\t<div class=\"elementor-widget-container\">\n\t\t\t\t\t<h3 class=\"elementor-heading-title elementor-size-default\">LE MOUSTIQUE TIGRE \u00c0 L\u2019ASSAUT DES LITTORAUX\n<\/h3>\t\t\t\t<\/div>\n\t\t\t\t<\/div>\n\t\t\t\t<div class=\"elementor-element elementor-element-3af64cc elementor-widget elementor-widget-text-editor\" data-id=\"3af64cc\" data-element_type=\"widget\" data-widget_type=\"text-editor.default\">\n\t\t\t\t<div class=\"elementor-widget-container\">\n\t\t\t\t\t\t\t\t\t<p>Le moustique tigre est fortement repr\u00e9sent\u00e9 dans le quart sud-est, o\u00f9 il a \u00e9t\u00e9 d\u00e9tect\u00e9 pour la premi\u00e8re fois en France. En raison de la situation \u00e9conomique, les vacances au sein de l\u2019hexagone \u00e9taient particuli\u00e8rement populaires durant l\u2019\u00e9t\u00e9 2022. Le littoral est ressorti grand favori des fran\u00e7ais. Selon\u00a0<a href=\"https:\/\/www.pap.fr\/blog\/les-tendances-de-l-ete-2022\/a23095#:~:text=Les%20vacanciers%20d%C3%A9pensent%20davantage%20pour,appartements%20(%2B5%2C2%20%25).\">une \u00e9tude de PAP vacances<\/a>, le nombre de voyageurs a augment\u00e9 de 23% pour la r\u00e9gion PACA, et de 20% pour l\u2019Occitanie.<\/p><p>Historiquement parmi les premi\u00e8res r\u00e9gions touch\u00e9es par l\u2019invasion du moustique tigre, elles restent aujourd\u2019hui celles o\u00f9 l\u2019esp\u00e8ce est la plus repr\u00e9sent\u00e9e. Dans les secteurs du tourisme et de la restauration, les impacts de ces nuisances ont \u00e9t\u00e9 tr\u00e8s forts.<\/p>\t\t\t\t\t\t\t\t<\/div>\n\t\t\t\t<\/div>\n\t\t\t\t<div class=\"elementor-element elementor-element-d060309 elementor-widget elementor-widget-heading\" data-id=\"d060309\" data-element_type=\"widget\" data-widget_type=\"heading.default\">\n\t\t\t\t<div class=\"elementor-widget-container\">\n\t\t\t\t\t<h3 class=\"elementor-heading-title elementor-size-default\">L\u2019IMPACT DES ATTAQUES DE MOUSTIQUE SUR LE TOURISME ET LA RESTAURATION<\/h3>\t\t\t\t<\/div>\n\t\t\t\t<\/div>\n\t\t\t\t<div class=\"elementor-element elementor-element-2ab490f elementor-widget elementor-widget-text-editor\" data-id=\"2ab490f\" data-element_type=\"widget\" data-widget_type=\"text-editor.default\">\n\t\t\t\t<div class=\"elementor-widget-container\">\n\t\t\t\t\t\t\t\t\t<p>Destinations favorites des fran\u00e7ais, les villes du sud de la France ont \u00e9t\u00e9 fortement impact\u00e9es par les nuisances. Lors des vacances, il est particuli\u00e8rement difficile de se prot\u00e9ger des moustiques. Chez soi, nous avons les moustiquaires, prises anti moustiques, spirales anti moustique, etc. Cependant, en terrasse de restaurant ou en camping, nous sommes vuln\u00e9rables aux attaques de moustiques. Certaines personnes sont d\u2019autant plus sensibles\u00a0: enfants et nourrissons, personnes allergiques aux produits anti moustique \u00e0 appliquer localement.<\/p><p>Pour les caf\u00e9s et restaurants, les terrasses ont \u00e9t\u00e9 la cible de nu\u00e9es de moustiques. Les clients \u00e9courtaient leur repas, en partant parfois apr\u00e8s un simple ap\u00e9ritif. Le constat est le m\u00eame pour les campings et h\u00f4tels, notamment au Grau du Roi et en Camargue. Plus qu\u2019un simple repas, les vacanciers sont parfois all\u00e9s jusqu\u2019\u00e0\u00a0<a href=\"https:\/\/www.rtl.be\/info\/vous\/-on-n-ose-meme-plus-sortir-en-vacances-au-grau-du-roi-bernard-et-sa-famille-sont-envahis-par-des-milliers-de-moustiques--1387733.aspx\">\u00e9courter leurs vacances<\/a>, plut\u00f4t que de les passer enferm\u00e9s dans leur h\u00e9bergement.<\/p><p>Ces attaques de moustique ont un impact direct sur le chiffre d\u2019affaires des professionnels. Le manque \u00e0 gagner est consid\u00e9rable. Mais alors, comment agir sur un facteur naturel\u00a0?<\/p>\t\t\t\t\t\t\t\t<\/div>\n\t\t\t\t<\/div>\n\t\t\t\t<div class=\"elementor-element elementor-element-f7441af elementor-widget elementor-widget-heading\" data-id=\"f7441af\" data-element_type=\"widget\" data-widget_type=\"heading.default\">\n\t\t\t\t<div class=\"elementor-widget-container\">\n\t\t\t\t\t<h3 class=\"elementor-heading-title elementor-size-default\">LES SOLUTIONS ANTI MOUSTIQUE POUR LES PROFESSIONNELS\n<\/h3>\t\t\t\t<\/div>\n\t\t\t\t<\/div>\n\t\t\t\t<div class=\"elementor-element elementor-element-add4509 elementor-widget elementor-widget-text-editor\" data-id=\"add4509\" data-element_type=\"widget\" data-widget_type=\"text-editor.default\">\n\t\t\t\t<div class=\"elementor-widget-container\">\n\t\t\t\t\t\t\t\t\t<p>Moustiquaires, spray r\u00e9pulsif, prises anti moustique, spirales, les solutions traditionnelles que nous pouvons mettre en place \u00e0 domicile sont pas ou peu adapt\u00e9es en vacances.<\/p><p>Pour les restaurants, certaines astuces anti moustique sont incompatibles avec le confort des clients pour appr\u00e9cier leur repas. Pour les m\u00e9tiers de bouche, utiliser une solution qui impacte le gout et l\u2019odorat d\u00e9t\u00e9riore l\u2019exp\u00e9rience du client. Les spirales anti moustique \u00e0 bruler pr\u00e9sentent, en plus de l\u2019odeur, des dangers pour les voies pulmonaires, et des risques d\u2019incendies et de brulures. L\u2019utilisation de sprays anti moustiques pr\u00e9sente \u00e9galement une forte odeur, et un gout d\u00e9sagr\u00e9able si les doigts sont port\u00e9s \u00e0 la bouche apr\u00e8s avoir \u00e9t\u00e9 en contact avec le produit. Les sprays sont \u00e9galement \u00e0 \u00e9viter sur les enfants de moins de 6 ans, qui n\u2019\u00e9chappent pourtant pas aux attaques des nu\u00e9es de moustiques.<\/p><p>Pour les campings, gites et h\u00e9bergements de plein air, la principale contrainte est la surface \u00e0 prot\u00e9ger. Ceci est souvent coupl\u00e9 \u00e0 la pr\u00e9sence de piscines et bassins, endroits pris\u00e9s par les moustiques femelles pour y pondre leurs \u0153ufs. Pour les grands espaces, la solution la plus utilis\u00e9e est l\u2019\u00e9pandage par avion de larvicides dans les zones humides. Le traitement par \u00e9pandage a \u00e9galement ses limites. Trop utilis\u00e9, il devient inefficace car l\u2019esp\u00e8ce s\u2019accoutume et devient r\u00e9sistante aux insecticides utilis\u00e9s. De plus, il n\u2019est efficace que sur une \u00e9tape du cycle de vie du moustique\u00a0: les larves. Les moustiques adultes et les \u0153ufs ne sont donc pas touch\u00e9s, et continuent de prolif\u00e9rer.<\/p>\t\t\t\t\t\t\t\t<\/div>\n\t\t\t\t<\/div>\n\t\t\t\t<div class=\"elementor-element elementor-element-a8b773e elementor-widget elementor-widget-heading\" data-id=\"a8b773e\" data-element_type=\"widget\" data-widget_type=\"heading.default\">\n\t\t\t\t<div class=\"elementor-widget-container\">\n\t\t\t\t\t<h3 class=\"elementor-heading-title elementor-size-default\">LA BORNE ANTI MOUSTIQUE, UNE SOLUTION EFFICACE POUR LES PROFESSIONNELS<\/h3>\t\t\t\t<\/div>\n\t\t\t\t<\/div>\n\t\t\t\t<div class=\"elementor-element elementor-element-c7e027f elementor-widget elementor-widget-text-editor\" data-id=\"c7e027f\" data-element_type=\"widget\" data-widget_type=\"text-editor.default\">\n\t\t\t\t<div class=\"elementor-widget-container\">\n\t\t\t\t\t\t\t\t\tFace \u00e0 ces contraintes, <a href=\"\/concept-anti-moustique\/\"> la borne anti moustiques Qista <\/a>\u00a0se place en solution optimale. La borne fonctionne avec une bonbonne de CO2 recycl\u00e9, et des leurres qui attirent les moustiques en reproduisant les odeurs corporelles que ceux-ci recherchent. Les leurres sont adapt\u00e9s selon le type de moustique pr\u00e9sent\u00a0: moustique tigre ou moustique commun. Pensant venir piquer un \u00eatre humain, la femelle moustique s&rsquo;approche de la borne anti moustique et se retrouve aspir\u00e9e dans le filet de capture. Ceci emp\u00eache ainsi la ponte et la prolif\u00e9ration des moustiques. Au lieu d\u2019agir sur les larves des moustiques, comme l\u2019\u00e9pandage, la borne rompt le cycle de reproduction en amont. Implant\u00e9e avant l\u2019\u00e9t\u00e9, la borne permet de prot\u00e9ger la client\u00e8le durant toute la saison, en r\u00e9duisant la population des moustiques. Elle prot\u00e8ge ainsi toute la famille, et ne n\u00e9cessite pas de contact avec la peau. Les produits utilis\u00e9s ne pr\u00e9sentent pas de risques d\u2019intoxication pour les humains ou animaux, et prot\u00e8gent \u00e9galement l\u2019\u00e9cosyst\u00e8me environnant gr\u00e2ce \u00e0 la technologie de capture s\u00e9lective. Install\u00e9es en r\u00e9seaux, plusieurs bornes peuvent cr\u00e9er une zone de protection de plus de 500 m\u00e8tres carr\u00e9s. Les bornes peuvent \u00eatre contr\u00f4l\u00e9es directement depuis un smartphone. La maintenance peut \u00eatre r\u00e9alis\u00e9e int\u00e9gralement par Qista.<\/a>\t\t\t\t\t\t\t\t<\/div>\n\t\t\t\t<\/div>\n\t\t\t\t<div class=\"elementor-element elementor-element-cadda9a elementor-widget elementor-widget-spacer\" data-id=\"cadda9a\" data-element_type=\"widget\" data-widget_type=\"spacer.default\">\n\t\t\t\t<div class=\"elementor-widget-container\">\n\t\t\t\t\t\t\t<div class=\"elementor-spacer\">\n\t\t\t<div class=\"elementor-spacer-inner\"><\/div>\n\t\t<\/div>\n\t\t\t\t\t\t<\/div>\n\t\t\t\t<\/div>\n\t\t\t\t<div class=\"elementor-element elementor-element-b034957 elementor-align-center elementor-widget elementor-widget-button\" data-id=\"b034957\" data-element_type=\"widget\" data-widget_type=\"button.default\">\n\t\t\t\t<div class=\"elementor-widget-container\">\n\t\t\t\t\t\t\t\t\t<div class=\"elementor-button-wrapper\">\n\t\t\t\t\t<a class=\"elementor-button elementor-button-link elementor-size-sm\" href=\"https:\/\/qista.com\/boutique\/\">\n\t\t\t\t\t\t<span class=\"elementor-button-content-wrapper\">\n\t\t\t\t\t\t<span class=\"elementor-button-icon\">\n\t\t\t\t<i aria-hidden=\"true\" class=\"fas fa-arrow-right\"><\/i>\t\t\t<\/span>\n\t\t\t\t\t\t\t\t\t<span class=\"elementor-button-text\">  D\u00e9couvrir nos bornes anti moustique<\/span>\n\t\t\t\t\t<\/span>\n\t\t\t\t\t<\/a>\n\t\t\t\t<\/div>\n\t\t\t\t\t\t\t\t<\/div>\n\t\t\t\t<\/div>\n\t\t\t\t\t<\/div>\n\t\t<\/div>\n\t\t\t\t\t<\/div>\n\t\t<\/section>\n\t\t\t\t<\/div>\n\t\t","protected":false},"excerpt":{"rendered":"<p>ARTICLE Invasion de moustiques : quels enjeux et solutions pour les professionnels ? Reconnaissable \u00e0 ses rayures noires et blanches, le moustique tigre est aujourd\u2019hui\u00a0pr\u00e9sent dans 67 d\u00e9partements.\u00a0Arriv\u00e9e en France en 2004, cette esp\u00e8ce est extr\u00eamement invasive. Il suffit d\u2019un peu d\u2019eau pour que la femelle y ponde des centaines d\u2019\u0153ufs chaque jour, eux-m\u00eames r\u00e9sistants [&hellip;]<\/p>\n","protected":false},"author":8329,"featured_media":0,"parent":1694,"menu_order":0,"comment_status":"closed","ping_status":"closed","template":"elementor_header_footer","meta":{"_acf_changed":false,"_mo_disable_npp":"","footnotes":""},"class_list":["post-3479","page","type-page","status-publish","hentry"],"acf":[],"yoast_head":"<!-- This site is optimized with the Yoast SEO plugin v25.3 - https:\/\/yoast.com\/wordpress\/plugins\/seo\/ -->\n<title>Invasion de moustique tigre : Quelles solutions anti-moustiques pour les professionnels<\/title>\n<meta name=\"description\" content=\"Le tourisme et la restauration ont \u00e9t\u00e9 fortement attaqu\u00e9s par les attaques de moustiques tigres durant l\u2019\u00e9t\u00e9 2022. Nous d\u00e9taillons ici les enjeux, difficult\u00e9s et solutions pour prot\u00e9ger la client\u00e8le des piqures.\" \/>\n<meta name=\"robots\" content=\"index, follow, max-snippet:-1, max-image-preview:large, max-video-preview:-1\" \/>\n<link rel=\"canonical\" href=\"https:\/\/qista.com\/fr\/informations-moustique\/invasion-moustique-tigre-solutions-pour-les-professionnels\/\" \/>\n<meta property=\"og:locale\" content=\"fr_FR\" \/>\n<meta property=\"og:type\" content=\"article\" \/>\n<meta property=\"og:title\" content=\"Invasion de moustique tigre : Quelles solutions anti-moustiques pour les professionnels\" \/>\n<meta property=\"og:description\" content=\"Le tourisme et la restauration ont \u00e9t\u00e9 fortement attaqu\u00e9s par les attaques de moustiques tigres durant l\u2019\u00e9t\u00e9 2022. Nous d\u00e9taillons ici les enjeux, difficult\u00e9s et solutions pour prot\u00e9ger la client\u00e8le des piqures.\" \/>\n<meta property=\"og:url\" content=\"https:\/\/qista.com\/fr\/informations-moustique\/invasion-moustique-tigre-solutions-pour-les-professionnels\/\" \/>\n<meta property=\"og:site_name\" content=\"Qista.com\" \/>\n<meta property=\"article:modified_time\" content=\"2024-07-04T09:31:50+00:00\" \/>\n<meta property=\"og:image\" content=\"https:\/\/qista.com\/wp-content\/uploads\/2023\/09\/quista-borne-visioplus.webp\" \/>\n\t<meta property=\"og:image:width\" content=\"1200\" \/>\n\t<meta property=\"og:image:height\" content=\"1196\" \/>\n\t<meta property=\"og:image:type\" content=\"image\/webp\" \/>\n<meta name=\"twitter:card\" content=\"summary_large_image\" \/>\n<meta name=\"twitter:label1\" content=\"Dur\u00e9e de lecture estim\u00e9e\" \/>\n\t<meta name=\"twitter:data1\" content=\"5 minutes\" \/>\n<script type=\"application\/ld+json\" class=\"yoast-schema-graph\">{\"@context\":\"https:\/\/schema.org\",\"@graph\":[{\"@type\":\"WebPage\",\"@id\":\"https:\/\/qista.com\/fr\/informations-moustique\/invasion-moustique-tigre-solutions-pour-les-professionnels\/\",\"url\":\"https:\/\/qista.com\/fr\/informations-moustique\/invasion-moustique-tigre-solutions-pour-les-professionnels\/\",\"name\":\"Invasion de moustique tigre : Quelles solutions anti-moustiques pour les professionnels\",\"isPartOf\":{\"@id\":\"https:\/\/qista.com\/fr\/#website\"},\"datePublished\":\"2023-03-30T14:53:45+00:00\",\"dateModified\":\"2024-07-04T09:31:50+00:00\",\"description\":\"Le tourisme et la restauration ont \u00e9t\u00e9 fortement attaqu\u00e9s par les attaques de moustiques tigres durant l\u2019\u00e9t\u00e9 2022. Nous d\u00e9taillons ici les enjeux, difficult\u00e9s et solutions pour prot\u00e9ger la client\u00e8le des piqures.\",\"breadcrumb\":{\"@id\":\"https:\/\/qista.com\/fr\/informations-moustique\/invasion-moustique-tigre-solutions-pour-les-professionnels\/#breadcrumb\"},\"inLanguage\":\"fr-FR\",\"potentialAction\":[{\"@type\":\"ReadAction\",\"target\":[\"https:\/\/qista.com\/fr\/informations-moustique\/invasion-moustique-tigre-solutions-pour-les-professionnels\/\"]}]},{\"@type\":\"BreadcrumbList\",\"@id\":\"https:\/\/qista.com\/fr\/informations-moustique\/invasion-moustique-tigre-solutions-pour-les-professionnels\/#breadcrumb\",\"itemListElement\":[{\"@type\":\"ListItem\",\"position\":1,\"name\":\"Accueil\",\"item\":\"https:\/\/qista.com\/fr\/\"},{\"@type\":\"ListItem\",\"position\":2,\"name\":\"Informations sur le moustique\",\"item\":\"https:\/\/qista.com\/fr\/informations-moustique\/\"},{\"@type\":\"ListItem\",\"position\":3,\"name\":\"Invasion de moustique tigre : Quelles solutions anti-moustiques pour les professionnels\"}]},{\"@type\":\"WebSite\",\"@id\":\"https:\/\/qista.com\/fr\/#website\",\"url\":\"https:\/\/qista.com\/fr\/\",\"name\":\"QISTA\",\"description\":\"L&#039;aspiration MosqiVortex 788\",\"publisher\":{\"@id\":\"https:\/\/qista.com\/fr\/#organization\"},\"potentialAction\":[{\"@type\":\"SearchAction\",\"target\":{\"@type\":\"EntryPoint\",\"urlTemplate\":\"https:\/\/qista.com\/fr\/?s={search_term_string}\"},\"query-input\":{\"@type\":\"PropertyValueSpecification\",\"valueRequired\":true,\"valueName\":\"search_term_string\"}}],\"inLanguage\":\"fr-FR\"},{\"@type\":\"Organization\",\"@id\":\"https:\/\/qista.com\/fr\/#organization\",\"name\":\"QISTA\",\"url\":\"https:\/\/qista.com\/fr\/\",\"logo\":{\"@type\":\"ImageObject\",\"inLanguage\":\"fr-FR\",\"@id\":\"https:\/\/qista.com\/fr\/#\/schema\/logo\/image\/\",\"url\":\"https:\/\/qista.com\/wp-content\/uploads\/2023\/03\/LogoB_Qista_MosqiVortex.webp\",\"contentUrl\":\"https:\/\/qista.com\/wp-content\/uploads\/2023\/03\/LogoB_Qista_MosqiVortex.webp\",\"width\":537,\"height\":164,\"caption\":\"QISTA\"},\"image\":{\"@id\":\"https:\/\/qista.com\/fr\/#\/schema\/logo\/image\/\"}}]}<\/script>\n<!-- \/ Yoast SEO plugin. -->","yoast_head_json":{"title":"Invasion de moustique tigre : Quelles solutions anti-moustiques pour les professionnels","description":"Le tourisme et la restauration ont \u00e9t\u00e9 fortement attaqu\u00e9s par les attaques de moustiques tigres durant l\u2019\u00e9t\u00e9 2022. Nous d\u00e9taillons ici les enjeux, difficult\u00e9s et solutions pour prot\u00e9ger la client\u00e8le des piqures.","robots":{"index":"index","follow":"follow","max-snippet":"max-snippet:-1","max-image-preview":"max-image-preview:large","max-video-preview":"max-video-preview:-1"},"canonical":"https:\/\/qista.com\/fr\/informations-moustique\/invasion-moustique-tigre-solutions-pour-les-professionnels\/","og_locale":"fr_FR","og_type":"article","og_title":"Invasion de moustique tigre : Quelles solutions anti-moustiques pour les professionnels","og_description":"Le tourisme et la restauration ont \u00e9t\u00e9 fortement attaqu\u00e9s par les attaques de moustiques tigres durant l\u2019\u00e9t\u00e9 2022. Nous d\u00e9taillons ici les enjeux, difficult\u00e9s et solutions pour prot\u00e9ger la client\u00e8le des piqures.","og_url":"https:\/\/qista.com\/fr\/informations-moustique\/invasion-moustique-tigre-solutions-pour-les-professionnels\/","og_site_name":"Qista.com","article_modified_time":"2024-07-04T09:31:50+00:00","og_image":[{"width":1200,"height":1196,"url":"https:\/\/qista.com\/wp-content\/uploads\/2023\/09\/quista-borne-visioplus.webp","type":"image\/webp"}],"twitter_card":"summary_large_image","twitter_misc":{"Dur\u00e9e de lecture estim\u00e9e":"5 minutes"},"schema":{"@context":"https:\/\/schema.org","@graph":[{"@type":"WebPage","@id":"https:\/\/qista.com\/fr\/informations-moustique\/invasion-moustique-tigre-solutions-pour-les-professionnels\/","url":"https:\/\/qista.com\/fr\/informations-moustique\/invasion-moustique-tigre-solutions-pour-les-professionnels\/","name":"Invasion de moustique tigre : Quelles solutions anti-moustiques pour les professionnels","isPartOf":{"@id":"https:\/\/qista.com\/fr\/#website"},"datePublished":"2023-03-30T14:53:45+00:00","dateModified":"2024-07-04T09:31:50+00:00","description":"Le tourisme et la restauration ont \u00e9t\u00e9 fortement attaqu\u00e9s par les attaques de moustiques tigres durant l\u2019\u00e9t\u00e9 2022. Nous d\u00e9taillons ici les enjeux, difficult\u00e9s et solutions pour prot\u00e9ger la client\u00e8le des piqures.","breadcrumb":{"@id":"https:\/\/qista.com\/fr\/informations-moustique\/invasion-moustique-tigre-solutions-pour-les-professionnels\/#breadcrumb"},"inLanguage":"fr-FR","potentialAction":[{"@type":"ReadAction","target":["https:\/\/qista.com\/fr\/informations-moustique\/invasion-moustique-tigre-solutions-pour-les-professionnels\/"]}]},{"@type":"BreadcrumbList","@id":"https:\/\/qista.com\/fr\/informations-moustique\/invasion-moustique-tigre-solutions-pour-les-professionnels\/#breadcrumb","itemListElement":[{"@type":"ListItem","position":1,"name":"Accueil","item":"https:\/\/qista.com\/fr\/"},{"@type":"ListItem","position":2,"name":"Informations sur le moustique","item":"https:\/\/qista.com\/fr\/informations-moustique\/"},{"@type":"ListItem","position":3,"name":"Invasion de moustique tigre : Quelles solutions anti-moustiques pour les professionnels"}]},{"@type":"WebSite","@id":"https:\/\/qista.com\/fr\/#website","url":"https:\/\/qista.com\/fr\/","name":"QISTA","description":"L&#039;aspiration MosqiVortex 788","publisher":{"@id":"https:\/\/qista.com\/fr\/#organization"},"potentialAction":[{"@type":"SearchAction","target":{"@type":"EntryPoint","urlTemplate":"https:\/\/qista.com\/fr\/?s={search_term_string}"},"query-input":{"@type":"PropertyValueSpecification","valueRequired":true,"valueName":"search_term_string"}}],"inLanguage":"fr-FR"},{"@type":"Organization","@id":"https:\/\/qista.com\/fr\/#organization","name":"QISTA","url":"https:\/\/qista.com\/fr\/","logo":{"@type":"ImageObject","inLanguage":"fr-FR","@id":"https:\/\/qista.com\/fr\/#\/schema\/logo\/image\/","url":"https:\/\/qista.com\/wp-content\/uploads\/2023\/03\/LogoB_Qista_MosqiVortex.webp","contentUrl":"https:\/\/qista.com\/wp-content\/uploads\/2023\/03\/LogoB_Qista_MosqiVortex.webp","width":537,"height":164,"caption":"QISTA"},"image":{"@id":"https:\/\/qista.com\/fr\/#\/schema\/logo\/image\/"}}]}},"_links":{"self":[{"href":"https:\/\/qista.com\/fr\/wp-json\/wp\/v2\/pages\/3479","targetHints":{"allow":["GET"]}}],"collection":[{"href":"https:\/\/qista.com\/fr\/wp-json\/wp\/v2\/pages"}],"about":[{"href":"https:\/\/qista.com\/fr\/wp-json\/wp\/v2\/types\/page"}],"author":[{"embeddable":true,"href":"https:\/\/qista.com\/fr\/wp-json\/wp\/v2\/users\/8329"}],"replies":[{"embeddable":true,"href":"https:\/\/qista.com\/fr\/wp-json\/wp\/v2\/comments?post=3479"}],"version-history":[{"count":0,"href":"https:\/\/qista.com\/fr\/wp-json\/wp\/v2\/pages\/3479\/revisions"}],"up":[{"embeddable":true,"href":"https:\/\/qista.com\/fr\/wp-json\/wp\/v2\/pages\/1694"}],"wp:attachment":[{"href":"https:\/\/qista.com\/fr\/wp-json\/wp\/v2\/media?parent=3479"}],"curies":[{"name":"wp","href":"https:\/\/api.w.org\/{rel}","templated":true}]}}