{"id":3454,"date":"2023-03-30T16:42:31","date_gmt":"2023-03-30T14:42:31","guid":{"rendered":"https:\/\/preprod.qista.com\/?page_id=3454"},"modified":"2025-08-27T23:00:33","modified_gmt":"2025-08-27T21:00:33","slug":"retour-moustique-tigre-en-france","status":"publish","type":"page","link":"https:\/\/qista.com\/fr\/informations-moustique\/retour-moustique-tigre-en-france\/","title":{"rendered":"Le grand retour du moustique tigre en France"},"content":{"rendered":"\t\t<div data-elementor-type=\"wp-page\" data-elementor-id=\"3454\" class=\"elementor elementor-3454\" data-elementor-post-type=\"page\">\n\t\t\t\t\t\t<section class=\"elementor-section elementor-top-section elementor-element elementor-element-c6d5069 elementor-section-boxed elementor-section-height-default elementor-section-height-default\" data-id=\"c6d5069\" data-element_type=\"section\" data-settings=\"{&quot;background_background&quot;:&quot;classic&quot;}\">\n\t\t\t\t\t\t\t<div class=\"elementor-background-overlay\"><\/div>\n\t\t\t\t\t\t\t<div class=\"elementor-container elementor-column-gap-default\">\n\t\t\t\t\t<div class=\"elementor-column elementor-col-100 elementor-top-column elementor-element elementor-element-643a004\" data-id=\"643a004\" data-element_type=\"column\">\n\t\t\t<div class=\"elementor-widget-wrap elementor-element-populated\">\n\t\t\t\t\t\t<div class=\"elementor-element elementor-element-52b399e elementor-align-center elementor-widget elementor-widget-breadcrumbs\" data-id=\"52b399e\" data-element_type=\"widget\" data-widget_type=\"breadcrumbs.default\">\n\t\t\t\t<div class=\"elementor-widget-container\">\n\t\t\t\t\t<p id=\"breadcrumbs\"><span><span><a href=\"https:\/\/qista.com\/fr\/\">Accueil<\/a><\/span><\/span><\/p>\t\t\t\t<\/div>\n\t\t\t\t<\/div>\n\t\t\t\t\t<\/div>\n\t\t<\/div>\n\t\t\t\t\t<\/div>\n\t\t<\/section>\n\t\t\t\t<section class=\"elementor-section elementor-top-section elementor-element elementor-element-30b6839 elementor-section-boxed elementor-section-height-default elementor-section-height-default\" data-id=\"30b6839\" data-element_type=\"section\" data-settings=\"{&quot;background_background&quot;:&quot;classic&quot;}\">\n\t\t\t\t\t\t<div class=\"elementor-container elementor-column-gap-default\">\n\t\t\t\t\t<div class=\"elementor-column elementor-col-100 elementor-top-column elementor-element elementor-element-cbff83e\" data-id=\"cbff83e\" data-element_type=\"column\">\n\t\t\t<div class=\"elementor-widget-wrap elementor-element-populated\">\n\t\t\t\t\t\t<div class=\"elementor-element elementor-element-ff645c0 elementor-widget elementor-widget-heading\" data-id=\"ff645c0\" data-element_type=\"widget\" data-widget_type=\"heading.default\">\n\t\t\t\t<div class=\"elementor-widget-container\">\n\t\t\t\t\t<h1 class=\"elementor-heading-title elementor-size-default\">Le grand retour du moustique tigre en France\n<\/h1>\t\t\t\t<\/div>\n\t\t\t\t<\/div>\n\t\t\t\t<div class=\"elementor-element elementor-element-1131be4 elementor-widget-divider--view-line elementor-widget elementor-widget-divider\" data-id=\"1131be4\" data-element_type=\"widget\" data-widget_type=\"divider.default\">\n\t\t\t\t<div class=\"elementor-widget-container\">\n\t\t\t\t\t\t\t<div class=\"elementor-divider\">\n\t\t\t<span class=\"elementor-divider-separator\">\n\t\t\t\t\t\t<\/span>\n\t\t<\/div>\n\t\t\t\t\t\t<\/div>\n\t\t\t\t<\/div>\n\t\t\t\t<div class=\"elementor-element elementor-element-160963f elementor-widget elementor-widget-text-editor\" data-id=\"160963f\" data-element_type=\"widget\" data-widget_type=\"text-editor.default\">\n\t\t\t\t<div class=\"elementor-widget-container\">\n\t\t\t\t\t\t\t\t\t<p class=\"lead\">Reproduction et propagation, d\u00e9couvrez comment le moustique tigre s\u2019est implant\u00e9 en France. Malgr\u00e9 sa petite taille, le c\u00e9l\u00e8bre moustique tigre, particuli\u00e8rement dangereux et invasif, s\u00e9vit fortement cet \u00e9t\u00e9 2025. La chaleur est synonyme du retour du moustique tigre en France. Cette ann\u00e9e, ce sont 81 d\u00e9partements (sur 96) sont colonis\u00e9s par le moustique tigre d&rsquo;apr\u00e8s le <a href=\"https:\/\/sante.gouv.fr\/sante-et-environnement\/risques-microbiologiques-physiques-et-chimiques\/especes-nuisibles-et-parasites\/article\/cartes-de-presence-du-moustique-tigre-aedes-albopictus-en-france-metropolitaine\">Minist\u00e8re de la Sant\u00e9.\u00a0<\/a><\/p>\t\t\t\t\t\t\t\t<\/div>\n\t\t\t\t<\/div>\n\t\t\t\t\t<\/div>\n\t\t<\/div>\n\t\t\t\t\t<\/div>\n\t\t<\/section>\n\t\t\t\t<section class=\"elementor-section elementor-top-section elementor-element elementor-element-55d5dbb8 elementor-section-content-middle elementor-section-boxed elementor-section-height-default elementor-section-height-default\" data-id=\"55d5dbb8\" data-element_type=\"section\">\n\t\t\t\t\t\t<div class=\"elementor-container elementor-column-gap-default\">\n\t\t\t\t\t<div class=\"elementor-column elementor-col-100 elementor-top-column elementor-element elementor-element-17158649\" data-id=\"17158649\" data-element_type=\"column\">\n\t\t\t<div class=\"elementor-widget-wrap elementor-element-populated\">\n\t\t\t\t\t\t<div class=\"elementor-element elementor-element-abc3113 elementor-widget elementor-widget-heading\" data-id=\"abc3113\" data-element_type=\"widget\" data-widget_type=\"heading.default\">\n\t\t\t\t<div class=\"elementor-widget-container\">\n\t\t\t\t\t<h3 class=\"elementor-heading-title elementor-size-default\">LA PROGRESSION DU MOUSTIQUE TIGRE EN FRANCE\n<\/h3>\t\t\t\t<\/div>\n\t\t\t\t<\/div>\n\t\t\t\t<div class=\"elementor-element elementor-element-1374e8a3 elementor-widget elementor-widget-text-editor\" data-id=\"1374e8a3\" data-element_type=\"widget\" data-widget_type=\"text-editor.default\">\n\t\t\t\t<div class=\"elementor-widget-container\">\n\t\t\t\t\t\t\t\t\t<p>En 2025, le moustique continue sa progression fulgurante en France, o\u00f9 81 d\u00e9partements sont d\u00e9sormais colonis\u00e9s par le <strong>moustique tigre.<\/strong> L\u2019invasion est impressionnante avec 3 nouveaux d\u00e9partements colonis\u00e9s compar\u00e9 \u00e0 l\u2019ann\u00e9e 2024. Finalement, le moustique tigre a envahi 90% du territoire fran\u00e7ais. Dans le Grand Sud, on constate que tous les d\u00e9partements sont colonis\u00e9s par ce nuisible ! Ce moustique ne se d\u00e9place pas \u00e0 plus de 100 m\u00e8tres de son lieu de naissance. Cependant, il s\u2019av\u00e8re qu\u2019il peut \u00eatre facilement transport\u00e9 sur de longues distances en voiture ou dans les trains. Cela a permis au moustique tigre d\u2019atteindre Paris et toute l\u2019Ile-de-France en 2019. De plus, le r\u00e9chauffement climatique de ces derni\u00e8res ann\u00e9es explique en partie la progression rapide du moustique tigre sur le territoire fran\u00e7ais.<\/p>\t\t\t\t\t\t\t\t<\/div>\n\t\t\t\t<\/div>\n\t\t\t\t<div class=\"elementor-element elementor-element-b996cb2 elementor-widget elementor-widget-image\" data-id=\"b996cb2\" data-element_type=\"widget\" data-widget_type=\"image.default\">\n\t\t\t\t<div class=\"elementor-widget-container\">\n\t\t\t\t\t\t\t\t\t\t\t\t\t\t\t<img fetchpriority=\"high\" decoding=\"async\" width=\"900\" height=\"585\" src=\"https:\/\/qista.com\/wp-content\/uploads\/2025\/08\/Carte-presence-Moustique-Tigre-en-France-en-2025.png\" class=\"attachment-full size-full wp-image-44447\" alt=\"Carte de la pr\u00e9sence du moustique tigre dans les d\u00e9partements de la France m\u00e9tropolitaine. 81 d\u00e9partements sur 96 sont colonis\u00e9s.\" srcset=\"https:\/\/qista.com\/wp-content\/uploads\/2025\/08\/Carte-presence-Moustique-Tigre-en-France-en-2025.png 900w, https:\/\/qista.com\/wp-content\/uploads\/2025\/08\/Carte-presence-Moustique-Tigre-en-France-en-2025-800x520.png 800w, https:\/\/qista.com\/wp-content\/uploads\/2025\/08\/Carte-presence-Moustique-Tigre-en-France-en-2025-768x499.png 768w, https:\/\/qista.com\/wp-content\/uploads\/2025\/08\/Carte-presence-Moustique-Tigre-en-France-en-2025-600x390.png 600w\" sizes=\"(max-width: 900px) 100vw, 900px\" \/>\t\t\t\t\t\t\t\t\t\t\t\t\t\t\t<\/div>\n\t\t\t\t<\/div>\n\t\t\t\t<div class=\"elementor-element elementor-element-c7fae32 elementor-widget elementor-widget-heading\" data-id=\"c7fae32\" data-element_type=\"widget\" data-widget_type=\"heading.default\">\n\t\t\t\t<div class=\"elementor-widget-container\">\n\t\t\t\t\t<h3 class=\"elementor-heading-title elementor-size-default\">EN SAVOIR PLUS SUR LE MOUSTIQUE-TIGRE\n<\/h3>\t\t\t\t<\/div>\n\t\t\t\t<\/div>\n\t\t\t\t<div class=\"elementor-element elementor-element-a6300c2 elementor-widget elementor-widget-text-editor\" data-id=\"a6300c2\" data-element_type=\"widget\" data-widget_type=\"text-editor.default\">\n\t\t\t\t<div class=\"elementor-widget-container\">\n\t\t\t\t\t\t\t\t\t<p>De son nom scientifique Aedes albopictus, le moustique tigre est un insecte diurne. Il adore piquer en journ\u00e9e et essentiellement en ext\u00e9rieur. Facilement reconnaissable \u00e0 ses rayures noires et blanches, il est adepte des milieux temporairement inondables, des zones chaudes et humides. Nous pouvons donc facilement le retrouver en zone urbanis\u00e9e\u00a0! Venant tout droit d\u2019Asie, le moustique tigre peut pointer le bout de son nez de mars jusqu\u2019\u00e0 fin octobre. Ce moustique tr\u00e8s agressif est capable de piquer 4 ou 5 fois la m\u00eame personne. Il sillonne particuli\u00e8rement les bords des surfaces inond\u00e9es, lieu tr\u00e8s appr\u00e9ci\u00e9 par la femelle pour pondre ses \u0153ufs. M\u00eame si la femelle moustique tigre ne vit que quelques semaines, ses \u0153ufs, eux, peuvent attendre patiemment durant plusieurs mois (tout un hiver) les conditions propices \u00e0 leur \u00e9closion\u00a0!<\/p>\t\t\t\t\t\t\t\t<\/div>\n\t\t\t\t<\/div>\n\t\t\t\t<div class=\"elementor-element elementor-element-b80d65e elementor-widget elementor-widget-heading\" data-id=\"b80d65e\" data-element_type=\"widget\" data-widget_type=\"heading.default\">\n\t\t\t\t<div class=\"elementor-widget-container\">\n\t\t\t\t\t<h3 class=\"elementor-heading-title elementor-size-default\">UNE ESP\u00c8CE DANGEREUSE\n<\/h3>\t\t\t\t<\/div>\n\t\t\t\t<\/div>\n\t\t\t\t<div class=\"elementor-element elementor-element-0b6298b elementor-widget elementor-widget-text-editor\" data-id=\"0b6298b\" data-element_type=\"widget\" data-widget_type=\"text-editor.default\">\n\t\t\t\t<div class=\"elementor-widget-container\">\n\t\t\t\t\t\t\t\t\t<p>Cette esp\u00e8ce tr\u00e8s dangereuse peut potentiellement \u00eatre vectrice de pathologies comme la <a href=\"https:\/\/qista.com\/fr\/informations-moustique\/moustiques-vecteurs-65-cas-de-dengues-identifies-en-france\/\">Dengue<\/a>, le <a href=\"https:\/\/qista.com\/fr\/actualites\/chikungunya-a-vitrolles-33-cas-confirmes-le-plus-grand-foyer-jamais-enregistre-en-france\/\">Chikungunya<\/a> et le virus du Zika. Les piq\u00fbres de moustiques tigres peuvent entra\u00eener de graves sympt\u00f4mes comme de la fi\u00e8vre, des maux de t\u00eate, des courbatures et m\u00eame des m\u00e9ningites\u2026<\/p><p>En 2025, Sant\u00e9 Publique France a recens\u00e9 228 cas autochtones de chikungunya en France m\u00e9tropolitaine en date du 27 ao\u00fbt, contre 154 cas enregistr\u00e9s une semaine plus t\u00f4t. Les cas de chikungunya explose en France m\u00e9tropolitaine de fa\u00e7on exponentielle.\u00a0<\/p>\t\t\t\t\t\t\t\t<\/div>\n\t\t\t\t<\/div>\n\t\t\t\t<div class=\"elementor-element elementor-element-c077596 elementor-widget elementor-widget-heading\" data-id=\"c077596\" data-element_type=\"widget\" data-widget_type=\"heading.default\">\n\t\t\t\t<div class=\"elementor-widget-container\">\n\t\t\t\t\t<h3 class=\"elementor-heading-title elementor-size-default\">COMMENT LIMITER L\u2019INVASION DU MOUSTIQUE TIGRE ? <\/h3>\t\t\t\t<\/div>\n\t\t\t\t<\/div>\n\t\t\t\t<div class=\"elementor-element elementor-element-8b63d85 elementor-widget elementor-widget-text-editor\" data-id=\"8b63d85\" data-element_type=\"widget\" data-widget_type=\"text-editor.default\">\n\t\t\t\t<div class=\"elementor-widget-container\">\n\t\t\t\t\t\t\t\t\t<p>Les zones d\u2019eau stagnante \u00e9tant propices \u00e0 la reproduction du moustique tigre, nous invitons chaque citoyen \u00e0 rep\u00e9rer et\u00a0<a href=\"\/10-ecogestes-antimoustiques\">\u00e9liminer toutes les zones susceptibles\u00a0<\/a>de produire du moustique dans votre espace ext\u00e9rieur.<strong>\u00a0<\/strong>Nous attirons votre attention sur les arrosoirs, les soucoupes de pot de fleur, les cendriers, les jouets d\u2019enfant et autres \u00e9l\u00e9ments pouvant contenir de l\u2019eau. Pensez \u00e0 les retourner et \u00e0 les vider pour \u00e9vacuer l\u2019eau apr\u00e8s chaque utilisation et chaque pluie. Assurez-vous \u00e9galement que l\u2019eau ne stagne pas en dessous du rev\u00eatement du sol de votre terrasse. Cela peut favoriser la prolif\u00e9ration des moustiques. Auquel cas, il suffit de placer du sable qui absorbera l\u2019eau. Il faut \u00e9galement v\u00e9rifier l\u2019\u00e9coulement des goutti\u00e8res. Si vous avez une piscine, un entretien r\u00e9gulier est essentiel.<br \/><br \/>Comprendre le cycle de vie et le comportement du moustique tigre est indispensable : mieux conna\u00eetre cet ennemi, c\u2019est savoir comment le combattre. Alors ne l\u00e9sinez pas sur la lecture de contenu informatif sur le moustique tigre !<\/p><p>Ces conseils permettent seulement de limiter la production de moustiques sur une certaine zone. Si vous souhaitez r\u00e9duire les piqures de moustique tigre dans votre ext\u00e9rieur, vous pouvez vous<a href=\"https:\/\/shop.qista.com\/\">\u00a0\u00e9quiper d\u2019une Borne Anti Moustique Qista<\/a>\u00a0(BAM). Elle agira comme barri\u00e8re anti-moustique en interceptant les moustiques avant qu\u2019ils n\u2019entrent dans la zone \u00e0 prot\u00e9ger.<\/p>\t\t\t\t\t\t\t\t<\/div>\n\t\t\t\t<\/div>\n\t\t\t\t\t<\/div>\n\t\t<\/div>\n\t\t\t\t\t<\/div>\n\t\t<\/section>\n\t\t\t\t<\/div>\n\t\t","protected":false},"excerpt":{"rendered":"<p>Le grand retour du moustique tigre en France Reproduction et propagation, d\u00e9couvrez comment le moustique tigre s\u2019est implant\u00e9 en France. Malgr\u00e9 sa petite taille, le c\u00e9l\u00e8bre moustique tigre, particuli\u00e8rement dangereux et invasif, s\u00e9vit fortement cet \u00e9t\u00e9 2025. La chaleur est synonyme du retour du moustique tigre en France. Cette ann\u00e9e, ce sont 81 d\u00e9partements (sur [&hellip;]<\/p>\n","protected":false},"author":8329,"featured_media":0,"parent":1694,"menu_order":0,"comment_status":"closed","ping_status":"closed","template":"elementor_header_footer","meta":{"_acf_changed":false,"_mo_disable_npp":"","footnotes":""},"class_list":["post-3454","page","type-page","status-publish","hentry"],"acf":[],"yoast_head":"<!-- This site is optimized with the Yoast SEO plugin v25.3 - https:\/\/yoast.com\/wordpress\/plugins\/seo\/ -->\n<title>Le grand retour du moustique tigre en France<\/title>\n<meta name=\"description\" content=\"En quelques ann\u00e9es, le moustique tigre s&#039;est implant\u00e9 sur la majeure partie du territoire fran\u00e7ais. D\u00e9couvrez comment limiter sa propagation chez vous\" \/>\n<meta name=\"robots\" content=\"index, follow, max-snippet:-1, max-image-preview:large, max-video-preview:-1\" \/>\n<link rel=\"canonical\" href=\"https:\/\/qista.com\/fr\/informations-moustique\/retour-moustique-tigre-en-france\/\" \/>\n<meta property=\"og:locale\" content=\"fr_FR\" \/>\n<meta property=\"og:type\" content=\"article\" \/>\n<meta property=\"og:title\" content=\"Le grand retour du moustique tigre en France\" \/>\n<meta property=\"og:description\" content=\"En quelques ann\u00e9es, le moustique tigre s&#039;est implant\u00e9 sur la majeure partie du territoire fran\u00e7ais. D\u00e9couvrez comment limiter sa propagation chez vous\" \/>\n<meta property=\"og:url\" content=\"https:\/\/qista.com\/fr\/informations-moustique\/retour-moustique-tigre-en-france\/\" \/>\n<meta property=\"og:site_name\" content=\"Qista.com\" \/>\n<meta property=\"article:modified_time\" content=\"2025-08-27T21:00:33+00:00\" \/>\n<meta property=\"og:image\" content=\"https:\/\/qista.com\/wp-content\/uploads\/2025\/08\/Carte-presence-Moustique-Tigre-en-France-en-2025.png\" \/>\n\t<meta property=\"og:image:width\" content=\"900\" \/>\n\t<meta property=\"og:image:height\" content=\"585\" \/>\n\t<meta property=\"og:image:type\" content=\"image\/png\" \/>\n<meta name=\"twitter:card\" content=\"summary_large_image\" \/>\n<meta name=\"twitter:label1\" content=\"Dur\u00e9e de lecture estim\u00e9e\" \/>\n\t<meta name=\"twitter:data1\" content=\"4 minutes\" \/>\n<script type=\"application\/ld+json\" class=\"yoast-schema-graph\">{\"@context\":\"https:\/\/schema.org\",\"@graph\":[{\"@type\":\"WebPage\",\"@id\":\"https:\/\/qista.com\/fr\/informations-moustique\/retour-moustique-tigre-en-france\/\",\"url\":\"https:\/\/qista.com\/fr\/informations-moustique\/retour-moustique-tigre-en-france\/\",\"name\":\"Le grand retour du moustique tigre en France\",\"isPartOf\":{\"@id\":\"https:\/\/qista.com\/fr\/#website\"},\"primaryImageOfPage\":{\"@id\":\"https:\/\/qista.com\/fr\/informations-moustique\/retour-moustique-tigre-en-france\/#primaryimage\"},\"image\":{\"@id\":\"https:\/\/qista.com\/fr\/informations-moustique\/retour-moustique-tigre-en-france\/#primaryimage\"},\"thumbnailUrl\":\"https:\/\/qista.com\/wp-content\/uploads\/2025\/08\/Carte-presence-Moustique-Tigre-en-France-en-2025.png\",\"datePublished\":\"2023-03-30T14:42:31+00:00\",\"dateModified\":\"2025-08-27T21:00:33+00:00\",\"description\":\"En quelques ann\u00e9es, le moustique tigre s'est implant\u00e9 sur la majeure partie du territoire fran\u00e7ais. D\u00e9couvrez comment limiter sa propagation chez vous\",\"breadcrumb\":{\"@id\":\"https:\/\/qista.com\/fr\/informations-moustique\/retour-moustique-tigre-en-france\/#breadcrumb\"},\"inLanguage\":\"fr-FR\",\"potentialAction\":[{\"@type\":\"ReadAction\",\"target\":[\"https:\/\/qista.com\/fr\/informations-moustique\/retour-moustique-tigre-en-france\/\"]}]},{\"@type\":\"ImageObject\",\"inLanguage\":\"fr-FR\",\"@id\":\"https:\/\/qista.com\/fr\/informations-moustique\/retour-moustique-tigre-en-france\/#primaryimage\",\"url\":\"https:\/\/qista.com\/wp-content\/uploads\/2025\/08\/Carte-presence-Moustique-Tigre-en-France-en-2025.png\",\"contentUrl\":\"https:\/\/qista.com\/wp-content\/uploads\/2025\/08\/Carte-presence-Moustique-Tigre-en-France-en-2025.png\"},{\"@type\":\"BreadcrumbList\",\"@id\":\"https:\/\/qista.com\/fr\/informations-moustique\/retour-moustique-tigre-en-france\/#breadcrumb\",\"itemListElement\":[{\"@type\":\"ListItem\",\"position\":1,\"name\":\"Accueil\",\"item\":\"https:\/\/qista.com\/fr\/\"},{\"@type\":\"ListItem\",\"position\":2,\"name\":\"Informations sur le moustique\",\"item\":\"https:\/\/qista.com\/fr\/informations-moustique\/\"},{\"@type\":\"ListItem\",\"position\":3,\"name\":\"Le grand retour du moustique tigre en France\"}]},{\"@type\":\"WebSite\",\"@id\":\"https:\/\/qista.com\/fr\/#website\",\"url\":\"https:\/\/qista.com\/fr\/\",\"name\":\"QISTA\",\"description\":\"L&#039;aspiration MosqiVortex 788\",\"publisher\":{\"@id\":\"https:\/\/qista.com\/fr\/#organization\"},\"potentialAction\":[{\"@type\":\"SearchAction\",\"target\":{\"@type\":\"EntryPoint\",\"urlTemplate\":\"https:\/\/qista.com\/fr\/?s={search_term_string}\"},\"query-input\":{\"@type\":\"PropertyValueSpecification\",\"valueRequired\":true,\"valueName\":\"search_term_string\"}}],\"inLanguage\":\"fr-FR\"},{\"@type\":\"Organization\",\"@id\":\"https:\/\/qista.com\/fr\/#organization\",\"name\":\"QISTA\",\"url\":\"https:\/\/qista.com\/fr\/\",\"logo\":{\"@type\":\"ImageObject\",\"inLanguage\":\"fr-FR\",\"@id\":\"https:\/\/qista.com\/fr\/#\/schema\/logo\/image\/\",\"url\":\"https:\/\/qista.com\/wp-content\/uploads\/2023\/03\/LogoB_Qista_MosqiVortex.webp\",\"contentUrl\":\"https:\/\/qista.com\/wp-content\/uploads\/2023\/03\/LogoB_Qista_MosqiVortex.webp\",\"width\":537,\"height\":164,\"caption\":\"QISTA\"},\"image\":{\"@id\":\"https:\/\/qista.com\/fr\/#\/schema\/logo\/image\/\"}}]}<\/script>\n<!-- \/ Yoast SEO plugin. -->","yoast_head_json":{"title":"Le grand retour du moustique tigre en France","description":"En quelques ann\u00e9es, le moustique tigre s'est implant\u00e9 sur la majeure partie du territoire fran\u00e7ais. D\u00e9couvrez comment limiter sa propagation chez vous","robots":{"index":"index","follow":"follow","max-snippet":"max-snippet:-1","max-image-preview":"max-image-preview:large","max-video-preview":"max-video-preview:-1"},"canonical":"https:\/\/qista.com\/fr\/informations-moustique\/retour-moustique-tigre-en-france\/","og_locale":"fr_FR","og_type":"article","og_title":"Le grand retour du moustique tigre en France","og_description":"En quelques ann\u00e9es, le moustique tigre s'est implant\u00e9 sur la majeure partie du territoire fran\u00e7ais. D\u00e9couvrez comment limiter sa propagation chez vous","og_url":"https:\/\/qista.com\/fr\/informations-moustique\/retour-moustique-tigre-en-france\/","og_site_name":"Qista.com","article_modified_time":"2025-08-27T21:00:33+00:00","og_image":[{"width":900,"height":585,"url":"https:\/\/qista.com\/wp-content\/uploads\/2025\/08\/Carte-presence-Moustique-Tigre-en-France-en-2025.png","type":"image\/png"}],"twitter_card":"summary_large_image","twitter_misc":{"Dur\u00e9e de lecture estim\u00e9e":"4 minutes"},"schema":{"@context":"https:\/\/schema.org","@graph":[{"@type":"WebPage","@id":"https:\/\/qista.com\/fr\/informations-moustique\/retour-moustique-tigre-en-france\/","url":"https:\/\/qista.com\/fr\/informations-moustique\/retour-moustique-tigre-en-france\/","name":"Le grand retour du moustique tigre en France","isPartOf":{"@id":"https:\/\/qista.com\/fr\/#website"},"primaryImageOfPage":{"@id":"https:\/\/qista.com\/fr\/informations-moustique\/retour-moustique-tigre-en-france\/#primaryimage"},"image":{"@id":"https:\/\/qista.com\/fr\/informations-moustique\/retour-moustique-tigre-en-france\/#primaryimage"},"thumbnailUrl":"https:\/\/qista.com\/wp-content\/uploads\/2025\/08\/Carte-presence-Moustique-Tigre-en-France-en-2025.png","datePublished":"2023-03-30T14:42:31+00:00","dateModified":"2025-08-27T21:00:33+00:00","description":"En quelques ann\u00e9es, le moustique tigre s'est implant\u00e9 sur la majeure partie du territoire fran\u00e7ais. D\u00e9couvrez comment limiter sa propagation chez vous","breadcrumb":{"@id":"https:\/\/qista.com\/fr\/informations-moustique\/retour-moustique-tigre-en-france\/#breadcrumb"},"inLanguage":"fr-FR","potentialAction":[{"@type":"ReadAction","target":["https:\/\/qista.com\/fr\/informations-moustique\/retour-moustique-tigre-en-france\/"]}]},{"@type":"ImageObject","inLanguage":"fr-FR","@id":"https:\/\/qista.com\/fr\/informations-moustique\/retour-moustique-tigre-en-france\/#primaryimage","url":"https:\/\/qista.com\/wp-content\/uploads\/2025\/08\/Carte-presence-Moustique-Tigre-en-France-en-2025.png","contentUrl":"https:\/\/qista.com\/wp-content\/uploads\/2025\/08\/Carte-presence-Moustique-Tigre-en-France-en-2025.png"},{"@type":"BreadcrumbList","@id":"https:\/\/qista.com\/fr\/informations-moustique\/retour-moustique-tigre-en-france\/#breadcrumb","itemListElement":[{"@type":"ListItem","position":1,"name":"Accueil","item":"https:\/\/qista.com\/fr\/"},{"@type":"ListItem","position":2,"name":"Informations sur le moustique","item":"https:\/\/qista.com\/fr\/informations-moustique\/"},{"@type":"ListItem","position":3,"name":"Le grand retour du moustique tigre en France"}]},{"@type":"WebSite","@id":"https:\/\/qista.com\/fr\/#website","url":"https:\/\/qista.com\/fr\/","name":"QISTA","description":"L&#039;aspiration MosqiVortex 788","publisher":{"@id":"https:\/\/qista.com\/fr\/#organization"},"potentialAction":[{"@type":"SearchAction","target":{"@type":"EntryPoint","urlTemplate":"https:\/\/qista.com\/fr\/?s={search_term_string}"},"query-input":{"@type":"PropertyValueSpecification","valueRequired":true,"valueName":"search_term_string"}}],"inLanguage":"fr-FR"},{"@type":"Organization","@id":"https:\/\/qista.com\/fr\/#organization","name":"QISTA","url":"https:\/\/qista.com\/fr\/","logo":{"@type":"ImageObject","inLanguage":"fr-FR","@id":"https:\/\/qista.com\/fr\/#\/schema\/logo\/image\/","url":"https:\/\/qista.com\/wp-content\/uploads\/2023\/03\/LogoB_Qista_MosqiVortex.webp","contentUrl":"https:\/\/qista.com\/wp-content\/uploads\/2023\/03\/LogoB_Qista_MosqiVortex.webp","width":537,"height":164,"caption":"QISTA"},"image":{"@id":"https:\/\/qista.com\/fr\/#\/schema\/logo\/image\/"}}]}},"_links":{"self":[{"href":"https:\/\/qista.com\/fr\/wp-json\/wp\/v2\/pages\/3454","targetHints":{"allow":["GET"]}}],"collection":[{"href":"https:\/\/qista.com\/fr\/wp-json\/wp\/v2\/pages"}],"about":[{"href":"https:\/\/qista.com\/fr\/wp-json\/wp\/v2\/types\/page"}],"author":[{"embeddable":true,"href":"https:\/\/qista.com\/fr\/wp-json\/wp\/v2\/users\/8329"}],"replies":[{"embeddable":true,"href":"https:\/\/qista.com\/fr\/wp-json\/wp\/v2\/comments?post=3454"}],"version-history":[{"count":6,"href":"https:\/\/qista.com\/fr\/wp-json\/wp\/v2\/pages\/3454\/revisions"}],"predecessor-version":[{"id":44452,"href":"https:\/\/qista.com\/fr\/wp-json\/wp\/v2\/pages\/3454\/revisions\/44452"}],"up":[{"embeddable":true,"href":"https:\/\/qista.com\/fr\/wp-json\/wp\/v2\/pages\/1694"}],"wp:attachment":[{"href":"https:\/\/qista.com\/fr\/wp-json\/wp\/v2\/media?parent=3454"}],"curies":[{"name":"wp","href":"https:\/\/api.w.org\/{rel}","templated":true}]}}