{"id":3441,"date":"2023-03-30T16:30:22","date_gmt":"2023-03-30T14:30:22","guid":{"rendered":"https:\/\/preprod.qista.com\/?page_id=3441"},"modified":"2024-07-04T11:31:42","modified_gmt":"2024-07-04T09:31:42","slug":"moustiques-vecteurs-65-cas-de-dengues-identifies-en-france","status":"publish","type":"page","link":"https:\/\/qista.com\/fr\/informations-moustique\/moustiques-vecteurs-65-cas-de-dengues-identifies-en-france\/","title":{"rendered":"Moustiques vecteurs : 65 cas de dengues identifi\u00e9s en France"},"content":{"rendered":"\t\t<div data-elementor-type=\"wp-page\" data-elementor-id=\"3441\" class=\"elementor elementor-3441\" data-elementor-post-type=\"page\">\n\t\t\t\t\t\t<section class=\"elementor-section elementor-top-section elementor-element elementor-element-24a6dea elementor-section-boxed elementor-section-height-default elementor-section-height-default\" data-id=\"24a6dea\" data-element_type=\"section\" data-settings=\"{&quot;background_background&quot;:&quot;classic&quot;}\">\n\t\t\t\t\t\t\t<div class=\"elementor-background-overlay\"><\/div>\n\t\t\t\t\t\t\t<div class=\"elementor-container elementor-column-gap-default\">\n\t\t\t\t\t<div class=\"elementor-column elementor-col-100 elementor-top-column elementor-element elementor-element-4446b68\" data-id=\"4446b68\" data-element_type=\"column\">\n\t\t\t<div class=\"elementor-widget-wrap elementor-element-populated\">\n\t\t\t\t\t\t<div class=\"elementor-element elementor-element-c2ab0f4 elementor-align-center elementor-widget elementor-widget-breadcrumbs\" data-id=\"c2ab0f4\" data-element_type=\"widget\" data-widget_type=\"breadcrumbs.default\">\n\t\t\t\t<div class=\"elementor-widget-container\">\n\t\t\t\t\t<p id=\"breadcrumbs\"><span><span><a href=\"https:\/\/qista.com\/fr\/\">Accueil<\/a><\/span><\/span><\/p>\t\t\t\t<\/div>\n\t\t\t\t<\/div>\n\t\t\t\t\t<\/div>\n\t\t<\/div>\n\t\t\t\t\t<\/div>\n\t\t<\/section>\n\t\t\t\t<section class=\"elementor-section elementor-top-section elementor-element elementor-element-caf835c elementor-section-boxed elementor-section-height-default elementor-section-height-default\" data-id=\"caf835c\" data-element_type=\"section\" data-settings=\"{&quot;background_background&quot;:&quot;classic&quot;}\">\n\t\t\t\t\t\t<div class=\"elementor-container elementor-column-gap-default\">\n\t\t\t\t\t<div class=\"elementor-column elementor-col-100 elementor-top-column elementor-element elementor-element-09c7d08\" data-id=\"09c7d08\" data-element_type=\"column\">\n\t\t\t<div class=\"elementor-widget-wrap elementor-element-populated\">\n\t\t\t\t\t\t<div class=\"elementor-element elementor-element-1d8c898 elementor-widget elementor-widget-text-editor\" data-id=\"1d8c898\" data-element_type=\"widget\" data-widget_type=\"text-editor.default\">\n\t\t\t\t<div class=\"elementor-widget-container\">\n\t\t\t\t\t\t\t\t\tARTICLE\n\t\t\t\t\t\t\t\t<\/div>\n\t\t\t\t<\/div>\n\t\t\t\t<div class=\"elementor-element elementor-element-a9f038d elementor-widget elementor-widget-heading\" data-id=\"a9f038d\" data-element_type=\"widget\" data-widget_type=\"heading.default\">\n\t\t\t\t<div class=\"elementor-widget-container\">\n\t\t\t\t\t<h1 class=\"elementor-heading-title elementor-size-default\">La dengue : Multiplication des cas en France m\u00e9tropolitaine en 2022\n<\/h1>\t\t\t\t<\/div>\n\t\t\t\t<\/div>\n\t\t\t\t<div class=\"elementor-element elementor-element-d9f3c4f elementor-widget-divider--view-line elementor-widget elementor-widget-divider\" data-id=\"d9f3c4f\" data-element_type=\"widget\" data-widget_type=\"divider.default\">\n\t\t\t\t<div class=\"elementor-widget-container\">\n\t\t\t\t\t\t\t<div class=\"elementor-divider\">\n\t\t\t<span class=\"elementor-divider-separator\">\n\t\t\t\t\t\t<\/span>\n\t\t<\/div>\n\t\t\t\t\t\t<\/div>\n\t\t\t\t<\/div>\n\t\t\t\t<div class=\"elementor-element elementor-element-49f7787 elementor-widget elementor-widget-text-editor\" data-id=\"49f7787\" data-element_type=\"widget\" data-widget_type=\"text-editor.default\">\n\t\t\t\t<div class=\"elementor-widget-container\">\n\t\t\t\t\t\t\t\t\t<p class=\"lead\">En France, les maladies transmises par piqure de moustiques nous paraissent \u00eatre un risque trop lointain pour s\u2019en pr\u00e9occuper. Pourtant, au 31 octobre,\u00a0<a href=\"https:\/\/www.santepubliquefrance.fr\/maladies-et-traumatismes\/maladies-a-transmission-vectorielle\/chikungunya\/articles\/donnees-en-france-metropolitaine\/chikungunya-dengue-et-zika-donnees-de-la-surveillance-renforcee-en-france-metropolitaine-en-2022#:~:text=Neuf%20foyers%20de%20transmission%20de,sympt%C3%B4mes%20avaient%20d%C3%A9but%C3%A9%20mi%2Djuin.\">Sant\u00e9 Publique France<\/a> d\u00e9nombre d\u00e9j\u00e0 65 cas de dengue autochtones pour l\u2019ann\u00e9e 2022. Aujourd\u2019hui, la dengue a \u00e9galement atteint la Corse, avec un premier cas d\u00e9tect\u00e9 le 4 octobre 2022.<\/p>\t\t\t\t\t\t\t\t<\/div>\n\t\t\t\t<\/div>\n\t\t\t\t\t<\/div>\n\t\t<\/div>\n\t\t\t\t\t<\/div>\n\t\t<\/section>\n\t\t\t\t<section class=\"elementor-section elementor-top-section elementor-element elementor-element-5a9849b elementor-section-content-middle elementor-section-boxed elementor-section-height-default elementor-section-height-default\" data-id=\"5a9849b\" data-element_type=\"section\">\n\t\t\t\t\t\t<div class=\"elementor-container elementor-column-gap-default\">\n\t\t\t\t\t<div class=\"elementor-column elementor-col-100 elementor-top-column elementor-element elementor-element-4fc7083\" data-id=\"4fc7083\" data-element_type=\"column\">\n\t\t\t<div class=\"elementor-widget-wrap elementor-element-populated\">\n\t\t\t\t\t\t<div class=\"elementor-element elementor-element-0732e4b elementor-widget elementor-widget-text-editor\" data-id=\"0732e4b\" data-element_type=\"widget\" data-widget_type=\"text-editor.default\">\n\t\t\t\t<div class=\"elementor-widget-container\">\n\t\t\t\t\t\t\t\t\t<p>Dans le monde, l\u2019Organisation Mondiale de la Sant\u00e9 d\u00e9nombre\u00a0<a href=\"https:\/\/www.who.int\/fr\/news-room\/fact-sheets\/detail\/dengue-and-severe-dengue\" target=\"_blank\" rel=\"noopener\">50 millions de cas de dengue par an<\/a>, et la moiti\u00e9 de la population mondiales est d\u00e9sormais expos\u00e9e \u00e0 des risques de contraction de la dengue. Les cas de dengue s\u00e9v\u00e8re, aussi appel\u00e9e dengue h\u00e9morragique, sont principalement identifi\u00e9s et Am\u00e9rique latine et en Asie.<\/p><p>Dans cet article, nous r\u00e9pondrons aux principales questions : Qu\u2019est-ce que la dengue ? Quels-en sont les sympt\u00f4mes ? Comment arrive-t-elle et se r\u00e9pand-t-elle en France ? Et surtout, comment limiter les risques ?<\/p>\t\t\t\t\t\t\t\t<\/div>\n\t\t\t\t<\/div>\n\t\t\t\t<div class=\"elementor-element elementor-element-17d5e60 elementor-widget elementor-widget-heading\" data-id=\"17d5e60\" data-element_type=\"widget\" data-widget_type=\"heading.default\">\n\t\t\t\t<div class=\"elementor-widget-container\">\n\t\t\t\t\t<h3 class=\"elementor-heading-title elementor-size-default\">DANS QUEL CAS PARLE-T-ON DE CAS AUTOCHTONE OU DE CAS IMPORT\u00c9?\n<\/h3>\t\t\t\t<\/div>\n\t\t\t\t<\/div>\n\t\t\t\t<div class=\"elementor-element elementor-element-3af64cc elementor-widget elementor-widget-text-editor\" data-id=\"3af64cc\" data-element_type=\"widget\" data-widget_type=\"text-editor.default\">\n\t\t\t\t<div class=\"elementor-widget-container\">\n\t\t\t\t\t\t\t\t\t<p>La dengue s\u00e9vit habituellement dans les zones tropicales, telles que la Martinique, la Guadeloupe, la Guyane, les iles de l\u2019Oc\u00e9an Indien et du Pacifique. Le climat y est particuli\u00e8rement favorable \u00e0 la prolif\u00e9ration des moustiques vecteurs de maladie. La chaleur et l\u2019humidit\u00e9 sont les conditions id\u00e9ales pour la reproduction et la ponte des moustiques tigres.<\/p><p>Nous avons r\u00e9guli\u00e8rement des cas de dengue en France m\u00e9tropolitaine, qui concernent des personnes revenant de voyage en zone tropicale. On parle alors de cas import\u00e9s.<\/p><p>Aujourd&rsquo;hui, la dengue touche \u00e9galement des personnes n&rsquo;ayant pas quitt\u00e9 le territoire fran\u00e7ais durant les semaines pr\u00e9c\u00e9dant les premiers sympt\u00f4mes : des cas autochtone. Le moustique tigre est vecteur de maladie : il peut transmettre le virus d&rsquo;un cas import\u00e9, vers une personne n&rsquo;ayant pas voyag\u00e9.<\/p><p>Les cas autochtones d\u00e9tect\u00e9s concernent principalement le sud de la France :<\/p><ul><li>PACA : 51 cas<\/li><li>Occitanie : 12 cas<\/li><li>Corse : 2 cas<\/li><\/ul>\t\t\t\t\t\t\t\t<\/div>\n\t\t\t\t<\/div>\n\t\t\t\t<div class=\"elementor-element elementor-element-d060309 elementor-widget elementor-widget-heading\" data-id=\"d060309\" data-element_type=\"widget\" data-widget_type=\"heading.default\">\n\t\t\t\t<div class=\"elementor-widget-container\">\n\t\t\t\t\t<h3 class=\"elementor-heading-title elementor-size-default\">COMMENT SE TRANSMET LA DENGUE ?\n<\/h3>\t\t\t\t<\/div>\n\t\t\t\t<\/div>\n\t\t\t\t<div class=\"elementor-element elementor-element-2ab490f elementor-widget elementor-widget-text-editor\" data-id=\"2ab490f\" data-element_type=\"widget\" data-widget_type=\"text-editor.default\">\n\t\t\t\t<div class=\"elementor-widget-container\">\n\t\t\t\t\t\t\t\t\t<p>La dengue est un virus qui n\u2019est pas contagieux. Cette maladie passe par un moustique vecteur. La dengue est principalement transmise par les piqures de moustique. Cependant, il peut arriver, de fa\u00e7on plus exceptionnelle, qu\u2019elle soit transmise d\u2019homme \u00e0 homme par transfusion, ou par la greffe d\u2019organes ou de cellules.<\/p>\t\t\t\t\t\t\t\t<\/div>\n\t\t\t\t<\/div>\n\t\t\t\t<div class=\"elementor-element elementor-element-f7441af elementor-widget elementor-widget-heading\" data-id=\"f7441af\" data-element_type=\"widget\" data-widget_type=\"heading.default\">\n\t\t\t\t<div class=\"elementor-widget-container\">\n\t\t\t\t\t<h3 class=\"elementor-heading-title elementor-size-default\">QUEL MOUSTIQUE TRANSMET LA DENGUE ?<\/h3>\t\t\t\t<\/div>\n\t\t\t\t<\/div>\n\t\t\t\t<div class=\"elementor-element elementor-element-add4509 elementor-widget elementor-widget-text-editor\" data-id=\"add4509\" data-element_type=\"widget\" data-widget_type=\"text-editor.default\">\n\t\t\t\t<div class=\"elementor-widget-container\">\n\t\t\t\t\t\t\t\t\t<p>La maladie de la dengue est transmise par le moustique vecteur Aedes albopictus, aussi appel\u00e9 commun\u00e9ment moustique tigre. Elle passe \u00e9galement par le moustique Aedes aegypti, mais celui-ci n\u2019est pas pr\u00e9sent en Europe. La femelle moustique peut produire jusqu\u2019\u00e0 cinq cycles de ponte. Pour chacun de ces cycles, elle aura besoin de faire le plein de sang. Si lors d\u2019un repas de sang, elle est interrompue, elle piquera \u00e0 nouveau jusqu\u2019\u00e0 obtenir assez de sang pour ses \u0153ufs. Si une femme moustique pique plusieurs personnes, dont une personne porteuse du virus de la dengue, elle le transmettra. C\u2019est ainsi que nous passons de cas de dengue import\u00e9s, \u00e0 des cas autochtones.<\/p>\t\t\t\t\t\t\t\t<\/div>\n\t\t\t\t<\/div>\n\t\t\t\t<div class=\"elementor-element elementor-element-a8b773e elementor-widget elementor-widget-heading\" data-id=\"a8b773e\" data-element_type=\"widget\" data-widget_type=\"heading.default\">\n\t\t\t\t<div class=\"elementor-widget-container\">\n\t\t\t\t\t<h3 class=\"elementor-heading-title elementor-size-default\">QUELS SONT LES SYMPT\u00d4MES DE LA DENGUE ?\n<\/h3>\t\t\t\t<\/div>\n\t\t\t\t<\/div>\n\t\t\t\t<div class=\"elementor-element elementor-element-c7e027f elementor-widget elementor-widget-text-editor\" data-id=\"c7e027f\" data-element_type=\"widget\" data-widget_type=\"text-editor.default\">\n\t\t\t\t<div class=\"elementor-widget-container\">\n\t\t\t\t\t\t\t\t\t<p>Dans 50 \u00e0 90% des cas, la dengue peut \u00eatre compl\u00e8tement asymptomatique. Dans le cas inverse, les premiers sympt\u00f4mes de la dengue arrivent en moyenne dans les 4 \u00e0 7 jours apr\u00e8s la piqure du moustique porteur du virus.<\/p><ul><li>Fi\u00e8vre brutale et tr\u00e8s forte (sup\u00e9rieure \u00e0 38.5\u00b0)<\/li><li>Etat grippal<\/li><li>Courbatures<\/li><li>Maux de t\u00eate<\/li><li>Eruptions cutan\u00e9es<\/li><\/ul><p>Et plus rarement :<\/p><ul><li>Douleur r\u00e9tro obitraire<\/li><li>Naus\u00e9es<\/li><li>Vomissements<\/li><\/ul><p>Malgr\u00e9 ces sympt\u00f4mes invalidants, la dengue n\u2019est pas dangereuse. Cependant, ce virus pr\u00e9sente un risque h\u00e9morragique. C\u2019est pourquoi les traitements inflammatoires non st\u00e9ro\u00efdiens et l\u2019aspirine sont contre indiqu\u00e9s.<\/p>\t\t\t\t\t\t\t\t<\/div>\n\t\t\t\t<\/div>\n\t\t\t\t<div class=\"elementor-element elementor-element-61570a6 elementor-widget elementor-widget-heading\" data-id=\"61570a6\" data-element_type=\"widget\" data-widget_type=\"heading.default\">\n\t\t\t\t<div class=\"elementor-widget-container\">\n\t\t\t\t\t<h3 class=\"elementor-heading-title elementor-size-default\">COMMENT SE PROT\u00c9GER DE LA DENGUE ?\n<\/h3>\t\t\t\t<\/div>\n\t\t\t\t<\/div>\n\t\t\t\t<div class=\"elementor-element elementor-element-326800b elementor-widget elementor-widget-text-editor\" data-id=\"326800b\" data-element_type=\"widget\" data-widget_type=\"text-editor.default\">\n\t\t\t\t<div class=\"elementor-widget-container\">\n\t\t\t\t\t\t\t\t\t<p>Actuellement, le vaccin contre la dengue a re\u00e7u une autorisation de mise sur le march\u00e9 europ\u00e9en, mais n\u2019est pas disponible en France. La France m\u00e9tropolitaines est assez peu touch\u00e9e par la maladie de la dengue. En m\u00e9tropole, la strat\u00e9gie adopt\u00e9e pour lutter contre la maladie de la dengue est la lutte antivectorielle, via la d\u00e9moustication.<\/p><p>En \u00e9liminant les moustiques tigre, nous limitons les risques de transmission de la dengue sur le territoire fran\u00e7ais. Dans les villes o\u00f9 la dengue est d\u00e9tect\u00e9e, l&rsquo;ARS proc\u00e8de \u00e0 deux op\u00e9rations successives de d\u00e9moustication, \u00e0 une semaine d&rsquo;intervalle. Ce traitement correctif survient apr\u00e8s l\u2019apparition de cas de dengue autochtone.<\/p><p>Qista propose une solution pr\u00e9ventive, en r\u00e9duisant la population de moustiques tigre avant que ceux-ci ne puissent transmettre la maladie de dengue. Le principe consiste \u00e0 installer des bornes anti moustique \u00e0 proximit\u00e9 des lieux de prolif\u00e9ration. Les moustiques sont attir\u00e9s par un leurre, sp\u00e9cifique pour chaque esp\u00e8ce, puis aspir\u00e9s par la machine et captur\u00e9s dans le filet. \u00c9tant connect\u00e9e, la borne permet la transmission des donn\u00e9es de captures de moustiques pour cartographier les \u00e9volutions des populations de moustiques. Avec ces donn\u00e9es, les autorit\u00e9s locales sont en capacit\u00e9 d&rsquo;am\u00e9liorer le ciblage des interventions terrains et de les r\u00e9aliser au bon moment.<\/p>\t\t\t\t\t\t\t\t<\/div>\n\t\t\t\t<\/div>\n\t\t\t\t\t<\/div>\n\t\t<\/div>\n\t\t\t\t\t<\/div>\n\t\t<\/section>\n\t\t\t\t<\/div>\n\t\t","protected":false},"excerpt":{"rendered":"<p>ARTICLE La dengue : Multiplication des cas en France m\u00e9tropolitaine en 2022 En France, les maladies transmises par piqure de moustiques nous paraissent \u00eatre un risque trop lointain pour s\u2019en pr\u00e9occuper. Pourtant, au 31 octobre,\u00a0Sant\u00e9 Publique France d\u00e9nombre d\u00e9j\u00e0 65 cas de dengue autochtones pour l\u2019ann\u00e9e 2022. Aujourd\u2019hui, la dengue a \u00e9galement atteint la Corse, [&hellip;]<\/p>\n","protected":false},"author":8329,"featured_media":0,"parent":1694,"menu_order":0,"comment_status":"closed","ping_status":"closed","template":"elementor_header_footer","meta":{"_acf_changed":false,"_mo_disable_npp":"","footnotes":""},"class_list":["post-3441","page","type-page","status-publish","hentry"],"acf":[],"yoast_head":"<!-- This site is optimized with the Yoast SEO plugin v25.3 - https:\/\/yoast.com\/wordpress\/plugins\/seo\/ -->\n<title>Moustiques vecteurs : 65 cas de dengues identifi\u00e9s en France<\/title>\n<meta name=\"description\" content=\"Les cas autochtones de dengue d\u00e9tect\u00e9s en France acc\u00e9l\u00e8rent. En cause : l\u2019invasion de moustiques tigres, capables de transmettre la maladie au sein de l\u2019hexagone.\" \/>\n<meta name=\"robots\" content=\"index, follow, max-snippet:-1, max-image-preview:large, max-video-preview:-1\" \/>\n<link rel=\"canonical\" href=\"https:\/\/qista.com\/fr\/informations-moustique\/moustiques-vecteurs-65-cas-de-dengues-identifies-en-france\/\" \/>\n<meta property=\"og:locale\" content=\"fr_FR\" \/>\n<meta property=\"og:type\" content=\"article\" \/>\n<meta property=\"og:title\" content=\"Moustiques vecteurs : 65 cas de dengues identifi\u00e9s en France\" \/>\n<meta property=\"og:description\" content=\"Les cas autochtones de dengue d\u00e9tect\u00e9s en France acc\u00e9l\u00e8rent. En cause : l\u2019invasion de moustiques tigres, capables de transmettre la maladie au sein de l\u2019hexagone.\" \/>\n<meta property=\"og:url\" content=\"https:\/\/qista.com\/fr\/informations-moustique\/moustiques-vecteurs-65-cas-de-dengues-identifies-en-france\/\" \/>\n<meta property=\"og:site_name\" content=\"Qista.com\" \/>\n<meta property=\"article:modified_time\" content=\"2024-07-04T09:31:42+00:00\" \/>\n<meta property=\"og:image\" content=\"https:\/\/qista.com\/wp-content\/uploads\/2023\/09\/quista-borne-visioplus.webp\" \/>\n\t<meta property=\"og:image:width\" content=\"1200\" \/>\n\t<meta property=\"og:image:height\" content=\"1196\" \/>\n\t<meta property=\"og:image:type\" content=\"image\/webp\" \/>\n<meta name=\"twitter:card\" content=\"summary_large_image\" \/>\n<meta name=\"twitter:label1\" content=\"Dur\u00e9e de lecture estim\u00e9e\" \/>\n\t<meta name=\"twitter:data1\" content=\"5 minutes\" \/>\n<script type=\"application\/ld+json\" class=\"yoast-schema-graph\">{\"@context\":\"https:\/\/schema.org\",\"@graph\":[{\"@type\":\"WebPage\",\"@id\":\"https:\/\/qista.com\/fr\/informations-moustique\/moustiques-vecteurs-65-cas-de-dengues-identifies-en-france\/\",\"url\":\"https:\/\/qista.com\/fr\/informations-moustique\/moustiques-vecteurs-65-cas-de-dengues-identifies-en-france\/\",\"name\":\"Moustiques vecteurs : 65 cas de dengues identifi\u00e9s en France\",\"isPartOf\":{\"@id\":\"https:\/\/qista.com\/fr\/#website\"},\"datePublished\":\"2023-03-30T14:30:22+00:00\",\"dateModified\":\"2024-07-04T09:31:42+00:00\",\"description\":\"Les cas autochtones de dengue d\u00e9tect\u00e9s en France acc\u00e9l\u00e8rent. En cause : l\u2019invasion de moustiques tigres, capables de transmettre la maladie au sein de l\u2019hexagone.\",\"breadcrumb\":{\"@id\":\"https:\/\/qista.com\/fr\/informations-moustique\/moustiques-vecteurs-65-cas-de-dengues-identifies-en-france\/#breadcrumb\"},\"inLanguage\":\"fr-FR\",\"potentialAction\":[{\"@type\":\"ReadAction\",\"target\":[\"https:\/\/qista.com\/fr\/informations-moustique\/moustiques-vecteurs-65-cas-de-dengues-identifies-en-france\/\"]}]},{\"@type\":\"BreadcrumbList\",\"@id\":\"https:\/\/qista.com\/fr\/informations-moustique\/moustiques-vecteurs-65-cas-de-dengues-identifies-en-france\/#breadcrumb\",\"itemListElement\":[{\"@type\":\"ListItem\",\"position\":1,\"name\":\"Accueil\",\"item\":\"https:\/\/qista.com\/fr\/\"},{\"@type\":\"ListItem\",\"position\":2,\"name\":\"Informations sur le moustique\",\"item\":\"https:\/\/qista.com\/fr\/informations-moustique\/\"},{\"@type\":\"ListItem\",\"position\":3,\"name\":\"Moustiques vecteurs : 65 cas de dengues identifi\u00e9s en France\"}]},{\"@type\":\"WebSite\",\"@id\":\"https:\/\/qista.com\/fr\/#website\",\"url\":\"https:\/\/qista.com\/fr\/\",\"name\":\"QISTA\",\"description\":\"L&#039;aspiration MosqiVortex 788\",\"publisher\":{\"@id\":\"https:\/\/qista.com\/fr\/#organization\"},\"potentialAction\":[{\"@type\":\"SearchAction\",\"target\":{\"@type\":\"EntryPoint\",\"urlTemplate\":\"https:\/\/qista.com\/fr\/?s={search_term_string}\"},\"query-input\":{\"@type\":\"PropertyValueSpecification\",\"valueRequired\":true,\"valueName\":\"search_term_string\"}}],\"inLanguage\":\"fr-FR\"},{\"@type\":\"Organization\",\"@id\":\"https:\/\/qista.com\/fr\/#organization\",\"name\":\"QISTA\",\"url\":\"https:\/\/qista.com\/fr\/\",\"logo\":{\"@type\":\"ImageObject\",\"inLanguage\":\"fr-FR\",\"@id\":\"https:\/\/qista.com\/fr\/#\/schema\/logo\/image\/\",\"url\":\"https:\/\/qista.com\/wp-content\/uploads\/2023\/03\/LogoB_Qista_MosqiVortex.webp\",\"contentUrl\":\"https:\/\/qista.com\/wp-content\/uploads\/2023\/03\/LogoB_Qista_MosqiVortex.webp\",\"width\":537,\"height\":164,\"caption\":\"QISTA\"},\"image\":{\"@id\":\"https:\/\/qista.com\/fr\/#\/schema\/logo\/image\/\"}}]}<\/script>\n<!-- \/ Yoast SEO plugin. -->","yoast_head_json":{"title":"Moustiques vecteurs : 65 cas de dengues identifi\u00e9s en France","description":"Les cas autochtones de dengue d\u00e9tect\u00e9s en France acc\u00e9l\u00e8rent. En cause : l\u2019invasion de moustiques tigres, capables de transmettre la maladie au sein de l\u2019hexagone.","robots":{"index":"index","follow":"follow","max-snippet":"max-snippet:-1","max-image-preview":"max-image-preview:large","max-video-preview":"max-video-preview:-1"},"canonical":"https:\/\/qista.com\/fr\/informations-moustique\/moustiques-vecteurs-65-cas-de-dengues-identifies-en-france\/","og_locale":"fr_FR","og_type":"article","og_title":"Moustiques vecteurs : 65 cas de dengues identifi\u00e9s en France","og_description":"Les cas autochtones de dengue d\u00e9tect\u00e9s en France acc\u00e9l\u00e8rent. En cause : l\u2019invasion de moustiques tigres, capables de transmettre la maladie au sein de l\u2019hexagone.","og_url":"https:\/\/qista.com\/fr\/informations-moustique\/moustiques-vecteurs-65-cas-de-dengues-identifies-en-france\/","og_site_name":"Qista.com","article_modified_time":"2024-07-04T09:31:42+00:00","og_image":[{"width":1200,"height":1196,"url":"https:\/\/qista.com\/wp-content\/uploads\/2023\/09\/quista-borne-visioplus.webp","type":"image\/webp"}],"twitter_card":"summary_large_image","twitter_misc":{"Dur\u00e9e de lecture estim\u00e9e":"5 minutes"},"schema":{"@context":"https:\/\/schema.org","@graph":[{"@type":"WebPage","@id":"https:\/\/qista.com\/fr\/informations-moustique\/moustiques-vecteurs-65-cas-de-dengues-identifies-en-france\/","url":"https:\/\/qista.com\/fr\/informations-moustique\/moustiques-vecteurs-65-cas-de-dengues-identifies-en-france\/","name":"Moustiques vecteurs : 65 cas de dengues identifi\u00e9s en France","isPartOf":{"@id":"https:\/\/qista.com\/fr\/#website"},"datePublished":"2023-03-30T14:30:22+00:00","dateModified":"2024-07-04T09:31:42+00:00","description":"Les cas autochtones de dengue d\u00e9tect\u00e9s en France acc\u00e9l\u00e8rent. En cause : l\u2019invasion de moustiques tigres, capables de transmettre la maladie au sein de l\u2019hexagone.","breadcrumb":{"@id":"https:\/\/qista.com\/fr\/informations-moustique\/moustiques-vecteurs-65-cas-de-dengues-identifies-en-france\/#breadcrumb"},"inLanguage":"fr-FR","potentialAction":[{"@type":"ReadAction","target":["https:\/\/qista.com\/fr\/informations-moustique\/moustiques-vecteurs-65-cas-de-dengues-identifies-en-france\/"]}]},{"@type":"BreadcrumbList","@id":"https:\/\/qista.com\/fr\/informations-moustique\/moustiques-vecteurs-65-cas-de-dengues-identifies-en-france\/#breadcrumb","itemListElement":[{"@type":"ListItem","position":1,"name":"Accueil","item":"https:\/\/qista.com\/fr\/"},{"@type":"ListItem","position":2,"name":"Informations sur le moustique","item":"https:\/\/qista.com\/fr\/informations-moustique\/"},{"@type":"ListItem","position":3,"name":"Moustiques vecteurs : 65 cas de dengues identifi\u00e9s en France"}]},{"@type":"WebSite","@id":"https:\/\/qista.com\/fr\/#website","url":"https:\/\/qista.com\/fr\/","name":"QISTA","description":"L&#039;aspiration MosqiVortex 788","publisher":{"@id":"https:\/\/qista.com\/fr\/#organization"},"potentialAction":[{"@type":"SearchAction","target":{"@type":"EntryPoint","urlTemplate":"https:\/\/qista.com\/fr\/?s={search_term_string}"},"query-input":{"@type":"PropertyValueSpecification","valueRequired":true,"valueName":"search_term_string"}}],"inLanguage":"fr-FR"},{"@type":"Organization","@id":"https:\/\/qista.com\/fr\/#organization","name":"QISTA","url":"https:\/\/qista.com\/fr\/","logo":{"@type":"ImageObject","inLanguage":"fr-FR","@id":"https:\/\/qista.com\/fr\/#\/schema\/logo\/image\/","url":"https:\/\/qista.com\/wp-content\/uploads\/2023\/03\/LogoB_Qista_MosqiVortex.webp","contentUrl":"https:\/\/qista.com\/wp-content\/uploads\/2023\/03\/LogoB_Qista_MosqiVortex.webp","width":537,"height":164,"caption":"QISTA"},"image":{"@id":"https:\/\/qista.com\/fr\/#\/schema\/logo\/image\/"}}]}},"_links":{"self":[{"href":"https:\/\/qista.com\/fr\/wp-json\/wp\/v2\/pages\/3441","targetHints":{"allow":["GET"]}}],"collection":[{"href":"https:\/\/qista.com\/fr\/wp-json\/wp\/v2\/pages"}],"about":[{"href":"https:\/\/qista.com\/fr\/wp-json\/wp\/v2\/types\/page"}],"author":[{"embeddable":true,"href":"https:\/\/qista.com\/fr\/wp-json\/wp\/v2\/users\/8329"}],"replies":[{"embeddable":true,"href":"https:\/\/qista.com\/fr\/wp-json\/wp\/v2\/comments?post=3441"}],"version-history":[{"count":0,"href":"https:\/\/qista.com\/fr\/wp-json\/wp\/v2\/pages\/3441\/revisions"}],"up":[{"embeddable":true,"href":"https:\/\/qista.com\/fr\/wp-json\/wp\/v2\/pages\/1694"}],"wp:attachment":[{"href":"https:\/\/qista.com\/fr\/wp-json\/wp\/v2\/media?parent=3441"}],"curies":[{"name":"wp","href":"https:\/\/api.w.org\/{rel}","templated":true}]}}