{"id":2855,"date":"2023-03-28T17:40:06","date_gmt":"2023-03-28T15:40:06","guid":{"rendered":"https:\/\/preprod.qista.com\/mon-compte\/"},"modified":"2024-12-27T12:19:39","modified_gmt":"2024-12-27T11:19:39","slug":"mon-compte","status":"publish","type":"page","link":"https:\/\/qista.com\/fr\/mon-compte\/","title":{"rendered":"Mon compte"},"content":{"rendered":"\t\t<div data-elementor-type=\"wp-page\" data-elementor-id=\"2855\" class=\"elementor elementor-2855\" data-elementor-post-type=\"page\">\n\t\t\t\t\t\t<section class=\"elementor-section elementor-top-section elementor-element elementor-element-6bd595a elementor-section-boxed elementor-section-height-default elementor-section-height-default\" data-id=\"6bd595a\" data-element_type=\"section\" data-settings=\"{&quot;background_background&quot;:&quot;classic&quot;}\">\n\t\t\t\t\t\t\t<div class=\"elementor-background-overlay\"><\/div>\n\t\t\t\t\t\t\t<div class=\"elementor-container elementor-column-gap-default\">\n\t\t\t\t\t<div class=\"elementor-column elementor-col-100 elementor-top-column elementor-element elementor-element-c8e8a64\" data-id=\"c8e8a64\" data-element_type=\"column\">\n\t\t\t<div class=\"elementor-widget-wrap elementor-element-populated\">\n\t\t\t\t\t\t<div class=\"elementor-element elementor-element-0fc0f95 elementor-align-center elementor-widget elementor-widget-breadcrumbs\" data-id=\"0fc0f95\" data-element_type=\"widget\" data-widget_type=\"breadcrumbs.default\">\n\t\t\t\t<div class=\"elementor-widget-container\">\n\t\t\t\t\t<p id=\"breadcrumbs\"><span><span><a href=\"https:\/\/qista.com\/fr\/\">Accueil<\/a><\/span><\/span><\/p>\t\t\t\t<\/div>\n\t\t\t\t<\/div>\n\t\t\t\t\t<\/div>\n\t\t<\/div>\n\t\t\t\t\t<\/div>\n\t\t<\/section>\n\t\t\t\t<section class=\"elementor-section elementor-top-section elementor-element elementor-element-b007eaf elementor-section-boxed elementor-section-height-default elementor-section-height-default\" data-id=\"b007eaf\" data-element_type=\"section\">\n\t\t\t\t\t\t<div class=\"elementor-container elementor-column-gap-default\">\n\t\t\t\t\t<div class=\"elementor-column elementor-col-100 elementor-top-column elementor-element elementor-element-818926c\" data-id=\"818926c\" data-element_type=\"column\" data-settings=\"{&quot;background_background&quot;:&quot;classic&quot;}\">\n\t\t\t<div class=\"elementor-widget-wrap elementor-element-populated\">\n\t\t\t\t\t\t<div class=\"elementor-element elementor-element-6e93e94 elementor-widget elementor-widget-heading\" data-id=\"6e93e94\" data-element_type=\"widget\" data-widget_type=\"heading.default\">\n\t\t\t\t<div class=\"elementor-widget-container\">\n\t\t\t\t\t<h1 class=\"elementor-heading-title elementor-size-default\">Mon compte<\/h1>\t\t\t\t<\/div>\n\t\t\t\t<\/div>\n\t\t\t\t<div class=\"elementor-element elementor-element-e463878 e-my-account-tabs-vertical elementor-widget elementor-widget-woocommerce-my-account\" data-id=\"e463878\" data-element_type=\"widget\" data-widget_type=\"woocommerce-my-account.default\">\n\t\t\t\t<div class=\"elementor-widget-container\">\n\t\t\t\t\t<div class=\"e-my-account-tab e-my-account-tab__ \">\t\t\t<div class=\"woocommerce\"><\/div>\t\t<\/div>\n\t\t\t\t\t\t<\/div>\n\t\t\t\t<\/div>\n\t\t\t\t<div class=\"elementor-element elementor-element-793ea8cb elementor-hidden-desktop elementor-hidden-laptop elementor-hidden-tablet elementor-hidden-mobile elementor-widget elementor-widget-text-editor\" data-id=\"793ea8cb\" data-element_type=\"widget\" data-widget_type=\"text-editor.default\">\n\t\t\t\t<div class=\"elementor-widget-container\">\n\t\t\t\t\t\t\t\t\t<p><div class=\"woocommerce\"><\/div><\/p>\t\t\t\t\t\t\t\t<\/div>\n\t\t\t\t<\/div>\n\t\t\t\t\t<\/div>\n\t\t<\/div>\n\t\t\t\t\t<\/div>\n\t\t<\/section>\n\t\t\t\t<section class=\"elementor-section elementor-top-section elementor-element elementor-element-811ae95 elementor-section-boxed elementor-section-height-default elementor-section-height-default\" data-id=\"811ae95\" data-element_type=\"section\">\n\t\t\t\t\t\t<div class=\"elementor-container elementor-column-gap-wide\">\n\t\t\t\t\t<div class=\"elementor-column elementor-col-25 elementor-top-column elementor-element elementor-element-bdb5711\" data-id=\"bdb5711\" data-element_type=\"column\">\n\t\t\t<div class=\"elementor-widget-wrap elementor-element-populated\">\n\t\t\t\t\t\t<div class=\"elementor-element elementor-element-0e9a8a9 elementor-view-default elementor-position-top elementor-mobile-position-top elementor-widget elementor-widget-icon-box\" data-id=\"0e9a8a9\" data-element_type=\"widget\" data-widget_type=\"icon-box.default\">\n\t\t\t\t<div class=\"elementor-widget-container\">\n\t\t\t\t\t\t\t<div class=\"elementor-icon-box-wrapper\">\n\n\t\t\t\t\t\t<div class=\"elementor-icon-box-icon\">\n\t\t\t\t<span  class=\"elementor-icon\">\n\t\t\t\t<svg xmlns=\"http:\/\/www.w3.org\/2000\/svg\" id=\"Calque_1\" viewBox=\"0 0 450 450\"><path d=\"m263.54,318.59c0,18.25-14.78,33.03-33.03,33.03-72.97,0-132.13-59.15-132.13-132.13,0-18.25,14.78-33.03,33.03-33.03,1.87,0,3.69.17,5.48.48.3.04.57.09.87.13,3.26.61,5.82,3.22,6.39,6.52l8.34,49.11c.17,1.17-.39,2.3-1.48,2.82,0,0-8,3.83-11.91,5.74-1.17.61-1.78,2.04-1.3,3.3,5.04,13.26,12.82,25.16,22.64,34.99,9.78,9.82,21.64,17.56,34.86,22.6,1.26.48,2.69-.09,3.3-1.3,1.96-3.87,5.87-11.91,5.87-11.91.52-1.04,1.65-1.61,2.82-1.43l49.11,8.34c3.3.57,5.91,3.13,6.52,6.39.04.3.09.56.13.87.3,1.78.48,3.61.48,5.48Z\" style=\"fill:none; stroke:#515151; stroke-miterlimit:10; stroke-width:10px;\"><\/path><path d=\"m351.62,167.78c0-38.33-32.04-69.4-71.57-69.4s-71.57,31.07-71.57,69.4c0,29.7,19.27,54.97,46.32,64.87l-13.29,41.89s71.57-37.37,88.27-56.86c.04-.05.06-.1.1-.15,13.39-12.61,21.73-30.23,21.73-49.75Z\" style=\"fill:none; stroke:#515151; stroke-linejoin:round; stroke-width:10px;\"><\/path><circle cx=\"248.37\" cy=\"168.53\" r=\"9.46\" style=\"fill:#515151;\"><\/circle><circle cx=\"279.12\" cy=\"168.53\" r=\"9.46\" style=\"fill:#515151;\"><\/circle><circle cx=\"309.87\" cy=\"168.53\" r=\"9.46\" style=\"fill:#515151;\"><\/circle><\/svg>\t\t\t\t<\/span>\n\t\t\t<\/div>\n\t\t\t\n\t\t\t\t\t\t<div class=\"elementor-icon-box-content\">\n\n\t\t\t\t\t\t\t\t\t<h3 class=\"elementor-icon-box-title\">\n\t\t\t\t\t\t<span  >\n\t\t\t\t\t\t\tSAV et accompagnement adapt\u00e9\t\t\t\t\t\t<\/span>\n\t\t\t\t\t<\/h3>\n\t\t\t\t\n\t\t\t\t\n\t\t\t<\/div>\n\t\t\t\n\t\t<\/div>\n\t\t\t\t\t\t<\/div>\n\t\t\t\t<\/div>\n\t\t\t\t\t<\/div>\n\t\t<\/div>\n\t\t\t\t<div class=\"elementor-column elementor-col-25 elementor-top-column elementor-element elementor-element-e3334c4\" data-id=\"e3334c4\" data-element_type=\"column\">\n\t\t\t<div class=\"elementor-widget-wrap elementor-element-populated\">\n\t\t\t\t\t\t<div class=\"elementor-element elementor-element-055ef3e elementor-view-default elementor-position-top elementor-mobile-position-top elementor-widget elementor-widget-icon-box\" data-id=\"055ef3e\" data-element_type=\"widget\" data-widget_type=\"icon-box.default\">\n\t\t\t\t<div class=\"elementor-widget-container\">\n\t\t\t\t\t\t\t<div class=\"elementor-icon-box-wrapper\">\n\n\t\t\t\t\t\t<div class=\"elementor-icon-box-icon\">\n\t\t\t\t<span  class=\"elementor-icon\">\n\t\t\t\t<svg xmlns=\"http:\/\/www.w3.org\/2000\/svg\" id=\"Calque_1\" viewBox=\"0 0 450 450\"><circle cx=\"311.2\" cy=\"311.2\" r=\"24.63\" style=\"fill:none; stroke:#4c4441; stroke-linecap:round; stroke-miterlimit:10; stroke-width:10px;\"><\/circle><circle cx=\"175.74\" cy=\"311.2\" r=\"24.63\" style=\"fill:none; stroke:#4c4441; stroke-linecap:round; stroke-miterlimit:10; stroke-width:10px;\"><\/circle><polyline points=\"341.98 237.31 302.58 237.31 292.73 200.37\" style=\"fill:none; stroke:#4c4441; stroke-linecap:round; stroke-linejoin:round; stroke-width:10px;\"><\/polyline><path d=\"m335.82,311.2h16.01c8.18,0,14.78-6.48,14.78-14.51v-56.26c0-1.84-.54-3.63-1.48-5.13l-35.02-55c-1.82-2.81-4.97-4.55-8.37-4.55h-53.64\" style=\"fill:none; stroke:#4c4441; stroke-linecap:round; stroke-miterlimit:10; stroke-width:10px;\"><\/path><line x1=\"200.37\" y1=\"311.2\" x2=\"286.57\" y2=\"311.2\" style=\"fill:none; stroke:#4c4441; stroke-linecap:round; stroke-miterlimit:10; stroke-width:10px;\"><\/line><line x1=\"132.65\" y1=\"231.16\" x2=\"218.84\" y2=\"231.16\" style=\"fill:none; stroke:#4c4441; stroke-linecap:round; stroke-linejoin:round; stroke-width:10px;\"><\/line><line x1=\"181.9\" y1=\"169.59\" x2=\"95.7\" y2=\"169.59\" style=\"fill:none; stroke:#4c4441; stroke-linecap:round; stroke-linejoin:round; stroke-width:10px;\"><\/line><line x1=\"157.27\" y1=\"200.37\" x2=\"83.39\" y2=\"200.37\" style=\"fill:none; stroke:#4c4441; stroke-linecap:round; stroke-linejoin:round; stroke-width:10px;\"><\/line><line x1=\"104.94\" y1=\"231.16\" x2=\"86.47\" y2=\"231.16\" style=\"fill:none; stroke:#4c4441; stroke-linecap:round; stroke-linejoin:round; stroke-width:10px;\"><\/line><line x1=\"181.9\" y1=\"200.37\" x2=\"194.22\" y2=\"200.37\" style=\"fill:none; stroke:#4c4441; stroke-linecap:round; stroke-linejoin:round; stroke-width:10px;\"><\/line><path d=\"m108.02,149.54v-25.26c0-5.56,4.5-10.1,10.01-10.1h140.07c5.5,0,10.01,4.55,10.01,10.1v121.24c0,5.56-4.5,10.1-10.01,10.1H113.02c-2.75,0-5,2.27-5,5.05v35.36c0,8.39,6.7,15.16,15.01,15.16h28.09\" style=\"fill:none; stroke:#4c4441; stroke-linecap:round; stroke-miterlimit:10; stroke-width:10px;\"><\/path><\/svg>\t\t\t\t<\/span>\n\t\t\t<\/div>\n\t\t\t\n\t\t\t\t\t\t<div class=\"elementor-icon-box-content\">\n\n\t\t\t\t\t\t\t\t\t<h3 class=\"elementor-icon-box-title\">\n\t\t\t\t\t\t<span  >\n\t\t\t\t\t\t\tFabrication et Transport en france metropolitaine\t\t\t\t\t\t<\/span>\n\t\t\t\t\t<\/h3>\n\t\t\t\t\n\t\t\t\t\n\t\t\t<\/div>\n\t\t\t\n\t\t<\/div>\n\t\t\t\t\t\t<\/div>\n\t\t\t\t<\/div>\n\t\t\t\t\t<\/div>\n\t\t<\/div>\n\t\t\t\t<div class=\"elementor-column elementor-col-25 elementor-top-column elementor-element elementor-element-04a5bae\" data-id=\"04a5bae\" data-element_type=\"column\">\n\t\t\t<div class=\"elementor-widget-wrap elementor-element-populated\">\n\t\t\t\t\t\t<div class=\"elementor-element elementor-element-1352ebc elementor-view-default elementor-position-top elementor-mobile-position-top elementor-widget elementor-widget-icon-box\" data-id=\"1352ebc\" data-element_type=\"widget\" data-widget_type=\"icon-box.default\">\n\t\t\t\t<div class=\"elementor-widget-container\">\n\t\t\t\t\t\t\t<div class=\"elementor-icon-box-wrapper\">\n\n\t\t\t\t\t\t<div class=\"elementor-icon-box-icon\">\n\t\t\t\t<span  class=\"elementor-icon\">\n\t\t\t\t<svg xmlns=\"http:\/\/www.w3.org\/2000\/svg\" id=\"Calque_1\" viewBox=\"0 0 450 450\"><line x1=\"105.7\" y1=\"169.95\" x2=\"344.3\" y2=\"169.95\" style=\"fill:none; stroke:#4c4441; stroke-linecap:round; stroke-miterlimit:10; stroke-width:10.37px;\"><\/line><line x1=\"105.7\" y1=\"206.25\" x2=\"344.3\" y2=\"206.25\" style=\"fill:none; stroke:#4c4441; stroke-linecap:round; stroke-miterlimit:10; stroke-width:10.37px;\"><\/line><path d=\"m173.13,309.99h-54.46c-7.16,0-12.97-5.81-12.97-12.97v-150.42c0-7.16,5.81-12.97,12.97-12.97h212.66c7.16,0,12.97,5.81,12.97,12.97v150.42c0,7.16-5.81,12.97-12.97,12.97h-12.97\" style=\"fill:none; stroke:#4c4441; stroke-linecap:round; stroke-miterlimit:10; stroke-width:10.37px;\"><\/path><path d=\"m214.63,278.87v-12.45c0-16.02,13.94-29.05,31.12-29.05s31.12,13.03,31.12,29.05v12.45\" style=\"fill:none; stroke:#4c4441; stroke-miterlimit:10; stroke-width:10.37px;\"><\/path><circle cx=\"245.75\" cy=\"315.18\" r=\"12.97\" style=\"fill:none; stroke:#4c4441; stroke-miterlimit:10; stroke-width:10.37px;\"><\/circle><path d=\"m277.58,278.87h2.12c7.04,0,12.73,5.41,12.73,12.1v52.44c0,4.44-3.82,8.07-8.49,8.07h-76.39c-4.67,0-8.49-3.63-8.49-8.07v-52.44c0-6.7,5.69-12.1,12.73-12.1h65.78Z\" style=\"fill:none; stroke:#4c4441; stroke-linecap:round; stroke-miterlimit:10; stroke-width:10.37px;\"><\/path><\/svg>\t\t\t\t<\/span>\n\t\t\t<\/div>\n\t\t\t\n\t\t\t\t\t\t<div class=\"elementor-icon-box-content\">\n\n\t\t\t\t\t\t\t\t\t<h3 class=\"elementor-icon-box-title\">\n\t\t\t\t\t\t<span  >\n\t\t\t\t\t\t\tPaiement simplifi\u00e9 et s\u00e9curis\u00e9\t\t\t\t\t\t<\/span>\n\t\t\t\t\t<\/h3>\n\t\t\t\t\n\t\t\t\t\n\t\t\t<\/div>\n\t\t\t\n\t\t<\/div>\n\t\t\t\t\t\t<\/div>\n\t\t\t\t<\/div>\n\t\t\t\t\t<\/div>\n\t\t<\/div>\n\t\t\t\t<div class=\"elementor-column elementor-col-25 elementor-top-column elementor-element elementor-element-7f57112\" data-id=\"7f57112\" data-element_type=\"column\">\n\t\t\t<div class=\"elementor-widget-wrap elementor-element-populated\">\n\t\t\t\t\t\t<div class=\"elementor-element elementor-element-8e2eec3 elementor-view-default elementor-position-top elementor-mobile-position-top elementor-widget elementor-widget-icon-box\" data-id=\"8e2eec3\" data-element_type=\"widget\" data-widget_type=\"icon-box.default\">\n\t\t\t\t<div class=\"elementor-widget-container\">\n\t\t\t\t\t\t\t<div class=\"elementor-icon-box-wrapper\">\n\n\t\t\t\t\t\t<div class=\"elementor-icon-box-icon\">\n\t\t\t\t<span  class=\"elementor-icon\">\n\t\t\t\t<svg xmlns=\"http:\/\/www.w3.org\/2000\/svg\" id=\"Calque_1\" viewBox=\"0 0 450 450\"><g id=\"Calque_2\"><path d=\"m383.89,224.94c0-6.77-14.78-14.16-16.02-20.3-1.24-6.15,11.11-17.88,9.25-24.03-1.86-6.15-18.44-9.07-20.93-15.27s5.53-20.3,2.48-25.89c-3.04-5.59-20.3-3.73-24.84-8.63-4.53-4.91,0-20.93-4.91-25.27-4.91-4.35-20.3,1.86-25.89-1.24s-6.21-20.3-12.42-22.79-19.12,8.01-25.27,6.21c-6.15-1.8-11.42-18.01-17.57-18.63s-16.02,12.98-22.79,12.98-16.02-13.6-22.79-12.98c-6.77.62-11.67,16.64-17.88,18.63s-19.12-8.63-25.27-6.21c-6.15,2.42-6.77,19.68-12.42,22.79-5.65,3.1-20.93-3.1-25.89,1.24s-.62,20.3-4.91,25.27c-4.28,4.97-20.93,3.1-24.84,8.63s4.91,20.3,2.48,25.89c-2.42,5.59-18.75,9.13-20.61,15.27-1.86,6.15,10.49,17.82,9.31,24.03-1.18,6.21-16.08,14.16-16.08,20.3s14.78,14.16,16.08,20.3-11.18,17.88-9.31,24.03c1.86,6.15,18.63,9.25,20.93,15.4,2.3,6.15-5.4,20.37-2.48,25.89,2.92,5.53,20.3,3.73,24.84,8.63,4.53,4.91,0,20.93,4.91,25.27,4.91,4.35,20.3-1.86,25.89,1.24,5.59,3.1,6.21,20.3,12.42,22.79,6.21,2.48,19.12-8.01,25.27-6.21s11.67,18.63,17.88,18.63,16.02-12.92,22.79-12.92,16.02,13.54,22.79,12.92c6.77-.62,11.67-16.64,17.88-18.63,6.21-1.99,19.12,8.63,25.27,6.21s6.77-19.68,12.42-22.79c5.65-3.1,20.93,3.1,25.89-1.24,4.97-4.35.62-20.3,4.91-25.27,4.28-4.97,20.93-3.1,24.84-8.63s-4.91-19.68-2.48-25.89c2.42-6.21,19.12-9.25,20.93-15.4s-11.11-17.82-9.93-24.03c1.18-6.21,16.08-13.54,16.08-20.3Zm-158.89,122.23c-67.44.16-122.24-54.39-122.4-121.83-.16-67.44,54.39-122.24,121.83-122.4,67.44-.16,122.24,54.39,122.4,121.83,0,.06,0,.11,0,.17.06,67.38-54.45,122.07-121.83,122.23Z\" style=\"fill:none; stroke:#4c4441; stroke-miterlimit:10; stroke-width:9.38px;\"><\/path><\/g><text transform=\"translate(166.77 265.83)\" style=\"fill:#4c4441; font-family:Rubik-Bold, Rubik; font-size:179.16px; font-weight:700;\"><tspan x=\"0\" y=\"0\">2<\/tspan><\/text><text transform=\"translate(173.88 307.89)\" style=\"fill:#4c4441; font-family:Rubik-Bold, Rubik; font-size:46.23px; font-weight:700;\"><tspan x=\"0\" y=\"0\">ANS<\/tspan><\/text><\/svg>\t\t\t\t<\/span>\n\t\t\t<\/div>\n\t\t\t\n\t\t\t\t\t\t<div class=\"elementor-icon-box-content\">\n\n\t\t\t\t\t\t\t\t\t<h3 class=\"elementor-icon-box-title\">\n\t\t\t\t\t\t<span  >\n\t\t\t\t\t\t\tBornes garantie deux ans\t\t\t\t\t\t<\/span>\n\t\t\t\t\t<\/h3>\n\t\t\t\t\n\t\t\t\t\n\t\t\t<\/div>\n\t\t\t\n\t\t<\/div>\n\t\t\t\t\t\t<\/div>\n\t\t\t\t<\/div>\n\t\t\t\t\t<\/div>\n\t\t<\/div>\n\t\t\t\t\t<\/div>\n\t\t<\/section>\n\t\t\t\t<\/div>\n\t\t","protected":false},"excerpt":{"rendered":"<p>Mon compte Tableau de bord Commandes T\u00e9l\u00e9chargements Adresses D\u00e9tails du compte Mes Coupons D\u00e9connexion Bonjour Qista (vous n\u2019\u00eates pas Qista\u00a0? D\u00e9connexion) \u00c0 partir du tableau de bord de votre compte, vous pouvez visualiser vos commandes r\u00e9centes, g\u00e9rer vos adresses de livraison et de facturation ainsi que changer votre mot de passe et les d\u00e9tails de [&hellip;]<\/p>\n","protected":false},"author":1,"featured_media":0,"parent":0,"menu_order":0,"comment_status":"closed","ping_status":"closed","template":"elementor_header_footer","meta":{"_acf_changed":false,"_mo_disable_npp":"","footnotes":""},"class_list":["post-2855","page","type-page","status-publish","hentry"],"acf":[],"yoast_head":"<!-- This site is optimized with the Yoast SEO plugin v25.3 - https:\/\/yoast.com\/wordpress\/plugins\/seo\/ -->\n<title>Identifiant client<\/title>\n<meta name=\"description\" content=\"Solution brevet\u00e9e et prouv\u00e9e scientifiquement, les machines anti moustique Qista \u00e9radiquent 88% des moustiques. Une solution propre, efficace, durable et fran\u00e7aise pour profiter en toute s\u00e9r\u00e9nit\u00e9 de vos espaces ext\u00e9rieurs.\" \/>\n<meta name=\"robots\" content=\"index, follow, max-snippet:-1, max-image-preview:large, max-video-preview:-1\" \/>\n<link rel=\"canonical\" href=\"https:\/\/qista.com\/fr\/mon-compte\/\" \/>\n<meta property=\"og:locale\" content=\"fr_FR\" \/>\n<meta property=\"og:type\" content=\"article\" \/>\n<meta property=\"og:title\" content=\"Identifiant client\" \/>\n<meta property=\"og:description\" content=\"Solution brevet\u00e9e et prouv\u00e9e scientifiquement, les machines anti moustique Qista \u00e9radiquent 88% des moustiques. Une solution propre, efficace, durable et fran\u00e7aise pour profiter en toute s\u00e9r\u00e9nit\u00e9 de vos espaces ext\u00e9rieurs.\" \/>\n<meta property=\"og:url\" content=\"https:\/\/qista.com\/fr\/mon-compte\/\" \/>\n<meta property=\"og:site_name\" content=\"Qista.com\" \/>\n<meta property=\"article:modified_time\" content=\"2024-12-27T11:19:39+00:00\" \/>\n<meta property=\"og:image\" content=\"https:\/\/qista.com\/wp-content\/uploads\/2023\/09\/quista-borne-visioplus.webp\" \/>\n\t<meta property=\"og:image:width\" content=\"1200\" \/>\n\t<meta property=\"og:image:height\" content=\"1196\" \/>\n\t<meta property=\"og:image:type\" content=\"image\/webp\" \/>\n<meta name=\"twitter:card\" content=\"summary_large_image\" \/>\n<meta name=\"twitter:label1\" content=\"Dur\u00e9e de lecture estim\u00e9e\" \/>\n\t<meta name=\"twitter:data1\" content=\"2 minutes\" \/>\n<script type=\"application\/ld+json\" class=\"yoast-schema-graph\">{\"@context\":\"https:\/\/schema.org\",\"@graph\":[{\"@type\":\"WebPage\",\"@id\":\"https:\/\/qista.com\/fr\/mon-compte\/\",\"url\":\"https:\/\/qista.com\/fr\/mon-compte\/\",\"name\":\"Identifiant client\",\"isPartOf\":{\"@id\":\"https:\/\/qista.com\/fr\/#website\"},\"datePublished\":\"2023-03-28T15:40:06+00:00\",\"dateModified\":\"2024-12-27T11:19:39+00:00\",\"description\":\"Solution brevet\u00e9e et prouv\u00e9e scientifiquement, les machines anti moustique Qista \u00e9radiquent 88% des moustiques. Une solution propre, efficace, durable et fran\u00e7aise pour profiter en toute s\u00e9r\u00e9nit\u00e9 de vos espaces ext\u00e9rieurs.\",\"breadcrumb\":{\"@id\":\"https:\/\/qista.com\/fr\/mon-compte\/#breadcrumb\"},\"inLanguage\":\"fr-FR\",\"potentialAction\":[{\"@type\":\"ReadAction\",\"target\":[\"https:\/\/qista.com\/fr\/mon-compte\/\"]}]},{\"@type\":\"BreadcrumbList\",\"@id\":\"https:\/\/qista.com\/fr\/mon-compte\/#breadcrumb\",\"itemListElement\":[{\"@type\":\"ListItem\",\"position\":1,\"name\":\"Accueil\",\"item\":\"https:\/\/qista.com\/fr\/\"},{\"@type\":\"ListItem\",\"position\":2,\"name\":\"Mon compte\"}]},{\"@type\":\"WebSite\",\"@id\":\"https:\/\/qista.com\/fr\/#website\",\"url\":\"https:\/\/qista.com\/fr\/\",\"name\":\"QISTA\",\"description\":\"L&#039;aspiration MosqiVortex 788\",\"publisher\":{\"@id\":\"https:\/\/qista.com\/fr\/#organization\"},\"potentialAction\":[{\"@type\":\"SearchAction\",\"target\":{\"@type\":\"EntryPoint\",\"urlTemplate\":\"https:\/\/qista.com\/fr\/?s={search_term_string}\"},\"query-input\":{\"@type\":\"PropertyValueSpecification\",\"valueRequired\":true,\"valueName\":\"search_term_string\"}}],\"inLanguage\":\"fr-FR\"},{\"@type\":\"Organization\",\"@id\":\"https:\/\/qista.com\/fr\/#organization\",\"name\":\"QISTA\",\"url\":\"https:\/\/qista.com\/fr\/\",\"logo\":{\"@type\":\"ImageObject\",\"inLanguage\":\"fr-FR\",\"@id\":\"https:\/\/qista.com\/fr\/#\/schema\/logo\/image\/\",\"url\":\"https:\/\/qista.com\/wp-content\/uploads\/2023\/03\/LogoB_Qista_MosqiVortex.webp\",\"contentUrl\":\"https:\/\/qista.com\/wp-content\/uploads\/2023\/03\/LogoB_Qista_MosqiVortex.webp\",\"width\":537,\"height\":164,\"caption\":\"QISTA\"},\"image\":{\"@id\":\"https:\/\/qista.com\/fr\/#\/schema\/logo\/image\/\"}}]}<\/script>\n<!-- \/ Yoast SEO plugin. -->","yoast_head_json":{"title":"Identifiant client","description":"Solution brevet\u00e9e et prouv\u00e9e scientifiquement, les machines anti moustique Qista \u00e9radiquent 88% des moustiques. Une solution propre, efficace, durable et fran\u00e7aise pour profiter en toute s\u00e9r\u00e9nit\u00e9 de vos espaces ext\u00e9rieurs.","robots":{"index":"index","follow":"follow","max-snippet":"max-snippet:-1","max-image-preview":"max-image-preview:large","max-video-preview":"max-video-preview:-1"},"canonical":"https:\/\/qista.com\/fr\/mon-compte\/","og_locale":"fr_FR","og_type":"article","og_title":"Identifiant client","og_description":"Solution brevet\u00e9e et prouv\u00e9e scientifiquement, les machines anti moustique Qista \u00e9radiquent 88% des moustiques. Une solution propre, efficace, durable et fran\u00e7aise pour profiter en toute s\u00e9r\u00e9nit\u00e9 de vos espaces ext\u00e9rieurs.","og_url":"https:\/\/qista.com\/fr\/mon-compte\/","og_site_name":"Qista.com","article_modified_time":"2024-12-27T11:19:39+00:00","og_image":[{"width":1200,"height":1196,"url":"https:\/\/qista.com\/wp-content\/uploads\/2023\/09\/quista-borne-visioplus.webp","type":"image\/webp"}],"twitter_card":"summary_large_image","twitter_misc":{"Dur\u00e9e de lecture estim\u00e9e":"2 minutes"},"schema":{"@context":"https:\/\/schema.org","@graph":[{"@type":"WebPage","@id":"https:\/\/qista.com\/fr\/mon-compte\/","url":"https:\/\/qista.com\/fr\/mon-compte\/","name":"Identifiant client","isPartOf":{"@id":"https:\/\/qista.com\/fr\/#website"},"datePublished":"2023-03-28T15:40:06+00:00","dateModified":"2024-12-27T11:19:39+00:00","description":"Solution brevet\u00e9e et prouv\u00e9e scientifiquement, les machines anti moustique Qista \u00e9radiquent 88% des moustiques. Une solution propre, efficace, durable et fran\u00e7aise pour profiter en toute s\u00e9r\u00e9nit\u00e9 de vos espaces ext\u00e9rieurs.","breadcrumb":{"@id":"https:\/\/qista.com\/fr\/mon-compte\/#breadcrumb"},"inLanguage":"fr-FR","potentialAction":[{"@type":"ReadAction","target":["https:\/\/qista.com\/fr\/mon-compte\/"]}]},{"@type":"BreadcrumbList","@id":"https:\/\/qista.com\/fr\/mon-compte\/#breadcrumb","itemListElement":[{"@type":"ListItem","position":1,"name":"Accueil","item":"https:\/\/qista.com\/fr\/"},{"@type":"ListItem","position":2,"name":"Mon compte"}]},{"@type":"WebSite","@id":"https:\/\/qista.com\/fr\/#website","url":"https:\/\/qista.com\/fr\/","name":"QISTA","description":"L&#039;aspiration MosqiVortex 788","publisher":{"@id":"https:\/\/qista.com\/fr\/#organization"},"potentialAction":[{"@type":"SearchAction","target":{"@type":"EntryPoint","urlTemplate":"https:\/\/qista.com\/fr\/?s={search_term_string}"},"query-input":{"@type":"PropertyValueSpecification","valueRequired":true,"valueName":"search_term_string"}}],"inLanguage":"fr-FR"},{"@type":"Organization","@id":"https:\/\/qista.com\/fr\/#organization","name":"QISTA","url":"https:\/\/qista.com\/fr\/","logo":{"@type":"ImageObject","inLanguage":"fr-FR","@id":"https:\/\/qista.com\/fr\/#\/schema\/logo\/image\/","url":"https:\/\/qista.com\/wp-content\/uploads\/2023\/03\/LogoB_Qista_MosqiVortex.webp","contentUrl":"https:\/\/qista.com\/wp-content\/uploads\/2023\/03\/LogoB_Qista_MosqiVortex.webp","width":537,"height":164,"caption":"QISTA"},"image":{"@id":"https:\/\/qista.com\/fr\/#\/schema\/logo\/image\/"}}]}},"_links":{"self":[{"href":"https:\/\/qista.com\/fr\/wp-json\/wp\/v2\/pages\/2855","targetHints":{"allow":["GET"]}}],"collection":[{"href":"https:\/\/qista.com\/fr\/wp-json\/wp\/v2\/pages"}],"about":[{"href":"https:\/\/qista.com\/fr\/wp-json\/wp\/v2\/types\/page"}],"author":[{"embeddable":true,"href":"https:\/\/qista.com\/fr\/wp-json\/wp\/v2\/users\/1"}],"replies":[{"embeddable":true,"href":"https:\/\/qista.com\/fr\/wp-json\/wp\/v2\/comments?post=2855"}],"version-history":[{"count":0,"href":"https:\/\/qista.com\/fr\/wp-json\/wp\/v2\/pages\/2855\/revisions"}],"wp:attachment":[{"href":"https:\/\/qista.com\/fr\/wp-json\/wp\/v2\/media?parent=2855"}],"curies":[{"name":"wp","href":"https:\/\/api.w.org\/{rel}","templated":true}]}}