{"id":2853,"date":"2023-03-28T17:40:06","date_gmt":"2023-03-28T15:40:06","guid":{"rendered":"https:\/\/preprod.qista.com\/panier\/"},"modified":"2025-05-09T17:02:01","modified_gmt":"2025-05-09T15:02:01","slug":"panier","status":"publish","type":"page","link":"https:\/\/qista.com\/fr\/panier\/","title":{"rendered":"Panier"},"content":{"rendered":"\t\t<div data-elementor-type=\"wp-page\" data-elementor-id=\"2853\" class=\"elementor elementor-2853\" data-elementor-post-type=\"page\">\n\t\t\t\t\t\t<section class=\"elementor-section elementor-top-section elementor-element elementor-element-339dbaa2 elementor-section-boxed elementor-section-height-default elementor-section-height-default\" data-id=\"339dbaa2\" data-element_type=\"section\">\n\t\t\t\t\t\t<div class=\"elementor-container elementor-column-gap-default\">\n\t\t\t\t\t<div class=\"elementor-column elementor-col-100 elementor-top-column elementor-element elementor-element-4305a1c4\" data-id=\"4305a1c4\" data-element_type=\"column\">\n\t\t\t<div class=\"elementor-widget-wrap elementor-element-populated\">\n\t\t\t\t\t\t<div class=\"elementor-element elementor-element-5448748 elementor-widget elementor-widget-heading\" data-id=\"5448748\" data-element_type=\"widget\" data-widget_type=\"heading.default\">\n\t\t\t\t<div class=\"elementor-widget-container\">\n\t\t\t\t\t<h1 class=\"elementor-heading-title elementor-size-default\">MON PANIER<\/h1>\t\t\t\t<\/div>\n\t\t\t\t<\/div>\n\t\t\t\t<div class=\"elementor-element elementor-element-29cdbf9 elementor-widget elementor-widget-spacer\" data-id=\"29cdbf9\" data-element_type=\"widget\" data-widget_type=\"spacer.default\">\n\t\t\t\t<div class=\"elementor-widget-container\">\n\t\t\t\t\t\t\t<div class=\"elementor-spacer\">\n\t\t\t<div class=\"elementor-spacer-inner\"><\/div>\n\t\t<\/div>\n\t\t\t\t\t\t<\/div>\n\t\t\t\t<\/div>\n\t\t\t\t<div class=\"elementor-element elementor-element-7df5276a elementor-widget elementor-widget-text-editor\" data-id=\"7df5276a\" data-element_type=\"widget\" data-widget_type=\"text-editor.default\">\n\t\t\t\t<div class=\"elementor-widget-container\">\n\t\t\t\t\t\t\t\t\t<p><\/p>\t\t\t\t\t\t\t\t<\/div>\n\t\t\t\t<\/div>\n\t\t\t\t\t<\/div>\n\t\t<\/div>\n\t\t\t\t\t<\/div>\n\t\t<\/section>\n\t\t\t\t<section class=\"elementor-section elementor-top-section elementor-element elementor-element-9b0dd7d elementor-section-boxed elementor-section-height-default elementor-section-height-default\" data-id=\"9b0dd7d\" data-element_type=\"section\">\n\t\t\t\t\t\t<div class=\"elementor-container elementor-column-gap-default\">\n\t\t\t\t\t<div class=\"elementor-column elementor-col-100 elementor-top-column elementor-element elementor-element-68f3878\" data-id=\"68f3878\" data-element_type=\"column\" data-settings=\"{&quot;background_background&quot;:&quot;classic&quot;}\">\n\t\t\t<div class=\"elementor-widget-wrap elementor-element-populated\">\n\t\t\t\t\t\t<div class=\"elementor-element elementor-element-a7c522e elementor-position-left elementor-view-default elementor-mobile-position-top elementor-widget elementor-widget-icon-box\" data-id=\"a7c522e\" data-element_type=\"widget\" data-widget_type=\"icon-box.default\">\n\t\t\t\t<div class=\"elementor-widget-container\">\n\t\t\t\t\t\t\t<div class=\"elementor-icon-box-wrapper\">\n\n\t\t\t\t\t\t<div class=\"elementor-icon-box-icon\">\n\t\t\t\t<span  class=\"elementor-icon\">\n\t\t\t\t<svg xmlns=\"http:\/\/www.w3.org\/2000\/svg\" id=\"Calque_2\" data-name=\"Calque 2\" viewBox=\"0 0 111.56 114.45\"><g id=\"Calque_1-2\" data-name=\"Calque 1\"><g id=\"Groupe_115\" data-name=\"Groupe 115\"><path id=\"Trac&#xE9;_569\" data-name=\"Trac&#xE9; 569\" d=\"m2.06,107.37l69.63,7.08h.28c.22,0,.45-.05.66-.12.05-.02.11-.03.16-.05.21-.09.4-.21.58-.35.02-.02.05-.03.08-.05s.11-.12.16-.18c.02-.02.04-.03.05-.05l31.53-36.95h0c.07-.09.14-.19.2-.29.02-.04.05-.07.07-.12s.04-.1.06-.14c.11-.23.17-.48.2-.74l5.83-57.33c.13-1.26-.78-2.38-2.04-2.51,0,0,0,0,0,0l-66.55-6.77c-1.26-.13-2.39.79-2.51,2.05-.13,1.26.79,2.39,2.05,2.51l64.27,6.52-5.39,53-29-.46c-.61-.03-1.21.21-1.64.65-.44.43-.69,1.01-.69,1.62l-.38,34.94-64.85-6.59,6.76-66.51c.13-1.26-.79-2.39-2.05-2.52s-2.39.79-2.52,2.05L.01,104.86c-.13,1.26.79,2.39,2.05,2.52,0,0,0,0,0,0\"><\/path><path id=\"Trac&#xE9;_570\" data-name=\"Trac&#xE9; 570\" d=\"m3.38,26.07c1.36,1.29,3.18,1.98,5.06,1.9,1.17-.02,2.33-.2,3.45-.54l5.91,5.88c-2.29,5.27-2.1,9.92.63,12.63,1.59,1.5,3.71,2.3,5.9,2.22,4.26-.29,8.34-1.86,11.71-4.49l4.93,4.9c.43.42,1,.66,1.6.67h.05c4.47.01,8.1-3.6,8.11-8.07,0-.05,0-.11,0-.16-.01-.6-.25-1.17-.68-1.59l-4.93-4.9c1.51-2.13,2.72-4.47,3.56-6.94,1.48-4.52.99-8.31-1.41-10.68-2.72-2.71-7.37-2.87-12.63-.55l-5.95-5.9c1.14-2.86.6-6.13-1.41-8.47C24.75-.14,21.22-.6,18.22.8c-3.7,1.37-7.03,3.56-9.75,6.41C1.65,14.07-.54,22.18,3.38,26.07m42.67,15.83c-.28,1.32-1.3,2.35-2.62,2.64l-3.81-3.79c.45-.42.91-.83,1.36-1.27s.86-.89,1.28-1.35l3.8,3.77Zm-2.01-21.76c1.07,1.06,1.17,3.25.28,6-1.41,3.82-3.67,7.28-6.6,10.1-6.41,6.45-13.76,8.72-16.06,6.44-1.46-1.45-1.1-4.91.92-8.83.02-.05.03-.1.06-.15s.03-.07.04-.11c.09-.24.14-.49.14-.75v-.1c0-.26-.06-.51-.15-.75l-.04-.1c-.11-.25-.26-.47-.45-.66,0,0-.02-.03-.03-.04l-5.79-5.74c2.13-1.27,4.1-2.81,5.84-4.58,1.76-1.76,3.29-3.73,4.55-5.88l8.6,8.54c-1.13,2.23-2.61,4.27-4.39,6.03-2.07,2.16-4.56,3.87-7.31,5.05-1.18.46-1.76,1.79-1.3,2.97.46,1.18,1.79,1.76,2.97,1.3,3.34-1.41,6.37-3.48,8.89-6.09,2.58-2.53,4.63-5.56,6.01-8.91h0v-.04c.09-.25.14-.52.14-.79v-.06c0-.27-.06-.54-.16-.8,0-.02,0-.04-.02-.07-.11-.27-.28-.51-.48-.72v-.02s-.04-.02-.04-.02h0l-1.49-1.48c2.62-.85,4.77-.79,5.85.28M11.72,10.42c2.22-2.33,4.94-4.13,7.95-5.27.83-.3,1.7-.47,2.59-.49.65-.05,1.3.15,1.81.57.74.74.78,2.37.12,4.39-1.13,3.02-2.91,5.75-5.23,7.99-5.33,5.36-10.87,6.65-12.34,5.2s-.22-7.02,5.11-12.39\"><\/path><\/g><\/g><\/svg>\t\t\t\t<\/span>\n\t\t\t<\/div>\n\t\t\t\n\t\t\t\t\t\t<div class=\"elementor-icon-box-content\">\n\n\t\t\t\t\n\t\t\t\t\t\t\t\t\t<p class=\"elementor-icon-box-description\">\n\t\t\t\t\t\tNOTE IMPORTANTE : Nous mettons \u00e0 jours nos CGV\t\t\t\t\t<\/p>\n\t\t\t\t\n\t\t\t<\/div>\n\t\t\t\n\t\t<\/div>\n\t\t\t\t\t\t<\/div>\n\t\t\t\t<\/div>\n\t\t\t\t<div class=\"elementor-element elementor-element-2993cff elementor-widget__width-initial elementor-widget elementor-widget-text-editor\" data-id=\"2993cff\" data-element_type=\"widget\" data-widget_type=\"text-editor.default\">\n\t\t\t\t<div class=\"elementor-widget-container\">\n\t\t\t\t\t\t\t\t\tLe <strong>syst\u00e8me de consigne c\u00e8de sa place au syst\u00e8me de mise \u00e0 disposition<\/strong> des bouteilles de gaz ce qui donne lieu \u00e0 un <span style=\"color: #70f1d1;\"> <strong>paiement d\u00e9finitif<\/strong><\/span> de la somme de 102\u20ac TTC. <strong>Cette somme ne sera plus rembours\u00e9e<\/strong>\u00a0\u00e0 la restitution de la bouteille de gaz.\n\nConsultez nos CGV pour <strong><a href=\"https:\/\/qista.com\/fr\/conditions-generales-de-vente\/\"><span style=\"color: #70f1d1;\">EN SAVOIR +<\/span><\/a><\/strong>\t\t\t\t\t\t\t\t<\/div>\n\t\t\t\t<\/div>\n\t\t\t\t\t<\/div>\n\t\t<\/div>\n\t\t\t\t\t<\/div>\n\t\t<\/section>\n\t\t\t\t<\/div>\n\t\t","protected":false},"excerpt":{"rendered":"<p>MON PANIER NOTE IMPORTANTE : Nous mettons \u00e0 jours nos CGV Le syst\u00e8me de consigne c\u00e8de sa place au syst\u00e8me de mise \u00e0 disposition des bouteilles de gaz ce qui donne lieu \u00e0 un paiement d\u00e9finitif de la somme de 102\u20ac TTC. Cette somme ne sera plus rembours\u00e9e\u00a0\u00e0 la restitution de la bouteille de gaz. [&hellip;]<\/p>\n","protected":false},"author":1,"featured_media":0,"parent":0,"menu_order":0,"comment_status":"closed","ping_status":"closed","template":"elementor_header_footer","meta":{"_acf_changed":false,"_mo_disable_npp":"","footnotes":""},"class_list":["post-2853","page","type-page","status-publish","hentry"],"acf":[],"yoast_head":"<!-- This site is optimized with the Yoast SEO plugin v25.3 - https:\/\/yoast.com\/wordpress\/plugins\/seo\/ -->\n<title>Panier<\/title>\n<meta name=\"description\" content=\"Solution brevet\u00e9e et prouv\u00e9e scientifiquement, les machines anti moustique Qista \u00e9radiquent 88% des moustiques. Une solution propre, efficace, durable et fran\u00e7aise pour profiter en toute s\u00e9r\u00e9nit\u00e9 de vos espaces ext\u00e9rieurs.\" \/>\n<meta name=\"robots\" content=\"index, follow, max-snippet:-1, max-image-preview:large, max-video-preview:-1\" \/>\n<link rel=\"canonical\" href=\"https:\/\/qista.com\/fr\/panier\/\" \/>\n<meta property=\"og:locale\" content=\"fr_FR\" \/>\n<meta property=\"og:type\" content=\"article\" \/>\n<meta property=\"og:title\" content=\"Panier\" \/>\n<meta property=\"og:description\" content=\"Solution brevet\u00e9e et prouv\u00e9e scientifiquement, les machines anti moustique Qista \u00e9radiquent 88% des moustiques. Une solution propre, efficace, durable et fran\u00e7aise pour profiter en toute s\u00e9r\u00e9nit\u00e9 de vos espaces ext\u00e9rieurs.\" \/>\n<meta property=\"og:url\" content=\"https:\/\/qista.com\/fr\/panier\/\" \/>\n<meta property=\"og:site_name\" content=\"Qista.com\" \/>\n<meta property=\"article:modified_time\" content=\"2025-05-09T15:02:01+00:00\" \/>\n<meta property=\"og:image\" content=\"https:\/\/qista.com\/wp-content\/uploads\/2023\/09\/quista-borne-visioplus.webp\" \/>\n\t<meta property=\"og:image:width\" content=\"1200\" \/>\n\t<meta property=\"og:image:height\" content=\"1196\" \/>\n\t<meta property=\"og:image:type\" content=\"image\/webp\" \/>\n<meta name=\"twitter:card\" content=\"summary_large_image\" \/>\n<meta name=\"twitter:label1\" content=\"Dur\u00e9e de lecture estim\u00e9e\" \/>\n\t<meta name=\"twitter:data1\" content=\"1 minute\" \/>\n<script type=\"application\/ld+json\" class=\"yoast-schema-graph\">{\"@context\":\"https:\/\/schema.org\",\"@graph\":[{\"@type\":\"WebPage\",\"@id\":\"https:\/\/qista.com\/fr\/panier\/\",\"url\":\"https:\/\/qista.com\/fr\/panier\/\",\"name\":\"Panier\",\"isPartOf\":{\"@id\":\"https:\/\/qista.com\/fr\/#website\"},\"datePublished\":\"2023-03-28T15:40:06+00:00\",\"dateModified\":\"2025-05-09T15:02:01+00:00\",\"description\":\"Solution brevet\u00e9e et prouv\u00e9e scientifiquement, les machines anti moustique Qista \u00e9radiquent 88% des moustiques. Une solution propre, efficace, durable et fran\u00e7aise pour profiter en toute s\u00e9r\u00e9nit\u00e9 de vos espaces ext\u00e9rieurs.\",\"breadcrumb\":{\"@id\":\"https:\/\/qista.com\/fr\/panier\/#breadcrumb\"},\"inLanguage\":\"fr-FR\",\"potentialAction\":[{\"@type\":\"ReadAction\",\"target\":[\"https:\/\/qista.com\/fr\/panier\/\"]}]},{\"@type\":\"BreadcrumbList\",\"@id\":\"https:\/\/qista.com\/fr\/panier\/#breadcrumb\",\"itemListElement\":[{\"@type\":\"ListItem\",\"position\":1,\"name\":\"Accueil\",\"item\":\"https:\/\/qista.com\/fr\/\"},{\"@type\":\"ListItem\",\"position\":2,\"name\":\"Panier\"}]},{\"@type\":\"WebSite\",\"@id\":\"https:\/\/qista.com\/fr\/#website\",\"url\":\"https:\/\/qista.com\/fr\/\",\"name\":\"QISTA\",\"description\":\"L&#039;aspiration MosqiVortex 788\",\"publisher\":{\"@id\":\"https:\/\/qista.com\/fr\/#organization\"},\"potentialAction\":[{\"@type\":\"SearchAction\",\"target\":{\"@type\":\"EntryPoint\",\"urlTemplate\":\"https:\/\/qista.com\/fr\/?s={search_term_string}\"},\"query-input\":{\"@type\":\"PropertyValueSpecification\",\"valueRequired\":true,\"valueName\":\"search_term_string\"}}],\"inLanguage\":\"fr-FR\"},{\"@type\":\"Organization\",\"@id\":\"https:\/\/qista.com\/fr\/#organization\",\"name\":\"QISTA\",\"url\":\"https:\/\/qista.com\/fr\/\",\"logo\":{\"@type\":\"ImageObject\",\"inLanguage\":\"fr-FR\",\"@id\":\"https:\/\/qista.com\/fr\/#\/schema\/logo\/image\/\",\"url\":\"https:\/\/qista.com\/wp-content\/uploads\/2023\/03\/LogoB_Qista_MosqiVortex.webp\",\"contentUrl\":\"https:\/\/qista.com\/wp-content\/uploads\/2023\/03\/LogoB_Qista_MosqiVortex.webp\",\"width\":537,\"height\":164,\"caption\":\"QISTA\"},\"image\":{\"@id\":\"https:\/\/qista.com\/fr\/#\/schema\/logo\/image\/\"}}]}<\/script>\n<!-- \/ Yoast SEO plugin. -->","yoast_head_json":{"title":"Panier","description":"Solution brevet\u00e9e et prouv\u00e9e scientifiquement, les machines anti moustique Qista \u00e9radiquent 88% des moustiques. Une solution propre, efficace, durable et fran\u00e7aise pour profiter en toute s\u00e9r\u00e9nit\u00e9 de vos espaces ext\u00e9rieurs.","robots":{"index":"index","follow":"follow","max-snippet":"max-snippet:-1","max-image-preview":"max-image-preview:large","max-video-preview":"max-video-preview:-1"},"canonical":"https:\/\/qista.com\/fr\/panier\/","og_locale":"fr_FR","og_type":"article","og_title":"Panier","og_description":"Solution brevet\u00e9e et prouv\u00e9e scientifiquement, les machines anti moustique Qista \u00e9radiquent 88% des moustiques. Une solution propre, efficace, durable et fran\u00e7aise pour profiter en toute s\u00e9r\u00e9nit\u00e9 de vos espaces ext\u00e9rieurs.","og_url":"https:\/\/qista.com\/fr\/panier\/","og_site_name":"Qista.com","article_modified_time":"2025-05-09T15:02:01+00:00","og_image":[{"width":1200,"height":1196,"url":"https:\/\/qista.com\/wp-content\/uploads\/2023\/09\/quista-borne-visioplus.webp","type":"image\/webp"}],"twitter_card":"summary_large_image","twitter_misc":{"Dur\u00e9e de lecture estim\u00e9e":"1 minute"},"schema":{"@context":"https:\/\/schema.org","@graph":[{"@type":"WebPage","@id":"https:\/\/qista.com\/fr\/panier\/","url":"https:\/\/qista.com\/fr\/panier\/","name":"Panier","isPartOf":{"@id":"https:\/\/qista.com\/fr\/#website"},"datePublished":"2023-03-28T15:40:06+00:00","dateModified":"2025-05-09T15:02:01+00:00","description":"Solution brevet\u00e9e et prouv\u00e9e scientifiquement, les machines anti moustique Qista \u00e9radiquent 88% des moustiques. Une solution propre, efficace, durable et fran\u00e7aise pour profiter en toute s\u00e9r\u00e9nit\u00e9 de vos espaces ext\u00e9rieurs.","breadcrumb":{"@id":"https:\/\/qista.com\/fr\/panier\/#breadcrumb"},"inLanguage":"fr-FR","potentialAction":[{"@type":"ReadAction","target":["https:\/\/qista.com\/fr\/panier\/"]}]},{"@type":"BreadcrumbList","@id":"https:\/\/qista.com\/fr\/panier\/#breadcrumb","itemListElement":[{"@type":"ListItem","position":1,"name":"Accueil","item":"https:\/\/qista.com\/fr\/"},{"@type":"ListItem","position":2,"name":"Panier"}]},{"@type":"WebSite","@id":"https:\/\/qista.com\/fr\/#website","url":"https:\/\/qista.com\/fr\/","name":"QISTA","description":"L&#039;aspiration MosqiVortex 788","publisher":{"@id":"https:\/\/qista.com\/fr\/#organization"},"potentialAction":[{"@type":"SearchAction","target":{"@type":"EntryPoint","urlTemplate":"https:\/\/qista.com\/fr\/?s={search_term_string}"},"query-input":{"@type":"PropertyValueSpecification","valueRequired":true,"valueName":"search_term_string"}}],"inLanguage":"fr-FR"},{"@type":"Organization","@id":"https:\/\/qista.com\/fr\/#organization","name":"QISTA","url":"https:\/\/qista.com\/fr\/","logo":{"@type":"ImageObject","inLanguage":"fr-FR","@id":"https:\/\/qista.com\/fr\/#\/schema\/logo\/image\/","url":"https:\/\/qista.com\/wp-content\/uploads\/2023\/03\/LogoB_Qista_MosqiVortex.webp","contentUrl":"https:\/\/qista.com\/wp-content\/uploads\/2023\/03\/LogoB_Qista_MosqiVortex.webp","width":537,"height":164,"caption":"QISTA"},"image":{"@id":"https:\/\/qista.com\/fr\/#\/schema\/logo\/image\/"}}]}},"_links":{"self":[{"href":"https:\/\/qista.com\/fr\/wp-json\/wp\/v2\/pages\/2853","targetHints":{"allow":["GET"]}}],"collection":[{"href":"https:\/\/qista.com\/fr\/wp-json\/wp\/v2\/pages"}],"about":[{"href":"https:\/\/qista.com\/fr\/wp-json\/wp\/v2\/types\/page"}],"author":[{"embeddable":true,"href":"https:\/\/qista.com\/fr\/wp-json\/wp\/v2\/users\/1"}],"replies":[{"embeddable":true,"href":"https:\/\/qista.com\/fr\/wp-json\/wp\/v2\/comments?post=2853"}],"version-history":[{"count":3,"href":"https:\/\/qista.com\/fr\/wp-json\/wp\/v2\/pages\/2853\/revisions"}],"predecessor-version":[{"id":43474,"href":"https:\/\/qista.com\/fr\/wp-json\/wp\/v2\/pages\/2853\/revisions\/43474"}],"wp:attachment":[{"href":"https:\/\/qista.com\/fr\/wp-json\/wp\/v2\/media?parent=2853"}],"curies":[{"name":"wp","href":"https:\/\/api.w.org\/{rel}","templated":true}]}}