{"id":1849,"date":"2023-03-24T17:52:59","date_gmt":"2023-03-24T16:52:59","guid":{"rendered":"https:\/\/preprod.qista.com\/?page_id=1849"},"modified":"2023-12-11T11:47:19","modified_gmt":"2023-12-11T10:47:19","slug":"parrainage","status":"publish","type":"page","link":"https:\/\/qista.com\/fr\/parrainage\/","title":{"rendered":"Parrainage"},"content":{"rendered":"\t\t<div data-elementor-type=\"wp-page\" data-elementor-id=\"1849\" class=\"elementor elementor-1849\" data-elementor-post-type=\"page\">\n\t\t\t\t\t\t<section class=\"elementor-section elementor-top-section elementor-element elementor-element-e53b736 elementor-section-boxed elementor-section-height-default elementor-section-height-default\" data-id=\"e53b736\" data-element_type=\"section\" data-settings=\"{&quot;background_background&quot;:&quot;classic&quot;}\">\n\t\t\t\t\t\t\t<div class=\"elementor-background-overlay\"><\/div>\n\t\t\t\t\t\t\t<div class=\"elementor-container elementor-column-gap-default\">\n\t\t\t\t\t<div class=\"elementor-column elementor-col-100 elementor-top-column elementor-element elementor-element-3b72a7b\" data-id=\"3b72a7b\" data-element_type=\"column\">\n\t\t\t<div class=\"elementor-widget-wrap elementor-element-populated\">\n\t\t\t\t\t\t<div class=\"elementor-element elementor-element-9d77268 elementor-align-center elementor-widget elementor-widget-breadcrumbs\" data-id=\"9d77268\" data-element_type=\"widget\" data-widget_type=\"breadcrumbs.default\">\n\t\t\t\t<div class=\"elementor-widget-container\">\n\t\t\t\t\t<p id=\"breadcrumbs\"><span><span><a href=\"https:\/\/qista.com\/fr\/\">Accueil<\/a><\/span><\/span><\/p>\t\t\t\t<\/div>\n\t\t\t\t<\/div>\n\t\t\t\t\t<\/div>\n\t\t<\/div>\n\t\t\t\t\t<\/div>\n\t\t<\/section>\n\t\t\t\t<section class=\"elementor-section elementor-top-section elementor-element elementor-element-edf62f1 elementor-section-boxed elementor-section-height-default elementor-section-height-default\" data-id=\"edf62f1\" data-element_type=\"section\" data-settings=\"{&quot;background_background&quot;:&quot;classic&quot;}\">\n\t\t\t\t\t\t<div class=\"elementor-container elementor-column-gap-default\">\n\t\t\t\t\t<div class=\"elementor-column elementor-col-100 elementor-top-column elementor-element elementor-element-92c6f49\" data-id=\"92c6f49\" data-element_type=\"column\">\n\t\t\t<div class=\"elementor-widget-wrap elementor-element-populated\">\n\t\t\t\t\t\t<div class=\"elementor-element elementor-element-2272f8b elementor-widget elementor-widget-heading\" data-id=\"2272f8b\" data-element_type=\"widget\" data-widget_type=\"heading.default\">\n\t\t\t\t<div class=\"elementor-widget-container\">\n\t\t\t\t\t<h1 class=\"elementor-heading-title elementor-size-default\">Parrainez vos voisins, votre famille et vos amis !<\/h1>\t\t\t\t<\/div>\n\t\t\t\t<\/div>\n\t\t\t\t<div class=\"elementor-element elementor-element-34373d1 elementor-widget-divider--view-line elementor-widget elementor-widget-divider\" data-id=\"34373d1\" data-element_type=\"widget\" data-widget_type=\"divider.default\">\n\t\t\t\t<div class=\"elementor-widget-container\">\n\t\t\t\t\t\t\t<div class=\"elementor-divider\">\n\t\t\t<span class=\"elementor-divider-separator\">\n\t\t\t\t\t\t<\/span>\n\t\t<\/div>\n\t\t\t\t\t\t<\/div>\n\t\t\t\t<\/div>\n\t\t\t\t<div class=\"elementor-element elementor-element-aa85dec elementor-widget elementor-widget-text-editor\" data-id=\"aa85dec\" data-element_type=\"widget\" data-widget_type=\"text-editor.default\">\n\t\t\t\t<div class=\"elementor-widget-container\">\n\t\t\t\t\t\t\t\t\t<p>Qista vous offre un pack de recharge pour votre borne anti-moustique<\/p>\t\t\t\t\t\t\t\t<\/div>\n\t\t\t\t<\/div>\n\t\t\t\t\t<\/div>\n\t\t<\/div>\n\t\t\t\t\t<\/div>\n\t\t<\/section>\n\t\t\t\t<section class=\"elementor-section elementor-top-section elementor-element elementor-element-55d5dbb8 elementor-section-content-middle elementor-section-boxed elementor-section-height-default elementor-section-height-default\" data-id=\"55d5dbb8\" data-element_type=\"section\">\n\t\t\t\t\t\t<div class=\"elementor-container elementor-column-gap-default\">\n\t\t\t\t\t<div class=\"elementor-column elementor-col-100 elementor-top-column elementor-element elementor-element-17158649\" data-id=\"17158649\" data-element_type=\"column\">\n\t\t\t<div class=\"elementor-widget-wrap elementor-element-populated\">\n\t\t\t\t\t\t<section class=\"elementor-section elementor-inner-section elementor-element elementor-element-41a6f95 elementor-section-boxed elementor-section-height-default elementor-section-height-default\" data-id=\"41a6f95\" data-element_type=\"section\">\n\t\t\t\t\t\t<div class=\"elementor-container elementor-column-gap-default\">\n\t\t\t\t\t<div class=\"elementor-column elementor-col-50 elementor-inner-column elementor-element elementor-element-dd7e10e\" data-id=\"dd7e10e\" data-element_type=\"column\">\n\t\t\t<div class=\"elementor-widget-wrap elementor-element-populated\">\n\t\t\t\t\t\t<div class=\"elementor-element elementor-element-d6878cb elementor-widget elementor-widget-image\" data-id=\"d6878cb\" data-element_type=\"widget\" data-widget_type=\"image.default\">\n\t\t\t\t<div class=\"elementor-widget-container\">\n\t\t\t\t\t\t\t\t\t\t\t\t\t\t\t<img fetchpriority=\"high\" decoding=\"async\" width=\"500\" height=\"500\" src=\"https:\/\/qista.com\/wp-content\/uploads\/2023\/03\/Pack-Recharge_2.webp\" class=\"attachment-large size-large wp-image-1851\" alt=\"\" srcset=\"https:\/\/qista.com\/wp-content\/uploads\/2023\/03\/Pack-Recharge_2.webp 500w, https:\/\/qista.com\/wp-content\/uploads\/2023\/03\/Pack-Recharge_2-100x100.webp 100w, https:\/\/qista.com\/wp-content\/uploads\/2023\/03\/Pack-Recharge_2-300x300.webp 300w, https:\/\/qista.com\/wp-content\/uploads\/2023\/03\/Pack-Recharge_2-150x150.webp 150w\" sizes=\"(max-width: 500px) 100vw, 500px\" \/>\t\t\t\t\t\t\t\t\t\t\t\t\t\t\t<\/div>\n\t\t\t\t<\/div>\n\t\t\t\t\t<\/div>\n\t\t<\/div>\n\t\t\t\t<div class=\"elementor-column elementor-col-50 elementor-inner-column elementor-element elementor-element-4ea901c\" data-id=\"4ea901c\" data-element_type=\"column\">\n\t\t\t<div class=\"elementor-widget-wrap elementor-element-populated\">\n\t\t\t\t\t\t<div class=\"elementor-element elementor-element-1374e8a3 elementor-widget elementor-widget-text-editor\" data-id=\"1374e8a3\" data-element_type=\"widget\" data-widget_type=\"text-editor.default\">\n\t\t\t\t<div class=\"elementor-widget-container\">\n\t\t\t\t\t\t\t\t\t<h3>Imaginez un quartier sans moustiques ! Faites d\u00e9couvrir la solution Qista \u00e0 votre entourage d\u00e8s maintenant !<\/h3>\n<p>Tout le monde devrait pouvoir profiter de son jardin sans subir les piqures de moustiques en p\u00e9riode estivale.<\/p>\n<p>En permettant \u00e0 vos proches et \u00e0 vos voisins de s&rsquo;\u00e9quiper eux aussi d&rsquo;une borne anti-moustique, vous augmenter la zone de d\u00e9moustication et le nombre de moustiques captur\u00e9s !<\/p>\n<h4>Pour tout achat de borne par le filleul :<\/h4>\n<ul class=\"arrow-list\">\n<li><strong>un&nbsp;<a title=\"Pack de recharge\" href=\"https:\/\/qista.com\/fr\/pack-recharge.html\">Pack de recharge<\/a>&nbsp;de consommables offert<\/strong>&nbsp;au parrain.<\/li>\n<li><strong>une bouteille de CO<sub>2<\/sub>&nbsp;offerte<\/strong>&nbsp;au filleul, \u00e0 d\u00e9duire de la commande de sa premi\u00e8re BAM.&nbsp;<\/li>\n<\/ul>\t\t\t\t\t\t\t\t<\/div>\n\t\t\t\t<\/div>\n\t\t\t\t\t<\/div>\n\t\t<\/div>\n\t\t\t\t\t<\/div>\n\t\t<\/section>\n\t\t\t\t<div class=\"elementor-element elementor-element-6ef9211 elementor-widget__width-initial elementor-widget elementor-widget-heading\" data-id=\"6ef9211\" data-element_type=\"widget\" data-widget_type=\"heading.default\">\n\t\t\t\t<div class=\"elementor-widget-container\">\n\t\t\t\t\t<h2 class=\"elementor-heading-title elementor-size-default\">Je souhaite parrainer un ami, comment \u00e7a marche ?\n<\/h2>\t\t\t\t<\/div>\n\t\t\t\t<\/div>\n\t\t\t\t<section class=\"elementor-section elementor-inner-section elementor-element elementor-element-54bae95 elementor-section-boxed elementor-section-height-default elementor-section-height-default\" data-id=\"54bae95\" data-element_type=\"section\">\n\t\t\t\t\t\t<div class=\"elementor-container elementor-column-gap-default\">\n\t\t\t\t\t<div class=\"elementor-column elementor-col-33 elementor-inner-column elementor-element elementor-element-a12ad60\" data-id=\"a12ad60\" data-element_type=\"column\">\n\t\t\t<div class=\"elementor-widget-wrap elementor-element-populated\">\n\t\t\t\t\t\t<div class=\"elementor-element elementor-element-8f88cbc elementor-widget elementor-widget-text-editor\" data-id=\"8f88cbc\" data-element_type=\"widget\" data-widget_type=\"text-editor.default\">\n\t\t\t\t<div class=\"elementor-widget-container\">\n\t\t\t\t\t\t\t\t\t<h4><span style=\"color: #a8d15f;\"><strong>1. Parrain\u00a0<\/strong>:<\/span><\/h4><p>Apr\u00e8s vous \u00eatre<a href=\"https:\/\/qista.com\/mon-compte\/\"><strong> connect\u00e9\u00a0\u00e0 votre compte<\/strong><\/a>, Dans le formulaire, rentrez les coordonn\u00e9es du couple parrain \/ filleul et cliquez sur \u00ab\u00a0<strong>Envoyer<\/strong>\u00ab\u00a0.<\/p>\t\t\t\t\t\t\t\t<\/div>\n\t\t\t\t<\/div>\n\t\t\t\t\t<\/div>\n\t\t<\/div>\n\t\t\t\t<div class=\"elementor-column elementor-col-33 elementor-inner-column elementor-element elementor-element-36cd3de\" data-id=\"36cd3de\" data-element_type=\"column\">\n\t\t\t<div class=\"elementor-widget-wrap elementor-element-populated\">\n\t\t\t\t\t\t<div class=\"elementor-element elementor-element-b1142c7 elementor-widget elementor-widget-text-editor\" data-id=\"b1142c7\" data-element_type=\"widget\" data-widget_type=\"text-editor.default\">\n\t\t\t\t<div class=\"elementor-widget-container\">\n\t\t\t\t\t\t\t\t\t<h4><span style=\"color: #a8d15f;\"><strong>2. Filleul\u00a0<\/strong>:<\/span><\/h4><p>R\u00e9cup\u00e9rez le code promo qui vous a \u00e9t\u00e9 envoy\u00e9 par mail. Lors de votre commande, \u00e0 l\u2019\u00e9tape du panier, renseignez votre code promo dans le champ \u00ab<strong> Code Promo<\/strong>\u00a0\u00bb, puis cliquez sur \u00ab\u00a0<strong>Appliquer\u00a0<\/strong>\u00bb. Terminez votre commande et proc\u00e9dez au paiement.<\/p>\t\t\t\t\t\t\t\t<\/div>\n\t\t\t\t<\/div>\n\t\t\t\t\t<\/div>\n\t\t<\/div>\n\t\t\t\t<div class=\"elementor-column elementor-col-33 elementor-inner-column elementor-element elementor-element-62dfda8\" data-id=\"62dfda8\" data-element_type=\"column\">\n\t\t\t<div class=\"elementor-widget-wrap elementor-element-populated\">\n\t\t\t\t\t\t<div class=\"elementor-element elementor-element-b5b77bc elementor-widget elementor-widget-text-editor\" data-id=\"b5b77bc\" data-element_type=\"widget\" data-widget_type=\"text-editor.default\">\n\t\t\t\t<div class=\"elementor-widget-container\">\n\t\t\t\t\t\t\t\t\t<h4><span style=\"color: #a8d15f;\"><strong>3. Parrain\u00a0<\/strong>:<\/span><\/h4><p>R\u00e9cup\u00e9rez \u00e0 votre tour un code promo dans le mail de confirmation qui vous a \u00e9t\u00e9 envoy\u00e9 apr\u00e8s l\u2019achat de votre filleul.<\/p>\t\t\t\t\t\t\t\t<\/div>\n\t\t\t\t<\/div>\n\t\t\t\t\t<\/div>\n\t\t<\/div>\n\t\t\t\t\t<\/div>\n\t\t<\/section>\n\t\t\t\t<div class=\"elementor-element elementor-element-ce5b296 elementor-widget elementor-widget-spacer\" data-id=\"ce5b296\" data-element_type=\"widget\" data-widget_type=\"spacer.default\">\n\t\t\t\t<div class=\"elementor-widget-container\">\n\t\t\t\t\t\t\t<div class=\"elementor-spacer\">\n\t\t\t<div class=\"elementor-spacer-inner\"><\/div>\n\t\t<\/div>\n\t\t\t\t\t\t<\/div>\n\t\t\t\t<\/div>\n\t\t\t\t<div class=\"elementor-element elementor-element-20b6414 elementor-widget elementor-widget-button\" data-id=\"20b6414\" data-element_type=\"widget\" data-widget_type=\"button.default\">\n\t\t\t\t<div class=\"elementor-widget-container\">\n\t\t\t\t\t\t\t\t\t<div class=\"elementor-button-wrapper\">\n\t\t\t\t\t<a class=\"elementor-button elementor-size-sm\" role=\"button\">\n\t\t\t\t\t\t<span class=\"elementor-button-content-wrapper\">\n\t\t\t\t\t\t\t\t\t<span class=\"elementor-button-text\">Bient\u00f4t disponible !<\/span>\n\t\t\t\t\t<\/span>\n\t\t\t\t\t<\/a>\n\t\t\t\t<\/div>\n\t\t\t\t\t\t\t\t<\/div>\n\t\t\t\t<\/div>\n\t\t\t\t\t<\/div>\n\t\t<\/div>\n\t\t\t\t\t<\/div>\n\t\t<\/section>\n\t\t\t\t<section class=\"elementor-section elementor-top-section elementor-element elementor-element-4c586d7 elementor-section-boxed elementor-section-height-default elementor-section-height-default\" data-id=\"4c586d7\" data-element_type=\"section\">\n\t\t\t\t\t\t<div class=\"elementor-container elementor-column-gap-default\">\n\t\t\t\t\t<div class=\"elementor-column elementor-col-100 elementor-top-column elementor-element elementor-element-4944910\" data-id=\"4944910\" data-element_type=\"column\">\n\t\t\t<div class=\"elementor-widget-wrap elementor-element-populated\">\n\t\t\t\t\t\t<section class=\"elementor-section elementor-inner-section elementor-element elementor-element-fd41a5f elementor-section-content-middle elementor-section-boxed elementor-section-height-default elementor-section-height-default\" data-id=\"fd41a5f\" data-element_type=\"section\">\n\t\t\t\t\t\t<div class=\"elementor-container elementor-column-gap-default\">\n\t\t\t\t\t<div class=\"elementor-column elementor-col-50 elementor-inner-column elementor-element elementor-element-51a889c\" data-id=\"51a889c\" data-element_type=\"column\">\n\t\t\t<div class=\"elementor-widget-wrap elementor-element-populated\">\n\t\t\t\t\t\t<div class=\"elementor-element elementor-element-72ec01b elementor-view-default elementor-widget elementor-widget-icon\" data-id=\"72ec01b\" data-element_type=\"widget\" data-widget_type=\"icon.default\">\n\t\t\t\t<div class=\"elementor-widget-container\">\n\t\t\t\t\t\t\t<div class=\"elementor-icon-wrapper\">\n\t\t\t<div class=\"elementor-icon\">\n\t\t\t<svg xmlns=\"http:\/\/www.w3.org\/2000\/svg\" id=\"Calque_2\" data-name=\"Calque 2\" viewBox=\"0 0 151.32 164.38\"><g id=\"Calque_1-2\" data-name=\"Calque 1\"><g id=\"Groupe_123\" data-name=\"Groupe 123\"><path id=\"Trac&#xE9;_572\" data-name=\"Trac&#xE9; 572\" d=\"m135.36,37.91h-34.53v6.8h34.53c4.96,0,9.14,6.3,9.14,13.75v60.04c0,7.45-4.19,13.75-9.14,13.75h-28.5v17.39l-20.44-17.39h-26.35c-4.96,0-9.14-6.3-9.14-13.75h-6.8c0,11.34,7.16,20.56,15.95,20.56h23.84l29.76,25.32v-25.31h21.69c8.8,0,15.95-9.22,15.95-20.56v-60.04c0-11.34-7.16-20.56-15.95-20.56\"><\/path><path id=\"Trac&#xE9;_573\" data-name=\"Trac&#xE9; 573\" d=\"m60.42,90.38h20.8c8.01,0,14.52-8.34,14.52-18.6V18.6c0-10.26-6.52-18.6-14.52-18.6H14.52C6.51,0,0,8.34,0,18.6v53.18c0,10.26,6.51,18.6,14.52,18.6h18.83v27.76l27.07-27.76Zm-45.9-6.8c-4.18,0-7.72-5.41-7.72-11.8V18.6c0-6.39,3.54-11.8,7.72-11.8h66.69c4.18,0,7.71,5.4,7.71,11.79v53.19c0,6.39-3.53,11.79-7.71,11.79h-23.67l-17.39,17.83v-17.83H14.52Z\"><\/path><path id=\"Trac&#xE9;_574\" data-name=\"Trac&#xE9; 574\" d=\"m22.9,40.7h7.36v-5h3.77v5h7.36v-5h3.77v5h7.36v-5h3.77v5h7.36v-5h3.77v5h7.36v-5h6.13v-6.8h-7.36v5h-3.77v-5h-7.36v5h-3.77v-5h-7.36v5h-3.77v-5h-7.36v5h-3.77v-5h-7.36v5h-3.77v-5h-7.36v6.8h5v5Z\"><\/path><path id=\"Trac&#xE9;_575\" data-name=\"Trac&#xE9; 575\" d=\"m41.4,59.48h3.77v5h7.36v-5h3.77v5h7.36v-5h3.77v5h7.36v-5h6.13v-6.8h-7.36v5h-3.77v-5h-7.36v5h-3.77v-5h-7.36v5h-3.77v-5h-7.36v5h-3.77v-5h-7.36v5h-3.77v-5h-7.36v6.8h5v5h7.36v-5h3.77v5h7.36v-5Z\"><\/path><rect id=\"Rectangle_206\" data-name=\"Rectangle 206\" x=\"102.92\" y=\"65.22\" width=\"24.91\" height=\"6.81\"><\/rect><rect id=\"Rectangle_207\" data-name=\"Rectangle 207\" x=\"102.92\" y=\"81.45\" width=\"24.91\" height=\"6.81\"><\/rect><rect id=\"Rectangle_208\" data-name=\"Rectangle 208\" x=\"65.93\" y=\"97.67\" width=\"61.9\" height=\"6.81\"><\/rect><rect id=\"Rectangle_209\" data-name=\"Rectangle 209\" x=\"65.93\" y=\"113.9\" width=\"61.9\" height=\"6.81\"><\/rect><\/g><\/g><\/svg>\t\t\t<\/div>\n\t\t<\/div>\n\t\t\t\t\t\t<\/div>\n\t\t\t\t<\/div>\n\t\t\t\t\t<\/div>\n\t\t<\/div>\n\t\t\t\t<div class=\"elementor-column elementor-col-50 elementor-inner-column elementor-element elementor-element-9b5f377\" data-id=\"9b5f377\" data-element_type=\"column\">\n\t\t\t<div class=\"elementor-widget-wrap elementor-element-populated\">\n\t\t\t\t\t\t<div class=\"elementor-element elementor-element-412cfd5 elementor-widget elementor-widget-text-editor\" data-id=\"412cfd5\" data-element_type=\"widget\" data-widget_type=\"text-editor.default\">\n\t\t\t\t<div class=\"elementor-widget-container\">\n\t\t\t\t\t\t\t\t\t<p>Vous avez des questions sur la solution anti-moustique Qista ?<\/p>\t\t\t\t\t\t\t\t<\/div>\n\t\t\t\t<\/div>\n\t\t\t\t<div class=\"elementor-element elementor-element-74c9eb5 elementor-align-left elementor-mobile-align-center elementor-widget elementor-widget-button\" data-id=\"74c9eb5\" data-element_type=\"widget\" data-widget_type=\"button.default\">\n\t\t\t\t<div class=\"elementor-widget-container\">\n\t\t\t\t\t\t\t\t\t<div class=\"elementor-button-wrapper\">\n\t\t\t\t\t<a class=\"elementor-button elementor-button-link elementor-size-sm\" href=\"https:\/\/qista.com\/contact\/\">\n\t\t\t\t\t\t<span class=\"elementor-button-content-wrapper\">\n\t\t\t\t\t\t<span class=\"elementor-button-icon\">\n\t\t\t\t<i aria-hidden=\"true\" class=\"fas fa-arrow-right\"><\/i>\t\t\t<\/span>\n\t\t\t\t\t\t\t\t\t<span class=\"elementor-button-text\">Contactez-nous<\/span>\n\t\t\t\t\t<\/span>\n\t\t\t\t\t<\/a>\n\t\t\t\t<\/div>\n\t\t\t\t\t\t\t\t<\/div>\n\t\t\t\t<\/div>\n\t\t\t\t\t<\/div>\n\t\t<\/div>\n\t\t\t\t\t<\/div>\n\t\t<\/section>\n\t\t\t\t\t<\/div>\n\t\t<\/div>\n\t\t\t\t\t<\/div>\n\t\t<\/section>\n\t\t\t\t<\/div>\n\t\t","protected":false},"excerpt":{"rendered":"<p>Parrainez vos voisins, votre famille et vos amis ! Qista vous offre un pack de recharge pour votre borne anti-moustique Imaginez un quartier sans moustiques ! Faites d\u00e9couvrir la solution Qista \u00e0 votre entourage d\u00e8s maintenant ! Tout le monde devrait pouvoir profiter de son jardin sans subir les piqures de moustiques en p\u00e9riode estivale. [&hellip;]<\/p>\n","protected":false},"author":8329,"featured_media":0,"parent":0,"menu_order":0,"comment_status":"closed","ping_status":"closed","template":"elementor_header_footer","meta":{"_acf_changed":false,"_mo_disable_npp":"","footnotes":""},"class_list":["post-1849","page","type-page","status-publish","hentry"],"acf":[],"yoast_head":"<!-- This site is optimized with the Yoast SEO plugin v25.3 - https:\/\/yoast.com\/wordpress\/plugins\/seo\/ -->\n<title>Parrainez vos amis et gagnez des recharges - Qista<\/title>\n<meta name=\"description\" content=\"Faites b\u00e9n\u00e9ficier \u00e0 votre r\u00e9seau et \u00e0 votre famille de votre avantage client, invitez-les \u00e0 opter pour la solution anti-moustique \u00e9cologique Qista !\" \/>\n<meta name=\"robots\" content=\"index, follow, max-snippet:-1, max-image-preview:large, max-video-preview:-1\" \/>\n<link rel=\"canonical\" href=\"https:\/\/qista.com\/fr\/parrainage\/\" \/>\n<meta property=\"og:locale\" content=\"fr_FR\" \/>\n<meta property=\"og:type\" content=\"article\" \/>\n<meta property=\"og:title\" content=\"Parrainez vos amis et gagnez des recharges - Qista\" \/>\n<meta property=\"og:description\" content=\"Faites b\u00e9n\u00e9ficier \u00e0 votre r\u00e9seau et \u00e0 votre famille de votre avantage client, invitez-les \u00e0 opter pour la solution anti-moustique \u00e9cologique Qista !\" \/>\n<meta property=\"og:url\" content=\"https:\/\/qista.com\/fr\/parrainage\/\" \/>\n<meta property=\"og:site_name\" content=\"Qista.com\" \/>\n<meta property=\"article:modified_time\" content=\"2023-12-11T10:47:19+00:00\" \/>\n<meta property=\"og:image\" content=\"https:\/\/qista.com\/wp-content\/uploads\/2023\/03\/Pack-Recharge_2.webp\" \/>\n<meta name=\"twitter:card\" content=\"summary_large_image\" \/>\n<meta name=\"twitter:label1\" content=\"Dur\u00e9e de lecture estim\u00e9e\" \/>\n\t<meta name=\"twitter:data1\" content=\"2 minutes\" \/>\n<script type=\"application\/ld+json\" class=\"yoast-schema-graph\">{\"@context\":\"https:\/\/schema.org\",\"@graph\":[{\"@type\":\"WebPage\",\"@id\":\"https:\/\/qista.com\/fr\/parrainage\/\",\"url\":\"https:\/\/qista.com\/fr\/parrainage\/\",\"name\":\"Parrainez vos amis et gagnez des recharges - Qista\",\"isPartOf\":{\"@id\":\"https:\/\/qista.com\/fr\/#website\"},\"primaryImageOfPage\":{\"@id\":\"https:\/\/qista.com\/fr\/parrainage\/#primaryimage\"},\"image\":{\"@id\":\"https:\/\/qista.com\/fr\/parrainage\/#primaryimage\"},\"thumbnailUrl\":\"https:\/\/qista.com\/wp-content\/uploads\/2023\/03\/Pack-Recharge_2.webp\",\"datePublished\":\"2023-03-24T16:52:59+00:00\",\"dateModified\":\"2023-12-11T10:47:19+00:00\",\"description\":\"Faites b\u00e9n\u00e9ficier \u00e0 votre r\u00e9seau et \u00e0 votre famille de votre avantage client, invitez-les \u00e0 opter pour la solution anti-moustique \u00e9cologique Qista !\",\"breadcrumb\":{\"@id\":\"https:\/\/qista.com\/fr\/parrainage\/#breadcrumb\"},\"inLanguage\":\"fr-FR\",\"potentialAction\":[{\"@type\":\"ReadAction\",\"target\":[\"https:\/\/qista.com\/fr\/parrainage\/\"]}]},{\"@type\":\"ImageObject\",\"inLanguage\":\"fr-FR\",\"@id\":\"https:\/\/qista.com\/fr\/parrainage\/#primaryimage\",\"url\":\"https:\/\/qista.com\/wp-content\/uploads\/2023\/03\/Pack-Recharge_2.webp\",\"contentUrl\":\"https:\/\/qista.com\/wp-content\/uploads\/2023\/03\/Pack-Recharge_2.webp\"},{\"@type\":\"BreadcrumbList\",\"@id\":\"https:\/\/qista.com\/fr\/parrainage\/#breadcrumb\",\"itemListElement\":[{\"@type\":\"ListItem\",\"position\":1,\"name\":\"Accueil\",\"item\":\"https:\/\/qista.com\/fr\/\"},{\"@type\":\"ListItem\",\"position\":2,\"name\":\"Parrainage\"}]},{\"@type\":\"WebSite\",\"@id\":\"https:\/\/qista.com\/fr\/#website\",\"url\":\"https:\/\/qista.com\/fr\/\",\"name\":\"QISTA\",\"description\":\"L&#039;aspiration MosqiVortex 788\",\"publisher\":{\"@id\":\"https:\/\/qista.com\/fr\/#organization\"},\"potentialAction\":[{\"@type\":\"SearchAction\",\"target\":{\"@type\":\"EntryPoint\",\"urlTemplate\":\"https:\/\/qista.com\/fr\/?s={search_term_string}\"},\"query-input\":{\"@type\":\"PropertyValueSpecification\",\"valueRequired\":true,\"valueName\":\"search_term_string\"}}],\"inLanguage\":\"fr-FR\"},{\"@type\":\"Organization\",\"@id\":\"https:\/\/qista.com\/fr\/#organization\",\"name\":\"QISTA\",\"url\":\"https:\/\/qista.com\/fr\/\",\"logo\":{\"@type\":\"ImageObject\",\"inLanguage\":\"fr-FR\",\"@id\":\"https:\/\/qista.com\/fr\/#\/schema\/logo\/image\/\",\"url\":\"https:\/\/qista.com\/wp-content\/uploads\/2023\/03\/LogoB_Qista_MosqiVortex.webp\",\"contentUrl\":\"https:\/\/qista.com\/wp-content\/uploads\/2023\/03\/LogoB_Qista_MosqiVortex.webp\",\"width\":537,\"height\":164,\"caption\":\"QISTA\"},\"image\":{\"@id\":\"https:\/\/qista.com\/fr\/#\/schema\/logo\/image\/\"}}]}<\/script>\n<!-- \/ Yoast SEO plugin. -->","yoast_head_json":{"title":"Parrainez vos amis et gagnez des recharges - Qista","description":"Faites b\u00e9n\u00e9ficier \u00e0 votre r\u00e9seau et \u00e0 votre famille de votre avantage client, invitez-les \u00e0 opter pour la solution anti-moustique \u00e9cologique Qista !","robots":{"index":"index","follow":"follow","max-snippet":"max-snippet:-1","max-image-preview":"max-image-preview:large","max-video-preview":"max-video-preview:-1"},"canonical":"https:\/\/qista.com\/fr\/parrainage\/","og_locale":"fr_FR","og_type":"article","og_title":"Parrainez vos amis et gagnez des recharges - Qista","og_description":"Faites b\u00e9n\u00e9ficier \u00e0 votre r\u00e9seau et \u00e0 votre famille de votre avantage client, invitez-les \u00e0 opter pour la solution anti-moustique \u00e9cologique Qista !","og_url":"https:\/\/qista.com\/fr\/parrainage\/","og_site_name":"Qista.com","article_modified_time":"2023-12-11T10:47:19+00:00","og_image":[{"url":"https:\/\/qista.com\/wp-content\/uploads\/2023\/03\/Pack-Recharge_2.webp","type":"","width":"","height":""}],"twitter_card":"summary_large_image","twitter_misc":{"Dur\u00e9e de lecture estim\u00e9e":"2 minutes"},"schema":{"@context":"https:\/\/schema.org","@graph":[{"@type":"WebPage","@id":"https:\/\/qista.com\/fr\/parrainage\/","url":"https:\/\/qista.com\/fr\/parrainage\/","name":"Parrainez vos amis et gagnez des recharges - Qista","isPartOf":{"@id":"https:\/\/qista.com\/fr\/#website"},"primaryImageOfPage":{"@id":"https:\/\/qista.com\/fr\/parrainage\/#primaryimage"},"image":{"@id":"https:\/\/qista.com\/fr\/parrainage\/#primaryimage"},"thumbnailUrl":"https:\/\/qista.com\/wp-content\/uploads\/2023\/03\/Pack-Recharge_2.webp","datePublished":"2023-03-24T16:52:59+00:00","dateModified":"2023-12-11T10:47:19+00:00","description":"Faites b\u00e9n\u00e9ficier \u00e0 votre r\u00e9seau et \u00e0 votre famille de votre avantage client, invitez-les \u00e0 opter pour la solution anti-moustique \u00e9cologique Qista !","breadcrumb":{"@id":"https:\/\/qista.com\/fr\/parrainage\/#breadcrumb"},"inLanguage":"fr-FR","potentialAction":[{"@type":"ReadAction","target":["https:\/\/qista.com\/fr\/parrainage\/"]}]},{"@type":"ImageObject","inLanguage":"fr-FR","@id":"https:\/\/qista.com\/fr\/parrainage\/#primaryimage","url":"https:\/\/qista.com\/wp-content\/uploads\/2023\/03\/Pack-Recharge_2.webp","contentUrl":"https:\/\/qista.com\/wp-content\/uploads\/2023\/03\/Pack-Recharge_2.webp"},{"@type":"BreadcrumbList","@id":"https:\/\/qista.com\/fr\/parrainage\/#breadcrumb","itemListElement":[{"@type":"ListItem","position":1,"name":"Accueil","item":"https:\/\/qista.com\/fr\/"},{"@type":"ListItem","position":2,"name":"Parrainage"}]},{"@type":"WebSite","@id":"https:\/\/qista.com\/fr\/#website","url":"https:\/\/qista.com\/fr\/","name":"QISTA","description":"L&#039;aspiration MosqiVortex 788","publisher":{"@id":"https:\/\/qista.com\/fr\/#organization"},"potentialAction":[{"@type":"SearchAction","target":{"@type":"EntryPoint","urlTemplate":"https:\/\/qista.com\/fr\/?s={search_term_string}"},"query-input":{"@type":"PropertyValueSpecification","valueRequired":true,"valueName":"search_term_string"}}],"inLanguage":"fr-FR"},{"@type":"Organization","@id":"https:\/\/qista.com\/fr\/#organization","name":"QISTA","url":"https:\/\/qista.com\/fr\/","logo":{"@type":"ImageObject","inLanguage":"fr-FR","@id":"https:\/\/qista.com\/fr\/#\/schema\/logo\/image\/","url":"https:\/\/qista.com\/wp-content\/uploads\/2023\/03\/LogoB_Qista_MosqiVortex.webp","contentUrl":"https:\/\/qista.com\/wp-content\/uploads\/2023\/03\/LogoB_Qista_MosqiVortex.webp","width":537,"height":164,"caption":"QISTA"},"image":{"@id":"https:\/\/qista.com\/fr\/#\/schema\/logo\/image\/"}}]}},"_links":{"self":[{"href":"https:\/\/qista.com\/fr\/wp-json\/wp\/v2\/pages\/1849","targetHints":{"allow":["GET"]}}],"collection":[{"href":"https:\/\/qista.com\/fr\/wp-json\/wp\/v2\/pages"}],"about":[{"href":"https:\/\/qista.com\/fr\/wp-json\/wp\/v2\/types\/page"}],"author":[{"embeddable":true,"href":"https:\/\/qista.com\/fr\/wp-json\/wp\/v2\/users\/8329"}],"replies":[{"embeddable":true,"href":"https:\/\/qista.com\/fr\/wp-json\/wp\/v2\/comments?post=1849"}],"version-history":[{"count":0,"href":"https:\/\/qista.com\/fr\/wp-json\/wp\/v2\/pages\/1849\/revisions"}],"wp:attachment":[{"href":"https:\/\/qista.com\/fr\/wp-json\/wp\/v2\/media?parent=1849"}],"curies":[{"name":"wp","href":"https:\/\/api.w.org\/{rel}","templated":true}]}}