{"id":1694,"date":"2023-03-27T19:20:08","date_gmt":"2023-03-27T17:20:08","guid":{"rendered":"https:\/\/preprod.qista.com\/?page_id=1694"},"modified":"2024-07-04T11:35:25","modified_gmt":"2024-07-04T09:35:25","slug":"informations-moustique","status":"publish","type":"page","link":"https:\/\/qista.com\/fr\/informations-moustique\/","title":{"rendered":"Informations sur le moustique"},"content":{"rendered":"\t\t<div data-elementor-type=\"wp-page\" data-elementor-id=\"1694\" class=\"elementor elementor-1694\" data-elementor-post-type=\"page\">\n\t\t\t\t\t\t<section class=\"elementor-section elementor-top-section elementor-element elementor-element-371607de elementor-section-boxed elementor-section-height-default elementor-section-height-default\" data-id=\"371607de\" data-element_type=\"section\" data-settings=\"{&quot;background_background&quot;:&quot;classic&quot;}\">\n\t\t\t\t\t\t\t<div class=\"elementor-background-overlay\"><\/div>\n\t\t\t\t\t\t\t<div class=\"elementor-container elementor-column-gap-default\">\n\t\t\t\t\t<div class=\"elementor-column elementor-col-100 elementor-top-column elementor-element elementor-element-b14fe6d\" data-id=\"b14fe6d\" data-element_type=\"column\">\n\t\t\t<div class=\"elementor-widget-wrap elementor-element-populated\">\n\t\t\t\t\t\t<div class=\"elementor-element elementor-element-604e154c elementor-align-center elementor-widget elementor-widget-breadcrumbs\" data-id=\"604e154c\" data-element_type=\"widget\" data-widget_type=\"breadcrumbs.default\">\n\t\t\t\t<div class=\"elementor-widget-container\">\n\t\t\t\t\t<p id=\"breadcrumbs\"><span><span><a href=\"https:\/\/qista.com\/fr\/\">Accueil<\/a><\/span><\/span><\/p>\t\t\t\t<\/div>\n\t\t\t\t<\/div>\n\t\t\t\t\t<\/div>\n\t\t<\/div>\n\t\t\t\t\t<\/div>\n\t\t<\/section>\n\t\t\t\t<section class=\"elementor-section elementor-top-section elementor-element elementor-element-a93a8dd elementor-section-boxed elementor-section-height-default elementor-section-height-default\" data-id=\"a93a8dd\" data-element_type=\"section\" data-settings=\"{&quot;background_background&quot;:&quot;classic&quot;}\">\n\t\t\t\t\t\t<div class=\"elementor-container elementor-column-gap-default\">\n\t\t\t\t\t<div class=\"elementor-column elementor-col-100 elementor-top-column elementor-element elementor-element-3ac7094\" data-id=\"3ac7094\" data-element_type=\"column\">\n\t\t\t<div class=\"elementor-widget-wrap elementor-element-populated\">\n\t\t\t\t\t\t<div class=\"elementor-element elementor-element-c81f56b elementor-widget elementor-widget-heading\" data-id=\"c81f56b\" data-element_type=\"widget\" data-widget_type=\"heading.default\">\n\t\t\t\t<div class=\"elementor-widget-container\">\n\t\t\t\t\t<h1 class=\"elementor-heading-title elementor-size-default\">Retrouvez ici les informations li\u00e9es au moustique.<\/h1>\t\t\t\t<\/div>\n\t\t\t\t<\/div>\n\t\t\t\t<div class=\"elementor-element elementor-element-6d9ddd3 elementor-widget-divider--view-line elementor-widget elementor-widget-divider\" data-id=\"6d9ddd3\" data-element_type=\"widget\" data-widget_type=\"divider.default\">\n\t\t\t\t<div class=\"elementor-widget-container\">\n\t\t\t\t\t\t\t<div class=\"elementor-divider\">\n\t\t\t<span class=\"elementor-divider-separator\">\n\t\t\t\t\t\t<\/span>\n\t\t<\/div>\n\t\t\t\t\t\t<\/div>\n\t\t\t\t<\/div>\n\t\t\t\t<div class=\"elementor-element elementor-element-941e966 elementor-widget elementor-widget-text-editor\" data-id=\"941e966\" data-element_type=\"widget\" data-widget_type=\"text-editor.default\">\n\t\t\t\t<div class=\"elementor-widget-container\">\n\t\t\t\t\t\t\t\t\t<p>Le moustique est un sujet vaste et complexe. Source de nuisance mais aussi de maladies, il repr\u00e9sente une probl\u00e9matique importante de notre \u00e9poque. Apprenez en plus sur cet insecte piqueur afin de mieux l\u2019appr\u00e9hender et mieux le combattre.<\/p>\t\t\t\t\t\t\t\t<\/div>\n\t\t\t\t<\/div>\n\t\t\t\t\t<\/div>\n\t\t<\/div>\n\t\t\t\t\t<\/div>\n\t\t<\/section>\n\t\t\t\t<section class=\"elementor-section elementor-top-section elementor-element elementor-element-55d5dbb8 elementor-section-content-middle elementor-section-boxed elementor-section-height-default elementor-section-height-default\" data-id=\"55d5dbb8\" data-element_type=\"section\">\n\t\t\t\t\t\t<div class=\"elementor-container elementor-column-gap-default\">\n\t\t\t\t\t<div class=\"elementor-column elementor-col-100 elementor-top-column elementor-element elementor-element-17158649\" data-id=\"17158649\" data-element_type=\"column\">\n\t\t\t<div class=\"elementor-widget-wrap elementor-element-populated\">\n\t\t\t\t\t\t<section class=\"elementor-section elementor-inner-section elementor-element elementor-element-b28459d elementor-section-boxed elementor-section-height-default elementor-section-height-default\" data-id=\"b28459d\" data-element_type=\"section\">\n\t\t\t\t\t\t<div class=\"elementor-container elementor-column-gap-default\">\n\t\t\t\t\t<div class=\"elementor-column elementor-col-33 elementor-inner-column elementor-element elementor-element-d617ce3\" data-id=\"d617ce3\" data-element_type=\"column\" data-settings=\"{&quot;background_background&quot;:&quot;classic&quot;}\">\n\t\t\t<div class=\"elementor-widget-wrap elementor-element-populated\">\n\t\t\t\t\t\t<div class=\"elementor-element elementor-element-6ef9211 elementor-widget elementor-widget-heading\" data-id=\"6ef9211\" data-element_type=\"widget\" data-widget_type=\"heading.default\">\n\t\t\t\t<div class=\"elementor-widget-container\">\n\t\t\t\t\t<h3 class=\"elementor-heading-title elementor-size-default\">Fiche d'identit\u00e9 du moustique<\/h3>\t\t\t\t<\/div>\n\t\t\t\t<\/div>\n\t\t\t\t<div class=\"elementor-element elementor-element-1374e8a3 elementor-widget elementor-widget-text-editor\" data-id=\"1374e8a3\" data-element_type=\"widget\" data-widget_type=\"text-editor.default\">\n\t\t\t\t<div class=\"elementor-widget-container\">\n\t\t\t\t\t\t\t\t\t<p>Retrouvez les r\u00e9ponses aux questions les plus fr\u00e9quemment pos\u00e9es par nos clients et visiteurs.<\/p>\t\t\t\t\t\t\t\t<\/div>\n\t\t\t\t<\/div>\n\t\t\t\t<div class=\"elementor-element elementor-element-3fe8065e elementor-align-center elementor-widget elementor-widget-button\" data-id=\"3fe8065e\" data-element_type=\"widget\" data-widget_type=\"button.default\">\n\t\t\t\t<div class=\"elementor-widget-container\">\n\t\t\t\t\t\t\t\t\t<div class=\"elementor-button-wrapper\">\n\t\t\t\t\t<a class=\"elementor-button elementor-button-link elementor-size-sm\" href=\"https:\/\/qista.com\/fr\/informations-moustique\/fiche-didentite-du-moustique\/\">\n\t\t\t\t\t\t<span class=\"elementor-button-content-wrapper\">\n\t\t\t\t\t\t<span class=\"elementor-button-icon\">\n\t\t\t\t<i aria-hidden=\"true\" class=\"fas fa-arrow-right\"><\/i>\t\t\t<\/span>\n\t\t\t\t\t\t\t\t\t<span class=\"elementor-button-text\"> PLUS D'INFOS<\/span>\n\t\t\t\t\t<\/span>\n\t\t\t\t\t<\/a>\n\t\t\t\t<\/div>\n\t\t\t\t\t\t\t\t<\/div>\n\t\t\t\t<\/div>\n\t\t\t\t\t<\/div>\n\t\t<\/div>\n\t\t\t\t<div class=\"elementor-column elementor-col-33 elementor-inner-column elementor-element elementor-element-44f3e46\" data-id=\"44f3e46\" data-element_type=\"column\" data-settings=\"{&quot;background_background&quot;:&quot;classic&quot;}\">\n\t\t\t<div class=\"elementor-widget-wrap elementor-element-populated\">\n\t\t\t\t\t\t<div class=\"elementor-element elementor-element-2620811 elementor-widget elementor-widget-heading\" data-id=\"2620811\" data-element_type=\"widget\" data-widget_type=\"heading.default\">\n\t\t\t\t<div class=\"elementor-widget-container\">\n\t\t\t\t\t<h3 class=\"elementor-heading-title elementor-size-default\">Infos sant\u00e9<\/h3>\t\t\t\t<\/div>\n\t\t\t\t<\/div>\n\t\t\t\t<div class=\"elementor-element elementor-element-b37907a elementor-widget elementor-widget-text-editor\" data-id=\"b37907a\" data-element_type=\"widget\" data-widget_type=\"text-editor.default\">\n\t\t\t\t<div class=\"elementor-widget-container\">\n\t\t\t\t\t\t\t\t\t<p>D\u00e9couvrez les avantages de la borne Anti-Moustique Qista pour lutter efficacement contre les moustiques.<\/p>\t\t\t\t\t\t\t\t<\/div>\n\t\t\t\t<\/div>\n\t\t\t\t<div class=\"elementor-element elementor-element-28a85d7 elementor-align-center elementor-widget elementor-widget-button\" data-id=\"28a85d7\" data-element_type=\"widget\" data-widget_type=\"button.default\">\n\t\t\t\t<div class=\"elementor-widget-container\">\n\t\t\t\t\t\t\t\t\t<div class=\"elementor-button-wrapper\">\n\t\t\t\t\t<a class=\"elementor-button elementor-button-link elementor-size-sm\" href=\"https:\/\/qista.com\/fr\/informations-moustique\/risque-lie-au-moustique-pour-la-sante\/\">\n\t\t\t\t\t\t<span class=\"elementor-button-content-wrapper\">\n\t\t\t\t\t\t<span class=\"elementor-button-icon\">\n\t\t\t\t<i aria-hidden=\"true\" class=\"fas fa-arrow-right\"><\/i>\t\t\t<\/span>\n\t\t\t\t\t\t\t\t\t<span class=\"elementor-button-text\"> PLUS D'INFOS<\/span>\n\t\t\t\t\t<\/span>\n\t\t\t\t\t<\/a>\n\t\t\t\t<\/div>\n\t\t\t\t\t\t\t\t<\/div>\n\t\t\t\t<\/div>\n\t\t\t\t\t<\/div>\n\t\t<\/div>\n\t\t\t\t<div class=\"elementor-column elementor-col-33 elementor-inner-column elementor-element elementor-element-ca86bef\" data-id=\"ca86bef\" data-element_type=\"column\" data-settings=\"{&quot;background_background&quot;:&quot;classic&quot;}\">\n\t\t\t<div class=\"elementor-widget-wrap elementor-element-populated\">\n\t\t\t\t\t\t<div class=\"elementor-element elementor-element-28c7e9c elementor-widget elementor-widget-heading\" data-id=\"28c7e9c\" data-element_type=\"widget\" data-widget_type=\"heading.default\">\n\t\t\t\t<div class=\"elementor-widget-container\">\n\t\t\t\t\t<h3 class=\"elementor-heading-title elementor-size-default\">Moustiques vecteurs\n<\/h3>\t\t\t\t<\/div>\n\t\t\t\t<\/div>\n\t\t\t\t<div class=\"elementor-element elementor-element-53e50b6 elementor-widget elementor-widget-text-editor\" data-id=\"53e50b6\" data-element_type=\"widget\" data-widget_type=\"text-editor.default\">\n\t\t\t\t<div class=\"elementor-widget-container\">\n\t\t\t\t\t\t\t\t\t<p>65 cas de dengues identifi\u00e9s en France. Les cas autochtones de dengue d\u00e9tect\u00e9s en France acc\u00e9l\u00e8rent.<\/p>\t\t\t\t\t\t\t\t<\/div>\n\t\t\t\t<\/div>\n\t\t\t\t<div class=\"elementor-element elementor-element-7faef60 elementor-align-center elementor-widget elementor-widget-button\" data-id=\"7faef60\" data-element_type=\"widget\" data-widget_type=\"button.default\">\n\t\t\t\t<div class=\"elementor-widget-container\">\n\t\t\t\t\t\t\t\t\t<div class=\"elementor-button-wrapper\">\n\t\t\t\t\t<a class=\"elementor-button elementor-button-link elementor-size-sm\" href=\"https:\/\/qista.com\/fr\/informations-moustique\/moustiques-vecteurs-65-cas-de-dengues-identifies-en-france\/\">\n\t\t\t\t\t\t<span class=\"elementor-button-content-wrapper\">\n\t\t\t\t\t\t<span class=\"elementor-button-icon\">\n\t\t\t\t<i aria-hidden=\"true\" class=\"fas fa-arrow-right\"><\/i>\t\t\t<\/span>\n\t\t\t\t\t\t\t\t\t<span class=\"elementor-button-text\"> PLUS D'INFOS<\/span>\n\t\t\t\t\t<\/span>\n\t\t\t\t\t<\/a>\n\t\t\t\t<\/div>\n\t\t\t\t\t\t\t\t<\/div>\n\t\t\t\t<\/div>\n\t\t\t\t\t<\/div>\n\t\t<\/div>\n\t\t\t\t\t<\/div>\n\t\t<\/section>\n\t\t\t\t<section class=\"elementor-section elementor-inner-section elementor-element elementor-element-3e4d2d9 elementor-section-boxed elementor-section-height-default elementor-section-height-default\" data-id=\"3e4d2d9\" data-element_type=\"section\">\n\t\t\t\t\t\t<div class=\"elementor-container elementor-column-gap-default\">\n\t\t\t\t\t<div class=\"elementor-column elementor-col-50 elementor-inner-column elementor-element elementor-element-59f4241\" data-id=\"59f4241\" data-element_type=\"column\" data-settings=\"{&quot;background_background&quot;:&quot;classic&quot;}\">\n\t\t\t<div class=\"elementor-widget-wrap elementor-element-populated\">\n\t\t\t\t\t\t<div class=\"elementor-element elementor-element-66a3480 elementor-widget elementor-widget-heading\" data-id=\"66a3480\" data-element_type=\"widget\" data-widget_type=\"heading.default\">\n\t\t\t\t<div class=\"elementor-widget-container\">\n\t\t\t\t\t<h3 class=\"elementor-heading-title elementor-size-default\">L'\u00e9volution du moustique en France <\/h3>\t\t\t\t<\/div>\n\t\t\t\t<\/div>\n\t\t\t\t<div class=\"elementor-element elementor-element-3503441 elementor-widget elementor-widget-text-editor\" data-id=\"3503441\" data-element_type=\"widget\" data-widget_type=\"text-editor.default\">\n\t\t\t\t<div class=\"elementor-widget-container\">\n\t\t\t\t\t\t\t\t\t<p>Le moustique tigre \u00e9volue et s&rsquo;implante de plus en plus en France<\/p>\n<br>\t\t\t\t\t\t\t\t<\/div>\n\t\t\t\t<\/div>\n\t\t\t\t<div class=\"elementor-element elementor-element-7593ba4 elementor-align-center elementor-widget elementor-widget-button\" data-id=\"7593ba4\" data-element_type=\"widget\" data-widget_type=\"button.default\">\n\t\t\t\t<div class=\"elementor-widget-container\">\n\t\t\t\t\t\t\t\t\t<div class=\"elementor-button-wrapper\">\n\t\t\t\t\t<a class=\"elementor-button elementor-button-link elementor-size-sm\" href=\"https:\/\/qista.com\/fr\/informations-moustique\/retour-moustique-tigre-en-france\/\">\n\t\t\t\t\t\t<span class=\"elementor-button-content-wrapper\">\n\t\t\t\t\t\t<span class=\"elementor-button-icon\">\n\t\t\t\t<i aria-hidden=\"true\" class=\"fas fa-arrow-right\"><\/i>\t\t\t<\/span>\n\t\t\t\t\t\t\t\t\t<span class=\"elementor-button-text\"> PLUS D'INFOS<\/span>\n\t\t\t\t\t<\/span>\n\t\t\t\t\t<\/a>\n\t\t\t\t<\/div>\n\t\t\t\t\t\t\t\t<\/div>\n\t\t\t\t<\/div>\n\t\t\t\t\t<\/div>\n\t\t<\/div>\n\t\t\t\t<div class=\"elementor-column elementor-col-50 elementor-inner-column elementor-element elementor-element-4559c20\" data-id=\"4559c20\" data-element_type=\"column\" data-settings=\"{&quot;background_background&quot;:&quot;classic&quot;}\">\n\t\t\t<div class=\"elementor-widget-wrap elementor-element-populated\">\n\t\t\t\t\t\t<div class=\"elementor-element elementor-element-bb28971 elementor-widget elementor-widget-heading\" data-id=\"bb28971\" data-element_type=\"widget\" data-widget_type=\"heading.default\">\n\t\t\t\t<div class=\"elementor-widget-container\">\n\t\t\t\t\t<h3 class=\"elementor-heading-title elementor-size-default\">Invasion de moustiques : quels enjeux et solutions pour les professionnels ?<\/h3>\t\t\t\t<\/div>\n\t\t\t\t<\/div>\n\t\t\t\t<div class=\"elementor-element elementor-element-5a17d14 elementor-widget elementor-widget-text-editor\" data-id=\"5a17d14\" data-element_type=\"widget\" data-widget_type=\"text-editor.default\">\n\t\t\t\t<div class=\"elementor-widget-container\">\n\t\t\t\t\t\t\t\t\t<p>D\u00e9couvrez les impacts de l&rsquo;invasion du moustique sur les m\u00e9tiers du tourismes durant l&rsquo;\u00e9t\u00e9 2022.<\/p>\t\t\t\t\t\t\t\t<\/div>\n\t\t\t\t<\/div>\n\t\t\t\t<div class=\"elementor-element elementor-element-6f21b51 elementor-align-center elementor-widget elementor-widget-button\" data-id=\"6f21b51\" data-element_type=\"widget\" data-widget_type=\"button.default\">\n\t\t\t\t<div class=\"elementor-widget-container\">\n\t\t\t\t\t\t\t\t\t<div class=\"elementor-button-wrapper\">\n\t\t\t\t\t<a class=\"elementor-button elementor-button-link elementor-size-sm\" href=\"https:\/\/qista.com\/fr\/informations-moustique\/invasion-moustique-tigre-solutions-pour-les-professionnels\/\">\n\t\t\t\t\t\t<span class=\"elementor-button-content-wrapper\">\n\t\t\t\t\t\t<span class=\"elementor-button-icon\">\n\t\t\t\t<i aria-hidden=\"true\" class=\"fas fa-arrow-right\"><\/i>\t\t\t<\/span>\n\t\t\t\t\t\t\t\t\t<span class=\"elementor-button-text\"> PLUS D'INFOS<\/span>\n\t\t\t\t\t<\/span>\n\t\t\t\t\t<\/a>\n\t\t\t\t<\/div>\n\t\t\t\t\t\t\t\t<\/div>\n\t\t\t\t<\/div>\n\t\t\t\t\t<\/div>\n\t\t<\/div>\n\t\t\t\t\t<\/div>\n\t\t<\/section>\n\t\t\t\t\t<\/div>\n\t\t<\/div>\n\t\t\t\t\t<\/div>\n\t\t<\/section>\n\t\t\t\t<\/div>\n\t\t","protected":false},"excerpt":{"rendered":"<p>Retrouvez ici les informations li\u00e9es au moustique. Le moustique est un sujet vaste et complexe. Source de nuisance mais aussi de maladies, il repr\u00e9sente une probl\u00e9matique importante de notre \u00e9poque. Apprenez en plus sur cet insecte piqueur afin de mieux l\u2019appr\u00e9hender et mieux le combattre. Fiche d&rsquo;identit\u00e9 du moustique Retrouvez les r\u00e9ponses aux questions les [&hellip;]<\/p>\n","protected":false},"author":8329,"featured_media":0,"parent":0,"menu_order":0,"comment_status":"closed","ping_status":"closed","template":"elementor_header_footer","meta":{"_acf_changed":false,"_mo_disable_npp":"","footnotes":""},"class_list":["post-1694","page","type-page","status-publish","hentry"],"acf":[],"yoast_head":"<!-- This site is optimized with the Yoast SEO plugin v25.3 - https:\/\/yoast.com\/wordpress\/plugins\/seo\/ -->\n<title>Informations sur le moustique<\/title>\n<meta name=\"description\" content=\"Retrouvez toutes nos pages d&#039;informations sur le moustique ! La fiche d&#039;identit\u00e9 du moustique, des informations sur les risques de sant\u00e9 li\u00e9 au moustique et l&#039;implantation du moustique-tigre en France.\" \/>\n<meta name=\"robots\" content=\"index, follow, max-snippet:-1, max-image-preview:large, max-video-preview:-1\" \/>\n<link rel=\"canonical\" href=\"https:\/\/qista.com\/fr\/informations-moustique\/\" \/>\n<meta property=\"og:locale\" content=\"fr_FR\" \/>\n<meta property=\"og:type\" content=\"article\" \/>\n<meta property=\"og:title\" content=\"Informations sur le moustique\" \/>\n<meta property=\"og:description\" content=\"Retrouvez toutes nos pages d&#039;informations sur le moustique ! La fiche d&#039;identit\u00e9 du moustique, des informations sur les risques de sant\u00e9 li\u00e9 au moustique et l&#039;implantation du moustique-tigre en France.\" \/>\n<meta property=\"og:url\" content=\"https:\/\/qista.com\/fr\/informations-moustique\/\" \/>\n<meta property=\"og:site_name\" content=\"Qista.com\" \/>\n<meta property=\"article:modified_time\" content=\"2024-07-04T09:35:25+00:00\" \/>\n<meta property=\"og:image\" content=\"https:\/\/qista.com\/wp-content\/uploads\/2023\/09\/quista-borne-visioplus.webp\" \/>\n\t<meta property=\"og:image:width\" content=\"1200\" \/>\n\t<meta property=\"og:image:height\" content=\"1196\" \/>\n\t<meta property=\"og:image:type\" content=\"image\/webp\" \/>\n<meta name=\"twitter:card\" content=\"summary_large_image\" \/>\n<meta name=\"twitter:label1\" content=\"Dur\u00e9e de lecture estim\u00e9e\" \/>\n\t<meta name=\"twitter:data1\" content=\"1 minute\" \/>\n<script type=\"application\/ld+json\" class=\"yoast-schema-graph\">{\"@context\":\"https:\/\/schema.org\",\"@graph\":[{\"@type\":\"WebPage\",\"@id\":\"https:\/\/qista.com\/fr\/informations-moustique\/\",\"url\":\"https:\/\/qista.com\/fr\/informations-moustique\/\",\"name\":\"Informations sur le moustique\",\"isPartOf\":{\"@id\":\"https:\/\/qista.com\/fr\/#website\"},\"datePublished\":\"2023-03-27T17:20:08+00:00\",\"dateModified\":\"2024-07-04T09:35:25+00:00\",\"description\":\"Retrouvez toutes nos pages d'informations sur le moustique ! La fiche d'identit\u00e9 du moustique, des informations sur les risques de sant\u00e9 li\u00e9 au moustique et l'implantation du moustique-tigre en France.\",\"breadcrumb\":{\"@id\":\"https:\/\/qista.com\/fr\/informations-moustique\/#breadcrumb\"},\"inLanguage\":\"fr-FR\",\"potentialAction\":[{\"@type\":\"ReadAction\",\"target\":[\"https:\/\/qista.com\/fr\/informations-moustique\/\"]}]},{\"@type\":\"BreadcrumbList\",\"@id\":\"https:\/\/qista.com\/fr\/informations-moustique\/#breadcrumb\",\"itemListElement\":[{\"@type\":\"ListItem\",\"position\":1,\"name\":\"Accueil\",\"item\":\"https:\/\/qista.com\/fr\/\"},{\"@type\":\"ListItem\",\"position\":2,\"name\":\"Informations sur le moustique\"}]},{\"@type\":\"WebSite\",\"@id\":\"https:\/\/qista.com\/fr\/#website\",\"url\":\"https:\/\/qista.com\/fr\/\",\"name\":\"QISTA\",\"description\":\"L&#039;aspiration MosqiVortex 788\",\"publisher\":{\"@id\":\"https:\/\/qista.com\/fr\/#organization\"},\"potentialAction\":[{\"@type\":\"SearchAction\",\"target\":{\"@type\":\"EntryPoint\",\"urlTemplate\":\"https:\/\/qista.com\/fr\/?s={search_term_string}\"},\"query-input\":{\"@type\":\"PropertyValueSpecification\",\"valueRequired\":true,\"valueName\":\"search_term_string\"}}],\"inLanguage\":\"fr-FR\"},{\"@type\":\"Organization\",\"@id\":\"https:\/\/qista.com\/fr\/#organization\",\"name\":\"QISTA\",\"url\":\"https:\/\/qista.com\/fr\/\",\"logo\":{\"@type\":\"ImageObject\",\"inLanguage\":\"fr-FR\",\"@id\":\"https:\/\/qista.com\/fr\/#\/schema\/logo\/image\/\",\"url\":\"https:\/\/qista.com\/wp-content\/uploads\/2023\/03\/LogoB_Qista_MosqiVortex.webp\",\"contentUrl\":\"https:\/\/qista.com\/wp-content\/uploads\/2023\/03\/LogoB_Qista_MosqiVortex.webp\",\"width\":537,\"height\":164,\"caption\":\"QISTA\"},\"image\":{\"@id\":\"https:\/\/qista.com\/fr\/#\/schema\/logo\/image\/\"}}]}<\/script>\n<!-- \/ Yoast SEO plugin. -->","yoast_head_json":{"title":"Informations sur le moustique","description":"Retrouvez toutes nos pages d'informations sur le moustique ! La fiche d'identit\u00e9 du moustique, des informations sur les risques de sant\u00e9 li\u00e9 au moustique et l'implantation du moustique-tigre en France.","robots":{"index":"index","follow":"follow","max-snippet":"max-snippet:-1","max-image-preview":"max-image-preview:large","max-video-preview":"max-video-preview:-1"},"canonical":"https:\/\/qista.com\/fr\/informations-moustique\/","og_locale":"fr_FR","og_type":"article","og_title":"Informations sur le moustique","og_description":"Retrouvez toutes nos pages d'informations sur le moustique ! La fiche d'identit\u00e9 du moustique, des informations sur les risques de sant\u00e9 li\u00e9 au moustique et l'implantation du moustique-tigre en France.","og_url":"https:\/\/qista.com\/fr\/informations-moustique\/","og_site_name":"Qista.com","article_modified_time":"2024-07-04T09:35:25+00:00","og_image":[{"width":1200,"height":1196,"url":"https:\/\/qista.com\/wp-content\/uploads\/2023\/09\/quista-borne-visioplus.webp","type":"image\/webp"}],"twitter_card":"summary_large_image","twitter_misc":{"Dur\u00e9e de lecture estim\u00e9e":"1 minute"},"schema":{"@context":"https:\/\/schema.org","@graph":[{"@type":"WebPage","@id":"https:\/\/qista.com\/fr\/informations-moustique\/","url":"https:\/\/qista.com\/fr\/informations-moustique\/","name":"Informations sur le moustique","isPartOf":{"@id":"https:\/\/qista.com\/fr\/#website"},"datePublished":"2023-03-27T17:20:08+00:00","dateModified":"2024-07-04T09:35:25+00:00","description":"Retrouvez toutes nos pages d'informations sur le moustique ! La fiche d'identit\u00e9 du moustique, des informations sur les risques de sant\u00e9 li\u00e9 au moustique et l'implantation du moustique-tigre en France.","breadcrumb":{"@id":"https:\/\/qista.com\/fr\/informations-moustique\/#breadcrumb"},"inLanguage":"fr-FR","potentialAction":[{"@type":"ReadAction","target":["https:\/\/qista.com\/fr\/informations-moustique\/"]}]},{"@type":"BreadcrumbList","@id":"https:\/\/qista.com\/fr\/informations-moustique\/#breadcrumb","itemListElement":[{"@type":"ListItem","position":1,"name":"Accueil","item":"https:\/\/qista.com\/fr\/"},{"@type":"ListItem","position":2,"name":"Informations sur le moustique"}]},{"@type":"WebSite","@id":"https:\/\/qista.com\/fr\/#website","url":"https:\/\/qista.com\/fr\/","name":"QISTA","description":"L&#039;aspiration MosqiVortex 788","publisher":{"@id":"https:\/\/qista.com\/fr\/#organization"},"potentialAction":[{"@type":"SearchAction","target":{"@type":"EntryPoint","urlTemplate":"https:\/\/qista.com\/fr\/?s={search_term_string}"},"query-input":{"@type":"PropertyValueSpecification","valueRequired":true,"valueName":"search_term_string"}}],"inLanguage":"fr-FR"},{"@type":"Organization","@id":"https:\/\/qista.com\/fr\/#organization","name":"QISTA","url":"https:\/\/qista.com\/fr\/","logo":{"@type":"ImageObject","inLanguage":"fr-FR","@id":"https:\/\/qista.com\/fr\/#\/schema\/logo\/image\/","url":"https:\/\/qista.com\/wp-content\/uploads\/2023\/03\/LogoB_Qista_MosqiVortex.webp","contentUrl":"https:\/\/qista.com\/wp-content\/uploads\/2023\/03\/LogoB_Qista_MosqiVortex.webp","width":537,"height":164,"caption":"QISTA"},"image":{"@id":"https:\/\/qista.com\/fr\/#\/schema\/logo\/image\/"}}]}},"_links":{"self":[{"href":"https:\/\/qista.com\/fr\/wp-json\/wp\/v2\/pages\/1694","targetHints":{"allow":["GET"]}}],"collection":[{"href":"https:\/\/qista.com\/fr\/wp-json\/wp\/v2\/pages"}],"about":[{"href":"https:\/\/qista.com\/fr\/wp-json\/wp\/v2\/types\/page"}],"author":[{"embeddable":true,"href":"https:\/\/qista.com\/fr\/wp-json\/wp\/v2\/users\/8329"}],"replies":[{"embeddable":true,"href":"https:\/\/qista.com\/fr\/wp-json\/wp\/v2\/comments?post=1694"}],"version-history":[{"count":0,"href":"https:\/\/qista.com\/fr\/wp-json\/wp\/v2\/pages\/1694\/revisions"}],"wp:attachment":[{"href":"https:\/\/qista.com\/fr\/wp-json\/wp\/v2\/media?parent=1694"}],"curies":[{"name":"wp","href":"https:\/\/api.w.org\/{rel}","templated":true}]}}