{"id":1506,"date":"2023-03-27T19:20:08","date_gmt":"2023-03-27T17:20:08","guid":{"rendered":"https:\/\/preprod.qista.com\/?page_id=1506"},"modified":"2025-04-16T12:41:07","modified_gmt":"2025-04-16T10:41:07","slug":"moyens-de-paiement","status":"publish","type":"page","link":"https:\/\/qista.com\/fr\/moyens-de-paiement\/","title":{"rendered":"Moyens de paiement"},"content":{"rendered":"\t\t<div data-elementor-type=\"wp-page\" data-elementor-id=\"1506\" class=\"elementor elementor-1506\" data-elementor-post-type=\"page\">\n\t\t\t\t\t\t<section class=\"elementor-section elementor-top-section elementor-element elementor-element-33948e9 elementor-section-boxed elementor-section-height-default elementor-section-height-default\" data-id=\"33948e9\" data-element_type=\"section\" data-settings=\"{&quot;background_background&quot;:&quot;classic&quot;}\">\n\t\t\t\t\t\t\t<div class=\"elementor-background-overlay\"><\/div>\n\t\t\t\t\t\t\t<div class=\"elementor-container elementor-column-gap-default\">\n\t\t\t\t\t<div class=\"elementor-column elementor-col-100 elementor-top-column elementor-element elementor-element-5f8e9e2f\" data-id=\"5f8e9e2f\" data-element_type=\"column\">\n\t\t\t<div class=\"elementor-widget-wrap elementor-element-populated\">\n\t\t\t\t\t\t<div class=\"elementor-element elementor-element-6a597125 elementor-align-center elementor-widget elementor-widget-breadcrumbs\" data-id=\"6a597125\" data-element_type=\"widget\" data-widget_type=\"breadcrumbs.default\">\n\t\t\t\t<div class=\"elementor-widget-container\">\n\t\t\t\t\t<p id=\"breadcrumbs\"><span><span><a href=\"https:\/\/qista.com\/fr\/\">Accueil<\/a><\/span><\/span><\/p>\t\t\t\t<\/div>\n\t\t\t\t<\/div>\n\t\t\t\t\t<\/div>\n\t\t<\/div>\n\t\t\t\t\t<\/div>\n\t\t<\/section>\n\t\t\t\t<section class=\"elementor-section elementor-top-section elementor-element elementor-element-94a86bc elementor-section-boxed elementor-section-height-default elementor-section-height-default\" data-id=\"94a86bc\" data-element_type=\"section\" data-settings=\"{&quot;background_background&quot;:&quot;classic&quot;}\">\n\t\t\t\t\t\t<div class=\"elementor-container elementor-column-gap-default\">\n\t\t\t\t\t<div class=\"elementor-column elementor-col-100 elementor-top-column elementor-element elementor-element-8ec7db1\" data-id=\"8ec7db1\" data-element_type=\"column\">\n\t\t\t<div class=\"elementor-widget-wrap elementor-element-populated\">\n\t\t\t\t\t\t<div class=\"elementor-element elementor-element-14eb2e1 elementor-widget elementor-widget-heading\" data-id=\"14eb2e1\" data-element_type=\"widget\" data-widget_type=\"heading.default\">\n\t\t\t\t<div class=\"elementor-widget-container\">\n\t\t\t\t\t<h1 class=\"elementor-heading-title elementor-size-default\">Modes de paiement<\/h1>\t\t\t\t<\/div>\n\t\t\t\t<\/div>\n\t\t\t\t<div class=\"elementor-element elementor-element-f0c5a8d elementor-widget-divider--view-line elementor-widget elementor-widget-divider\" data-id=\"f0c5a8d\" data-element_type=\"widget\" data-widget_type=\"divider.default\">\n\t\t\t\t<div class=\"elementor-widget-container\">\n\t\t\t\t\t\t\t<div class=\"elementor-divider\">\n\t\t\t<span class=\"elementor-divider-separator\">\n\t\t\t\t\t\t<\/span>\n\t\t<\/div>\n\t\t\t\t\t\t<\/div>\n\t\t\t\t<\/div>\n\t\t\t\t<div class=\"elementor-element elementor-element-e643ba0 elementor-widget elementor-widget-text-editor\" data-id=\"e643ba0\" data-element_type=\"widget\" data-widget_type=\"text-editor.default\">\n\t\t\t\t<div class=\"elementor-widget-container\">\n\t\t\t\t\t\t\t\t\t<p class=\"lead orange\">Afin de satisfaire au mieux votre exp\u00e9rience d\u2019achat sur sa boutique en ligne, Qista propose diff\u00e9rents moyens de paiement.<\/p><p class=\"lead\">Nous ne vous demanderons jamais vos num\u00e9ros de carte bancaire par e-mail.<\/p>\t\t\t\t\t\t\t\t<\/div>\n\t\t\t\t<\/div>\n\t\t\t\t\t<\/div>\n\t\t<\/div>\n\t\t\t\t\t<\/div>\n\t\t<\/section>\n\t\t\t\t<section class=\"elementor-section elementor-top-section elementor-element elementor-element-55d5dbb8 elementor-section-content-middle elementor-section-boxed elementor-section-height-default elementor-section-height-default\" data-id=\"55d5dbb8\" data-element_type=\"section\">\n\t\t\t\t\t\t<div class=\"elementor-container elementor-column-gap-default\">\n\t\t\t\t\t<div class=\"elementor-column elementor-col-100 elementor-top-column elementor-element elementor-element-17158649\" data-id=\"17158649\" data-element_type=\"column\">\n\t\t\t<div class=\"elementor-widget-wrap elementor-element-populated\">\n\t\t\t\t\t\t<div class=\"elementor-element elementor-element-abc3113 elementor-widget elementor-widget-heading\" data-id=\"abc3113\" data-element_type=\"widget\" data-widget_type=\"heading.default\">\n\t\t\t\t<div class=\"elementor-widget-container\">\n\t\t\t\t\t<h3 class=\"elementor-heading-title elementor-size-default\">COMPTANT S\u00c9CURIS\u00c9 PAR CARTE BANCAIRE<\/h3>\t\t\t\t<\/div>\n\t\t\t\t<\/div>\n\t\t\t\t<div class=\"elementor-element elementor-element-1374e8a3 elementor-widget elementor-widget-text-editor\" data-id=\"1374e8a3\" data-element_type=\"widget\" data-widget_type=\"text-editor.default\">\n\t\t\t\t<div class=\"elementor-widget-container\">\n\t\t\t\t\t\t\t\t\t<p>Simple et rapide le paiement comptant par carte bancaire d\u00e9clenche imm\u00e9diatement la pr\u00e9paration de votre commande. Ce paiement est enti\u00e8rement s\u00e9curis\u00e9 car pris en charge par le service sp\u00e9cialis\u00e9 en e-commerce de notre banque (Cr\u00e9dit Agricole) et du syst\u00e8me de validation des paiements en ligne 3D Secure (validation du paiement par code SMS). Vos coordonn\u00e9es bancaires ne sont \u00e0 aucun moment communiqu\u00e9es \u00e0 Qista.<\/p>\t\t\t\t\t\t\t\t<\/div>\n\t\t\t\t<\/div>\n\t\t\t\t<div class=\"elementor-element elementor-element-fd1d545 elementor-widget elementor-widget-heading\" data-id=\"fd1d545\" data-element_type=\"widget\" data-widget_type=\"heading.default\">\n\t\t\t\t<div class=\"elementor-widget-container\">\n\t\t\t\t\t<h3 class=\"elementor-heading-title elementor-size-default\">3 FOIS SANS FRAIS S\u00c9CURIS\u00c9 PAR CARTE BANCAIRE\n<\/h3>\t\t\t\t<\/div>\n\t\t\t\t<\/div>\n\t\t\t\t<div class=\"elementor-element elementor-element-0b6298b elementor-widget elementor-widget-text-editor\" data-id=\"0b6298b\" data-element_type=\"widget\" data-widget_type=\"text-editor.default\">\n\t\t\t\t<div class=\"elementor-widget-container\">\n\t\t\t\t\t\t\t\t\t<p>Gr\u00e2ce \u00e0 votre carte bancaire, vous pouvez \u00e9galement r\u00e9gler vos achats en 3 fois sans frais, si le montant de votre commande est compris entre 400\u20ac et 3 500\u20ac, frais de livraison inclus. Un premier pr\u00e9l\u00e8vement d\u2019un tiers de la commande intervient le jour de la commande ; \u00e0 J+30 et J+60 le second et le troisi\u00e8me tiers de la commande seront pr\u00e9lev\u00e9s sur votre CB. Comme pour un r\u00e8glement comptant en CB, le paiement est s\u00e9curis\u00e9.<\/p>\t\t\t\t\t\t\t\t<\/div>\n\t\t\t\t<\/div>\n\t\t\t\t<div class=\"elementor-element elementor-element-cb527a2 elementor-widget elementor-widget-heading\" data-id=\"cb527a2\" data-element_type=\"widget\" data-widget_type=\"heading.default\">\n\t\t\t\t<div class=\"elementor-widget-container\">\n\t\t\t\t\t<h3 class=\"elementor-heading-title elementor-size-default\">VIREMENT BANCAIRE<\/h3>\t\t\t\t<\/div>\n\t\t\t\t<\/div>\n\t\t\t\t<div class=\"elementor-element elementor-element-d3a54aa elementor-widget elementor-widget-text-editor\" data-id=\"d3a54aa\" data-element_type=\"widget\" data-widget_type=\"text-editor.default\">\n\t\t\t\t<div class=\"elementor-widget-container\">\n\t\t\t\t\t\t\t\t\t<p>Le paiement comptant de votre commande par virement bancaire est \u00e9galement possible. Il suffit de suivre le processus d\u2019achat classique puis de choisir le paiement par virement. Les coordonn\u00e9es bancaires de Qista vous seront alors communiqu\u00e9es pour que vous puissiez proc\u00e9der au virement. D\u00e8s que ce dernier est re\u00e7u sur le compte bancaire de Qista, la pr\u00e9paration de votre commande d\u00e9marre.<\/p><p>Ce mode de paiement est moins rapide que le paiement par CB.<\/p>\t\t\t\t\t\t\t\t<\/div>\n\t\t\t\t<\/div>\n\t\t\t\t<div class=\"elementor-element elementor-element-f77c569 elementor-widget elementor-widget-heading\" data-id=\"f77c569\" data-element_type=\"widget\" data-widget_type=\"heading.default\">\n\t\t\t\t<div class=\"elementor-widget-container\">\n\t\t\t\t\t<h3 class=\"elementor-heading-title elementor-size-default\">CH\u00c8QUE<\/h3>\t\t\t\t<\/div>\n\t\t\t\t<\/div>\n\t\t\t\t<div class=\"elementor-element elementor-element-6eef536 elementor-widget elementor-widget-text-editor\" data-id=\"6eef536\" data-element_type=\"widget\" data-widget_type=\"text-editor.default\">\n\t\t\t\t<div class=\"elementor-widget-container\">\n\t\t\t\t\t\t\t\t\t<p>Qista propose \u00e9galement le paiement comptant de votre commande par ch\u00e8que bancaire. Il suffit de suivre le processus d\u2019achat classique puis de choisir le paiement par ch\u00e8que, vous retrouverez alors les informations pour l\u2019envoi du ch\u00e8que pour que vous puissiez proc\u00e9der au r\u00e8glement. La pr\u00e9paration de votre commande d\u00e9marre une fois le ch\u00e8que re\u00e7u par Qista.<\/p><p>Ce mode de paiement est moins rapide que le paiement par CB.<\/p>\t\t\t\t\t\t\t\t<\/div>\n\t\t\t\t<\/div>\n\t\t\t\t<div class=\"elementor-element elementor-element-e968dea elementor-widget elementor-widget-heading\" data-id=\"e968dea\" data-element_type=\"widget\" data-widget_type=\"heading.default\">\n\t\t\t\t<div class=\"elementor-widget-container\">\n\t\t\t\t\t<h3 class=\"elementor-heading-title elementor-size-default\">MANDAT DE PR\u00c9L\u00c8VEMENT SEPA\n<\/h3>\t\t\t\t<\/div>\n\t\t\t\t<\/div>\n\t\t\t\t<div class=\"elementor-element elementor-element-917f59f elementor-widget elementor-widget-text-editor\" data-id=\"917f59f\" data-element_type=\"widget\" data-widget_type=\"text-editor.default\">\n\t\t\t\t<div class=\"elementor-widget-container\">\n\t\t\t\t\t\t\t\t\t<p>Le paiement de votre commande par pr\u00e9l\u00e8vement SEPA repose sur votre autorisation donn\u00e9e \u00e0 Qista de pr\u00e9lever sur votre compte. Pour mettre en place ce pr\u00e9l\u00e8vement, il vous suffit de remplir le mandat de pr\u00e9l\u00e8vement en\u00a0<a title=\"mandat-SEPA\" href=\"https:\/\/qista.com\/wp-content\/uploads\/2023\/05\/mandat-sepa.pdf\" target=\"_blank\" rel=\"noopener\">le t\u00e9l\u00e9chargeant ici<\/a>\u00a0et de nous le retourner sign\u00e9, accompagn\u00e9 de votre Relev\u00e9 d&rsquo;Identit\u00e9 Bancaire (RIB). Votre commande sera valid\u00e9e d\u00e8s le pr\u00e9l\u00e8vement effectu\u00e9 (il vous est possible de nous faire parvenir une version num\u00e9ris\u00e9e du mandat de pr\u00e9l\u00e8vement pour acc\u00e9l\u00e9rer la validation de votre commande par nos \u00e9quipes, mais celle-ci ne sera exp\u00e9di\u00e9e qu&rsquo;\u00e0 la r\u00e9ception de la version papier du mandat de pr\u00e9l\u00e8vement).<\/p><p>Le r\u00e8glement de votre commande en 3 fois sans frais \u00e9tant disponible pour ce mode de paiement, nos \u00e9quipes prendront contact avez vous pour d\u00e9finir les modalit\u00e9s de paiement qui vous conviennent apr\u00e8s la validation de votre commande et la r\u00e9ception de votre mandat SEPA.<\/p><p>Ce mode de paiement est moins rapide que le paiement par CB.<\/p>\t\t\t\t\t\t\t\t<\/div>\n\t\t\t\t<\/div>\n\t\t\t\t<div class=\"elementor-element elementor-element-ce5b296 elementor-widget elementor-widget-spacer\" data-id=\"ce5b296\" data-element_type=\"widget\" data-widget_type=\"spacer.default\">\n\t\t\t\t<div class=\"elementor-widget-container\">\n\t\t\t\t\t\t\t<div class=\"elementor-spacer\">\n\t\t\t<div class=\"elementor-spacer-inner\"><\/div>\n\t\t<\/div>\n\t\t\t\t\t\t<\/div>\n\t\t\t\t<\/div>\n\t\t\t\t\t<\/div>\n\t\t<\/div>\n\t\t\t\t\t<\/div>\n\t\t<\/section>\n\t\t\t\t<\/div>\n\t\t","protected":false},"excerpt":{"rendered":"<p>Modes de paiement Afin de satisfaire au mieux votre exp\u00e9rience d\u2019achat sur sa boutique en ligne, Qista propose diff\u00e9rents moyens de paiement. Nous ne vous demanderons jamais vos num\u00e9ros de carte bancaire par e-mail. COMPTANT S\u00c9CURIS\u00c9 PAR CARTE BANCAIRE Simple et rapide le paiement comptant par carte bancaire d\u00e9clenche imm\u00e9diatement la pr\u00e9paration de votre commande. [&hellip;]<\/p>\n","protected":false},"author":8329,"featured_media":0,"parent":0,"menu_order":0,"comment_status":"closed","ping_status":"closed","template":"elementor_header_footer","meta":{"_acf_changed":false,"_mo_disable_npp":"","footnotes":""},"class_list":["post-1506","page","type-page","status-publish","hentry"],"acf":[],"yoast_head":"<!-- This site is optimized with the Yoast SEO plugin v25.3 - https:\/\/yoast.com\/wordpress\/plugins\/seo\/ -->\n<title>Modes de paiement boutique en ligne Qista<\/title>\n<meta name=\"description\" content=\"Les diff\u00e9rents modes de paiement accept\u00e9s par Qista\" \/>\n<meta name=\"robots\" content=\"index, follow, max-snippet:-1, max-image-preview:large, max-video-preview:-1\" \/>\n<link rel=\"canonical\" href=\"https:\/\/qista.com\/fr\/moyens-de-paiement\/\" \/>\n<meta property=\"og:locale\" content=\"fr_FR\" \/>\n<meta property=\"og:type\" content=\"article\" \/>\n<meta property=\"og:title\" content=\"Modes de paiement boutique en ligne Qista\" \/>\n<meta property=\"og:description\" content=\"Les diff\u00e9rents modes de paiement accept\u00e9s par Qista\" \/>\n<meta property=\"og:url\" content=\"https:\/\/qista.com\/fr\/moyens-de-paiement\/\" \/>\n<meta property=\"og:site_name\" content=\"Qista.com\" \/>\n<meta property=\"article:modified_time\" content=\"2025-04-16T10:41:07+00:00\" \/>\n<meta property=\"og:image\" content=\"https:\/\/qista.com\/wp-content\/uploads\/2023\/09\/quista-borne-visioplus.webp\" \/>\n\t<meta property=\"og:image:width\" content=\"1200\" \/>\n\t<meta property=\"og:image:height\" content=\"1196\" \/>\n\t<meta property=\"og:image:type\" content=\"image\/webp\" \/>\n<meta name=\"twitter:card\" content=\"summary_large_image\" \/>\n<meta name=\"twitter:label1\" content=\"Dur\u00e9e de lecture estim\u00e9e\" \/>\n\t<meta name=\"twitter:data1\" content=\"3 minutes\" \/>\n<script type=\"application\/ld+json\" class=\"yoast-schema-graph\">{\"@context\":\"https:\/\/schema.org\",\"@graph\":[{\"@type\":\"WebPage\",\"@id\":\"https:\/\/qista.com\/fr\/moyens-de-paiement\/\",\"url\":\"https:\/\/qista.com\/fr\/moyens-de-paiement\/\",\"name\":\"Modes de paiement boutique en ligne Qista\",\"isPartOf\":{\"@id\":\"https:\/\/qista.com\/fr\/#website\"},\"datePublished\":\"2023-03-27T17:20:08+00:00\",\"dateModified\":\"2025-04-16T10:41:07+00:00\",\"description\":\"Les diff\u00e9rents modes de paiement accept\u00e9s par Qista\",\"breadcrumb\":{\"@id\":\"https:\/\/qista.com\/fr\/moyens-de-paiement\/#breadcrumb\"},\"inLanguage\":\"fr-FR\",\"potentialAction\":[{\"@type\":\"ReadAction\",\"target\":[\"https:\/\/qista.com\/fr\/moyens-de-paiement\/\"]}]},{\"@type\":\"BreadcrumbList\",\"@id\":\"https:\/\/qista.com\/fr\/moyens-de-paiement\/#breadcrumb\",\"itemListElement\":[{\"@type\":\"ListItem\",\"position\":1,\"name\":\"Accueil\",\"item\":\"https:\/\/qista.com\/fr\/\"},{\"@type\":\"ListItem\",\"position\":2,\"name\":\"Moyens de paiement\"}]},{\"@type\":\"WebSite\",\"@id\":\"https:\/\/qista.com\/fr\/#website\",\"url\":\"https:\/\/qista.com\/fr\/\",\"name\":\"QISTA\",\"description\":\"L&#039;aspiration MosqiVortex 788\",\"publisher\":{\"@id\":\"https:\/\/qista.com\/fr\/#organization\"},\"potentialAction\":[{\"@type\":\"SearchAction\",\"target\":{\"@type\":\"EntryPoint\",\"urlTemplate\":\"https:\/\/qista.com\/fr\/?s={search_term_string}\"},\"query-input\":{\"@type\":\"PropertyValueSpecification\",\"valueRequired\":true,\"valueName\":\"search_term_string\"}}],\"inLanguage\":\"fr-FR\"},{\"@type\":\"Organization\",\"@id\":\"https:\/\/qista.com\/fr\/#organization\",\"name\":\"QISTA\",\"url\":\"https:\/\/qista.com\/fr\/\",\"logo\":{\"@type\":\"ImageObject\",\"inLanguage\":\"fr-FR\",\"@id\":\"https:\/\/qista.com\/fr\/#\/schema\/logo\/image\/\",\"url\":\"https:\/\/qista.com\/wp-content\/uploads\/2023\/03\/LogoB_Qista_MosqiVortex.webp\",\"contentUrl\":\"https:\/\/qista.com\/wp-content\/uploads\/2023\/03\/LogoB_Qista_MosqiVortex.webp\",\"width\":537,\"height\":164,\"caption\":\"QISTA\"},\"image\":{\"@id\":\"https:\/\/qista.com\/fr\/#\/schema\/logo\/image\/\"}}]}<\/script>\n<!-- \/ Yoast SEO plugin. -->","yoast_head_json":{"title":"Modes de paiement boutique en ligne Qista","description":"Les diff\u00e9rents modes de paiement accept\u00e9s par Qista","robots":{"index":"index","follow":"follow","max-snippet":"max-snippet:-1","max-image-preview":"max-image-preview:large","max-video-preview":"max-video-preview:-1"},"canonical":"https:\/\/qista.com\/fr\/moyens-de-paiement\/","og_locale":"fr_FR","og_type":"article","og_title":"Modes de paiement boutique en ligne Qista","og_description":"Les diff\u00e9rents modes de paiement accept\u00e9s par Qista","og_url":"https:\/\/qista.com\/fr\/moyens-de-paiement\/","og_site_name":"Qista.com","article_modified_time":"2025-04-16T10:41:07+00:00","og_image":[{"width":1200,"height":1196,"url":"https:\/\/qista.com\/wp-content\/uploads\/2023\/09\/quista-borne-visioplus.webp","type":"image\/webp"}],"twitter_card":"summary_large_image","twitter_misc":{"Dur\u00e9e de lecture estim\u00e9e":"3 minutes"},"schema":{"@context":"https:\/\/schema.org","@graph":[{"@type":"WebPage","@id":"https:\/\/qista.com\/fr\/moyens-de-paiement\/","url":"https:\/\/qista.com\/fr\/moyens-de-paiement\/","name":"Modes de paiement boutique en ligne Qista","isPartOf":{"@id":"https:\/\/qista.com\/fr\/#website"},"datePublished":"2023-03-27T17:20:08+00:00","dateModified":"2025-04-16T10:41:07+00:00","description":"Les diff\u00e9rents modes de paiement accept\u00e9s par Qista","breadcrumb":{"@id":"https:\/\/qista.com\/fr\/moyens-de-paiement\/#breadcrumb"},"inLanguage":"fr-FR","potentialAction":[{"@type":"ReadAction","target":["https:\/\/qista.com\/fr\/moyens-de-paiement\/"]}]},{"@type":"BreadcrumbList","@id":"https:\/\/qista.com\/fr\/moyens-de-paiement\/#breadcrumb","itemListElement":[{"@type":"ListItem","position":1,"name":"Accueil","item":"https:\/\/qista.com\/fr\/"},{"@type":"ListItem","position":2,"name":"Moyens de paiement"}]},{"@type":"WebSite","@id":"https:\/\/qista.com\/fr\/#website","url":"https:\/\/qista.com\/fr\/","name":"QISTA","description":"L&#039;aspiration MosqiVortex 788","publisher":{"@id":"https:\/\/qista.com\/fr\/#organization"},"potentialAction":[{"@type":"SearchAction","target":{"@type":"EntryPoint","urlTemplate":"https:\/\/qista.com\/fr\/?s={search_term_string}"},"query-input":{"@type":"PropertyValueSpecification","valueRequired":true,"valueName":"search_term_string"}}],"inLanguage":"fr-FR"},{"@type":"Organization","@id":"https:\/\/qista.com\/fr\/#organization","name":"QISTA","url":"https:\/\/qista.com\/fr\/","logo":{"@type":"ImageObject","inLanguage":"fr-FR","@id":"https:\/\/qista.com\/fr\/#\/schema\/logo\/image\/","url":"https:\/\/qista.com\/wp-content\/uploads\/2023\/03\/LogoB_Qista_MosqiVortex.webp","contentUrl":"https:\/\/qista.com\/wp-content\/uploads\/2023\/03\/LogoB_Qista_MosqiVortex.webp","width":537,"height":164,"caption":"QISTA"},"image":{"@id":"https:\/\/qista.com\/fr\/#\/schema\/logo\/image\/"}}]}},"_links":{"self":[{"href":"https:\/\/qista.com\/fr\/wp-json\/wp\/v2\/pages\/1506","targetHints":{"allow":["GET"]}}],"collection":[{"href":"https:\/\/qista.com\/fr\/wp-json\/wp\/v2\/pages"}],"about":[{"href":"https:\/\/qista.com\/fr\/wp-json\/wp\/v2\/types\/page"}],"author":[{"embeddable":true,"href":"https:\/\/qista.com\/fr\/wp-json\/wp\/v2\/users\/8329"}],"replies":[{"embeddable":true,"href":"https:\/\/qista.com\/fr\/wp-json\/wp\/v2\/comments?post=1506"}],"version-history":[{"count":3,"href":"https:\/\/qista.com\/fr\/wp-json\/wp\/v2\/pages\/1506\/revisions"}],"predecessor-version":[{"id":43019,"href":"https:\/\/qista.com\/fr\/wp-json\/wp\/v2\/pages\/1506\/revisions\/43019"}],"wp:attachment":[{"href":"https:\/\/qista.com\/fr\/wp-json\/wp\/v2\/media?parent=1506"}],"curies":[{"name":"wp","href":"https:\/\/api.w.org\/{rel}","templated":true}]}}