{"id":1463,"date":"2023-03-27T19:20:09","date_gmt":"2023-03-27T17:20:09","guid":{"rendered":"https:\/\/preprod.qista.com\/?page_id=1463"},"modified":"2024-10-16T16:38:46","modified_gmt":"2024-10-16T14:38:46","slug":"depannage-borne-qista","status":"publish","type":"page","link":"https:\/\/qista.com\/fr\/depannage-borne-qista\/","title":{"rendered":"D\u00e9pannage et assistance"},"content":{"rendered":"\t\t<div data-elementor-type=\"wp-page\" data-elementor-id=\"1463\" class=\"elementor elementor-1463\" data-elementor-post-type=\"page\">\n\t\t\t\t\t\t<section class=\"elementor-section elementor-top-section elementor-element elementor-element-d9f0c1d elementor-section-boxed elementor-section-height-default elementor-section-height-default\" data-id=\"d9f0c1d\" data-element_type=\"section\" data-settings=\"{&quot;background_background&quot;:&quot;classic&quot;}\">\n\t\t\t\t\t\t\t<div class=\"elementor-background-overlay\"><\/div>\n\t\t\t\t\t\t\t<div class=\"elementor-container elementor-column-gap-default\">\n\t\t\t\t\t<div class=\"elementor-column elementor-col-100 elementor-top-column elementor-element elementor-element-66415d3\" data-id=\"66415d3\" data-element_type=\"column\">\n\t\t\t<div class=\"elementor-widget-wrap elementor-element-populated\">\n\t\t\t\t\t\t<div class=\"elementor-element elementor-element-ef7032a elementor-align-center elementor-widget elementor-widget-breadcrumbs\" data-id=\"ef7032a\" data-element_type=\"widget\" data-widget_type=\"breadcrumbs.default\">\n\t\t\t\t<div class=\"elementor-widget-container\">\n\t\t\t\t\t<p id=\"breadcrumbs\"><span><span><a href=\"https:\/\/qista.com\/fr\/\">Accueil<\/a><\/span><\/span><\/p>\t\t\t\t<\/div>\n\t\t\t\t<\/div>\n\t\t\t\t\t<\/div>\n\t\t<\/div>\n\t\t\t\t\t<\/div>\n\t\t<\/section>\n\t\t\t\t<section class=\"elementor-section elementor-top-section elementor-element elementor-element-eb15e2a elementor-section-boxed elementor-section-height-default elementor-section-height-default\" data-id=\"eb15e2a\" data-element_type=\"section\" data-settings=\"{&quot;background_background&quot;:&quot;classic&quot;}\">\n\t\t\t\t\t\t<div class=\"elementor-container elementor-column-gap-default\">\n\t\t\t\t\t<div class=\"elementor-column elementor-col-100 elementor-top-column elementor-element elementor-element-15d7bf0\" data-id=\"15d7bf0\" data-element_type=\"column\">\n\t\t\t<div class=\"elementor-widget-wrap elementor-element-populated\">\n\t\t\t\t\t\t<div class=\"elementor-element elementor-element-46b4657 elementor-widget elementor-widget-heading\" data-id=\"46b4657\" data-element_type=\"widget\" data-widget_type=\"heading.default\">\n\t\t\t\t<div class=\"elementor-widget-container\">\n\t\t\t\t\t<h1 class=\"elementor-heading-title elementor-size-default\">D\u00e9pannage de ma borne<\/h1>\t\t\t\t<\/div>\n\t\t\t\t<\/div>\n\t\t\t\t<div class=\"elementor-element elementor-element-afa939f elementor-widget-divider--view-line elementor-widget elementor-widget-divider\" data-id=\"afa939f\" data-element_type=\"widget\" data-widget_type=\"divider.default\">\n\t\t\t\t<div class=\"elementor-widget-container\">\n\t\t\t\t\t\t\t<div class=\"elementor-divider\">\n\t\t\t<span class=\"elementor-divider-separator\">\n\t\t\t\t\t\t<\/span>\n\t\t<\/div>\n\t\t\t\t\t\t<\/div>\n\t\t\t\t<\/div>\n\t\t\t\t<div class=\"elementor-element elementor-element-2e04098 elementor-widget elementor-widget-text-editor\" data-id=\"2e04098\" data-element_type=\"widget\" data-widget_type=\"text-editor.default\">\n\t\t\t\t<div class=\"elementor-widget-container\">\n\t\t\t\t\t\t\t\t\t<p>Vous avez besoin d\u2019une assistance pour d\u00e9panner votre borne anti-moustique ? Voici quelques conseils pour r\u00e9soudre les diff\u00e9rents probl\u00e8mes qu\u2019il est possible de rencontrer lors de son utilisation ou sortie d\u2019hivernage.<\/p>\t\t\t\t\t\t\t\t<\/div>\n\t\t\t\t<\/div>\n\t\t\t\t\t<\/div>\n\t\t<\/div>\n\t\t\t\t\t<\/div>\n\t\t<\/section>\n\t\t\t\t<section class=\"elementor-section elementor-top-section elementor-element elementor-element-55d5dbb8 elementor-section-content-middle elementor-section-boxed elementor-section-height-default elementor-section-height-default\" data-id=\"55d5dbb8\" data-element_type=\"section\">\n\t\t\t\t\t\t<div class=\"elementor-container elementor-column-gap-default\">\n\t\t\t\t\t<div class=\"elementor-column elementor-col-100 elementor-top-column elementor-element elementor-element-17158649\" data-id=\"17158649\" data-element_type=\"column\">\n\t\t\t<div class=\"elementor-widget-wrap elementor-element-populated\">\n\t\t\t\t\t\t<div class=\"elementor-element elementor-element-abc3113 elementor-widget elementor-widget-heading\" data-id=\"abc3113\" data-element_type=\"widget\" data-widget_type=\"heading.default\">\n\t\t\t\t<div class=\"elementor-widget-container\">\n\t\t\t\t\t<h3 class=\"elementor-heading-title elementor-size-default\">VOTRE AUTO-DIAGNOSTIC\n<\/h3>\t\t\t\t<\/div>\n\t\t\t\t<\/div>\n\t\t\t\t<div class=\"elementor-element elementor-element-1374e8a3 elementor-widget elementor-widget-text-editor\" data-id=\"1374e8a3\" data-element_type=\"widget\" data-widget_type=\"text-editor.default\">\n\t\t\t\t<div class=\"elementor-widget-container\">\n\t\t\t\t\t\t\t\t\t<p>Pas \u00e0 pas, suivez les \u00e9tapes de notre guide technique vid\u00e9o, afin de d\u00e9tecter le type de panne qui concerne votre borne Qista.<\/p><ul><li>\u00c9tape 1 \u2013 La diffusion du CO2<\/li><li>\u00c9tape 2 \u2013 Le r\u00e9glage du CO2<\/li><li>\u00c9tape 3 \u2013 Le ventilateur secondaire<\/li><li>\u00c9tape 4 \u2013 L&rsquo;aspiration<\/li><li>\u00c9tape 5 \u2013 Le clapet anti-retour<\/li><li>\u00c9tape 6 \u2013 L&rsquo;\u00e9tanch\u00e9it\u00e9 du coffre<\/li><li>\u00c9tape 7 \u2013 L&rsquo;\u00e9tat du filet<\/li><li>\u00c9tape 8 \u2013 Le pouvoir odorant du leurre<\/li><li>\u00c9tape 9 \u2013 V\u00e9rifier visuellement que votre borne est efficace<\/li><li>\u00c9tape 10 \u2013 La couleur de la LED<\/li><li>\u00c9tape 11 \u2013 La propret\u00e9 de votre borne<\/li><li>\u00c9tape 12 \u2013 V\u00e9rifier que l&rsquo;application pilote bien votre borne<\/li><\/ul>\t\t\t\t\t\t\t\t<\/div>\n\t\t\t\t<\/div>\n\t\t\t\t<div class=\"elementor-element elementor-element-2e68d0e elementor-widget elementor-widget-video\" data-id=\"2e68d0e\" data-element_type=\"widget\" data-settings=\"{&quot;youtube_url&quot;:&quot;https:\\\/\\\/youtu.be\\\/-l-ntmUwLN8&quot;,&quot;video_type&quot;:&quot;youtube&quot;,&quot;controls&quot;:&quot;yes&quot;}\" data-widget_type=\"video.default\">\n\t\t\t\t<div class=\"elementor-widget-container\">\n\t\t\t\t\t\t\t<div class=\"elementor-wrapper elementor-open-inline\">\n\t\t\t<div class=\"elementor-video\"><\/div>\t\t<\/div>\n\t\t\t\t\t\t<\/div>\n\t\t\t\t<\/div>\n\t\t\t\t<div class=\"elementor-element elementor-element-0b6298b elementor-widget elementor-widget-text-editor\" data-id=\"0b6298b\" data-element_type=\"widget\" data-widget_type=\"text-editor.default\">\n\t\t\t\t<div class=\"elementor-widget-container\">\n\t\t\t\t\t\t\t\t\tImpossible de d\u00e9tecter d\u2019o\u00f9 provient la panne\u00a0? Vous pouvez contacter notre service\u00a0apr\u00e8s-vente via notre\u00a0<a href=\"https:\/\/qista.com\/fr\/contact\">espace de contact\u00a0<\/a>ou bien prendre\u00a0<a href=\"https:\/\/calendar.google.com\/calendar\/u\/0\/appointments\/schedules\/AcZssZ2qe9Y6Dx0piaYztXs580GcUakbpm6v_9RHh3cD0UnpwUlUyRscgD7oQLNv1lOPScbodt1Gv-Ss\">RDV avec notre service technique en cliquant ici.<\/a>\n\nVous recherchez les \u00e9tapes \u00e0 suivre pour installer votre borne dans le cadre d\u2019une 1\u00e8re mise en route ? Consultez notre page\u00a0<a href=\"https:\/\/qista.com\/fr\/mise-en-service-bam\">Installation et mise en service<\/a>.\n\nD\u00e9couvrez nos conseils pour faire l\u2019entretien et la maintenance de votre borne anti-moustique, rendez-vous sur notre page <a href=\"https:\/\/qista.com\/fr\/entretien-borne-qista\">Maintenance et entretien de votre borne<\/a>.\t\t\t\t\t\t\t\t<\/div>\n\t\t\t\t<\/div>\n\t\t\t\t<div class=\"elementor-element elementor-element-ce5b296 elementor-widget elementor-widget-spacer\" data-id=\"ce5b296\" data-element_type=\"widget\" data-widget_type=\"spacer.default\">\n\t\t\t\t<div class=\"elementor-widget-container\">\n\t\t\t\t\t\t\t<div class=\"elementor-spacer\">\n\t\t\t<div class=\"elementor-spacer-inner\"><\/div>\n\t\t<\/div>\n\t\t\t\t\t\t<\/div>\n\t\t\t\t<\/div>\n\t\t\t\t\t<\/div>\n\t\t<\/div>\n\t\t\t\t\t<\/div>\n\t\t<\/section>\n\t\t\t\t<\/div>\n\t\t","protected":false},"excerpt":{"rendered":"<p>D\u00e9pannage de ma borne Vous avez besoin d\u2019une assistance pour d\u00e9panner votre borne anti-moustique ? Voici quelques conseils pour r\u00e9soudre les diff\u00e9rents probl\u00e8mes qu\u2019il est possible de rencontrer lors de son utilisation ou sortie d\u2019hivernage. VOTRE AUTO-DIAGNOSTIC Pas \u00e0 pas, suivez les \u00e9tapes de notre guide technique vid\u00e9o, afin de d\u00e9tecter le type de panne [&hellip;]<\/p>\n","protected":false},"author":8329,"featured_media":0,"parent":0,"menu_order":0,"comment_status":"closed","ping_status":"closed","template":"elementor_header_footer","meta":{"_acf_changed":false,"_mo_disable_npp":"","footnotes":""},"class_list":["post-1463","page","type-page","status-publish","hentry"],"acf":[],"yoast_head":"<!-- This site is optimized with the Yoast SEO plugin v25.3 - https:\/\/yoast.com\/wordpress\/plugins\/seo\/ -->\n<title>D\u00e9pannage de votre borne anti-moustique Qista<\/title>\n<meta name=\"description\" content=\"Conseils pour d\u00e9panner votre borne anti-moustique \u00e9cologique Qista en cas de pannes. D\u00e9couvrez comment r\u00e9soudre les diff\u00e9rents probl\u00e8mes rencontr\u00e9s.\" \/>\n<meta name=\"robots\" content=\"index, follow, max-snippet:-1, max-image-preview:large, max-video-preview:-1\" \/>\n<link rel=\"canonical\" href=\"https:\/\/qista.com\/fr\/depannage-borne-qista\/\" \/>\n<meta property=\"og:locale\" content=\"fr_FR\" \/>\n<meta property=\"og:type\" content=\"article\" \/>\n<meta property=\"og:title\" content=\"D\u00e9pannage de votre borne anti-moustique Qista\" \/>\n<meta property=\"og:description\" content=\"Conseils pour d\u00e9panner votre borne anti-moustique \u00e9cologique Qista en cas de pannes. D\u00e9couvrez comment r\u00e9soudre les diff\u00e9rents probl\u00e8mes rencontr\u00e9s.\" \/>\n<meta property=\"og:url\" content=\"https:\/\/qista.com\/fr\/depannage-borne-qista\/\" \/>\n<meta property=\"og:site_name\" content=\"Qista.com\" \/>\n<meta property=\"article:modified_time\" content=\"2024-10-16T14:38:46+00:00\" \/>\n<meta property=\"og:image\" content=\"https:\/\/qista.com\/wp-content\/uploads\/2023\/09\/quista-borne-visioplus.webp\" \/>\n\t<meta property=\"og:image:width\" content=\"1200\" \/>\n\t<meta property=\"og:image:height\" content=\"1196\" \/>\n\t<meta property=\"og:image:type\" content=\"image\/webp\" \/>\n<meta name=\"twitter:card\" content=\"summary_large_image\" \/>\n<meta name=\"twitter:label1\" content=\"Dur\u00e9e de lecture estim\u00e9e\" \/>\n\t<meta name=\"twitter:data1\" content=\"2 minutes\" \/>\n<script type=\"application\/ld+json\" class=\"yoast-schema-graph\">{\"@context\":\"https:\/\/schema.org\",\"@graph\":[{\"@type\":\"WebPage\",\"@id\":\"https:\/\/qista.com\/fr\/depannage-borne-qista\/\",\"url\":\"https:\/\/qista.com\/fr\/depannage-borne-qista\/\",\"name\":\"D\u00e9pannage de votre borne anti-moustique Qista\",\"isPartOf\":{\"@id\":\"https:\/\/qista.com\/fr\/#website\"},\"datePublished\":\"2023-03-27T17:20:09+00:00\",\"dateModified\":\"2024-10-16T14:38:46+00:00\",\"description\":\"Conseils pour d\u00e9panner votre borne anti-moustique \u00e9cologique Qista en cas de pannes. D\u00e9couvrez comment r\u00e9soudre les diff\u00e9rents probl\u00e8mes rencontr\u00e9s.\",\"breadcrumb\":{\"@id\":\"https:\/\/qista.com\/fr\/depannage-borne-qista\/#breadcrumb\"},\"inLanguage\":\"fr-FR\",\"potentialAction\":[{\"@type\":\"ReadAction\",\"target\":[\"https:\/\/qista.com\/fr\/depannage-borne-qista\/\"]}]},{\"@type\":\"BreadcrumbList\",\"@id\":\"https:\/\/qista.com\/fr\/depannage-borne-qista\/#breadcrumb\",\"itemListElement\":[{\"@type\":\"ListItem\",\"position\":1,\"name\":\"Accueil\",\"item\":\"https:\/\/qista.com\/fr\/\"},{\"@type\":\"ListItem\",\"position\":2,\"name\":\"D\u00e9pannage et assistance\"}]},{\"@type\":\"WebSite\",\"@id\":\"https:\/\/qista.com\/fr\/#website\",\"url\":\"https:\/\/qista.com\/fr\/\",\"name\":\"QISTA\",\"description\":\"L&#039;aspiration MosqiVortex 788\",\"publisher\":{\"@id\":\"https:\/\/qista.com\/fr\/#organization\"},\"potentialAction\":[{\"@type\":\"SearchAction\",\"target\":{\"@type\":\"EntryPoint\",\"urlTemplate\":\"https:\/\/qista.com\/fr\/?s={search_term_string}\"},\"query-input\":{\"@type\":\"PropertyValueSpecification\",\"valueRequired\":true,\"valueName\":\"search_term_string\"}}],\"inLanguage\":\"fr-FR\"},{\"@type\":\"Organization\",\"@id\":\"https:\/\/qista.com\/fr\/#organization\",\"name\":\"QISTA\",\"url\":\"https:\/\/qista.com\/fr\/\",\"logo\":{\"@type\":\"ImageObject\",\"inLanguage\":\"fr-FR\",\"@id\":\"https:\/\/qista.com\/fr\/#\/schema\/logo\/image\/\",\"url\":\"https:\/\/qista.com\/wp-content\/uploads\/2023\/03\/LogoB_Qista_MosqiVortex.webp\",\"contentUrl\":\"https:\/\/qista.com\/wp-content\/uploads\/2023\/03\/LogoB_Qista_MosqiVortex.webp\",\"width\":537,\"height\":164,\"caption\":\"QISTA\"},\"image\":{\"@id\":\"https:\/\/qista.com\/fr\/#\/schema\/logo\/image\/\"}}]}<\/script>\n<!-- \/ Yoast SEO plugin. -->","yoast_head_json":{"title":"D\u00e9pannage de votre borne anti-moustique Qista","description":"Conseils pour d\u00e9panner votre borne anti-moustique \u00e9cologique Qista en cas de pannes. D\u00e9couvrez comment r\u00e9soudre les diff\u00e9rents probl\u00e8mes rencontr\u00e9s.","robots":{"index":"index","follow":"follow","max-snippet":"max-snippet:-1","max-image-preview":"max-image-preview:large","max-video-preview":"max-video-preview:-1"},"canonical":"https:\/\/qista.com\/fr\/depannage-borne-qista\/","og_locale":"fr_FR","og_type":"article","og_title":"D\u00e9pannage de votre borne anti-moustique Qista","og_description":"Conseils pour d\u00e9panner votre borne anti-moustique \u00e9cologique Qista en cas de pannes. D\u00e9couvrez comment r\u00e9soudre les diff\u00e9rents probl\u00e8mes rencontr\u00e9s.","og_url":"https:\/\/qista.com\/fr\/depannage-borne-qista\/","og_site_name":"Qista.com","article_modified_time":"2024-10-16T14:38:46+00:00","og_image":[{"width":1200,"height":1196,"url":"https:\/\/qista.com\/wp-content\/uploads\/2023\/09\/quista-borne-visioplus.webp","type":"image\/webp"}],"twitter_card":"summary_large_image","twitter_misc":{"Dur\u00e9e de lecture estim\u00e9e":"2 minutes"},"schema":{"@context":"https:\/\/schema.org","@graph":[{"@type":"WebPage","@id":"https:\/\/qista.com\/fr\/depannage-borne-qista\/","url":"https:\/\/qista.com\/fr\/depannage-borne-qista\/","name":"D\u00e9pannage de votre borne anti-moustique Qista","isPartOf":{"@id":"https:\/\/qista.com\/fr\/#website"},"datePublished":"2023-03-27T17:20:09+00:00","dateModified":"2024-10-16T14:38:46+00:00","description":"Conseils pour d\u00e9panner votre borne anti-moustique \u00e9cologique Qista en cas de pannes. D\u00e9couvrez comment r\u00e9soudre les diff\u00e9rents probl\u00e8mes rencontr\u00e9s.","breadcrumb":{"@id":"https:\/\/qista.com\/fr\/depannage-borne-qista\/#breadcrumb"},"inLanguage":"fr-FR","potentialAction":[{"@type":"ReadAction","target":["https:\/\/qista.com\/fr\/depannage-borne-qista\/"]}]},{"@type":"BreadcrumbList","@id":"https:\/\/qista.com\/fr\/depannage-borne-qista\/#breadcrumb","itemListElement":[{"@type":"ListItem","position":1,"name":"Accueil","item":"https:\/\/qista.com\/fr\/"},{"@type":"ListItem","position":2,"name":"D\u00e9pannage et assistance"}]},{"@type":"WebSite","@id":"https:\/\/qista.com\/fr\/#website","url":"https:\/\/qista.com\/fr\/","name":"QISTA","description":"L&#039;aspiration MosqiVortex 788","publisher":{"@id":"https:\/\/qista.com\/fr\/#organization"},"potentialAction":[{"@type":"SearchAction","target":{"@type":"EntryPoint","urlTemplate":"https:\/\/qista.com\/fr\/?s={search_term_string}"},"query-input":{"@type":"PropertyValueSpecification","valueRequired":true,"valueName":"search_term_string"}}],"inLanguage":"fr-FR"},{"@type":"Organization","@id":"https:\/\/qista.com\/fr\/#organization","name":"QISTA","url":"https:\/\/qista.com\/fr\/","logo":{"@type":"ImageObject","inLanguage":"fr-FR","@id":"https:\/\/qista.com\/fr\/#\/schema\/logo\/image\/","url":"https:\/\/qista.com\/wp-content\/uploads\/2023\/03\/LogoB_Qista_MosqiVortex.webp","contentUrl":"https:\/\/qista.com\/wp-content\/uploads\/2023\/03\/LogoB_Qista_MosqiVortex.webp","width":537,"height":164,"caption":"QISTA"},"image":{"@id":"https:\/\/qista.com\/fr\/#\/schema\/logo\/image\/"}}]}},"_links":{"self":[{"href":"https:\/\/qista.com\/fr\/wp-json\/wp\/v2\/pages\/1463","targetHints":{"allow":["GET"]}}],"collection":[{"href":"https:\/\/qista.com\/fr\/wp-json\/wp\/v2\/pages"}],"about":[{"href":"https:\/\/qista.com\/fr\/wp-json\/wp\/v2\/types\/page"}],"author":[{"embeddable":true,"href":"https:\/\/qista.com\/fr\/wp-json\/wp\/v2\/users\/8329"}],"replies":[{"embeddable":true,"href":"https:\/\/qista.com\/fr\/wp-json\/wp\/v2\/comments?post=1463"}],"version-history":[{"count":0,"href":"https:\/\/qista.com\/fr\/wp-json\/wp\/v2\/pages\/1463\/revisions"}],"wp:attachment":[{"href":"https:\/\/qista.com\/fr\/wp-json\/wp\/v2\/media?parent=1463"}],"curies":[{"name":"wp","href":"https:\/\/api.w.org\/{rel}","templated":true}]}}