{"id":39012,"date":"2022-12-06T16:37:41","date_gmt":"2022-12-06T15:37:41","guid":{"rendered":"https:\/\/qista.com\/boutique\/extension-electrico-estanco\/"},"modified":"2024-08-13T17:44:19","modified_gmt":"2024-08-13T15:44:19","slug":"extension-electrico-estanco","status":"publish","type":"product","link":"https:\/\/qista.com\/es\/boutique\/extension-electrico-estanco\/","title":{"rendered":"Extensi\u00f3n el\u00e9ctrico estanco"},"content":{"rendered":"","protected":false},"excerpt":{"rendered":"","protected":false},"featured_media":7783,"comment_status":"closed","ping_status":"closed","template":"","meta":{"_acf_changed":false,"_mo_disable_npp":""},"product_brand":[],"product_cat":[281],"product_tag":[296],"class_list":{"0":"post-39012","1":"product","2":"type-product","3":"status-publish","4":"has-post-thumbnail","6":"product_cat-accesorios","7":"product_tag-rallonge-es","9":"first","10":"instock","11":"taxable","12":"shipping-taxable","13":"purchasable","14":"product-type-variable"},"acf":[],"yoast_head":"<!-- This site is optimized with the Yoast SEO plugin v25.3 - https:\/\/yoast.com\/wordpress\/plugins\/seo\/ -->\n<title>Extensi\u00f3n el\u00e9ctrico estanco - QISTA<\/title>\n<meta name=\"description\" content=\"Cuando su m\u00e1quina antimosquitos QISTA est\u00e1 instalado en un jard\u00edn, a menudo se necesita una extensi\u00f3n para conectar el trampa a la red el\u00e9ctrica.\" \/>\n<meta name=\"robots\" content=\"index, follow, max-snippet:-1, max-image-preview:large, max-video-preview:-1\" \/>\n<link rel=\"canonical\" href=\"https:\/\/qista.com\/es\/boutique\/extension-electrico-estanco\/\" \/>\n<meta property=\"og:locale\" content=\"es_ES\" \/>\n<meta property=\"og:type\" content=\"article\" \/>\n<meta property=\"og:title\" content=\"Extensi\u00f3n el\u00e9ctrico estanco - QISTA\" \/>\n<meta property=\"og:description\" content=\"Cuando su m\u00e1quina antimosquitos QISTA est\u00e1 instalado en un jard\u00edn, a menudo se necesita una extensi\u00f3n para conectar el trampa a la red el\u00e9ctrica.\" \/>\n<meta property=\"og:url\" content=\"https:\/\/qista.com\/es\/boutique\/extension-electrico-estanco\/\" \/>\n<meta property=\"og:site_name\" content=\"Qista.com\" \/>\n<meta property=\"article:modified_time\" content=\"2024-08-13T15:44:19+00:00\" \/>\n<meta property=\"og:image\" content=\"https:\/\/qista.com\/wp-content\/uploads\/2023\/01\/rallonge-25m-2023-qista.webp\" \/>\n\t<meta property=\"og:image:width\" content=\"1024\" \/>\n\t<meta property=\"og:image:height\" content=\"1024\" \/>\n\t<meta property=\"og:image:type\" content=\"image\/webp\" \/>\n<meta name=\"twitter:card\" content=\"summary_large_image\" \/>\n<script type=\"application\/ld+json\" class=\"yoast-schema-graph\">{\"@context\":\"https:\/\/schema.org\",\"@graph\":[{\"@type\":\"WebPage\",\"@id\":\"https:\/\/qista.com\/es\/boutique\/extension-electrico-estanco\/\",\"url\":\"https:\/\/qista.com\/es\/boutique\/extension-electrico-estanco\/\",\"name\":\"Extensi\u00f3n el\u00e9ctrico estanco - QISTA\",\"isPartOf\":{\"@id\":\"https:\/\/qista.com\/es\/#website\"},\"primaryImageOfPage\":{\"@id\":\"https:\/\/qista.com\/es\/boutique\/extension-electrico-estanco\/#primaryimage\"},\"image\":{\"@id\":\"https:\/\/qista.com\/es\/boutique\/extension-electrico-estanco\/#primaryimage\"},\"thumbnailUrl\":\"https:\/\/qista.com\/wp-content\/uploads\/2023\/01\/rallonge-25m-2023-qista.webp\",\"datePublished\":\"2022-12-06T15:37:41+00:00\",\"dateModified\":\"2024-08-13T15:44:19+00:00\",\"description\":\"Cuando su m\u00e1quina antimosquitos QISTA est\u00e1 instalado en un jard\u00edn, a menudo se necesita una extensi\u00f3n para conectar el trampa a la red el\u00e9ctrica.\",\"breadcrumb\":{\"@id\":\"https:\/\/qista.com\/es\/boutique\/extension-electrico-estanco\/#breadcrumb\"},\"inLanguage\":\"es\",\"potentialAction\":[{\"@type\":\"ReadAction\",\"target\":[\"https:\/\/qista.com\/es\/boutique\/extension-electrico-estanco\/\"]}]},{\"@type\":\"ImageObject\",\"inLanguage\":\"es\",\"@id\":\"https:\/\/qista.com\/es\/boutique\/extension-electrico-estanco\/#primaryimage\",\"url\":\"https:\/\/qista.com\/wp-content\/uploads\/2023\/01\/rallonge-25m-2023-qista.webp\",\"contentUrl\":\"https:\/\/qista.com\/wp-content\/uploads\/2023\/01\/rallonge-25m-2023-qista.webp\",\"width\":1024,\"height\":1024},{\"@type\":\"BreadcrumbList\",\"@id\":\"https:\/\/qista.com\/es\/boutique\/extension-electrico-estanco\/#breadcrumb\",\"itemListElement\":[{\"@type\":\"ListItem\",\"position\":1,\"name\":\"Accueil\",\"item\":\"https:\/\/qista.com\/es\/\"},{\"@type\":\"ListItem\",\"position\":2,\"name\":\"Extensi\u00f3n el\u00e9ctrico estanco\"}]},{\"@type\":\"WebSite\",\"@id\":\"https:\/\/qista.com\/es\/#website\",\"url\":\"https:\/\/qista.com\/es\/\",\"name\":\"QISTA\",\"description\":\"L&#039;aspiration MosqiVortex 788\",\"publisher\":{\"@id\":\"https:\/\/qista.com\/es\/#organization\"},\"potentialAction\":[{\"@type\":\"SearchAction\",\"target\":{\"@type\":\"EntryPoint\",\"urlTemplate\":\"https:\/\/qista.com\/es\/?s={search_term_string}\"},\"query-input\":{\"@type\":\"PropertyValueSpecification\",\"valueRequired\":true,\"valueName\":\"search_term_string\"}}],\"inLanguage\":\"es\"},{\"@type\":\"Organization\",\"@id\":\"https:\/\/qista.com\/es\/#organization\",\"name\":\"QISTA\",\"url\":\"https:\/\/qista.com\/es\/\",\"logo\":{\"@type\":\"ImageObject\",\"inLanguage\":\"es\",\"@id\":\"https:\/\/qista.com\/es\/#\/schema\/logo\/image\/\",\"url\":\"https:\/\/qista.com\/wp-content\/uploads\/2023\/03\/LogoB_Qista_MosqiVortex.webp\",\"contentUrl\":\"https:\/\/qista.com\/wp-content\/uploads\/2023\/03\/LogoB_Qista_MosqiVortex.webp\",\"width\":537,\"height\":164,\"caption\":\"QISTA\"},\"image\":{\"@id\":\"https:\/\/qista.com\/es\/#\/schema\/logo\/image\/\"}}]}<\/script>\n<!-- \/ Yoast SEO plugin. -->","yoast_head_json":{"title":"Extensi\u00f3n el\u00e9ctrico estanco - QISTA","description":"Cuando su m\u00e1quina antimosquitos QISTA est\u00e1 instalado en un jard\u00edn, a menudo se necesita una extensi\u00f3n para conectar el trampa a la red el\u00e9ctrica.","robots":{"index":"index","follow":"follow","max-snippet":"max-snippet:-1","max-image-preview":"max-image-preview:large","max-video-preview":"max-video-preview:-1"},"canonical":"https:\/\/qista.com\/es\/boutique\/extension-electrico-estanco\/","og_locale":"es_ES","og_type":"article","og_title":"Extensi\u00f3n el\u00e9ctrico estanco - QISTA","og_description":"Cuando su m\u00e1quina antimosquitos QISTA est\u00e1 instalado en un jard\u00edn, a menudo se necesita una extensi\u00f3n para conectar el trampa a la red el\u00e9ctrica.","og_url":"https:\/\/qista.com\/es\/boutique\/extension-electrico-estanco\/","og_site_name":"Qista.com","article_modified_time":"2024-08-13T15:44:19+00:00","og_image":[{"width":1024,"height":1024,"url":"https:\/\/qista.com\/wp-content\/uploads\/2023\/01\/rallonge-25m-2023-qista.webp","type":"image\/webp"}],"twitter_card":"summary_large_image","schema":{"@context":"https:\/\/schema.org","@graph":[{"@type":"WebPage","@id":"https:\/\/qista.com\/es\/boutique\/extension-electrico-estanco\/","url":"https:\/\/qista.com\/es\/boutique\/extension-electrico-estanco\/","name":"Extensi\u00f3n el\u00e9ctrico estanco - QISTA","isPartOf":{"@id":"https:\/\/qista.com\/es\/#website"},"primaryImageOfPage":{"@id":"https:\/\/qista.com\/es\/boutique\/extension-electrico-estanco\/#primaryimage"},"image":{"@id":"https:\/\/qista.com\/es\/boutique\/extension-electrico-estanco\/#primaryimage"},"thumbnailUrl":"https:\/\/qista.com\/wp-content\/uploads\/2023\/01\/rallonge-25m-2023-qista.webp","datePublished":"2022-12-06T15:37:41+00:00","dateModified":"2024-08-13T15:44:19+00:00","description":"Cuando su m\u00e1quina antimosquitos QISTA est\u00e1 instalado en un jard\u00edn, a menudo se necesita una extensi\u00f3n para conectar el trampa a la red el\u00e9ctrica.","breadcrumb":{"@id":"https:\/\/qista.com\/es\/boutique\/extension-electrico-estanco\/#breadcrumb"},"inLanguage":"es","potentialAction":[{"@type":"ReadAction","target":["https:\/\/qista.com\/es\/boutique\/extension-electrico-estanco\/"]}]},{"@type":"ImageObject","inLanguage":"es","@id":"https:\/\/qista.com\/es\/boutique\/extension-electrico-estanco\/#primaryimage","url":"https:\/\/qista.com\/wp-content\/uploads\/2023\/01\/rallonge-25m-2023-qista.webp","contentUrl":"https:\/\/qista.com\/wp-content\/uploads\/2023\/01\/rallonge-25m-2023-qista.webp","width":1024,"height":1024},{"@type":"BreadcrumbList","@id":"https:\/\/qista.com\/es\/boutique\/extension-electrico-estanco\/#breadcrumb","itemListElement":[{"@type":"ListItem","position":1,"name":"Accueil","item":"https:\/\/qista.com\/es\/"},{"@type":"ListItem","position":2,"name":"Extensi\u00f3n el\u00e9ctrico estanco"}]},{"@type":"WebSite","@id":"https:\/\/qista.com\/es\/#website","url":"https:\/\/qista.com\/es\/","name":"QISTA","description":"L&#039;aspiration MosqiVortex 788","publisher":{"@id":"https:\/\/qista.com\/es\/#organization"},"potentialAction":[{"@type":"SearchAction","target":{"@type":"EntryPoint","urlTemplate":"https:\/\/qista.com\/es\/?s={search_term_string}"},"query-input":{"@type":"PropertyValueSpecification","valueRequired":true,"valueName":"search_term_string"}}],"inLanguage":"es"},{"@type":"Organization","@id":"https:\/\/qista.com\/es\/#organization","name":"QISTA","url":"https:\/\/qista.com\/es\/","logo":{"@type":"ImageObject","inLanguage":"es","@id":"https:\/\/qista.com\/es\/#\/schema\/logo\/image\/","url":"https:\/\/qista.com\/wp-content\/uploads\/2023\/03\/LogoB_Qista_MosqiVortex.webp","contentUrl":"https:\/\/qista.com\/wp-content\/uploads\/2023\/03\/LogoB_Qista_MosqiVortex.webp","width":537,"height":164,"caption":"QISTA"},"image":{"@id":"https:\/\/qista.com\/es\/#\/schema\/logo\/image\/"}}]}},"_links":{"self":[{"href":"https:\/\/qista.com\/es\/wp-json\/wp\/v2\/product\/39012","targetHints":{"allow":["GET"]}}],"collection":[{"href":"https:\/\/qista.com\/es\/wp-json\/wp\/v2\/product"}],"about":[{"href":"https:\/\/qista.com\/es\/wp-json\/wp\/v2\/types\/product"}],"replies":[{"embeddable":true,"href":"https:\/\/qista.com\/es\/wp-json\/wp\/v2\/comments?post=39012"}],"version-history":[{"count":0,"href":"https:\/\/qista.com\/es\/wp-json\/wp\/v2\/product\/39012\/revisions"}],"wp:featuredmedia":[{"embeddable":true,"href":"https:\/\/qista.com\/es\/wp-json\/wp\/v2\/media\/7783"}],"wp:attachment":[{"href":"https:\/\/qista.com\/es\/wp-json\/wp\/v2\/media?parent=39012"}],"wp:term":[{"taxonomy":"product_brand","embeddable":true,"href":"https:\/\/qista.com\/es\/wp-json\/wp\/v2\/product_brand?post=39012"},{"taxonomy":"product_cat","embeddable":true,"href":"https:\/\/qista.com\/es\/wp-json\/wp\/v2\/product_cat?post=39012"},{"taxonomy":"product_tag","embeddable":true,"href":"https:\/\/qista.com\/es\/wp-json\/wp\/v2\/product_tag?post=39012"}],"curies":[{"name":"wp","href":"https:\/\/api.w.org\/{rel}","templated":true}]}}