{"id":38920,"date":"2023-09-28T19:31:18","date_gmt":"2023-09-28T17:31:18","guid":{"rendered":"https:\/\/qista.com\/boutique\/pack-de-recarga\/"},"modified":"2024-08-13T15:02:46","modified_gmt":"2024-08-13T13:02:46","slug":"pack-de-consumibles","status":"publish","type":"product","link":"https:\/\/qista.com\/es\/boutique\/pack-de-consumibles\/","title":{"rendered":"Pack de consumibles"},"content":{"rendered":"\t\t<div data-elementor-type=\"product-post\" data-elementor-id=\"38920\" class=\"elementor elementor-38920 elementor-2913\" data-elementor-post-type=\"product\">\n\t\t\t\t\t\t<section class=\"elementor-section elementor-top-section elementor-element elementor-element-1fc344ac elementor-section-boxed elementor-section-height-default elementor-section-height-default\" data-id=\"1fc344ac\" data-element_type=\"section\">\n\t\t\t\t\t\t<div class=\"elementor-container elementor-column-gap-default\">\n\t\t\t\t\t<div class=\"elementor-column elementor-col-100 elementor-top-column elementor-element elementor-element-699b4aab\" data-id=\"699b4aab\" data-element_type=\"column\">\n\t\t\t<div class=\"elementor-widget-wrap elementor-element-populated\">\n\t\t\t\t\t\t<div class=\"elementor-element elementor-element-727e2131 elementor-widget elementor-widget-text-editor\" data-id=\"727e2131\" data-element_type=\"widget\" data-widget_type=\"text-editor.default\">\n\t\t\t\t<div class=\"elementor-widget-container\">\n\t\t\t\t\t\t\t\t\t<p>El pack de consumibles est\u00e1 compuesto por una botella de CO\u2082 y un se\u00f1uelo olfativo para mosquito tigre o tradicional.<\/p>\r\n<h4>Conservaci\u00f3n<\/h4>\r\n<p>Puede conservar los se\u00f1uelos contra mosquitos sin abrirlos durante un m\u00e1ximo de 6 meses. Debe conservarse a temperatura ambiente. La temperatura no debe variar.<\/p>\r\n<h4><\/h4>\r\n<h4>Sustituci\u00f3n<\/h4>\r\n<p>En el marco de un uso diario 15h\/24 (recomendaci\u00f3n para una eficacia \u00f3ptima), la botella de CO\u2082 debe ser reemplazada cada 2 meses y los se\u00f1uelos deben ser reemplazados cada mes.\r\nNuestros modelos de m\u00e1quinas m\u00e1s antiguos, sin embargo, deben reemplazar sus 2 consumibles cada mes. Conf\u00ede en el modelo de su m\u00e1quina cuando realice un pedido.<\/p>\r\n<h4><\/h4>\r\n<h4>Opci\u00f3n de instalaci\u00f3n<\/h4>\r\n<p>Usted mismo realiza el mantenimiento de su m\u00e1quina ? Gracias a la gu\u00eda de uso que se incluye con nuestra soluci\u00f3n antimosquito, puede realizar usted mismo la sustituci\u00f3n de sus consumibles, paso a paso, siguiendo las indicaciones dadas por QISTA.<\/p>\r\n\t\t\t\t\t\t\t\t<\/div>\n\t\t\t\t<\/div>\n\t\t\t\t\t<\/div>\n\t\t<\/div>\n\t\t\t\t\t<\/div>\n\t\t<\/section>\n\t\t\t\t<\/div>\n\t\t","protected":false},"excerpt":{"rendered":"<p>No dejes que los mosquitos te estropeen el verano: \u00a1recarga su m\u00e1quina antimosquito a la primera se\u00f1al de su aparici\u00f3n! Nuestro pack de consumibles contiene botellas de CO\u2082 y se\u00f1uelos olfativos eficaz contra los mosquitos tigres y tradicionales.<\/p>\n<ul class=\"puces-liste\">\n<li><i class=\"fas fa-check\" style=\"color: #a8d15f;\" aria-hidden=\"true\"><\/i> <strong>Botellas de CO\u2082<\/strong><\/li>\n<li><strong><i class=\"fas fa-check\" style=\"color: #a8d15f;\" aria-hidden=\"true\"><\/i>Elecci\u00f3n de se\u00f1uelo tradicional o tigre<\/strong><\/li>\n<li><strong><i class=\"fas fa-check\" style=\"color: #a8d15f;\" aria-hidden=\"true\"><\/i>Opci\u00f3n de mantenimiento posible<\/strong><\/li>\n<\/ul>\n","protected":false},"featured_media":7819,"comment_status":"closed","ping_status":"closed","template":"","meta":{"_acf_changed":false,"_mo_disable_npp":""},"product_brand":[],"product_cat":[275,283,284],"product_tag":[286,285],"class_list":{"0":"post-38920","1":"product","2":"type-product","3":"status-publish","4":"has-post-thumbnail","6":"product_cat-bam-config-es","7":"product_cat-consumibles","8":"product_cat-pack-config-es","9":"product_tag-configurar-mi-pack-de-consumibles","10":"product_tag-pack-original-es","12":"first","13":"instock","14":"taxable","15":"shipping-taxable","16":"product-type-simple"},"acf":[],"yoast_head":"<!-- This site is optimized with the Yoast SEO plugin v25.3 - https:\/\/yoast.com\/wordpress\/plugins\/seo\/ -->\n<title>Pack de consumibles para m\u00e1quina antimosquitos - Qista<\/title>\n<meta name=\"description\" content=\"El pack de consumibles para su m\u00e1quina antimosquitos QISTA permite encargar todo lo que necesitas para una \u00f3ptima captura de los mosquitos.\" \/>\n<meta name=\"robots\" content=\"index, follow, max-snippet:-1, max-image-preview:large, max-video-preview:-1\" \/>\n<link rel=\"canonical\" href=\"https:\/\/qista.com\/es\/boutique\/pack-de-consumibles\/\" \/>\n<meta property=\"og:locale\" content=\"es_ES\" \/>\n<meta property=\"og:type\" content=\"article\" \/>\n<meta property=\"og:title\" content=\"Pack de consumibles para m\u00e1quina antimosquitos - Qista\" \/>\n<meta property=\"og:description\" content=\"El pack de consumibles para su m\u00e1quina antimosquitos QISTA permite encargar todo lo que necesitas para una \u00f3ptima captura de los mosquitos.\" \/>\n<meta property=\"og:url\" content=\"https:\/\/qista.com\/es\/boutique\/pack-de-consumibles\/\" \/>\n<meta property=\"og:site_name\" content=\"Qista.com\" \/>\n<meta property=\"article:modified_time\" content=\"2024-08-13T13:02:46+00:00\" \/>\n<meta property=\"og:image\" content=\"https:\/\/qista.com\/wp-content\/uploads\/2023\/02\/pack-recharge-co2-leurre-2023-qista-768-copie-1.webp\" \/>\n\t<meta property=\"og:image:width\" content=\"768\" \/>\n\t<meta property=\"og:image:height\" content=\"768\" \/>\n\t<meta property=\"og:image:type\" content=\"image\/webp\" \/>\n<meta name=\"twitter:card\" content=\"summary_large_image\" \/>\n<meta name=\"twitter:label1\" content=\"Tiempo de lectura\" \/>\n\t<meta name=\"twitter:data1\" content=\"1 minuto\" \/>\n<script type=\"application\/ld+json\" class=\"yoast-schema-graph\">{\"@context\":\"https:\/\/schema.org\",\"@graph\":[{\"@type\":\"WebPage\",\"@id\":\"https:\/\/qista.com\/es\/boutique\/pack-de-consumibles\/\",\"url\":\"https:\/\/qista.com\/es\/boutique\/pack-de-consumibles\/\",\"name\":\"Pack de consumibles para m\u00e1quina antimosquitos - Qista\",\"isPartOf\":{\"@id\":\"https:\/\/qista.com\/es\/#website\"},\"primaryImageOfPage\":{\"@id\":\"https:\/\/qista.com\/es\/boutique\/pack-de-consumibles\/#primaryimage\"},\"image\":{\"@id\":\"https:\/\/qista.com\/es\/boutique\/pack-de-consumibles\/#primaryimage\"},\"thumbnailUrl\":\"https:\/\/qista.com\/wp-content\/uploads\/2023\/02\/pack-recharge-co2-leurre-2023-qista-768-copie-1.webp\",\"datePublished\":\"2023-09-28T17:31:18+00:00\",\"dateModified\":\"2024-08-13T13:02:46+00:00\",\"description\":\"El pack de consumibles para su m\u00e1quina antimosquitos QISTA permite encargar todo lo que necesitas para una \u00f3ptima captura de los mosquitos.\",\"breadcrumb\":{\"@id\":\"https:\/\/qista.com\/es\/boutique\/pack-de-consumibles\/#breadcrumb\"},\"inLanguage\":\"es\",\"potentialAction\":[{\"@type\":\"ReadAction\",\"target\":[\"https:\/\/qista.com\/es\/boutique\/pack-de-consumibles\/\"]}]},{\"@type\":\"ImageObject\",\"inLanguage\":\"es\",\"@id\":\"https:\/\/qista.com\/es\/boutique\/pack-de-consumibles\/#primaryimage\",\"url\":\"https:\/\/qista.com\/wp-content\/uploads\/2023\/02\/pack-recharge-co2-leurre-2023-qista-768-copie-1.webp\",\"contentUrl\":\"https:\/\/qista.com\/wp-content\/uploads\/2023\/02\/pack-recharge-co2-leurre-2023-qista-768-copie-1.webp\",\"width\":768,\"height\":768},{\"@type\":\"BreadcrumbList\",\"@id\":\"https:\/\/qista.com\/es\/boutique\/pack-de-consumibles\/#breadcrumb\",\"itemListElement\":[{\"@type\":\"ListItem\",\"position\":1,\"name\":\"Accueil\",\"item\":\"https:\/\/qista.com\/es\/\"},{\"@type\":\"ListItem\",\"position\":2,\"name\":\"Pack de consumibles\"}]},{\"@type\":\"WebSite\",\"@id\":\"https:\/\/qista.com\/es\/#website\",\"url\":\"https:\/\/qista.com\/es\/\",\"name\":\"QISTA\",\"description\":\"L&#039;aspiration MosqiVortex 788\",\"publisher\":{\"@id\":\"https:\/\/qista.com\/es\/#organization\"},\"potentialAction\":[{\"@type\":\"SearchAction\",\"target\":{\"@type\":\"EntryPoint\",\"urlTemplate\":\"https:\/\/qista.com\/es\/?s={search_term_string}\"},\"query-input\":{\"@type\":\"PropertyValueSpecification\",\"valueRequired\":true,\"valueName\":\"search_term_string\"}}],\"inLanguage\":\"es\"},{\"@type\":\"Organization\",\"@id\":\"https:\/\/qista.com\/es\/#organization\",\"name\":\"QISTA\",\"url\":\"https:\/\/qista.com\/es\/\",\"logo\":{\"@type\":\"ImageObject\",\"inLanguage\":\"es\",\"@id\":\"https:\/\/qista.com\/es\/#\/schema\/logo\/image\/\",\"url\":\"https:\/\/qista.com\/wp-content\/uploads\/2023\/03\/LogoB_Qista_MosqiVortex.webp\",\"contentUrl\":\"https:\/\/qista.com\/wp-content\/uploads\/2023\/03\/LogoB_Qista_MosqiVortex.webp\",\"width\":537,\"height\":164,\"caption\":\"QISTA\"},\"image\":{\"@id\":\"https:\/\/qista.com\/es\/#\/schema\/logo\/image\/\"}}]}<\/script>\n<!-- \/ Yoast SEO plugin. -->","yoast_head_json":{"title":"Pack de consumibles para m\u00e1quina antimosquitos - Qista","description":"El pack de consumibles para su m\u00e1quina antimosquitos QISTA permite encargar todo lo que necesitas para una \u00f3ptima captura de los mosquitos.","robots":{"index":"index","follow":"follow","max-snippet":"max-snippet:-1","max-image-preview":"max-image-preview:large","max-video-preview":"max-video-preview:-1"},"canonical":"https:\/\/qista.com\/es\/boutique\/pack-de-consumibles\/","og_locale":"es_ES","og_type":"article","og_title":"Pack de consumibles para m\u00e1quina antimosquitos - Qista","og_description":"El pack de consumibles para su m\u00e1quina antimosquitos QISTA permite encargar todo lo que necesitas para una \u00f3ptima captura de los mosquitos.","og_url":"https:\/\/qista.com\/es\/boutique\/pack-de-consumibles\/","og_site_name":"Qista.com","article_modified_time":"2024-08-13T13:02:46+00:00","og_image":[{"width":768,"height":768,"url":"https:\/\/qista.com\/wp-content\/uploads\/2023\/02\/pack-recharge-co2-leurre-2023-qista-768-copie-1.webp","type":"image\/webp"}],"twitter_card":"summary_large_image","twitter_misc":{"Tiempo de lectura":"1 minuto"},"schema":{"@context":"https:\/\/schema.org","@graph":[{"@type":"WebPage","@id":"https:\/\/qista.com\/es\/boutique\/pack-de-consumibles\/","url":"https:\/\/qista.com\/es\/boutique\/pack-de-consumibles\/","name":"Pack de consumibles para m\u00e1quina antimosquitos - Qista","isPartOf":{"@id":"https:\/\/qista.com\/es\/#website"},"primaryImageOfPage":{"@id":"https:\/\/qista.com\/es\/boutique\/pack-de-consumibles\/#primaryimage"},"image":{"@id":"https:\/\/qista.com\/es\/boutique\/pack-de-consumibles\/#primaryimage"},"thumbnailUrl":"https:\/\/qista.com\/wp-content\/uploads\/2023\/02\/pack-recharge-co2-leurre-2023-qista-768-copie-1.webp","datePublished":"2023-09-28T17:31:18+00:00","dateModified":"2024-08-13T13:02:46+00:00","description":"El pack de consumibles para su m\u00e1quina antimosquitos QISTA permite encargar todo lo que necesitas para una \u00f3ptima captura de los mosquitos.","breadcrumb":{"@id":"https:\/\/qista.com\/es\/boutique\/pack-de-consumibles\/#breadcrumb"},"inLanguage":"es","potentialAction":[{"@type":"ReadAction","target":["https:\/\/qista.com\/es\/boutique\/pack-de-consumibles\/"]}]},{"@type":"ImageObject","inLanguage":"es","@id":"https:\/\/qista.com\/es\/boutique\/pack-de-consumibles\/#primaryimage","url":"https:\/\/qista.com\/wp-content\/uploads\/2023\/02\/pack-recharge-co2-leurre-2023-qista-768-copie-1.webp","contentUrl":"https:\/\/qista.com\/wp-content\/uploads\/2023\/02\/pack-recharge-co2-leurre-2023-qista-768-copie-1.webp","width":768,"height":768},{"@type":"BreadcrumbList","@id":"https:\/\/qista.com\/es\/boutique\/pack-de-consumibles\/#breadcrumb","itemListElement":[{"@type":"ListItem","position":1,"name":"Accueil","item":"https:\/\/qista.com\/es\/"},{"@type":"ListItem","position":2,"name":"Pack de consumibles"}]},{"@type":"WebSite","@id":"https:\/\/qista.com\/es\/#website","url":"https:\/\/qista.com\/es\/","name":"QISTA","description":"L&#039;aspiration MosqiVortex 788","publisher":{"@id":"https:\/\/qista.com\/es\/#organization"},"potentialAction":[{"@type":"SearchAction","target":{"@type":"EntryPoint","urlTemplate":"https:\/\/qista.com\/es\/?s={search_term_string}"},"query-input":{"@type":"PropertyValueSpecification","valueRequired":true,"valueName":"search_term_string"}}],"inLanguage":"es"},{"@type":"Organization","@id":"https:\/\/qista.com\/es\/#organization","name":"QISTA","url":"https:\/\/qista.com\/es\/","logo":{"@type":"ImageObject","inLanguage":"es","@id":"https:\/\/qista.com\/es\/#\/schema\/logo\/image\/","url":"https:\/\/qista.com\/wp-content\/uploads\/2023\/03\/LogoB_Qista_MosqiVortex.webp","contentUrl":"https:\/\/qista.com\/wp-content\/uploads\/2023\/03\/LogoB_Qista_MosqiVortex.webp","width":537,"height":164,"caption":"QISTA"},"image":{"@id":"https:\/\/qista.com\/es\/#\/schema\/logo\/image\/"}}]}},"_links":{"self":[{"href":"https:\/\/qista.com\/es\/wp-json\/wp\/v2\/product\/38920","targetHints":{"allow":["GET"]}}],"collection":[{"href":"https:\/\/qista.com\/es\/wp-json\/wp\/v2\/product"}],"about":[{"href":"https:\/\/qista.com\/es\/wp-json\/wp\/v2\/types\/product"}],"replies":[{"embeddable":true,"href":"https:\/\/qista.com\/es\/wp-json\/wp\/v2\/comments?post=38920"}],"version-history":[{"count":0,"href":"https:\/\/qista.com\/es\/wp-json\/wp\/v2\/product\/38920\/revisions"}],"wp:featuredmedia":[{"embeddable":true,"href":"https:\/\/qista.com\/es\/wp-json\/wp\/v2\/media\/7819"}],"wp:attachment":[{"href":"https:\/\/qista.com\/es\/wp-json\/wp\/v2\/media?parent=38920"}],"wp:term":[{"taxonomy":"product_brand","embeddable":true,"href":"https:\/\/qista.com\/es\/wp-json\/wp\/v2\/product_brand?post=38920"},{"taxonomy":"product_cat","embeddable":true,"href":"https:\/\/qista.com\/es\/wp-json\/wp\/v2\/product_cat?post=38920"},{"taxonomy":"product_tag","embeddable":true,"href":"https:\/\/qista.com\/es\/wp-json\/wp\/v2\/product_tag?post=38920"}],"curies":[{"name":"wp","href":"https:\/\/api.w.org\/{rel}","templated":true}]}}