{"id":38678,"date":"2023-01-14T16:37:54","date_gmt":"2023-01-14T15:37:54","guid":{"rendered":"https:\/\/qista.com\/boutique\/bam-visio-plus\/"},"modified":"2024-08-21T15:06:26","modified_gmt":"2024-08-21T13:06:26","slug":"bam-visio-plus","status":"publish","type":"product","link":"https:\/\/qista.com\/es\/boutique\/bam-visio-plus\/","title":{"rendered":"BAM VISIO+"},"content":{"rendered":"","protected":false},"excerpt":{"rendered":"<p><strong>Dedicado a los espacios privados<\/strong><br \/>\nContra los mosquitos, elija QISTA: la soluci\u00f3n sencilla, eficaz y ecol\u00f3gica:<\/p>\n<ul>\n<li><strong>Trampa conectada<\/strong><\/li>\n<li><strong>Repelente de mosquitos tradicional y tigre<\/strong><\/li>\n<li><strong>Toxicidad cero<\/strong><\/li>\n<li><strong>Distribuci\u00f3n optimizada de los consumibles<\/strong><\/li>\n<li><strong>Mosquitos contados por sensor \u00f3ptico<\/strong><\/li>\n<li><strong>Fabricado en Francia<\/strong><\/li>\n<\/ul>\n","protected":false},"featured_media":44208,"comment_status":"closed","ping_status":"closed","template":"","meta":{"_acf_changed":false,"_mo_disable_npp":""},"product_brand":[],"product_cat":[272,275],"product_tag":[276,277],"class_list":{"0":"post-38678","1":"product","2":"type-product","3":"status-publish","4":"has-post-thumbnail","6":"product_cat-bam-es","7":"product_cat-bam-config-es","8":"product_tag-bam-visio-es","9":"product_tag-borne-visio-es","11":"first","12":"instock","13":"taxable","14":"shipping-taxable","15":"purchasable","16":"product-type-simple"},"acf":[],"yoast_head":"<!-- This site is optimized with the Yoast SEO plugin v25.3 - https:\/\/yoast.com\/wordpress\/plugins\/seo\/ -->\n<title>BAM VISIO - Repelente de mosquitos conectado - Qista<\/title>\n<meta name=\"description\" content=\"Programable y controlable a distancia a trav\u00e9s de su aplicaci\u00f3n para smartphone, Qista BAM VISIO+ adapta su funcionamiento para ofrecerte una protecci\u00f3n \u00f3ptima contra los mosquitos.\" \/>\n<meta name=\"robots\" content=\"noindex, nofollow\" \/>\n<meta property=\"og:locale\" content=\"es_ES\" \/>\n<meta property=\"og:type\" content=\"article\" \/>\n<meta property=\"og:title\" content=\"BAM VISIO - Repelente de mosquitos conectado - Qista\" \/>\n<meta property=\"og:description\" content=\"Programable y controlable a distancia a trav\u00e9s de su aplicaci\u00f3n para smartphone, Qista BAM VISIO+ adapta su funcionamiento para ofrecerte una protecci\u00f3n \u00f3ptima contra los mosquitos.\" \/>\n<meta property=\"og:url\" content=\"https:\/\/qista.com\/es\/boutique\/bam-visio-plus\/\" \/>\n<meta property=\"og:site_name\" content=\"Qista.com\" \/>\n<meta property=\"article:modified_time\" content=\"2024-08-21T13:06:26+00:00\" \/>\n<meta property=\"og:image\" content=\"https:\/\/qista.com\/wp-content\/uploads\/2025\/07\/PACKSHOT-NL-Bam-Optima-3_4-blanc.png\" \/>\n\t<meta property=\"og:image:width\" content=\"500\" \/>\n\t<meta property=\"og:image:height\" content=\"667\" \/>\n\t<meta property=\"og:image:type\" content=\"image\/png\" \/>\n<meta name=\"twitter:card\" content=\"summary_large_image\" \/>\n<script type=\"application\/ld+json\" class=\"yoast-schema-graph\">{\"@context\":\"https:\/\/schema.org\",\"@graph\":[{\"@type\":\"WebPage\",\"@id\":\"https:\/\/qista.com\/es\/boutique\/bam-visio-plus\/\",\"url\":\"https:\/\/qista.com\/es\/boutique\/bam-visio-plus\/\",\"name\":\"BAM VISIO - Repelente de mosquitos conectado - Qista\",\"isPartOf\":{\"@id\":\"https:\/\/qista.com\/es\/#website\"},\"primaryImageOfPage\":{\"@id\":\"https:\/\/qista.com\/es\/boutique\/bam-visio-plus\/#primaryimage\"},\"image\":{\"@id\":\"https:\/\/qista.com\/es\/boutique\/bam-visio-plus\/#primaryimage\"},\"thumbnailUrl\":\"https:\/\/qista.com\/wp-content\/uploads\/2025\/07\/PACKSHOT-NL-Bam-Optima-3_4-blanc.png\",\"datePublished\":\"2023-01-14T15:37:54+00:00\",\"dateModified\":\"2024-08-21T13:06:26+00:00\",\"description\":\"Programable y controlable a distancia a trav\u00e9s de su aplicaci\u00f3n para smartphone, Qista BAM VISIO+ adapta su funcionamiento para ofrecerte una protecci\u00f3n \u00f3ptima contra los mosquitos.\",\"breadcrumb\":{\"@id\":\"https:\/\/qista.com\/es\/boutique\/bam-visio-plus\/#breadcrumb\"},\"inLanguage\":\"es\",\"potentialAction\":[{\"@type\":\"ReadAction\",\"target\":[\"https:\/\/qista.com\/es\/boutique\/bam-visio-plus\/\"]}]},{\"@type\":\"ImageObject\",\"inLanguage\":\"es\",\"@id\":\"https:\/\/qista.com\/es\/boutique\/bam-visio-plus\/#primaryimage\",\"url\":\"https:\/\/qista.com\/wp-content\/uploads\/2025\/07\/PACKSHOT-NL-Bam-Optima-3_4-blanc.png\",\"contentUrl\":\"https:\/\/qista.com\/wp-content\/uploads\/2025\/07\/PACKSHOT-NL-Bam-Optima-3_4-blanc.png\",\"width\":500,\"height\":667,\"caption\":\"Borne anti moustiques Optima Qista\"},{\"@type\":\"BreadcrumbList\",\"@id\":\"https:\/\/qista.com\/es\/boutique\/bam-visio-plus\/#breadcrumb\",\"itemListElement\":[{\"@type\":\"ListItem\",\"position\":1,\"name\":\"Accueil\",\"item\":\"https:\/\/qista.com\/es\/\"},{\"@type\":\"ListItem\",\"position\":2,\"name\":\"BAM VISIO+\"}]},{\"@type\":\"WebSite\",\"@id\":\"https:\/\/qista.com\/es\/#website\",\"url\":\"https:\/\/qista.com\/es\/\",\"name\":\"QISTA\",\"description\":\"L&#039;aspiration MosqiVortex 788\",\"publisher\":{\"@id\":\"https:\/\/qista.com\/es\/#organization\"},\"potentialAction\":[{\"@type\":\"SearchAction\",\"target\":{\"@type\":\"EntryPoint\",\"urlTemplate\":\"https:\/\/qista.com\/es\/?s={search_term_string}\"},\"query-input\":{\"@type\":\"PropertyValueSpecification\",\"valueRequired\":true,\"valueName\":\"search_term_string\"}}],\"inLanguage\":\"es\"},{\"@type\":\"Organization\",\"@id\":\"https:\/\/qista.com\/es\/#organization\",\"name\":\"QISTA\",\"url\":\"https:\/\/qista.com\/es\/\",\"logo\":{\"@type\":\"ImageObject\",\"inLanguage\":\"es\",\"@id\":\"https:\/\/qista.com\/es\/#\/schema\/logo\/image\/\",\"url\":\"https:\/\/qista.com\/wp-content\/uploads\/2023\/03\/LogoB_Qista_MosqiVortex.webp\",\"contentUrl\":\"https:\/\/qista.com\/wp-content\/uploads\/2023\/03\/LogoB_Qista_MosqiVortex.webp\",\"width\":537,\"height\":164,\"caption\":\"QISTA\"},\"image\":{\"@id\":\"https:\/\/qista.com\/es\/#\/schema\/logo\/image\/\"}}]}<\/script>\n<!-- \/ Yoast SEO plugin. -->","yoast_head_json":{"title":"BAM VISIO - Repelente de mosquitos conectado - Qista","description":"Programable y controlable a distancia a trav\u00e9s de su aplicaci\u00f3n para smartphone, Qista BAM VISIO+ adapta su funcionamiento para ofrecerte una protecci\u00f3n \u00f3ptima contra los mosquitos.","robots":{"index":"noindex","follow":"nofollow"},"og_locale":"es_ES","og_type":"article","og_title":"BAM VISIO - Repelente de mosquitos conectado - Qista","og_description":"Programable y controlable a distancia a trav\u00e9s de su aplicaci\u00f3n para smartphone, Qista BAM VISIO+ adapta su funcionamiento para ofrecerte una protecci\u00f3n \u00f3ptima contra los mosquitos.","og_url":"https:\/\/qista.com\/es\/boutique\/bam-visio-plus\/","og_site_name":"Qista.com","article_modified_time":"2024-08-21T13:06:26+00:00","og_image":[{"width":500,"height":667,"url":"https:\/\/qista.com\/wp-content\/uploads\/2025\/07\/PACKSHOT-NL-Bam-Optima-3_4-blanc.png","type":"image\/png"}],"twitter_card":"summary_large_image","schema":{"@context":"https:\/\/schema.org","@graph":[{"@type":"WebPage","@id":"https:\/\/qista.com\/es\/boutique\/bam-visio-plus\/","url":"https:\/\/qista.com\/es\/boutique\/bam-visio-plus\/","name":"BAM VISIO - Repelente de mosquitos conectado - Qista","isPartOf":{"@id":"https:\/\/qista.com\/es\/#website"},"primaryImageOfPage":{"@id":"https:\/\/qista.com\/es\/boutique\/bam-visio-plus\/#primaryimage"},"image":{"@id":"https:\/\/qista.com\/es\/boutique\/bam-visio-plus\/#primaryimage"},"thumbnailUrl":"https:\/\/qista.com\/wp-content\/uploads\/2025\/07\/PACKSHOT-NL-Bam-Optima-3_4-blanc.png","datePublished":"2023-01-14T15:37:54+00:00","dateModified":"2024-08-21T13:06:26+00:00","description":"Programable y controlable a distancia a trav\u00e9s de su aplicaci\u00f3n para smartphone, Qista BAM VISIO+ adapta su funcionamiento para ofrecerte una protecci\u00f3n \u00f3ptima contra los mosquitos.","breadcrumb":{"@id":"https:\/\/qista.com\/es\/boutique\/bam-visio-plus\/#breadcrumb"},"inLanguage":"es","potentialAction":[{"@type":"ReadAction","target":["https:\/\/qista.com\/es\/boutique\/bam-visio-plus\/"]}]},{"@type":"ImageObject","inLanguage":"es","@id":"https:\/\/qista.com\/es\/boutique\/bam-visio-plus\/#primaryimage","url":"https:\/\/qista.com\/wp-content\/uploads\/2025\/07\/PACKSHOT-NL-Bam-Optima-3_4-blanc.png","contentUrl":"https:\/\/qista.com\/wp-content\/uploads\/2025\/07\/PACKSHOT-NL-Bam-Optima-3_4-blanc.png","width":500,"height":667,"caption":"Borne anti moustiques Optima Qista"},{"@type":"BreadcrumbList","@id":"https:\/\/qista.com\/es\/boutique\/bam-visio-plus\/#breadcrumb","itemListElement":[{"@type":"ListItem","position":1,"name":"Accueil","item":"https:\/\/qista.com\/es\/"},{"@type":"ListItem","position":2,"name":"BAM VISIO+"}]},{"@type":"WebSite","@id":"https:\/\/qista.com\/es\/#website","url":"https:\/\/qista.com\/es\/","name":"QISTA","description":"L&#039;aspiration MosqiVortex 788","publisher":{"@id":"https:\/\/qista.com\/es\/#organization"},"potentialAction":[{"@type":"SearchAction","target":{"@type":"EntryPoint","urlTemplate":"https:\/\/qista.com\/es\/?s={search_term_string}"},"query-input":{"@type":"PropertyValueSpecification","valueRequired":true,"valueName":"search_term_string"}}],"inLanguage":"es"},{"@type":"Organization","@id":"https:\/\/qista.com\/es\/#organization","name":"QISTA","url":"https:\/\/qista.com\/es\/","logo":{"@type":"ImageObject","inLanguage":"es","@id":"https:\/\/qista.com\/es\/#\/schema\/logo\/image\/","url":"https:\/\/qista.com\/wp-content\/uploads\/2023\/03\/LogoB_Qista_MosqiVortex.webp","contentUrl":"https:\/\/qista.com\/wp-content\/uploads\/2023\/03\/LogoB_Qista_MosqiVortex.webp","width":537,"height":164,"caption":"QISTA"},"image":{"@id":"https:\/\/qista.com\/es\/#\/schema\/logo\/image\/"}}]}},"_links":{"self":[{"href":"https:\/\/qista.com\/es\/wp-json\/wp\/v2\/product\/38678","targetHints":{"allow":["GET"]}}],"collection":[{"href":"https:\/\/qista.com\/es\/wp-json\/wp\/v2\/product"}],"about":[{"href":"https:\/\/qista.com\/es\/wp-json\/wp\/v2\/types\/product"}],"replies":[{"embeddable":true,"href":"https:\/\/qista.com\/es\/wp-json\/wp\/v2\/comments?post=38678"}],"version-history":[{"count":0,"href":"https:\/\/qista.com\/es\/wp-json\/wp\/v2\/product\/38678\/revisions"}],"wp:featuredmedia":[{"embeddable":true,"href":"https:\/\/qista.com\/es\/wp-json\/wp\/v2\/media\/44208"}],"wp:attachment":[{"href":"https:\/\/qista.com\/es\/wp-json\/wp\/v2\/media?parent=38678"}],"wp:term":[{"taxonomy":"product_brand","embeddable":true,"href":"https:\/\/qista.com\/es\/wp-json\/wp\/v2\/product_brand?post=38678"},{"taxonomy":"product_cat","embeddable":true,"href":"https:\/\/qista.com\/es\/wp-json\/wp\/v2\/product_cat?post=38678"},{"taxonomy":"product_tag","embeddable":true,"href":"https:\/\/qista.com\/es\/wp-json\/wp\/v2\/product_tag?post=38678"}],"curies":[{"name":"wp","href":"https:\/\/api.w.org\/{rel}","templated":true}]}}