{"id":39020,"date":"2023-03-30T16:42:31","date_gmt":"2023-03-30T14:42:31","guid":{"rendered":"https:\/\/qista.com\/informacion-mosquitos\/retorno-mosquito-tigre-en-francia\/"},"modified":"2024-08-13T17:49:21","modified_gmt":"2024-08-13T15:49:21","slug":"retorno-mosquito-tigre-en-francia","status":"publish","type":"page","link":"https:\/\/qista.com\/es\/informacion-mosquitos\/retorno-mosquito-tigre-en-francia\/","title":{"rendered":"El gran regreso del mosquito tigre en Francia"},"content":{"rendered":"\t\t<div data-elementor-type=\"wp-page\" data-elementor-id=\"39020\" class=\"elementor elementor-39020 elementor-3454\" data-elementor-post-type=\"page\">\n\t\t\t\t\t\t<section class=\"elementor-section elementor-top-section elementor-element elementor-element-c6d5069 elementor-section-boxed elementor-section-height-default elementor-section-height-default\" data-id=\"c6d5069\" data-element_type=\"section\" data-settings=\"{&quot;background_background&quot;:&quot;classic&quot;}\">\n\t\t\t\t\t\t\t<div class=\"elementor-background-overlay\"><\/div>\n\t\t\t\t\t\t\t<div class=\"elementor-container elementor-column-gap-default\">\n\t\t\t\t\t<div class=\"elementor-column elementor-col-100 elementor-top-column elementor-element elementor-element-643a004\" data-id=\"643a004\" data-element_type=\"column\">\n\t\t\t<div class=\"elementor-widget-wrap elementor-element-populated\">\n\t\t\t\t\t\t<div class=\"elementor-element elementor-element-52b399e elementor-align-center elementor-widget elementor-widget-breadcrumbs\" data-id=\"52b399e\" data-element_type=\"widget\" data-widget_type=\"breadcrumbs.default\">\n\t\t\t\t<div class=\"elementor-widget-container\">\n\t\t\t\t\t<p id=\"breadcrumbs\"><span><span><a href=\"https:\/\/qista.com\/es\/\">Accueil<\/a><\/span><\/span><\/p>\t\t\t\t<\/div>\n\t\t\t\t<\/div>\n\t\t\t\t\t<\/div>\n\t\t<\/div>\n\t\t\t\t\t<\/div>\n\t\t<\/section>\n\t\t\t\t<section class=\"elementor-section elementor-top-section elementor-element elementor-element-30b6839 elementor-section-boxed elementor-section-height-default elementor-section-height-default\" data-id=\"30b6839\" data-element_type=\"section\" data-settings=\"{&quot;background_background&quot;:&quot;classic&quot;}\">\n\t\t\t\t\t\t<div class=\"elementor-container elementor-column-gap-default\">\n\t\t\t\t\t<div class=\"elementor-column elementor-col-100 elementor-top-column elementor-element elementor-element-cbff83e\" data-id=\"cbff83e\" data-element_type=\"column\">\n\t\t\t<div class=\"elementor-widget-wrap elementor-element-populated\">\n\t\t\t\t\t\t<div class=\"elementor-element elementor-element-ff645c0 elementor-widget elementor-widget-heading\" data-id=\"ff645c0\" data-element_type=\"widget\" data-widget_type=\"heading.default\">\n\t\t\t\t<div class=\"elementor-widget-container\">\n\t\t\t\t\t<h1 class=\"elementor-heading-title elementor-size-default\">El gran regreso del mosquito tigre en Francia<\/h1>\t\t\t\t<\/div>\n\t\t\t\t<\/div>\n\t\t\t\t<div class=\"elementor-element elementor-element-1131be4 elementor-widget-divider--view-line elementor-widget elementor-widget-divider\" data-id=\"1131be4\" data-element_type=\"widget\" data-widget_type=\"divider.default\">\n\t\t\t\t<div class=\"elementor-widget-container\">\n\t\t\t\t\t\t\t<div class=\"elementor-divider\">\n\t\t\t<span class=\"elementor-divider-separator\">\n\t\t\t\t\t\t<\/span>\n\t\t<\/div>\n\t\t\t\t\t\t<\/div>\n\t\t\t\t<\/div>\n\t\t\t\t<div class=\"elementor-element elementor-element-160963f elementor-widget elementor-widget-text-editor\" data-id=\"160963f\" data-element_type=\"widget\" data-widget_type=\"text-editor.default\">\n\t\t\t\t<div class=\"elementor-widget-container\">\n\t\t\t\t\t\t\t\t\t<p>Reproducci\u00f3n y propagaci\u00f3n, descubra c\u00f3mo se estableci\u00f3 el mosquito tigre en Francia. A pesar de su peque\u00f1o tama\u00f1o, el famoso mosquito tigre, particularmente peligroso e invasivo, podr\u00eda causar graves da\u00f1os este verano de 2021. El calor es sin\u00f3nimo del regreso del mosquito tigre a Francia. Este a\u00f1o, hay 63 departamentos clasificados en la zona roja en el mapa establecido por Vigilance-Moustique.<\/p>\n\t\t\t\t\t\t\t\t<\/div>\n\t\t\t\t<\/div>\n\t\t\t\t\t<\/div>\n\t\t<\/div>\n\t\t\t\t\t<\/div>\n\t\t<\/section>\n\t\t\t\t<section class=\"elementor-section elementor-top-section elementor-element elementor-element-55d5dbb8 elementor-section-content-middle elementor-section-boxed elementor-section-height-default elementor-section-height-default\" data-id=\"55d5dbb8\" data-element_type=\"section\">\n\t\t\t\t\t\t<div class=\"elementor-container elementor-column-gap-default\">\n\t\t\t\t\t<div class=\"elementor-column elementor-col-100 elementor-top-column elementor-element elementor-element-17158649\" data-id=\"17158649\" data-element_type=\"column\">\n\t\t\t<div class=\"elementor-widget-wrap elementor-element-populated\">\n\t\t\t\t\t\t<div class=\"elementor-element elementor-element-abc3113 elementor-widget elementor-widget-heading\" data-id=\"abc3113\" data-element_type=\"widget\" data-widget_type=\"heading.default\">\n\t\t\t\t<div class=\"elementor-widget-container\">\n\t\t\t\t\t<h3 class=\"elementor-heading-title elementor-size-default\">LA PROGRESI\u00d3N DEL MOSQUITO TIGRE EN FRANCIA<\/h3>\t\t\t\t<\/div>\n\t\t\t\t<\/div>\n\t\t\t\t<div class=\"elementor-element elementor-element-1374e8a3 elementor-widget elementor-widget-text-editor\" data-id=\"1374e8a3\" data-element_type=\"widget\" data-widget_type=\"text-editor.default\">\n\t\t\t\t<div class=\"elementor-widget-container\">\n\t\t\t\t\t\t\t\t\t<p>En 2020, el mosquito contin\u00faa su progresi\u00f3n mete\u00f3rica en Francia, donde 63 departamentos est\u00e1n actualmente en alerta roja. La invasi\u00f3n es impresionante con 6 nuevos departamentos en alerta roja en comparaci\u00f3n con 2020. Finalmente, el mosquito tigre invadi\u00f3 69 departamentos, es decir, el 67% del territorio franc\u00e9s. \u00a1En el Sur Profundo vemos que todos los departamentos est\u00e1n colonizados por esta plaga! Este mosquito no se aleja m\u00e1s de 100 metros de su lugar de nacimiento. Sin embargo, resulta que se puede transportar f\u00e1cilmente a largas distancias en coche o en tren. Esto permiti\u00f3 que el mosquito tigre llegara a Par\u00eds y a toda Isla de Francia en 2019. Adem\u00e1s, el calentamiento global de los \u00faltimos a\u00f1os explica en parte la r\u00e1pida progresi\u00f3n del mosquito tigre en territorio franc\u00e9s.<\/p>\n\t\t\t\t\t\t\t\t<\/div>\n\t\t\t\t<\/div>\n\t\t\t\t<div class=\"elementor-element elementor-element-b996cb2 elementor-widget elementor-widget-image\" data-id=\"b996cb2\" data-element_type=\"widget\" data-widget_type=\"image.default\">\n\t\t\t\t<div class=\"elementor-widget-container\">\n\t\t\t\t\t\t\t\t\t\t\t\t\t\t\t<img fetchpriority=\"high\" decoding=\"async\" width=\"605\" height=\"292\" src=\"https:\/\/qista.com\/wp-content\/uploads\/2023\/03\/vigilance-moustique.webp\" class=\"attachment-full size-full wp-image-7613\" alt=\"\" srcset=\"https:\/\/qista.com\/wp-content\/uploads\/2023\/03\/vigilance-moustique.webp 605w, https:\/\/qista.com\/wp-content\/uploads\/2023\/03\/vigilance-moustique-600x290.webp 600w, https:\/\/qista.com\/wp-content\/uploads\/2023\/03\/vigilance-moustique-300x145.webp 300w\" sizes=\"(max-width: 605px) 100vw, 605px\" \/>\t\t\t\t\t\t\t\t\t\t\t\t\t\t\t<\/div>\n\t\t\t\t<\/div>\n\t\t\t\t<div class=\"elementor-element elementor-element-c7fae32 elementor-widget elementor-widget-heading\" data-id=\"c7fae32\" data-element_type=\"widget\" data-widget_type=\"heading.default\">\n\t\t\t\t<div class=\"elementor-widget-container\">\n\t\t\t\t\t<h3 class=\"elementor-heading-title elementor-size-default\">APRENDE M\u00c1S SOBRE EL MOSQUITO TIGRE<\/h3>\t\t\t\t<\/div>\n\t\t\t\t<\/div>\n\t\t\t\t<div class=\"elementor-element elementor-element-a6300c2 elementor-widget elementor-widget-text-editor\" data-id=\"a6300c2\" data-element_type=\"widget\" data-widget_type=\"text-editor.default\">\n\t\t\t\t<div class=\"elementor-widget-container\">\n\t\t\t\t\t\t\t\t\t<p>Por su nombre cient\u00edfico Aedes albopictus, el mosquito tigre es un insecto diurno. Le encanta picar durante el d\u00eda y principalmente al aire libre. F\u00e1cilmente reconocible por sus rayas blancas y negras, es adecuado para ambientes temporalmente inundados y zonas c\u00e1lidas y h\u00famedas. \u00a1Por lo tanto, podemos encontrarlo f\u00e1cilmente en zonas urbanizadas! Originario directamente de Asia, el mosquito tigre puede asomar su cabeza desde marzo hasta finales de octubre. Este mosquito muy agresivo es capaz de picar a la misma persona 4 o 5 veces. Deambula especialmente por los bordes de las superficies inundadas, lugar muy frecuentado por la hembra para poner sus huevos. Incluso si la hembra del mosquito tigre s\u00f3lo vive unas pocas semanas, sus huevos pueden esperar pacientemente durante varios meses (un invierno entero) hasta que se den las condiciones propicias para su eclosi\u00f3n.<\/p>\n\t\t\t\t\t\t\t\t<\/div>\n\t\t\t\t<\/div>\n\t\t\t\t<div class=\"elementor-element elementor-element-b80d65e elementor-widget elementor-widget-heading\" data-id=\"b80d65e\" data-element_type=\"widget\" data-widget_type=\"heading.default\">\n\t\t\t\t<div class=\"elementor-widget-container\">\n\t\t\t\t\t<h3 class=\"elementor-heading-title elementor-size-default\">UNA ESPECIE PELIGROSA<\/h3>\t\t\t\t<\/div>\n\t\t\t\t<\/div>\n\t\t\t\t<div class=\"elementor-element elementor-element-0b6298b elementor-widget elementor-widget-text-editor\" data-id=\"0b6298b\" data-element_type=\"widget\" data-widget_type=\"text-editor.default\">\n\t\t\t\t<div class=\"elementor-widget-container\">\n\t\t\t\t\t\t\t\t\tEsta especie tan peligrosa puede ser potencialmente vector de patolog\u00edas como el dengue, el chikungunya y el virus Zika. Las picaduras de mosquito tigre pueden provocar s\u00edntomas graves como fiebre, dolor de cabeza, dolores corporales e incluso meningitis&#8230;\r\n\r\nEn 2020, Sant\u00e9 Publique France identific\u00f3 13 casos aut\u00f3ctonos de dengue en Francia continental. Estos casos fueron identificados en la regi\u00f3n de Provenza-Alpes-Costa Azul y en Occitania.\r\n\r\nObtenga m\u00e1s informaci\u00f3n sobre los riesgos para la salud de los mosquitos.\t\t\t\t\t\t\t\t<\/div>\n\t\t\t\t<\/div>\n\t\t\t\t<div class=\"elementor-element elementor-element-c077596 elementor-widget elementor-widget-heading\" data-id=\"c077596\" data-element_type=\"widget\" data-widget_type=\"heading.default\">\n\t\t\t\t<div class=\"elementor-widget-container\">\n\t\t\t\t\t<h3 class=\"elementor-heading-title elementor-size-default\">\u00bfC\u00d3MO LIMITAR LA INVASI\u00d3N DEL MOSQUITO TIGRE?<\/h3>\t\t\t\t<\/div>\n\t\t\t\t<\/div>\n\t\t\t\t<div class=\"elementor-element elementor-element-8b63d85 elementor-widget elementor-widget-text-editor\" data-id=\"8b63d85\" data-element_type=\"widget\" data-widget_type=\"text-editor.default\">\n\t\t\t\t<div class=\"elementor-widget-container\">\n\t\t\t\t\t\t\t\t\tComo las zonas de agua estancada son propicias para la reproducci\u00f3n del mosquito tigre, invitamos a cada ciudadano a identificar y eliminar todas las zonas susceptibles de producir mosquitos en su espacio exterior. Llamamos su atenci\u00f3n sobre regaderas, platillos para macetas, ceniceros, juguetes para ni\u00f1os y otros art\u00edculos que puedan contener agua. Recuerda darles la vuelta y vaciarlos para escurrir el agua despu\u00e9s de cada uso y cada lluvia. Aseg\u00farese tambi\u00e9n de que el agua no se estanque debajo del revestimiento del suelo de su terraza. Esto puede favorecer la proliferaci\u00f3n de mosquitos. En cuyo caso, simplemente coloque arena que absorba el agua. Tambi\u00e9n es necesario comprobar el drenaje de los canalones. Si tienes una piscina, el mantenimiento regular es fundamental.\t\t\t\t\t\t\t\t<\/div>\n\t\t\t\t<\/div>\n\t\t\t\t\t<\/div>\n\t\t<\/div>\n\t\t\t\t\t<\/div>\n\t\t<\/section>\n\t\t\t\t<\/div>\n\t\t","protected":false},"excerpt":{"rendered":"<p>El gran regreso del mosquito tigre en Francia Reproducci\u00f3n y propagaci\u00f3n, descubra c\u00f3mo se estableci\u00f3 el mosquito tigre en Francia. A pesar de su peque\u00f1o tama\u00f1o, el famoso mosquito tigre, particularmente peligroso e invasivo, podr\u00eda causar graves da\u00f1os este verano de 2021. El calor es sin\u00f3nimo del regreso del mosquito tigre a Francia. Este a\u00f1o, [&hellip;]<\/p>\n","protected":false},"author":8329,"featured_media":0,"parent":39001,"menu_order":0,"comment_status":"closed","ping_status":"closed","template":"elementor_header_footer","meta":{"_acf_changed":false,"_mo_disable_npp":"","footnotes":""},"class_list":["post-39020","page","type-page","status-publish","hentry"],"acf":[],"yoast_head":"<!-- This site is optimized with the Yoast SEO plugin v25.3 - https:\/\/yoast.com\/wordpress\/plugins\/seo\/ -->\n<title>El gran regreso del mosquito tigre en Francia<\/title>\n<meta name=\"description\" content=\"En pocos a\u00f1os, el mosquito tigre se ha instalado en la mayor parte de Francia. Descubra c\u00f3mo limitar su propagaci\u00f3n en casa\" \/>\n<meta name=\"robots\" content=\"index, follow, max-snippet:-1, max-image-preview:large, max-video-preview:-1\" \/>\n<link rel=\"canonical\" href=\"https:\/\/qista.com\/es\/informacion-mosquitos\/retorno-mosquito-tigre-en-francia\/\" \/>\n<meta property=\"og:locale\" content=\"es_ES\" \/>\n<meta property=\"og:type\" content=\"article\" \/>\n<meta property=\"og:title\" content=\"El gran regreso del mosquito tigre en Francia\" \/>\n<meta property=\"og:description\" content=\"En pocos a\u00f1os, el mosquito tigre se ha instalado en la mayor parte de Francia. Descubra c\u00f3mo limitar su propagaci\u00f3n en casa\" \/>\n<meta property=\"og:url\" content=\"https:\/\/qista.com\/es\/informacion-mosquitos\/retorno-mosquito-tigre-en-francia\/\" \/>\n<meta property=\"og:site_name\" content=\"Qista.com\" \/>\n<meta property=\"article:modified_time\" content=\"2024-08-13T15:49:21+00:00\" \/>\n<meta property=\"og:image\" content=\"https:\/\/qista.com\/wp-content\/uploads\/2023\/03\/vigilance-moustique.webp\" \/>\n<meta name=\"twitter:card\" content=\"summary_large_image\" \/>\n<meta name=\"twitter:label1\" content=\"Tiempo de lectura\" \/>\n\t<meta name=\"twitter:data1\" content=\"3 minutos\" \/>\n<script type=\"application\/ld+json\" class=\"yoast-schema-graph\">{\"@context\":\"https:\/\/schema.org\",\"@graph\":[{\"@type\":\"WebPage\",\"@id\":\"https:\/\/qista.com\/es\/informacion-mosquitos\/retorno-mosquito-tigre-en-francia\/\",\"url\":\"https:\/\/qista.com\/es\/informacion-mosquitos\/retorno-mosquito-tigre-en-francia\/\",\"name\":\"El gran regreso del mosquito tigre en Francia\",\"isPartOf\":{\"@id\":\"https:\/\/qista.com\/es\/#website\"},\"primaryImageOfPage\":{\"@id\":\"https:\/\/qista.com\/es\/informacion-mosquitos\/retorno-mosquito-tigre-en-francia\/#primaryimage\"},\"image\":{\"@id\":\"https:\/\/qista.com\/es\/informacion-mosquitos\/retorno-mosquito-tigre-en-francia\/#primaryimage\"},\"thumbnailUrl\":\"https:\/\/qista.com\/wp-content\/uploads\/2023\/03\/vigilance-moustique.webp\",\"datePublished\":\"2023-03-30T14:42:31+00:00\",\"dateModified\":\"2024-08-13T15:49:21+00:00\",\"description\":\"En pocos a\u00f1os, el mosquito tigre se ha instalado en la mayor parte de Francia. Descubra c\u00f3mo limitar su propagaci\u00f3n en casa\",\"breadcrumb\":{\"@id\":\"https:\/\/qista.com\/es\/informacion-mosquitos\/retorno-mosquito-tigre-en-francia\/#breadcrumb\"},\"inLanguage\":\"es\",\"potentialAction\":[{\"@type\":\"ReadAction\",\"target\":[\"https:\/\/qista.com\/es\/informacion-mosquitos\/retorno-mosquito-tigre-en-francia\/\"]}]},{\"@type\":\"ImageObject\",\"inLanguage\":\"es\",\"@id\":\"https:\/\/qista.com\/es\/informacion-mosquitos\/retorno-mosquito-tigre-en-francia\/#primaryimage\",\"url\":\"https:\/\/qista.com\/wp-content\/uploads\/2023\/03\/vigilance-moustique.webp\",\"contentUrl\":\"https:\/\/qista.com\/wp-content\/uploads\/2023\/03\/vigilance-moustique.webp\"},{\"@type\":\"BreadcrumbList\",\"@id\":\"https:\/\/qista.com\/es\/informacion-mosquitos\/retorno-mosquito-tigre-en-francia\/#breadcrumb\",\"itemListElement\":[{\"@type\":\"ListItem\",\"position\":1,\"name\":\"Accueil\",\"item\":\"https:\/\/qista.com\/es\/\"},{\"@type\":\"ListItem\",\"position\":2,\"name\":\"Informaci\u00f3n sobre mosquitos\",\"item\":\"https:\/\/qista.com\/es\/informations-moustique\/\"},{\"@type\":\"ListItem\",\"position\":3,\"name\":\"El gran regreso del mosquito tigre en Francia\"}]},{\"@type\":\"WebSite\",\"@id\":\"https:\/\/qista.com\/es\/#website\",\"url\":\"https:\/\/qista.com\/es\/\",\"name\":\"QISTA\",\"description\":\"L&#039;aspiration MosqiVortex 788\",\"publisher\":{\"@id\":\"https:\/\/qista.com\/es\/#organization\"},\"potentialAction\":[{\"@type\":\"SearchAction\",\"target\":{\"@type\":\"EntryPoint\",\"urlTemplate\":\"https:\/\/qista.com\/es\/?s={search_term_string}\"},\"query-input\":{\"@type\":\"PropertyValueSpecification\",\"valueRequired\":true,\"valueName\":\"search_term_string\"}}],\"inLanguage\":\"es\"},{\"@type\":\"Organization\",\"@id\":\"https:\/\/qista.com\/es\/#organization\",\"name\":\"QISTA\",\"url\":\"https:\/\/qista.com\/es\/\",\"logo\":{\"@type\":\"ImageObject\",\"inLanguage\":\"es\",\"@id\":\"https:\/\/qista.com\/es\/#\/schema\/logo\/image\/\",\"url\":\"https:\/\/qista.com\/wp-content\/uploads\/2023\/03\/LogoB_Qista_MosqiVortex.webp\",\"contentUrl\":\"https:\/\/qista.com\/wp-content\/uploads\/2023\/03\/LogoB_Qista_MosqiVortex.webp\",\"width\":537,\"height\":164,\"caption\":\"QISTA\"},\"image\":{\"@id\":\"https:\/\/qista.com\/es\/#\/schema\/logo\/image\/\"}}]}<\/script>\n<!-- \/ Yoast SEO plugin. -->","yoast_head_json":{"title":"El gran regreso del mosquito tigre en Francia","description":"En pocos a\u00f1os, el mosquito tigre se ha instalado en la mayor parte de Francia. Descubra c\u00f3mo limitar su propagaci\u00f3n en casa","robots":{"index":"index","follow":"follow","max-snippet":"max-snippet:-1","max-image-preview":"max-image-preview:large","max-video-preview":"max-video-preview:-1"},"canonical":"https:\/\/qista.com\/es\/informacion-mosquitos\/retorno-mosquito-tigre-en-francia\/","og_locale":"es_ES","og_type":"article","og_title":"El gran regreso del mosquito tigre en Francia","og_description":"En pocos a\u00f1os, el mosquito tigre se ha instalado en la mayor parte de Francia. Descubra c\u00f3mo limitar su propagaci\u00f3n en casa","og_url":"https:\/\/qista.com\/es\/informacion-mosquitos\/retorno-mosquito-tigre-en-francia\/","og_site_name":"Qista.com","article_modified_time":"2024-08-13T15:49:21+00:00","og_image":[{"url":"https:\/\/qista.com\/wp-content\/uploads\/2023\/03\/vigilance-moustique.webp","type":"","width":"","height":""}],"twitter_card":"summary_large_image","twitter_misc":{"Tiempo de lectura":"3 minutos"},"schema":{"@context":"https:\/\/schema.org","@graph":[{"@type":"WebPage","@id":"https:\/\/qista.com\/es\/informacion-mosquitos\/retorno-mosquito-tigre-en-francia\/","url":"https:\/\/qista.com\/es\/informacion-mosquitos\/retorno-mosquito-tigre-en-francia\/","name":"El gran regreso del mosquito tigre en Francia","isPartOf":{"@id":"https:\/\/qista.com\/es\/#website"},"primaryImageOfPage":{"@id":"https:\/\/qista.com\/es\/informacion-mosquitos\/retorno-mosquito-tigre-en-francia\/#primaryimage"},"image":{"@id":"https:\/\/qista.com\/es\/informacion-mosquitos\/retorno-mosquito-tigre-en-francia\/#primaryimage"},"thumbnailUrl":"https:\/\/qista.com\/wp-content\/uploads\/2023\/03\/vigilance-moustique.webp","datePublished":"2023-03-30T14:42:31+00:00","dateModified":"2024-08-13T15:49:21+00:00","description":"En pocos a\u00f1os, el mosquito tigre se ha instalado en la mayor parte de Francia. Descubra c\u00f3mo limitar su propagaci\u00f3n en casa","breadcrumb":{"@id":"https:\/\/qista.com\/es\/informacion-mosquitos\/retorno-mosquito-tigre-en-francia\/#breadcrumb"},"inLanguage":"es","potentialAction":[{"@type":"ReadAction","target":["https:\/\/qista.com\/es\/informacion-mosquitos\/retorno-mosquito-tigre-en-francia\/"]}]},{"@type":"ImageObject","inLanguage":"es","@id":"https:\/\/qista.com\/es\/informacion-mosquitos\/retorno-mosquito-tigre-en-francia\/#primaryimage","url":"https:\/\/qista.com\/wp-content\/uploads\/2023\/03\/vigilance-moustique.webp","contentUrl":"https:\/\/qista.com\/wp-content\/uploads\/2023\/03\/vigilance-moustique.webp"},{"@type":"BreadcrumbList","@id":"https:\/\/qista.com\/es\/informacion-mosquitos\/retorno-mosquito-tigre-en-francia\/#breadcrumb","itemListElement":[{"@type":"ListItem","position":1,"name":"Accueil","item":"https:\/\/qista.com\/es\/"},{"@type":"ListItem","position":2,"name":"Informaci\u00f3n sobre mosquitos","item":"https:\/\/qista.com\/es\/informations-moustique\/"},{"@type":"ListItem","position":3,"name":"El gran regreso del mosquito tigre en Francia"}]},{"@type":"WebSite","@id":"https:\/\/qista.com\/es\/#website","url":"https:\/\/qista.com\/es\/","name":"QISTA","description":"L&#039;aspiration MosqiVortex 788","publisher":{"@id":"https:\/\/qista.com\/es\/#organization"},"potentialAction":[{"@type":"SearchAction","target":{"@type":"EntryPoint","urlTemplate":"https:\/\/qista.com\/es\/?s={search_term_string}"},"query-input":{"@type":"PropertyValueSpecification","valueRequired":true,"valueName":"search_term_string"}}],"inLanguage":"es"},{"@type":"Organization","@id":"https:\/\/qista.com\/es\/#organization","name":"QISTA","url":"https:\/\/qista.com\/es\/","logo":{"@type":"ImageObject","inLanguage":"es","@id":"https:\/\/qista.com\/es\/#\/schema\/logo\/image\/","url":"https:\/\/qista.com\/wp-content\/uploads\/2023\/03\/LogoB_Qista_MosqiVortex.webp","contentUrl":"https:\/\/qista.com\/wp-content\/uploads\/2023\/03\/LogoB_Qista_MosqiVortex.webp","width":537,"height":164,"caption":"QISTA"},"image":{"@id":"https:\/\/qista.com\/es\/#\/schema\/logo\/image\/"}}]}},"_links":{"self":[{"href":"https:\/\/qista.com\/es\/wp-json\/wp\/v2\/pages\/39020","targetHints":{"allow":["GET"]}}],"collection":[{"href":"https:\/\/qista.com\/es\/wp-json\/wp\/v2\/pages"}],"about":[{"href":"https:\/\/qista.com\/es\/wp-json\/wp\/v2\/types\/page"}],"author":[{"embeddable":true,"href":"https:\/\/qista.com\/es\/wp-json\/wp\/v2\/users\/8329"}],"replies":[{"embeddable":true,"href":"https:\/\/qista.com\/es\/wp-json\/wp\/v2\/comments?post=39020"}],"version-history":[{"count":0,"href":"https:\/\/qista.com\/es\/wp-json\/wp\/v2\/pages\/39020\/revisions"}],"up":[{"embeddable":true,"href":"https:\/\/qista.com\/es\/wp-json\/wp\/v2\/pages\/39001"}],"wp:attachment":[{"href":"https:\/\/qista.com\/es\/wp-json\/wp\/v2\/media?parent=39020"}],"curies":[{"name":"wp","href":"https:\/\/api.w.org\/{rel}","templated":true}]}}