{"id":39016,"date":"2023-03-30T16:53:45","date_gmt":"2023-03-30T14:53:45","guid":{"rendered":"https:\/\/qista.com\/informacion-mosquitos\/soluciones-para-profesionales-contra-la-infestacion-de-mosquitos-tigre\/"},"modified":"2024-08-13T17:46:32","modified_gmt":"2024-08-13T15:46:32","slug":"soluciones-para-profesionales-contra-la-infestacion-de-mosquitos-tigre","status":"publish","type":"page","link":"https:\/\/qista.com\/es\/informacion-mosquitos\/soluciones-para-profesionales-contra-la-infestacion-de-mosquitos-tigre\/","title":{"rendered":"Infestaci\u00f3n por mosquito tigre: qu\u00e9 soluciones antimosquitos para profesionales"},"content":{"rendered":"\t\t<div data-elementor-type=\"wp-page\" data-elementor-id=\"39016\" class=\"elementor elementor-39016 elementor-3479\" data-elementor-post-type=\"page\">\n\t\t\t\t\t\t<section class=\"elementor-section elementor-top-section elementor-element elementor-element-995f484 elementor-section-boxed elementor-section-height-default elementor-section-height-default\" data-id=\"995f484\" data-element_type=\"section\" data-settings=\"{&quot;background_background&quot;:&quot;classic&quot;}\">\n\t\t\t\t\t\t\t<div class=\"elementor-background-overlay\"><\/div>\n\t\t\t\t\t\t\t<div class=\"elementor-container elementor-column-gap-default\">\n\t\t\t\t\t<div class=\"elementor-column elementor-col-100 elementor-top-column elementor-element elementor-element-2a5cf75\" data-id=\"2a5cf75\" data-element_type=\"column\">\n\t\t\t<div class=\"elementor-widget-wrap elementor-element-populated\">\n\t\t\t\t\t\t<div class=\"elementor-element elementor-element-63743fa elementor-align-center elementor-widget elementor-widget-breadcrumbs\" data-id=\"63743fa\" data-element_type=\"widget\" data-widget_type=\"breadcrumbs.default\">\n\t\t\t\t<div class=\"elementor-widget-container\">\n\t\t\t\t\t<p id=\"breadcrumbs\"><span><span><a href=\"https:\/\/qista.com\/es\/\">Accueil<\/a><\/span><\/span><\/p>\t\t\t\t<\/div>\n\t\t\t\t<\/div>\n\t\t\t\t\t<\/div>\n\t\t<\/div>\n\t\t\t\t\t<\/div>\n\t\t<\/section>\n\t\t\t\t<section class=\"elementor-section elementor-top-section elementor-element elementor-element-caf835c elementor-section-boxed elementor-section-height-default elementor-section-height-default\" data-id=\"caf835c\" data-element_type=\"section\" data-settings=\"{&quot;background_background&quot;:&quot;classic&quot;}\">\n\t\t\t\t\t\t<div class=\"elementor-container elementor-column-gap-default\">\n\t\t\t\t\t<div class=\"elementor-column elementor-col-100 elementor-top-column elementor-element elementor-element-09c7d08\" data-id=\"09c7d08\" data-element_type=\"column\">\n\t\t\t<div class=\"elementor-widget-wrap elementor-element-populated\">\n\t\t\t\t\t\t<div class=\"elementor-element elementor-element-1d8c898 elementor-widget elementor-widget-text-editor\" data-id=\"1d8c898\" data-element_type=\"widget\" data-widget_type=\"text-editor.default\">\n\t\t\t\t<div class=\"elementor-widget-container\">\n\t\t\t\t\t\t\t\t\tART\u00cdCULO\t\t\t\t\t\t\t\t<\/div>\n\t\t\t\t<\/div>\n\t\t\t\t<div class=\"elementor-element elementor-element-a9f038d elementor-widget elementor-widget-heading\" data-id=\"a9f038d\" data-element_type=\"widget\" data-widget_type=\"heading.default\">\n\t\t\t\t<div class=\"elementor-widget-container\">\n\t\t\t\t\t<h1 class=\"elementor-heading-title elementor-size-default\">Infestaci\u00f3n de mosquitos: \u00bfqu\u00e9 retos y soluciones para los profesionales?<\/h1>\t\t\t\t<\/div>\n\t\t\t\t<\/div>\n\t\t\t\t<div class=\"elementor-element elementor-element-d9f3c4f elementor-widget-divider--view-line elementor-widget elementor-widget-divider\" data-id=\"d9f3c4f\" data-element_type=\"widget\" data-widget_type=\"divider.default\">\n\t\t\t\t<div class=\"elementor-widget-container\">\n\t\t\t\t\t\t\t<div class=\"elementor-divider\">\n\t\t\t<span class=\"elementor-divider-separator\">\n\t\t\t\t\t\t<\/span>\n\t\t<\/div>\n\t\t\t\t\t\t<\/div>\n\t\t\t\t<\/div>\n\t\t\t\t<div class=\"elementor-element elementor-element-49f7787 elementor-widget elementor-widget-text-editor\" data-id=\"49f7787\" data-element_type=\"widget\" data-widget_type=\"text-editor.default\">\n\t\t\t\t<div class=\"elementor-widget-container\">\n\t\t\t\t\t\t\t\t\t<p>Reconocible por sus rayas blancas y negras, el mosquito tigre est\u00e1 presente actualmente en 67 departamentos. Esta especie, que lleg\u00f3 a Francia en 2004, es extremadamente invasiva. S\u00f3lo se necesita un poco de agua para que la hembra ponga cada d\u00eda cientos de huevos, que a su vez son resistentes a condiciones extremas. Humedad y calor, este tipo de clima es ideal para la especie. Adem\u00e1s, los huevos de mosquitos son m\u00e1s resistentes a las bajas temperaturas que otras especies. Por eso su proliferaci\u00f3n se acelera en tiempos de tormenta.<\/p>\n\t\t\t\t\t\t\t\t<\/div>\n\t\t\t\t<\/div>\n\t\t\t\t\t<\/div>\n\t\t<\/div>\n\t\t\t\t\t<\/div>\n\t\t<\/section>\n\t\t\t\t<section class=\"elementor-section elementor-top-section elementor-element elementor-element-5a9849b elementor-section-content-middle elementor-section-boxed elementor-section-height-default elementor-section-height-default\" data-id=\"5a9849b\" data-element_type=\"section\">\n\t\t\t\t\t\t<div class=\"elementor-container elementor-column-gap-default\">\n\t\t\t\t\t<div class=\"elementor-column elementor-col-100 elementor-top-column elementor-element elementor-element-4fc7083\" data-id=\"4fc7083\" data-element_type=\"column\">\n\t\t\t<div class=\"elementor-widget-wrap elementor-element-populated\">\n\t\t\t\t\t\t<div class=\"elementor-element elementor-element-17d5e60 elementor-widget elementor-widget-heading\" data-id=\"17d5e60\" data-element_type=\"widget\" data-widget_type=\"heading.default\">\n\t\t\t\t<div class=\"elementor-widget-container\">\n\t\t\t\t\t<h3 class=\"elementor-heading-title elementor-size-default\">EL MOSQUITO TIGRE ASALTANDO LAS COSTAS<\/h3>\t\t\t\t<\/div>\n\t\t\t\t<\/div>\n\t\t\t\t<div class=\"elementor-element elementor-element-3af64cc elementor-widget elementor-widget-text-editor\" data-id=\"3af64cc\" data-element_type=\"widget\" data-widget_type=\"text-editor.default\">\n\t\t\t\t<div class=\"elementor-widget-container\">\n\t\t\t\t\t\t\t\t\t<p>El mosquito tigre est\u00e1 fuertemente representado en el barrio sureste, donde fue detectado por primera vez en Francia. Debido a la situaci\u00f3n econ\u00f3mica, las vacaciones en Francia fueron especialmente populares durante el verano de 2022. La costa se convirti\u00f3 en una de las favoritas de los franceses. Seg\u00fan un estudio de PAP Vacances, el n\u00famero de viajeros aument\u00f3 un 23% en la regi\u00f3n PACA y un 20% en Occitania.<\/p>\n\t\t\t\t\t\t\t\t<\/div>\n\t\t\t\t<\/div>\n\t\t\t\t<div class=\"elementor-element elementor-element-d060309 elementor-widget elementor-widget-heading\" data-id=\"d060309\" data-element_type=\"widget\" data-widget_type=\"heading.default\">\n\t\t\t\t<div class=\"elementor-widget-container\">\n\t\t\t\t\t<h3 class=\"elementor-heading-title elementor-size-default\">EL IMPACTO DE LOS ATAQUES DE MOSQUITOS EN EL TURISMO Y LOS RESTAURANTES<\/h3>\t\t\t\t<\/div>\n\t\t\t\t<\/div>\n\t\t\t\t<div class=\"elementor-element elementor-element-2ab490f elementor-widget elementor-widget-text-editor\" data-id=\"2ab490f\" data-element_type=\"widget\" data-widget_type=\"text-editor.default\">\n\t\t\t\t<div class=\"elementor-widget-container\">\n\t\t\t\t\t\t\t\t\t<p>Destinos favoritos de los franceses, las ciudades del sur de Francia se han visto fuertemente afectadas por las molestias. Durante las vacaciones resulta especialmente dif\u00edcil protegerse de los mosquitos. En casa disponemos de mosquiteras, enchufes antimosquitos, espirales antimosquitos, etc. Sin embargo, en la terraza de un restaurante o mientras acampamos, somos vulnerables a los ataques de mosquitos. Algunas personas son a\u00fan m\u00e1s sensibles: ni\u00f1os y beb\u00e9s, personas al\u00e9rgicas a los productos repelentes de mosquitos aplicados localmente.<\/p>\n\t\t\t\t\t\t\t\t<\/div>\n\t\t\t\t<\/div>\n\t\t\t\t<div class=\"elementor-element elementor-element-f7441af elementor-widget elementor-widget-heading\" data-id=\"f7441af\" data-element_type=\"widget\" data-widget_type=\"heading.default\">\n\t\t\t\t<div class=\"elementor-widget-container\">\n\t\t\t\t\t<h3 class=\"elementor-heading-title elementor-size-default\">SOLUCIONES ANTIMOSQUITOS PARA PROFESIONALES<\/h3>\t\t\t\t<\/div>\n\t\t\t\t<\/div>\n\t\t\t\t<div class=\"elementor-element elementor-element-add4509 elementor-widget elementor-widget-text-editor\" data-id=\"add4509\" data-element_type=\"widget\" data-widget_type=\"text-editor.default\">\n\t\t\t\t<div class=\"elementor-widget-container\">\n\t\t\t\t\t\t\t\t\t<p>Mosquiteras, spray repelente, enchufes antimosquitos, espirales, las soluciones tradicionales que podemos poner en casa no son o apenas son adecuadas en vacaciones.<\/p>\n\t\t\t\t\t\t\t\t<\/div>\n\t\t\t\t<\/div>\n\t\t\t\t<div class=\"elementor-element elementor-element-a8b773e elementor-widget elementor-widget-heading\" data-id=\"a8b773e\" data-element_type=\"widget\" data-widget_type=\"heading.default\">\n\t\t\t\t<div class=\"elementor-widget-container\">\n\t\t\t\t\t<h3 class=\"elementor-heading-title elementor-size-default\">EL TERMINAL ANTIMOSQUITOS, UNA SOLUCI\u00d3N EFICAZ PARA LOS PROFESIONALES<\/h3>\t\t\t\t<\/div>\n\t\t\t\t<\/div>\n\t\t\t\t<div class=\"elementor-element elementor-element-c7e027f elementor-widget elementor-widget-text-editor\" data-id=\"c7e027f\" data-element_type=\"widget\" data-widget_type=\"text-editor.default\">\n\t\t\t\t<div class=\"elementor-widget-container\">\n\t\t\t\t\t\t\t\t\t<p>Ante estas limitaciones, el terminal antimosquitos de Qista es la soluci\u00f3n \u00f3ptima. La terminal funciona con una bombona de CO2 reciclada y se\u00f1uelos que atraen a los mosquitos reproduciendo los olores corporales que buscan. Los se\u00f1uelos se adaptan seg\u00fan el tipo de mosquito presente: mosquito tigre o mosquito com\u00fan. Pensando en venir a picar a un ser humano, la hembra del mosquito se acerca al terminal de mosquitos y se ve absorbida por la red de captura. Esto evita la puesta y proliferaci\u00f3n de mosquitos. En lugar de actuar sobre las larvas de mosquitos, como mediante fumigaci\u00f3n, el terminal rompe el ciclo de reproducci\u00f3n aguas arriba. Instalada antes del verano, la terminal ayuda a proteger a los clientes durante toda la temporada, al reducir la poblaci\u00f3n de mosquitos. Protege as\u00ed a toda la familia y no requiere contacto con la piel. Los productos utilizados no suponen ning\u00fan riesgo de intoxicaci\u00f3n para humanos o animales, y adem\u00e1s protegen el ecosistema circundante gracias a la tecnolog\u00eda de captura selectiva. Instalados en redes, varios terminales pueden crear una zona de protecci\u00f3n de m\u00e1s de 500 metros cuadrados. Los terminales se pueden controlar directamente desde un smartphone. El mantenimiento puede ser realizado \u00edntegramente por Qista.<\/p>\n\t\t\t\t\t\t\t\t<\/div>\n\t\t\t\t<\/div>\n\t\t\t\t<div class=\"elementor-element elementor-element-cadda9a elementor-widget elementor-widget-spacer\" data-id=\"cadda9a\" data-element_type=\"widget\" data-widget_type=\"spacer.default\">\n\t\t\t\t<div class=\"elementor-widget-container\">\n\t\t\t\t\t\t\t<div class=\"elementor-spacer\">\n\t\t\t<div class=\"elementor-spacer-inner\"><\/div>\n\t\t<\/div>\n\t\t\t\t\t\t<\/div>\n\t\t\t\t<\/div>\n\t\t\t\t<div class=\"elementor-element elementor-element-b034957 elementor-align-center elementor-widget elementor-widget-button\" data-id=\"b034957\" data-element_type=\"widget\" data-widget_type=\"button.default\">\n\t\t\t\t<div class=\"elementor-widget-container\">\n\t\t\t\t\t\t\t\t\t<div class=\"elementor-button-wrapper\">\n\t\t\t\t\t<a class=\"elementor-button elementor-button-link elementor-size-sm\" href=\"https:\/\/qista.com\/es\/tienda\/\">\n\t\t\t\t\t\t<span class=\"elementor-button-content-wrapper\">\n\t\t\t\t\t\t<span class=\"elementor-button-icon\">\n\t\t\t\t<i aria-hidden=\"true\" class=\"fas fa-arrow-right\"><\/i>\t\t\t<\/span>\n\t\t\t\t\t\t\t\t\t<span class=\"elementor-button-text\">Descubre nuestros terminales antimosquitos<\/span>\n\t\t\t\t\t<\/span>\n\t\t\t\t\t<\/a>\n\t\t\t\t<\/div>\n\t\t\t\t\t\t\t\t<\/div>\n\t\t\t\t<\/div>\n\t\t\t\t\t<\/div>\n\t\t<\/div>\n\t\t\t\t\t<\/div>\n\t\t<\/section>\n\t\t\t\t<\/div>\n\t\t","protected":false},"excerpt":{"rendered":"<p>ART\u00cdCULO Infestaci\u00f3n de mosquitos: \u00bfqu\u00e9 retos y soluciones para los profesionales? Reconocible por sus rayas blancas y negras, el mosquito tigre est\u00e1 presente actualmente en 67 departamentos. Esta especie, que lleg\u00f3 a Francia en 2004, es extremadamente invasiva. S\u00f3lo se necesita un poco de agua para que la hembra ponga cada d\u00eda cientos de huevos, [&hellip;]<\/p>\n","protected":false},"author":8329,"featured_media":0,"parent":39001,"menu_order":0,"comment_status":"closed","ping_status":"closed","template":"elementor_header_footer","meta":{"_acf_changed":false,"_mo_disable_npp":"","footnotes":""},"class_list":["post-39016","page","type-page","status-publish","hentry"],"acf":[],"yoast_head":"<!-- This site is optimized with the Yoast SEO plugin v25.3 - https:\/\/yoast.com\/wordpress\/plugins\/seo\/ -->\n<title>Infestaci\u00f3n por mosquito tigre: qu\u00e9 soluciones antimosquitos para profesionales<\/title>\n<meta name=\"description\" content=\"El turismo y la restauraci\u00f3n se vieron fuertemente atacados por los ataques del mosquito tigre durante el verano de 2022. A continuaci\u00f3n detallamos los problemas, dificultades y soluciones para proteger a los clientes de las picaduras.\" \/>\n<meta name=\"robots\" content=\"index, follow, max-snippet:-1, max-image-preview:large, max-video-preview:-1\" \/>\n<link rel=\"canonical\" href=\"https:\/\/qista.com\/es\/informacion-mosquitos\/soluciones-para-profesionales-contra-la-infestacion-de-mosquitos-tigre\/\" \/>\n<meta property=\"og:locale\" content=\"es_ES\" \/>\n<meta property=\"og:type\" content=\"article\" \/>\n<meta property=\"og:title\" content=\"Infestaci\u00f3n por mosquito tigre: qu\u00e9 soluciones antimosquitos para profesionales\" \/>\n<meta property=\"og:description\" content=\"El turismo y la restauraci\u00f3n se vieron fuertemente atacados por los ataques del mosquito tigre durante el verano de 2022. A continuaci\u00f3n detallamos los problemas, dificultades y soluciones para proteger a los clientes de las picaduras.\" \/>\n<meta property=\"og:url\" content=\"https:\/\/qista.com\/es\/informacion-mosquitos\/soluciones-para-profesionales-contra-la-infestacion-de-mosquitos-tigre\/\" \/>\n<meta property=\"og:site_name\" content=\"Qista.com\" \/>\n<meta property=\"article:modified_time\" content=\"2024-08-13T15:46:32+00:00\" \/>\n<meta property=\"og:image\" content=\"https:\/\/qista.com\/wp-content\/uploads\/2023\/09\/quista-borne-visioplus.webp\" \/>\n\t<meta property=\"og:image:width\" content=\"1200\" \/>\n\t<meta property=\"og:image:height\" content=\"1196\" \/>\n\t<meta property=\"og:image:type\" content=\"image\/webp\" \/>\n<meta name=\"twitter:card\" content=\"summary_large_image\" \/>\n<meta name=\"twitter:label1\" content=\"Tiempo de lectura\" \/>\n\t<meta name=\"twitter:data1\" content=\"3 minutos\" \/>\n<script type=\"application\/ld+json\" class=\"yoast-schema-graph\">{\"@context\":\"https:\/\/schema.org\",\"@graph\":[{\"@type\":\"WebPage\",\"@id\":\"https:\/\/qista.com\/es\/informacion-mosquitos\/soluciones-para-profesionales-contra-la-infestacion-de-mosquitos-tigre\/\",\"url\":\"https:\/\/qista.com\/es\/informacion-mosquitos\/soluciones-para-profesionales-contra-la-infestacion-de-mosquitos-tigre\/\",\"name\":\"Infestaci\u00f3n por mosquito tigre: qu\u00e9 soluciones antimosquitos para profesionales\",\"isPartOf\":{\"@id\":\"https:\/\/qista.com\/es\/#website\"},\"datePublished\":\"2023-03-30T14:53:45+00:00\",\"dateModified\":\"2024-08-13T15:46:32+00:00\",\"description\":\"El turismo y la restauraci\u00f3n se vieron fuertemente atacados por los ataques del mosquito tigre durante el verano de 2022. A continuaci\u00f3n detallamos los problemas, dificultades y soluciones para proteger a los clientes de las picaduras.\",\"breadcrumb\":{\"@id\":\"https:\/\/qista.com\/es\/informacion-mosquitos\/soluciones-para-profesionales-contra-la-infestacion-de-mosquitos-tigre\/#breadcrumb\"},\"inLanguage\":\"es\",\"potentialAction\":[{\"@type\":\"ReadAction\",\"target\":[\"https:\/\/qista.com\/es\/informacion-mosquitos\/soluciones-para-profesionales-contra-la-infestacion-de-mosquitos-tigre\/\"]}]},{\"@type\":\"BreadcrumbList\",\"@id\":\"https:\/\/qista.com\/es\/informacion-mosquitos\/soluciones-para-profesionales-contra-la-infestacion-de-mosquitos-tigre\/#breadcrumb\",\"itemListElement\":[{\"@type\":\"ListItem\",\"position\":1,\"name\":\"Accueil\",\"item\":\"https:\/\/qista.com\/es\/\"},{\"@type\":\"ListItem\",\"position\":2,\"name\":\"Informaci\u00f3n sobre mosquitos\",\"item\":\"https:\/\/qista.com\/es\/informations-moustique\/\"},{\"@type\":\"ListItem\",\"position\":3,\"name\":\"Infestaci\u00f3n por mosquito tigre: qu\u00e9 soluciones antimosquitos para profesionales\"}]},{\"@type\":\"WebSite\",\"@id\":\"https:\/\/qista.com\/es\/#website\",\"url\":\"https:\/\/qista.com\/es\/\",\"name\":\"QISTA\",\"description\":\"L&#039;aspiration MosqiVortex 788\",\"publisher\":{\"@id\":\"https:\/\/qista.com\/es\/#organization\"},\"potentialAction\":[{\"@type\":\"SearchAction\",\"target\":{\"@type\":\"EntryPoint\",\"urlTemplate\":\"https:\/\/qista.com\/es\/?s={search_term_string}\"},\"query-input\":{\"@type\":\"PropertyValueSpecification\",\"valueRequired\":true,\"valueName\":\"search_term_string\"}}],\"inLanguage\":\"es\"},{\"@type\":\"Organization\",\"@id\":\"https:\/\/qista.com\/es\/#organization\",\"name\":\"QISTA\",\"url\":\"https:\/\/qista.com\/es\/\",\"logo\":{\"@type\":\"ImageObject\",\"inLanguage\":\"es\",\"@id\":\"https:\/\/qista.com\/es\/#\/schema\/logo\/image\/\",\"url\":\"https:\/\/qista.com\/wp-content\/uploads\/2023\/03\/LogoB_Qista_MosqiVortex.webp\",\"contentUrl\":\"https:\/\/qista.com\/wp-content\/uploads\/2023\/03\/LogoB_Qista_MosqiVortex.webp\",\"width\":537,\"height\":164,\"caption\":\"QISTA\"},\"image\":{\"@id\":\"https:\/\/qista.com\/es\/#\/schema\/logo\/image\/\"}}]}<\/script>\n<!-- \/ Yoast SEO plugin. -->","yoast_head_json":{"title":"Infestaci\u00f3n por mosquito tigre: qu\u00e9 soluciones antimosquitos para profesionales","description":"El turismo y la restauraci\u00f3n se vieron fuertemente atacados por los ataques del mosquito tigre durante el verano de 2022. A continuaci\u00f3n detallamos los problemas, dificultades y soluciones para proteger a los clientes de las picaduras.","robots":{"index":"index","follow":"follow","max-snippet":"max-snippet:-1","max-image-preview":"max-image-preview:large","max-video-preview":"max-video-preview:-1"},"canonical":"https:\/\/qista.com\/es\/informacion-mosquitos\/soluciones-para-profesionales-contra-la-infestacion-de-mosquitos-tigre\/","og_locale":"es_ES","og_type":"article","og_title":"Infestaci\u00f3n por mosquito tigre: qu\u00e9 soluciones antimosquitos para profesionales","og_description":"El turismo y la restauraci\u00f3n se vieron fuertemente atacados por los ataques del mosquito tigre durante el verano de 2022. A continuaci\u00f3n detallamos los problemas, dificultades y soluciones para proteger a los clientes de las picaduras.","og_url":"https:\/\/qista.com\/es\/informacion-mosquitos\/soluciones-para-profesionales-contra-la-infestacion-de-mosquitos-tigre\/","og_site_name":"Qista.com","article_modified_time":"2024-08-13T15:46:32+00:00","og_image":[{"width":1200,"height":1196,"url":"https:\/\/qista.com\/wp-content\/uploads\/2023\/09\/quista-borne-visioplus.webp","type":"image\/webp"}],"twitter_card":"summary_large_image","twitter_misc":{"Tiempo de lectura":"3 minutos"},"schema":{"@context":"https:\/\/schema.org","@graph":[{"@type":"WebPage","@id":"https:\/\/qista.com\/es\/informacion-mosquitos\/soluciones-para-profesionales-contra-la-infestacion-de-mosquitos-tigre\/","url":"https:\/\/qista.com\/es\/informacion-mosquitos\/soluciones-para-profesionales-contra-la-infestacion-de-mosquitos-tigre\/","name":"Infestaci\u00f3n por mosquito tigre: qu\u00e9 soluciones antimosquitos para profesionales","isPartOf":{"@id":"https:\/\/qista.com\/es\/#website"},"datePublished":"2023-03-30T14:53:45+00:00","dateModified":"2024-08-13T15:46:32+00:00","description":"El turismo y la restauraci\u00f3n se vieron fuertemente atacados por los ataques del mosquito tigre durante el verano de 2022. A continuaci\u00f3n detallamos los problemas, dificultades y soluciones para proteger a los clientes de las picaduras.","breadcrumb":{"@id":"https:\/\/qista.com\/es\/informacion-mosquitos\/soluciones-para-profesionales-contra-la-infestacion-de-mosquitos-tigre\/#breadcrumb"},"inLanguage":"es","potentialAction":[{"@type":"ReadAction","target":["https:\/\/qista.com\/es\/informacion-mosquitos\/soluciones-para-profesionales-contra-la-infestacion-de-mosquitos-tigre\/"]}]},{"@type":"BreadcrumbList","@id":"https:\/\/qista.com\/es\/informacion-mosquitos\/soluciones-para-profesionales-contra-la-infestacion-de-mosquitos-tigre\/#breadcrumb","itemListElement":[{"@type":"ListItem","position":1,"name":"Accueil","item":"https:\/\/qista.com\/es\/"},{"@type":"ListItem","position":2,"name":"Informaci\u00f3n sobre mosquitos","item":"https:\/\/qista.com\/es\/informations-moustique\/"},{"@type":"ListItem","position":3,"name":"Infestaci\u00f3n por mosquito tigre: qu\u00e9 soluciones antimosquitos para profesionales"}]},{"@type":"WebSite","@id":"https:\/\/qista.com\/es\/#website","url":"https:\/\/qista.com\/es\/","name":"QISTA","description":"L&#039;aspiration MosqiVortex 788","publisher":{"@id":"https:\/\/qista.com\/es\/#organization"},"potentialAction":[{"@type":"SearchAction","target":{"@type":"EntryPoint","urlTemplate":"https:\/\/qista.com\/es\/?s={search_term_string}"},"query-input":{"@type":"PropertyValueSpecification","valueRequired":true,"valueName":"search_term_string"}}],"inLanguage":"es"},{"@type":"Organization","@id":"https:\/\/qista.com\/es\/#organization","name":"QISTA","url":"https:\/\/qista.com\/es\/","logo":{"@type":"ImageObject","inLanguage":"es","@id":"https:\/\/qista.com\/es\/#\/schema\/logo\/image\/","url":"https:\/\/qista.com\/wp-content\/uploads\/2023\/03\/LogoB_Qista_MosqiVortex.webp","contentUrl":"https:\/\/qista.com\/wp-content\/uploads\/2023\/03\/LogoB_Qista_MosqiVortex.webp","width":537,"height":164,"caption":"QISTA"},"image":{"@id":"https:\/\/qista.com\/es\/#\/schema\/logo\/image\/"}}]}},"_links":{"self":[{"href":"https:\/\/qista.com\/es\/wp-json\/wp\/v2\/pages\/39016","targetHints":{"allow":["GET"]}}],"collection":[{"href":"https:\/\/qista.com\/es\/wp-json\/wp\/v2\/pages"}],"about":[{"href":"https:\/\/qista.com\/es\/wp-json\/wp\/v2\/types\/page"}],"author":[{"embeddable":true,"href":"https:\/\/qista.com\/es\/wp-json\/wp\/v2\/users\/8329"}],"replies":[{"embeddable":true,"href":"https:\/\/qista.com\/es\/wp-json\/wp\/v2\/comments?post=39016"}],"version-history":[{"count":0,"href":"https:\/\/qista.com\/es\/wp-json\/wp\/v2\/pages\/39016\/revisions"}],"up":[{"embeddable":true,"href":"https:\/\/qista.com\/es\/wp-json\/wp\/v2\/pages\/39001"}],"wp:attachment":[{"href":"https:\/\/qista.com\/es\/wp-json\/wp\/v2\/media?parent=39016"}],"curies":[{"name":"wp","href":"https:\/\/api.w.org\/{rel}","templated":true}]}}