{"id":38981,"date":"2023-03-27T19:20:09","date_gmt":"2023-03-27T17:20:09","guid":{"rendered":"https:\/\/qista.com\/depannage-borne-qista\/"},"modified":"2024-08-13T17:12:22","modified_gmt":"2024-08-13T15:12:22","slug":"depannage-borne-qista","status":"publish","type":"page","link":"https:\/\/qista.com\/es\/depannage-borne-qista\/","title":{"rendered":"Soluci\u00f3n de problemas y asistencia"},"content":{"rendered":"\t\t<div data-elementor-type=\"wp-page\" data-elementor-id=\"38981\" class=\"elementor elementor-38981 elementor-1463\" data-elementor-post-type=\"page\">\n\t\t\t\t\t\t<section class=\"elementor-section elementor-top-section elementor-element elementor-element-d9f0c1d elementor-section-boxed elementor-section-height-default elementor-section-height-default\" data-id=\"d9f0c1d\" data-element_type=\"section\" data-settings=\"{&quot;background_background&quot;:&quot;classic&quot;}\">\n\t\t\t\t\t\t\t<div class=\"elementor-background-overlay\"><\/div>\n\t\t\t\t\t\t\t<div class=\"elementor-container elementor-column-gap-default\">\n\t\t\t\t\t<div class=\"elementor-column elementor-col-100 elementor-top-column elementor-element elementor-element-66415d3\" data-id=\"66415d3\" data-element_type=\"column\">\n\t\t\t<div class=\"elementor-widget-wrap elementor-element-populated\">\n\t\t\t\t\t\t<div class=\"elementor-element elementor-element-ef7032a elementor-align-center elementor-widget elementor-widget-breadcrumbs\" data-id=\"ef7032a\" data-element_type=\"widget\" data-widget_type=\"breadcrumbs.default\">\n\t\t\t\t<div class=\"elementor-widget-container\">\n\t\t\t\t\t<p id=\"breadcrumbs\"><span><span><a href=\"https:\/\/qista.com\/es\/\">Accueil<\/a><\/span><\/span><\/p>\t\t\t\t<\/div>\n\t\t\t\t<\/div>\n\t\t\t\t\t<\/div>\n\t\t<\/div>\n\t\t\t\t\t<\/div>\n\t\t<\/section>\n\t\t\t\t<section class=\"elementor-section elementor-top-section elementor-element elementor-element-eb15e2a elementor-section-boxed elementor-section-height-default elementor-section-height-default\" data-id=\"eb15e2a\" data-element_type=\"section\" data-settings=\"{&quot;background_background&quot;:&quot;classic&quot;}\">\n\t\t\t\t\t\t<div class=\"elementor-container elementor-column-gap-default\">\n\t\t\t\t\t<div class=\"elementor-column elementor-col-100 elementor-top-column elementor-element elementor-element-15d7bf0\" data-id=\"15d7bf0\" data-element_type=\"column\">\n\t\t\t<div class=\"elementor-widget-wrap elementor-element-populated\">\n\t\t\t\t\t\t<div class=\"elementor-element elementor-element-46b4657 elementor-widget elementor-widget-heading\" data-id=\"46b4657\" data-element_type=\"widget\" data-widget_type=\"heading.default\">\n\t\t\t\t<div class=\"elementor-widget-container\">\n\t\t\t\t\t<h1 class=\"elementor-heading-title elementor-size-default\">Soluci\u00f3n de problemas de mi terminal<\/h1>\t\t\t\t<\/div>\n\t\t\t\t<\/div>\n\t\t\t\t<div class=\"elementor-element elementor-element-afa939f elementor-widget-divider--view-line elementor-widget elementor-widget-divider\" data-id=\"afa939f\" data-element_type=\"widget\" data-widget_type=\"divider.default\">\n\t\t\t\t<div class=\"elementor-widget-container\">\n\t\t\t\t\t\t\t<div class=\"elementor-divider\">\n\t\t\t<span class=\"elementor-divider-separator\">\n\t\t\t\t\t\t<\/span>\n\t\t<\/div>\n\t\t\t\t\t\t<\/div>\n\t\t\t\t<\/div>\n\t\t\t\t<div class=\"elementor-element elementor-element-2e04098 elementor-widget elementor-widget-text-editor\" data-id=\"2e04098\" data-element_type=\"widget\" data-widget_type=\"text-editor.default\">\n\t\t\t\t<div class=\"elementor-widget-container\">\n\t\t\t\t\t\t\t\t\t<p>\u00bfNecesita ayuda para solucionar problemas con su bolardo antimosquitos? Aqu\u00ed tienes algunos consejos para resolver los diversos problemas que puedes encontrar al utilizarla o cuando salga del almac\u00e9n de invierno.<\/p>\n\t\t\t\t\t\t\t\t<\/div>\n\t\t\t\t<\/div>\n\t\t\t\t\t<\/div>\n\t\t<\/div>\n\t\t\t\t\t<\/div>\n\t\t<\/section>\n\t\t\t\t<section class=\"elementor-section elementor-top-section elementor-element elementor-element-55d5dbb8 elementor-section-content-middle elementor-section-boxed elementor-section-height-default elementor-section-height-default\" data-id=\"55d5dbb8\" data-element_type=\"section\">\n\t\t\t\t\t\t<div class=\"elementor-container elementor-column-gap-default\">\n\t\t\t\t\t<div class=\"elementor-column elementor-col-100 elementor-top-column elementor-element elementor-element-17158649\" data-id=\"17158649\" data-element_type=\"column\">\n\t\t\t<div class=\"elementor-widget-wrap elementor-element-populated\">\n\t\t\t\t\t\t<div class=\"elementor-element elementor-element-abc3113 elementor-widget elementor-widget-heading\" data-id=\"abc3113\" data-element_type=\"widget\" data-widget_type=\"heading.default\">\n\t\t\t\t<div class=\"elementor-widget-container\">\n\t\t\t\t\t<h3 class=\"elementor-heading-title elementor-size-default\">SU AUTODIAGN\u00d3STICO<\/h3>\t\t\t\t<\/div>\n\t\t\t\t<\/div>\n\t\t\t\t<div class=\"elementor-element elementor-element-1374e8a3 elementor-widget elementor-widget-text-editor\" data-id=\"1374e8a3\" data-element_type=\"widget\" data-widget_type=\"text-editor.default\">\n\t\t\t\t<div class=\"elementor-widget-container\">\n\t\t\t\t\t\t\t\t\t<p>Siga paso a paso los pasos de nuestra gu\u00eda t\u00e9cnica en v\u00eddeo para detectar el tipo de aver\u00eda que afecta a su terminal Qista.<\/p>\n<ul>\n<li>Paso 1 &#8211; Liberaci\u00f3n del CO2<\/li>\n<li>Paso 2 &#8211; Ajuste del CO2<\/li>\n<li>Paso 3 &#8211; El ventilador secundario<\/li>\n<li>Etapa 4 &#8211; La aspiraci\u00f3n<\/li>\n<li>Etapa 5 &#8211; La v\u00e1lvula antirretorno<\/li>\n<li>Etapa 6 &#8211; Estanqueidad de la caja<\/li>\n<li>Etapa 7 &#8211; Estado de la red<\/li>\n<li>Etapa 8 &#8211; El poder olfativo del se\u00f1uelo<\/li>\n<li>Etapa 9 &#8211; Comprobaci\u00f3n visual de la eficacia de su bolardo<\/li>\n<li>Etapa 10 &#8211; El color del LED<\/li>\n<li>Etapa 11 &#8211; La limpieza de su bolardo<\/li>\n<li>Etapa 12 &#8211; Comprobaci\u00f3n de que la aplicaci\u00f3n controla correctamente su pilona<\/li>\n<\/ul>\n\t\t\t\t\t\t\t\t<\/div>\n\t\t\t\t<\/div>\n\t\t\t\t<div class=\"elementor-element elementor-element-2e68d0e elementor-widget elementor-widget-video\" data-id=\"2e68d0e\" data-element_type=\"widget\" data-settings=\"{&quot;youtube_url&quot;:&quot;https:\\\/\\\/youtu.be\\\/-l-ntmUwLN8&quot;,&quot;video_type&quot;:&quot;youtube&quot;,&quot;controls&quot;:&quot;yes&quot;}\" data-widget_type=\"video.default\">\n\t\t\t\t<div class=\"elementor-widget-container\">\n\t\t\t\t\t\t\t<div class=\"elementor-wrapper elementor-open-inline\">\n\t\t\t<div class=\"elementor-video\"><\/div>\t\t<\/div>\n\t\t\t\t\t\t<\/div>\n\t\t\t\t<\/div>\n\t\t\t\t<div class=\"elementor-element elementor-element-0b6298b elementor-widget elementor-widget-text-editor\" data-id=\"0b6298b\" data-element_type=\"widget\" data-widget_type=\"text-editor.default\">\n\t\t\t\t<div class=\"elementor-widget-container\">\n\t\t\t\t\t\t\t\t\t<p>\u00bfNo sabe cu\u00e1l es la causa de la aver\u00eda? Puede ponerse en contacto con nuestro servicio posventa <a href=\"https:\/\/qista.com\/fr\/contact\/\">a trav\u00e9s de nuestra<\/a> zona de contacto o concertar una cita con nuestro servicio t\u00e9cnico haciendo clic aqu\u00ed.<\/p>\n<p>\u00bfBusca los pasos a seguir para instalar su pilona por primera vez? Consulte nuestra p\u00e1gina<a href=\"https:\/\/qista.com\/es\/puesta-en-marcha-bam\/\"> Instalaci\u00f3n y puesta en servicio.<\/a><\/p>\n<p>Para saber c\u00f3mo cuidar y mantener su pilona antimosquitos, consulte nuestra p\u00e1gina <a href=\"https:\/\/qista.com\/fr\/entretien-borne-qista\/\">Mantenimiento y cuidado de su pilona.<\/a><\/p>\n\t\t\t\t\t\t\t\t<\/div>\n\t\t\t\t<\/div>\n\t\t\t\t<div class=\"elementor-element elementor-element-ce5b296 elementor-widget elementor-widget-spacer\" data-id=\"ce5b296\" data-element_type=\"widget\" data-widget_type=\"spacer.default\">\n\t\t\t\t<div class=\"elementor-widget-container\">\n\t\t\t\t\t\t\t<div class=\"elementor-spacer\">\n\t\t\t<div class=\"elementor-spacer-inner\"><\/div>\n\t\t<\/div>\n\t\t\t\t\t\t<\/div>\n\t\t\t\t<\/div>\n\t\t\t\t\t<\/div>\n\t\t<\/div>\n\t\t\t\t\t<\/div>\n\t\t<\/section>\n\t\t\t\t<\/div>\n\t\t","protected":false},"excerpt":{"rendered":"<p>Soluci\u00f3n de problemas de mi terminal \u00bfNecesita ayuda para solucionar problemas con su bolardo antimosquitos? Aqu\u00ed tienes algunos consejos para resolver los diversos problemas que puedes encontrar al utilizarla o cuando salga del almac\u00e9n de invierno. SU AUTODIAGN\u00d3STICO Siga paso a paso los pasos de nuestra gu\u00eda t\u00e9cnica en v\u00eddeo para detectar el tipo de [&hellip;]<\/p>\n","protected":false},"author":8329,"featured_media":0,"parent":0,"menu_order":0,"comment_status":"closed","ping_status":"closed","template":"elementor_header_footer","meta":{"_acf_changed":false,"_mo_disable_npp":"","footnotes":""},"class_list":["post-38981","page","type-page","status-publish","hentry"],"acf":[],"yoast_head":"<!-- This site is optimized with the Yoast SEO plugin v25.3 - https:\/\/yoast.com\/wordpress\/plugins\/seo\/ -->\n<title>Soluci\u00f3n de problemas de su mosquitera Qista<\/title>\n<meta name=\"description\" content=\"Consejos para solucionar los problemas de su repelente de mosquitos ecol\u00f3gico Qista. Descubra c\u00f3mo solucionar los distintos problemas que puede encontrar.\" \/>\n<meta name=\"robots\" content=\"index, follow, max-snippet:-1, max-image-preview:large, max-video-preview:-1\" \/>\n<link rel=\"canonical\" href=\"https:\/\/qista.com\/es\/depannage-borne-qista\/\" \/>\n<meta property=\"og:locale\" content=\"es_ES\" \/>\n<meta property=\"og:type\" content=\"article\" \/>\n<meta property=\"og:title\" content=\"Soluci\u00f3n de problemas de su mosquitera Qista\" \/>\n<meta property=\"og:description\" content=\"Consejos para solucionar los problemas de su repelente de mosquitos ecol\u00f3gico Qista. Descubra c\u00f3mo solucionar los distintos problemas que puede encontrar.\" \/>\n<meta property=\"og:url\" content=\"https:\/\/qista.com\/es\/depannage-borne-qista\/\" \/>\n<meta property=\"og:site_name\" content=\"Qista.com\" \/>\n<meta property=\"article:modified_time\" content=\"2024-08-13T15:12:22+00:00\" \/>\n<meta property=\"og:image\" content=\"https:\/\/qista.com\/wp-content\/uploads\/2023\/09\/quista-borne-visioplus.webp\" \/>\n\t<meta property=\"og:image:width\" content=\"1200\" \/>\n\t<meta property=\"og:image:height\" content=\"1196\" \/>\n\t<meta property=\"og:image:type\" content=\"image\/webp\" \/>\n<meta name=\"twitter:card\" content=\"summary_large_image\" \/>\n<meta name=\"twitter:label1\" content=\"Tiempo de lectura\" \/>\n\t<meta name=\"twitter:data1\" content=\"1 minuto\" \/>\n<script type=\"application\/ld+json\" class=\"yoast-schema-graph\">{\"@context\":\"https:\/\/schema.org\",\"@graph\":[{\"@type\":\"WebPage\",\"@id\":\"https:\/\/qista.com\/es\/depannage-borne-qista\/\",\"url\":\"https:\/\/qista.com\/es\/depannage-borne-qista\/\",\"name\":\"Soluci\u00f3n de problemas de su mosquitera Qista\",\"isPartOf\":{\"@id\":\"https:\/\/qista.com\/es\/#website\"},\"datePublished\":\"2023-03-27T17:20:09+00:00\",\"dateModified\":\"2024-08-13T15:12:22+00:00\",\"description\":\"Consejos para solucionar los problemas de su repelente de mosquitos ecol\u00f3gico Qista. Descubra c\u00f3mo solucionar los distintos problemas que puede encontrar.\",\"breadcrumb\":{\"@id\":\"https:\/\/qista.com\/es\/depannage-borne-qista\/#breadcrumb\"},\"inLanguage\":\"es\",\"potentialAction\":[{\"@type\":\"ReadAction\",\"target\":[\"https:\/\/qista.com\/es\/depannage-borne-qista\/\"]}]},{\"@type\":\"BreadcrumbList\",\"@id\":\"https:\/\/qista.com\/es\/depannage-borne-qista\/#breadcrumb\",\"itemListElement\":[{\"@type\":\"ListItem\",\"position\":1,\"name\":\"Accueil\",\"item\":\"https:\/\/qista.com\/es\/\"},{\"@type\":\"ListItem\",\"position\":2,\"name\":\"Soluci\u00f3n de problemas y asistencia\"}]},{\"@type\":\"WebSite\",\"@id\":\"https:\/\/qista.com\/es\/#website\",\"url\":\"https:\/\/qista.com\/es\/\",\"name\":\"QISTA\",\"description\":\"L&#039;aspiration MosqiVortex 788\",\"publisher\":{\"@id\":\"https:\/\/qista.com\/es\/#organization\"},\"potentialAction\":[{\"@type\":\"SearchAction\",\"target\":{\"@type\":\"EntryPoint\",\"urlTemplate\":\"https:\/\/qista.com\/es\/?s={search_term_string}\"},\"query-input\":{\"@type\":\"PropertyValueSpecification\",\"valueRequired\":true,\"valueName\":\"search_term_string\"}}],\"inLanguage\":\"es\"},{\"@type\":\"Organization\",\"@id\":\"https:\/\/qista.com\/es\/#organization\",\"name\":\"QISTA\",\"url\":\"https:\/\/qista.com\/es\/\",\"logo\":{\"@type\":\"ImageObject\",\"inLanguage\":\"es\",\"@id\":\"https:\/\/qista.com\/es\/#\/schema\/logo\/image\/\",\"url\":\"https:\/\/qista.com\/wp-content\/uploads\/2023\/03\/LogoB_Qista_MosqiVortex.webp\",\"contentUrl\":\"https:\/\/qista.com\/wp-content\/uploads\/2023\/03\/LogoB_Qista_MosqiVortex.webp\",\"width\":537,\"height\":164,\"caption\":\"QISTA\"},\"image\":{\"@id\":\"https:\/\/qista.com\/es\/#\/schema\/logo\/image\/\"}}]}<\/script>\n<!-- \/ Yoast SEO plugin. -->","yoast_head_json":{"title":"Soluci\u00f3n de problemas de su mosquitera Qista","description":"Consejos para solucionar los problemas de su repelente de mosquitos ecol\u00f3gico Qista. Descubra c\u00f3mo solucionar los distintos problemas que puede encontrar.","robots":{"index":"index","follow":"follow","max-snippet":"max-snippet:-1","max-image-preview":"max-image-preview:large","max-video-preview":"max-video-preview:-1"},"canonical":"https:\/\/qista.com\/es\/depannage-borne-qista\/","og_locale":"es_ES","og_type":"article","og_title":"Soluci\u00f3n de problemas de su mosquitera Qista","og_description":"Consejos para solucionar los problemas de su repelente de mosquitos ecol\u00f3gico Qista. Descubra c\u00f3mo solucionar los distintos problemas que puede encontrar.","og_url":"https:\/\/qista.com\/es\/depannage-borne-qista\/","og_site_name":"Qista.com","article_modified_time":"2024-08-13T15:12:22+00:00","og_image":[{"width":1200,"height":1196,"url":"https:\/\/qista.com\/wp-content\/uploads\/2023\/09\/quista-borne-visioplus.webp","type":"image\/webp"}],"twitter_card":"summary_large_image","twitter_misc":{"Tiempo de lectura":"1 minuto"},"schema":{"@context":"https:\/\/schema.org","@graph":[{"@type":"WebPage","@id":"https:\/\/qista.com\/es\/depannage-borne-qista\/","url":"https:\/\/qista.com\/es\/depannage-borne-qista\/","name":"Soluci\u00f3n de problemas de su mosquitera Qista","isPartOf":{"@id":"https:\/\/qista.com\/es\/#website"},"datePublished":"2023-03-27T17:20:09+00:00","dateModified":"2024-08-13T15:12:22+00:00","description":"Consejos para solucionar los problemas de su repelente de mosquitos ecol\u00f3gico Qista. Descubra c\u00f3mo solucionar los distintos problemas que puede encontrar.","breadcrumb":{"@id":"https:\/\/qista.com\/es\/depannage-borne-qista\/#breadcrumb"},"inLanguage":"es","potentialAction":[{"@type":"ReadAction","target":["https:\/\/qista.com\/es\/depannage-borne-qista\/"]}]},{"@type":"BreadcrumbList","@id":"https:\/\/qista.com\/es\/depannage-borne-qista\/#breadcrumb","itemListElement":[{"@type":"ListItem","position":1,"name":"Accueil","item":"https:\/\/qista.com\/es\/"},{"@type":"ListItem","position":2,"name":"Soluci\u00f3n de problemas y asistencia"}]},{"@type":"WebSite","@id":"https:\/\/qista.com\/es\/#website","url":"https:\/\/qista.com\/es\/","name":"QISTA","description":"L&#039;aspiration MosqiVortex 788","publisher":{"@id":"https:\/\/qista.com\/es\/#organization"},"potentialAction":[{"@type":"SearchAction","target":{"@type":"EntryPoint","urlTemplate":"https:\/\/qista.com\/es\/?s={search_term_string}"},"query-input":{"@type":"PropertyValueSpecification","valueRequired":true,"valueName":"search_term_string"}}],"inLanguage":"es"},{"@type":"Organization","@id":"https:\/\/qista.com\/es\/#organization","name":"QISTA","url":"https:\/\/qista.com\/es\/","logo":{"@type":"ImageObject","inLanguage":"es","@id":"https:\/\/qista.com\/es\/#\/schema\/logo\/image\/","url":"https:\/\/qista.com\/wp-content\/uploads\/2023\/03\/LogoB_Qista_MosqiVortex.webp","contentUrl":"https:\/\/qista.com\/wp-content\/uploads\/2023\/03\/LogoB_Qista_MosqiVortex.webp","width":537,"height":164,"caption":"QISTA"},"image":{"@id":"https:\/\/qista.com\/es\/#\/schema\/logo\/image\/"}}]}},"_links":{"self":[{"href":"https:\/\/qista.com\/es\/wp-json\/wp\/v2\/pages\/38981","targetHints":{"allow":["GET"]}}],"collection":[{"href":"https:\/\/qista.com\/es\/wp-json\/wp\/v2\/pages"}],"about":[{"href":"https:\/\/qista.com\/es\/wp-json\/wp\/v2\/types\/page"}],"author":[{"embeddable":true,"href":"https:\/\/qista.com\/es\/wp-json\/wp\/v2\/users\/8329"}],"replies":[{"embeddable":true,"href":"https:\/\/qista.com\/es\/wp-json\/wp\/v2\/comments?post=38981"}],"version-history":[{"count":0,"href":"https:\/\/qista.com\/es\/wp-json\/wp\/v2\/pages\/38981\/revisions"}],"wp:attachment":[{"href":"https:\/\/qista.com\/es\/wp-json\/wp\/v2\/media?parent=38981"}],"curies":[{"name":"wp","href":"https:\/\/api.w.org\/{rel}","templated":true}]}}