{"id":38916,"date":"2023-01-12T14:24:17","date_gmt":"2023-01-12T13:24:17","guid":{"rendered":"https:\/\/qista.com\/politica-de-privacidad\/"},"modified":"2024-08-13T14:27:44","modified_gmt":"2024-08-13T12:27:44","slug":"politica-de-privacidad","status":"publish","type":"page","link":"https:\/\/qista.com\/es\/politica-de-privacidad\/","title":{"rendered":"Pol\u00edtica de privacidad"},"content":{"rendered":"\t\t<div data-elementor-type=\"wp-page\" data-elementor-id=\"38916\" class=\"elementor elementor-38916 elementor-3\" data-elementor-post-type=\"page\">\n\t\t\t\t\t\t<section class=\"elementor-section elementor-top-section elementor-element elementor-element-72939d9 elementor-section-boxed elementor-section-height-default elementor-section-height-default\" data-id=\"72939d9\" data-element_type=\"section\" data-settings=\"{&quot;background_background&quot;:&quot;classic&quot;}\">\n\t\t\t\t\t\t\t<div class=\"elementor-background-overlay\"><\/div>\n\t\t\t\t\t\t\t<div class=\"elementor-container elementor-column-gap-default\">\n\t\t\t\t\t<div class=\"elementor-column elementor-col-100 elementor-top-column elementor-element elementor-element-971459d\" data-id=\"971459d\" data-element_type=\"column\">\n\t\t\t<div class=\"elementor-widget-wrap elementor-element-populated\">\n\t\t\t\t\t\t<div class=\"elementor-element elementor-element-3366d5a elementor-align-center elementor-widget elementor-widget-breadcrumbs\" data-id=\"3366d5a\" data-element_type=\"widget\" data-widget_type=\"breadcrumbs.default\">\n\t\t\t\t<div class=\"elementor-widget-container\">\n\t\t\t\t\t<p id=\"breadcrumbs\"><span><span><a href=\"https:\/\/qista.com\/es\/\">Accueil<\/a><\/span><\/span><\/p>\t\t\t\t<\/div>\n\t\t\t\t<\/div>\n\t\t\t\t\t<\/div>\n\t\t<\/div>\n\t\t\t\t\t<\/div>\n\t\t<\/section>\n\t\t\t\t<section class=\"elementor-section elementor-top-section elementor-element elementor-element-8f88527 elementor-section-boxed elementor-section-height-default elementor-section-height-default\" data-id=\"8f88527\" data-element_type=\"section\" data-settings=\"{&quot;background_background&quot;:&quot;classic&quot;}\">\n\t\t\t\t\t\t<div class=\"elementor-container elementor-column-gap-default\">\n\t\t\t\t\t<div class=\"elementor-column elementor-col-100 elementor-top-column elementor-element elementor-element-3d51506\" data-id=\"3d51506\" data-element_type=\"column\">\n\t\t\t<div class=\"elementor-widget-wrap elementor-element-populated\">\n\t\t\t\t\t\t<div class=\"elementor-element elementor-element-220ff52 elementor-widget elementor-widget-heading\" data-id=\"220ff52\" data-element_type=\"widget\" data-widget_type=\"heading.default\">\n\t\t\t\t<div class=\"elementor-widget-container\">\n\t\t\t\t\t<h1 class=\"elementor-heading-title elementor-size-default\">Pol\u00edtica de privacidad (est\u00e1ndar GDPR)<\/h1>\t\t\t\t<\/div>\n\t\t\t\t<\/div>\n\t\t\t\t<div class=\"elementor-element elementor-element-b327835 elementor-widget-divider--view-line elementor-widget elementor-widget-divider\" data-id=\"b327835\" data-element_type=\"widget\" data-widget_type=\"divider.default\">\n\t\t\t\t<div class=\"elementor-widget-container\">\n\t\t\t\t\t\t\t<div class=\"elementor-divider\">\n\t\t\t<span class=\"elementor-divider-separator\">\n\t\t\t\t\t\t<\/span>\n\t\t<\/div>\n\t\t\t\t\t\t<\/div>\n\t\t\t\t<\/div>\n\t\t\t\t<div class=\"elementor-element elementor-element-0220792 elementor-widget elementor-widget-text-editor\" data-id=\"0220792\" data-element_type=\"widget\" data-widget_type=\"text-editor.default\">\n\t\t\t\t<div class=\"elementor-widget-container\">\n\t\t\t\t\t\t\t\t\t<p>Seguridad y protecci\u00f3n de datos personales<\/p>\n\t\t\t\t\t\t\t\t<\/div>\n\t\t\t\t<\/div>\n\t\t\t\t\t<\/div>\n\t\t<\/div>\n\t\t\t\t\t<\/div>\n\t\t<\/section>\n\t\t\t\t<section class=\"elementor-section elementor-top-section elementor-element elementor-element-6de2bf73 elementor-section-boxed elementor-section-height-default elementor-section-height-default\" data-id=\"6de2bf73\" data-element_type=\"section\">\n\t\t\t\t\t\t<div class=\"elementor-container elementor-column-gap-default\">\n\t\t\t\t\t<div class=\"elementor-column elementor-col-100 elementor-top-column elementor-element elementor-element-cd010e2\" data-id=\"cd010e2\" data-element_type=\"column\">\n\t\t\t<div class=\"elementor-widget-wrap elementor-element-populated\">\n\t\t\t\t\t\t<div class=\"elementor-element elementor-element-3cd9dd2b elementor-widget elementor-widget-text-editor\" data-id=\"3cd9dd2b\" data-element_type=\"widget\" data-widget_type=\"text-editor.default\">\n\t\t\t\t<div class=\"elementor-widget-container\">\n\t\t\t\t\t\t\t\t\t<p>DEFINICIONES<br>El Editor: La persona, natural o jur\u00eddica, que publica en l\u00ednea servicios de comunicaci\u00f3n p\u00fablica.<br>El Sitio: Todos los sitios, p\u00e1ginas de Internet y servicios en l\u00ednea ofrecidos por el Editor.<br>El Usuario: La persona que utiliza el Sitio y los servicios.<br>NATURALEZA DE LOS DATOS RECOPILADOS<br>Como parte del uso de los Sitios, el Editor puede recopilar las categor\u00edas de datos<br>lo siguiente respecto de sus Usuarios:<\/p><p>Estado civil, identidad, datos identificativos, etc.<\/p><p>COMUNICACI\u00d3N DE DATOS PERSONALES A TERCEROS<br>Ninguna comunicaci\u00f3n a terceros<br>Tus datos no son objeto de ninguna comunicaci\u00f3n a terceros. Sin embargo, se le informa que pueden ser divulgados en virtud de una ley, un reglamento o en virtud de una decisi\u00f3n de una autoridad reguladora o judicial competente.<\/p><p>INFORMACI\u00d3N PREVIA PARA LA COMUNICACI\u00d3N DE DATOS PERSONALES A TERCEROS EN<br>CASO DE FUSI\u00d3N \/ ABSORCI\u00d3N<br>Informaci\u00f3n previa y posibilidad de exclusi\u00f3n antes y despu\u00e9s de la fusi\u00f3n\/adquisici\u00f3n<br>En caso de que participemos en una fusi\u00f3n, adquisici\u00f3n o cualquier otra forma de transferencia de activos, nos comprometemos a garantizar la confidencialidad de sus datos personales y a informarle antes de que sean transferidos o sujetos a nuevas reglas de confidencialidad.<\/p><p>FINALIDAD DE LA REUTILIZACI\u00d3N DE DATOS PERSONALES RECOPILADOS<br>Realizar operaciones relativas a la gesti\u00f3n de clientes relativas a<br>contratos; pedidos; entregas; facturas; contabilidad y en particular la gesti\u00f3n de cuentas de clientes<br>un programa de fidelizaci\u00f3n dentro de una entidad o de varias personas jur\u00eddicas;<br>Seguimiento de las relaciones con los clientes, como realizaci\u00f3n de encuestas de satisfacci\u00f3n, gesti\u00f3n de reclamaciones y servicio postventa.<br>la selecci\u00f3n de clientes para realizar estudios, encuestas y pruebas de productos (salvo que se obtenga el consentimiento de los interesados \u200b\u200ben las condiciones previstas en el art\u00edculo 6, estas operaciones no deben conducir al establecimiento de perfiles que puedan revelar datos sensibles, raciales o or\u00edgenes \u00e9tnicos, opiniones filos\u00f3ficas, pol\u00edticas, sindicales, religiosas, vida sexual o salud personal)<\/p><p>Realizar operaciones relativas a la prospecci\u00f3n.<br>gesti\u00f3n de operaciones de prospecci\u00f3n t\u00e9cnica (que incluyen, en particular, operaciones t\u00e9cnicas como la estandarizaci\u00f3n, el enriquecimiento y la deduplicaci\u00f3n)<br>la selecci\u00f3n de personas para realizar acciones de fidelizaci\u00f3n, prospecci\u00f3n, encuestas, pruebas de productos y promoci\u00f3n. Salvo que se obtenga el consentimiento de los interesados \u200b\u200ben las condiciones previstas en el art\u00edculo 6, estas operaciones no deber\u00e1n conducir a la elaboraci\u00f3n de perfiles que puedan revelar datos sensibles (or\u00edgenes raciales o \u00e9tnicos, opiniones filos\u00f3ficas, pol\u00edticas, sindicales, religiosas, sexuales). vida o salud de las personas)<br>realizar operaciones de solicitaci\u00f3n<br>El desarrollo de las estad\u00edsticas comerciales.<br>La organizaci\u00f3n de concursos, loter\u00edas o cualquier operaci\u00f3n promocional, excluyendo juegos de azar y juegos de azar en l\u00ednea sujetos a la aprobaci\u00f3n de la Autoridad Reguladora del Juego en L\u00ednea.<\/p><p>Gesti\u00f3n de deudas impagadas y litigios, siempre que no se refiera a delitos y\/o no tenga como resultado la exclusi\u00f3n de la persona del beneficio de un derecho, un servicio o un contrato.<\/p><p>Gestionar las opiniones de las personas sobre productos, servicios o contenidos.<\/p><p>AGREGACI\u00d3N DE DATOS<br>Agregaci\u00f3n con datos no personales<br>Podemos publicar, divulgar y utilizar informaci\u00f3n agregada (informaci\u00f3n relacionada con todos nuestros Usuarios o grupos o categor\u00edas espec\u00edficas de Usuarios que combinamos de tal manera que un Usuario individual ya no pueda ser identificado o mencionado) e informaci\u00f3n no personal para la industria. y an\u00e1lisis de mercado, elaboraci\u00f3n de perfiles demogr\u00e1ficos, fines promocionales y publicitarios y otros fines comerciales.<\/p><p>Agregaci\u00f3n con datos personales disponibles en las cuentas sociales del Usuario<br>Si conecta su cuenta a una cuenta de otro servicio para realizar env\u00edos cruzados, dicho servicio puede comunicarnos su informaci\u00f3n de perfil, informaci\u00f3n de conexi\u00f3n, as\u00ed como cualquier otra informaci\u00f3n que usted haya autorizado a divulgar. Podemos agregar informaci\u00f3n relacionada con todos nuestros otros Usuarios, grupos, cuentas y datos personales disponibles sobre el Usuario.<\/p><p>RECOPILACI\u00d3N DE DATOS DE IDENTIDAD<br>Consulta gratuita<br>La consulta del Sitio no requiere registro ni identificaci\u00f3n previa. Puede realizarse sin que usted comunique ning\u00fan dato personal que le concierna (apellido, nombre, direcci\u00f3n, etc.). No registramos ning\u00fan dato personal para la simple consulta del Sitio.<\/p><p>RECOGIDA DE DATOS DE IDENTIFICACI\u00d3N<br>Uso de ID de usuario \u00fanicamente para acceder a los servicios<br>Utilizamos sus identificadores electr\u00f3nicos \u00fanicamente para y durante la ejecuci\u00f3n del contrato.<\/p><p>RECOPILACI\u00d3N DE DATOS TERMINALES<br>Recopilaci\u00f3n de datos de perfilaci\u00f3n y datos t\u00e9cnicos con el fin de prestar el servicio.<br>El Sitio recopila autom\u00e1ticamente algunos de los datos t\u00e9cnicos de su dispositivo. Esta informaci\u00f3n incluye en particular su direcci\u00f3n IP, proveedor de servicios de Internet, configuraci\u00f3n de hardware, configuraci\u00f3n de software, tipo e idioma del navegador, etc. La recopilaci\u00f3n de estos datos es necesaria para la prestaci\u00f3n de los servicios.<\/p><p>Recopilaci\u00f3n de datos t\u00e9cnicos con fines publicitarios, comerciales y estad\u00edsticos.<br>Los datos t\u00e9cnicos de su dispositivo son recopilados y registrados autom\u00e1ticamente por el Sitio, con fines publicitarios, comerciales y estad\u00edsticos. Esta informaci\u00f3n nos ayuda a personalizar y mejorar continuamente su experiencia en nuestro Sitio. No recopilamos ni almacenamos ning\u00fan dato personal (apellido, nombre, direcci\u00f3n, etc.) posiblemente adjunto a datos t\u00e9cnicos. Los datos recopilados podr\u00e1n revenderse a terceros.<\/p><p>GALLETAS<br>Vida \u00fatil de las galletas.<br>De acuerdo con las recomendaciones de la CNIL, el per\u00edodo m\u00e1ximo de conservaci\u00f3n de las cookies es de 13 meses como m\u00e1ximo despu\u00e9s de su primer dep\u00f3sito en el terminal del Usuario, al igual que la duraci\u00f3n de la validez del consentimiento del Usuario para el uso de estas cookies. La vida \u00fatil de las cookies no se prolonga con cada visita. Por tanto, el consentimiento del Usuario deber\u00e1 renovarse al final de este per\u00edodo.<\/p><p>Finalidad de las cookies<br>Las cookies pueden utilizarse con fines estad\u00edsticos, en particular para optimizar los servicios prestados al Usuario, desde el procesamiento de informaci\u00f3n sobre la frecuencia de acceso, la personalizaci\u00f3n de las p\u00e1ginas as\u00ed como las operaciones realizadas y la informaci\u00f3n consultada.<br>Se le informa que el Editor puede colocar cookies en su terminal. La cookie registra informaci\u00f3n relativa a la navegaci\u00f3n en el servicio (las p\u00e1ginas que ha consultado, la fecha y hora de la consulta, etc.) que podremos leer en sus siguientes visitas.<\/p><p>Derecho del Usuario a rechazar las cookies, desactivaci\u00f3n que conlleva un funcionamiento degradado del servicio.<br>Usted reconoce haber sido informado de que el Editor puede utilizar cookies y le autoriza a hacerlo. Si no desea que se utilicen cookies en su dispositivo, la mayor\u00eda de los navegadores le permiten desactivar las cookies a trav\u00e9s de las opciones de configuraci\u00f3n. Sin embargo, se le informa que es posible que determinados servicios ya no funcionen correctamente.<\/p><p>Posible asociaci\u00f3n de cookies con datos personales para permitir el funcionamiento del servicio<br>El Editor puede recopilar informaci\u00f3n de navegaci\u00f3n mediante el uso de cookies.<\/p><p>CONSERVACI\u00d3N DE DATOS T\u00c9CNICOS<br>Plazo de conservaci\u00f3n de los datos t\u00e9cnicos.<br>Los datos t\u00e9cnicos se conservan durante el tiempo estrictamente necesario para lograr los fines mencionados anteriormente.<\/p><p>PLAZO DE CONSERVACI\u00d3N DE DATOS PERSONALES Y ANONIMIZACI\u00d3N<br>Conservaci\u00f3n de los datos mientras dure la relaci\u00f3n contractual<br>De conformidad con el art\u00edculo 6-5\u00b0 de la ley n\u00b078-17 del 6 de enero de 1978 relativa al procesamiento de datos, a los archivos y a las libertades, los datos personales sujetos a procesamiento no se conservan m\u00e1s all\u00e1 del tiempo necesario para el cumplimiento de las obligaciones definidas en el celebraci\u00f3n del contrato o la duraci\u00f3n predefinida de la relaci\u00f3n contractual.<\/p><p>Conservaci\u00f3n de datos anonimizados m\u00e1s all\u00e1 de la relaci\u00f3n contractual\/tras la eliminaci\u00f3n de la cuenta<br>Conservamos los datos personales durante el per\u00edodo estrictamente necesario para lograr los fines descritos en estos T&amp;C. M\u00e1s all\u00e1 de este plazo, ser\u00e1n anonimizados y conservados con fines exclusivamente estad\u00edsticos y no dar\u00e1n lugar a explotaci\u00f3n de ning\u00fan tipo.<\/p><p>Eliminar datos despu\u00e9s de la eliminaci\u00f3n de la cuenta<br>Se establecen medios de depuraci\u00f3n de datos con el fin de prever su supresi\u00f3n efectiva tan pronto como se alcance el per\u00edodo de conservaci\u00f3n o archivo necesario para alcanzar los fines determinados o impuestos. De conformidad con la ley n\u00b078-17 del 6 de enero de 1978 relativa al procesamiento de datos, a los archivos y a las libertades, usted tambi\u00e9n tiene el derecho de suprimir sus datos, que puede ejercer en cualquier momento poni\u00e9ndose en contacto con el &#8216;Editor.<\/p><p>Eliminaci\u00f3n de datos despu\u00e9s de 3 a\u00f1os de inactividad<br>Por razones de seguridad, si no se ha autenticado en el Sitio durante un per\u00edodo de tres a\u00f1os, recibir\u00e1 un correo electr\u00f3nico invit\u00e1ndole a conectarse lo antes posible; de \u200b\u200blo contrario, sus datos ser\u00e1n eliminados nuevamente.<\/p><p>TRANSFERENCIA DE DATOS PERSONALES EN EL EXTRANJERO<br>No hay transferencia fuera de la Uni\u00f3n Europea<br>El Editor se compromete a no transferir los datos personales de sus Usuarios fuera de la Uni\u00f3n Europea.<\/p><p>MODIFICACI\u00d3N DE LOS TCG Y DE LA POL\u00cdTICA DE CONFIDENCIALIDAD<br>En caso de modificaci\u00f3n de estos TyC, compromiso de no bajar sustancialmente el nivel de confidencialidad sin informaci\u00f3n previa de los interesados.<\/p><p>Nos comprometemos a informarle en caso de modificaci\u00f3n sustancial de estos T&amp;C, y a no reducir sustancialmente el nivel de confidencialidad de sus datos sin informarle y obtener su consentimiento.<\/p><p>LEY APLICABLE Y PROCEDIMIENTOS DE RECURSO<br>Cl\u00e1usula arbitral<br>Usted acepta expresamente que cualquier disputa que pueda surgir como resultado de estos TyC, en particular su interpretaci\u00f3n o ejecuci\u00f3n, ser\u00e1 sometida a un procedimiento de arbitraje sujeto a las reglas de la plataforma de arbitraje elegida de com\u00fan acuerdo, al que se adherir\u00e1 sin reservas. .<\/p><p>PORTABILIDAD DE DATOS<br>Portabilidad de datos<br>El Editor se compromete a ofrecerle la posibilidad de que le devuelvan todos los datos que le conciernen mediante una simple solicitud. De este modo se garantiza al Usuario un mejor control de sus datos y conserva la posibilidad de reutilizarlos. Estos datos deben proporcionarse en un formato abierto y f\u00e1cilmente reutilizable.<\/p><p>Este sitio, como muchos otros, utiliza peque\u00f1os archivos llamados cookies para ayudarnos a personalizar su experiencia. Obtenga m\u00e1s informaci\u00f3n sobre las cookies y c\u00f3mo puede controlarlas.<\/p><p>\u00bfQu\u00e9 son las galletas?<br>Una cookie es un peque\u00f1o archivo que se puede colocar en su dispositivo y que nos permite reconocerlo y recordarlo. Se env\u00eda a su navegador y se almacena en el disco duro de su computadora, tableta o dispositivo m\u00f3vil. Cuando visita nuestros sitios, podemos recopilar informaci\u00f3n sobre usted autom\u00e1ticamente a trav\u00e9s de cookies o tecnolog\u00eda similar.<\/p><p>\u00bfC\u00f3mo utilizamos las cookies?<br>Utilizamos cookies de diversas formas para mejorar su experiencia en nuestro sitio, que incluyen:<\/p><p>Mant\u00e9ngase conectado;<br>Comprender c\u00f3mo utiliza nuestro sitio;<br>Mostrarle contenido que le concierne;<br>Mostrarte productos y servicios que te interesen.<\/p><p>Pol\u00edtica de cookies:<br>Definici\u00f3n :<\/p><p>Las cookies son archivos de texto que se colocan en el terminal de un usuario (computadora, tableta, tel\u00e9fono inteligente, etc.) cuando visualiza contenido para recopilar informaci\u00f3n est\u00e1ndar del historial de Internet e informaci\u00f3n de comportamiento. Las cookies no identifican directamente a un usuario, sino que identifican a un navegador o terminal.<\/p><p>Uso y almacenamiento:<\/p><p>Cuando visita nuestro (sitio web\/aplicaci\u00f3n), podemos recopilar informaci\u00f3n sobre su actividad y preferencias a trav\u00e9s de cookies. Utilizamos diferentes cookies para varios prop\u00f3sitos.<\/p><p>Desactiva las cookies de terceros en tu navegador<br>Algunos navegadores como Google Chrome o Mozilla Firefox tienen la capacidad de bloquear cookies de terceros. Este bloqueo limita ciertas funcionalidades y puede generar errores\/bugs.<\/p><p>Para obtener m\u00e1s informaci\u00f3n, puede consultar esta gu\u00eda de la CNIL: https:\/\/www.cnil.fr\/fr\/cookies-les-outil-pour-les-maitriser<\/p><p>Deshabilite las cookies de terceros en Google Chrome, Microsoft Edge y otros navegadores Chromium: https:\/\/support.google.com\/accounts\/answer\/61416<\/p><p>Desactive las cookies de terceros en Mozilla Firefox y otros navegadores Gecko: https:\/\/support.mozilla.org\/fr\/kb\/cookies-tiers-et-protection-contre-pistage<\/p>\t\t\t\t\t\t\t\t<\/div>\n\t\t\t\t<\/div>\n\t\t\t\t\t<\/div>\n\t\t<\/div>\n\t\t\t\t\t<\/div>\n\t\t<\/section>\n\t\t\t\t<\/div>\n\t\t","protected":false},"excerpt":{"rendered":"<p>Pol\u00edtica de privacidad (est\u00e1ndar GDPR) Seguridad y protecci\u00f3n de datos personales DEFINICIONESEl Editor: La persona, natural o jur\u00eddica, que publica en l\u00ednea servicios de comunicaci\u00f3n p\u00fablica.El Sitio: Todos los sitios, p\u00e1ginas de Internet y servicios en l\u00ednea ofrecidos por el Editor.El Usuario: La persona que utiliza el Sitio y los servicios.NATURALEZA DE LOS DATOS RECOPILADOSComo [&hellip;]<\/p>\n","protected":false},"author":1,"featured_media":0,"parent":0,"menu_order":0,"comment_status":"closed","ping_status":"open","template":"elementor_header_footer","meta":{"_acf_changed":false,"_mo_disable_npp":"","footnotes":""},"class_list":["post-38916","page","type-page","status-publish","hentry"],"acf":[],"yoast_head":"<!-- This site is optimized with the Yoast SEO plugin v25.3 - https:\/\/yoast.com\/wordpress\/plugins\/seo\/ -->\n<title>Pol\u00edtica de privacidad<\/title>\n<meta name=\"description\" content=\"Encuentre aqu\u00ed detalles de la recopilaci\u00f3n, uso y protecci\u00f3n de su informaci\u00f3n, as\u00ed como nuestra pol\u00edtica de privacidad en Qista.\" \/>\n<meta name=\"robots\" content=\"index, follow, max-snippet:-1, max-image-preview:large, max-video-preview:-1\" \/>\n<link rel=\"canonical\" href=\"https:\/\/qista.com\/es\/politica-de-privacidad\/\" \/>\n<meta property=\"og:locale\" content=\"es_ES\" \/>\n<meta property=\"og:type\" content=\"article\" \/>\n<meta property=\"og:title\" content=\"Pol\u00edtica de privacidad\" \/>\n<meta property=\"og:description\" content=\"Encuentre aqu\u00ed detalles de la recopilaci\u00f3n, uso y protecci\u00f3n de su informaci\u00f3n, as\u00ed como nuestra pol\u00edtica de privacidad en Qista.\" \/>\n<meta property=\"og:url\" content=\"https:\/\/qista.com\/es\/politica-de-privacidad\/\" \/>\n<meta property=\"og:site_name\" content=\"Qista.com\" \/>\n<meta property=\"article:modified_time\" content=\"2024-08-13T12:27:44+00:00\" \/>\n<meta property=\"og:image\" content=\"https:\/\/qista.com\/wp-content\/uploads\/2023\/09\/quista-borne-visioplus.webp\" \/>\n\t<meta property=\"og:image:width\" content=\"1200\" \/>\n\t<meta property=\"og:image:height\" content=\"1196\" \/>\n\t<meta property=\"og:image:type\" content=\"image\/webp\" \/>\n<meta name=\"twitter:card\" content=\"summary_large_image\" \/>\n<meta name=\"twitter:label1\" content=\"Tiempo de lectura\" \/>\n\t<meta name=\"twitter:data1\" content=\"10 minutos\" \/>\n<script type=\"application\/ld+json\" class=\"yoast-schema-graph\">{\"@context\":\"https:\/\/schema.org\",\"@graph\":[{\"@type\":\"WebPage\",\"@id\":\"https:\/\/qista.com\/es\/politica-de-privacidad\/\",\"url\":\"https:\/\/qista.com\/es\/politica-de-privacidad\/\",\"name\":\"Pol\u00edtica de privacidad\",\"isPartOf\":{\"@id\":\"https:\/\/qista.com\/es\/#website\"},\"datePublished\":\"2023-01-12T13:24:17+00:00\",\"dateModified\":\"2024-08-13T12:27:44+00:00\",\"description\":\"Encuentre aqu\u00ed detalles de la recopilaci\u00f3n, uso y protecci\u00f3n de su informaci\u00f3n, as\u00ed como nuestra pol\u00edtica de privacidad en Qista.\",\"breadcrumb\":{\"@id\":\"https:\/\/qista.com\/es\/politica-de-privacidad\/#breadcrumb\"},\"inLanguage\":\"es\",\"potentialAction\":[{\"@type\":\"ReadAction\",\"target\":[\"https:\/\/qista.com\/es\/politica-de-privacidad\/\"]}]},{\"@type\":\"BreadcrumbList\",\"@id\":\"https:\/\/qista.com\/es\/politica-de-privacidad\/#breadcrumb\",\"itemListElement\":[{\"@type\":\"ListItem\",\"position\":1,\"name\":\"Accueil\",\"item\":\"https:\/\/qista.com\/es\/\"},{\"@type\":\"ListItem\",\"position\":2,\"name\":\"Pol\u00edtica de privacidad\"}]},{\"@type\":\"WebSite\",\"@id\":\"https:\/\/qista.com\/es\/#website\",\"url\":\"https:\/\/qista.com\/es\/\",\"name\":\"QISTA\",\"description\":\"L&#039;aspiration MosqiVortex 788\",\"publisher\":{\"@id\":\"https:\/\/qista.com\/es\/#organization\"},\"potentialAction\":[{\"@type\":\"SearchAction\",\"target\":{\"@type\":\"EntryPoint\",\"urlTemplate\":\"https:\/\/qista.com\/es\/?s={search_term_string}\"},\"query-input\":{\"@type\":\"PropertyValueSpecification\",\"valueRequired\":true,\"valueName\":\"search_term_string\"}}],\"inLanguage\":\"es\"},{\"@type\":\"Organization\",\"@id\":\"https:\/\/qista.com\/es\/#organization\",\"name\":\"QISTA\",\"url\":\"https:\/\/qista.com\/es\/\",\"logo\":{\"@type\":\"ImageObject\",\"inLanguage\":\"es\",\"@id\":\"https:\/\/qista.com\/es\/#\/schema\/logo\/image\/\",\"url\":\"https:\/\/qista.com\/wp-content\/uploads\/2023\/03\/LogoB_Qista_MosqiVortex.webp\",\"contentUrl\":\"https:\/\/qista.com\/wp-content\/uploads\/2023\/03\/LogoB_Qista_MosqiVortex.webp\",\"width\":537,\"height\":164,\"caption\":\"QISTA\"},\"image\":{\"@id\":\"https:\/\/qista.com\/es\/#\/schema\/logo\/image\/\"}}]}<\/script>\n<!-- \/ Yoast SEO plugin. -->","yoast_head_json":{"title":"Pol\u00edtica de privacidad","description":"Encuentre aqu\u00ed detalles de la recopilaci\u00f3n, uso y protecci\u00f3n de su informaci\u00f3n, as\u00ed como nuestra pol\u00edtica de privacidad en Qista.","robots":{"index":"index","follow":"follow","max-snippet":"max-snippet:-1","max-image-preview":"max-image-preview:large","max-video-preview":"max-video-preview:-1"},"canonical":"https:\/\/qista.com\/es\/politica-de-privacidad\/","og_locale":"es_ES","og_type":"article","og_title":"Pol\u00edtica de privacidad","og_description":"Encuentre aqu\u00ed detalles de la recopilaci\u00f3n, uso y protecci\u00f3n de su informaci\u00f3n, as\u00ed como nuestra pol\u00edtica de privacidad en Qista.","og_url":"https:\/\/qista.com\/es\/politica-de-privacidad\/","og_site_name":"Qista.com","article_modified_time":"2024-08-13T12:27:44+00:00","og_image":[{"width":1200,"height":1196,"url":"https:\/\/qista.com\/wp-content\/uploads\/2023\/09\/quista-borne-visioplus.webp","type":"image\/webp"}],"twitter_card":"summary_large_image","twitter_misc":{"Tiempo de lectura":"10 minutos"},"schema":{"@context":"https:\/\/schema.org","@graph":[{"@type":"WebPage","@id":"https:\/\/qista.com\/es\/politica-de-privacidad\/","url":"https:\/\/qista.com\/es\/politica-de-privacidad\/","name":"Pol\u00edtica de privacidad","isPartOf":{"@id":"https:\/\/qista.com\/es\/#website"},"datePublished":"2023-01-12T13:24:17+00:00","dateModified":"2024-08-13T12:27:44+00:00","description":"Encuentre aqu\u00ed detalles de la recopilaci\u00f3n, uso y protecci\u00f3n de su informaci\u00f3n, as\u00ed como nuestra pol\u00edtica de privacidad en Qista.","breadcrumb":{"@id":"https:\/\/qista.com\/es\/politica-de-privacidad\/#breadcrumb"},"inLanguage":"es","potentialAction":[{"@type":"ReadAction","target":["https:\/\/qista.com\/es\/politica-de-privacidad\/"]}]},{"@type":"BreadcrumbList","@id":"https:\/\/qista.com\/es\/politica-de-privacidad\/#breadcrumb","itemListElement":[{"@type":"ListItem","position":1,"name":"Accueil","item":"https:\/\/qista.com\/es\/"},{"@type":"ListItem","position":2,"name":"Pol\u00edtica de privacidad"}]},{"@type":"WebSite","@id":"https:\/\/qista.com\/es\/#website","url":"https:\/\/qista.com\/es\/","name":"QISTA","description":"L&#039;aspiration MosqiVortex 788","publisher":{"@id":"https:\/\/qista.com\/es\/#organization"},"potentialAction":[{"@type":"SearchAction","target":{"@type":"EntryPoint","urlTemplate":"https:\/\/qista.com\/es\/?s={search_term_string}"},"query-input":{"@type":"PropertyValueSpecification","valueRequired":true,"valueName":"search_term_string"}}],"inLanguage":"es"},{"@type":"Organization","@id":"https:\/\/qista.com\/es\/#organization","name":"QISTA","url":"https:\/\/qista.com\/es\/","logo":{"@type":"ImageObject","inLanguage":"es","@id":"https:\/\/qista.com\/es\/#\/schema\/logo\/image\/","url":"https:\/\/qista.com\/wp-content\/uploads\/2023\/03\/LogoB_Qista_MosqiVortex.webp","contentUrl":"https:\/\/qista.com\/wp-content\/uploads\/2023\/03\/LogoB_Qista_MosqiVortex.webp","width":537,"height":164,"caption":"QISTA"},"image":{"@id":"https:\/\/qista.com\/es\/#\/schema\/logo\/image\/"}}]}},"_links":{"self":[{"href":"https:\/\/qista.com\/es\/wp-json\/wp\/v2\/pages\/38916","targetHints":{"allow":["GET"]}}],"collection":[{"href":"https:\/\/qista.com\/es\/wp-json\/wp\/v2\/pages"}],"about":[{"href":"https:\/\/qista.com\/es\/wp-json\/wp\/v2\/types\/page"}],"author":[{"embeddable":true,"href":"https:\/\/qista.com\/es\/wp-json\/wp\/v2\/users\/1"}],"replies":[{"embeddable":true,"href":"https:\/\/qista.com\/es\/wp-json\/wp\/v2\/comments?post=38916"}],"version-history":[{"count":0,"href":"https:\/\/qista.com\/es\/wp-json\/wp\/v2\/pages\/38916\/revisions"}],"wp:attachment":[{"href":"https:\/\/qista.com\/es\/wp-json\/wp\/v2\/media?parent=38916"}],"curies":[{"name":"wp","href":"https:\/\/api.w.org\/{rel}","templated":true}]}}