{"id":38876,"date":"2023-04-14T15:00:02","date_gmt":"2023-04-14T13:00:02","guid":{"rendered":"https:\/\/qista.com\/condiciones-generales-de-venta\/"},"modified":"2024-08-13T11:25:25","modified_gmt":"2024-08-13T09:25:25","slug":"condiciones-generales-de-venta","status":"publish","type":"page","link":"https:\/\/qista.com\/es\/condiciones-generales-de-venta\/","title":{"rendered":"Condiciones generales de venta"},"content":{"rendered":"\t\t<div data-elementor-type=\"wp-page\" data-elementor-id=\"38876\" class=\"elementor elementor-38876 elementor-4696\" data-elementor-post-type=\"page\">\n\t\t\t\t\t\t<section class=\"elementor-section elementor-top-section elementor-element elementor-element-72939d9 elementor-section-boxed elementor-section-height-default elementor-section-height-default\" data-id=\"72939d9\" data-element_type=\"section\" data-settings=\"{&quot;background_background&quot;:&quot;classic&quot;}\">\n\t\t\t\t\t\t\t<div class=\"elementor-background-overlay\"><\/div>\n\t\t\t\t\t\t\t<div class=\"elementor-container elementor-column-gap-default\">\n\t\t\t\t\t<div class=\"elementor-column elementor-col-100 elementor-top-column elementor-element elementor-element-971459d\" data-id=\"971459d\" data-element_type=\"column\">\n\t\t\t<div class=\"elementor-widget-wrap elementor-element-populated\">\n\t\t\t\t\t\t<div class=\"elementor-element elementor-element-3366d5a elementor-align-center elementor-widget elementor-widget-breadcrumbs\" data-id=\"3366d5a\" data-element_type=\"widget\" data-widget_type=\"breadcrumbs.default\">\n\t\t\t\t<div class=\"elementor-widget-container\">\n\t\t\t\t\t<p id=\"breadcrumbs\"><span><span><a href=\"https:\/\/qista.com\/es\/\">Accueil<\/a><\/span><\/span><\/p>\t\t\t\t<\/div>\n\t\t\t\t<\/div>\n\t\t\t\t\t<\/div>\n\t\t<\/div>\n\t\t\t\t\t<\/div>\n\t\t<\/section>\n\t\t\t\t<section class=\"elementor-section elementor-top-section elementor-element elementor-element-8f88527 elementor-section-boxed elementor-section-height-default elementor-section-height-default\" data-id=\"8f88527\" data-element_type=\"section\" data-settings=\"{&quot;background_background&quot;:&quot;classic&quot;}\">\n\t\t\t\t\t\t<div class=\"elementor-container elementor-column-gap-default\">\n\t\t\t\t\t<div class=\"elementor-column elementor-col-100 elementor-top-column elementor-element elementor-element-3d51506\" data-id=\"3d51506\" data-element_type=\"column\">\n\t\t\t<div class=\"elementor-widget-wrap elementor-element-populated\">\n\t\t\t\t\t\t<div class=\"elementor-element elementor-element-220ff52 elementor-widget elementor-widget-heading\" data-id=\"220ff52\" data-element_type=\"widget\" data-widget_type=\"heading.default\">\n\t\t\t\t<div class=\"elementor-widget-container\">\n\t\t\t\t\t<h1 class=\"elementor-heading-title elementor-size-default\">Condiciones generales de venta<\/h1>\t\t\t\t<\/div>\n\t\t\t\t<\/div>\n\t\t\t\t<div class=\"elementor-element elementor-element-b327835 elementor-widget-divider--view-line elementor-widget elementor-widget-divider\" data-id=\"b327835\" data-element_type=\"widget\" data-widget_type=\"divider.default\">\n\t\t\t\t<div class=\"elementor-widget-container\">\n\t\t\t\t\t\t\t<div class=\"elementor-divider\">\n\t\t\t<span class=\"elementor-divider-separator\">\n\t\t\t\t\t\t<\/span>\n\t\t<\/div>\n\t\t\t\t\t\t<\/div>\n\t\t\t\t<\/div>\n\t\t\t\t\t<\/div>\n\t\t<\/div>\n\t\t\t\t\t<\/div>\n\t\t<\/section>\n\t\t\t\t<section class=\"elementor-section elementor-top-section elementor-element elementor-element-6de2bf73 elementor-section-boxed elementor-section-height-default elementor-section-height-default\" data-id=\"6de2bf73\" data-element_type=\"section\">\n\t\t\t\t\t\t<div class=\"elementor-container elementor-column-gap-default\">\n\t\t\t\t\t<div class=\"elementor-column elementor-col-100 elementor-top-column elementor-element elementor-element-cd010e2\" data-id=\"cd010e2\" data-element_type=\"column\">\n\t\t\t<div class=\"elementor-widget-wrap elementor-element-populated\">\n\t\t\t\t\t\t<div class=\"elementor-element elementor-element-5cd166f elementor-widget elementor-widget-heading\" data-id=\"5cd166f\" data-element_type=\"widget\" data-widget_type=\"heading.default\">\n\t\t\t\t<div class=\"elementor-widget-container\">\n\t\t\t\t\t<h2 class=\"elementor-heading-title elementor-size-default\">ART\u00cdCULO PRELIMINAR \u2013 DEFINICIONES Y CAMPOS DE APLICACI\u00d3N<\/h2>\t\t\t\t<\/div>\n\t\t\t\t<\/div>\n\t\t\t\t<div class=\"elementor-element elementor-element-05adafd elementor-widget elementor-widget-text-editor\" data-id=\"05adafd\" data-element_type=\"widget\" data-widget_type=\"text-editor.default\">\n\t\t\t\t<div class=\"elementor-widget-container\">\n\t\t\t\t\t\t\t\t\tEl sitio www.qista.com es un sitio comercial de \u201ccomercio electr\u00f3nico\u201d (en adelante el \u201cSitio\u201d) accesible a trav\u00e9s de Internet, publicado por la Sociedad TECHNO BAM, SAS, con un capital de 114.285 euros, inscrita en el RCS de TARASCON bajo n\u00famero 802 951 467, cuya sede se encuentra en 130 Avenue du Luberon 13560 S\u00e9nas &#8211; Francia\r\n\r\nLas presentes condiciones generales de venta (en adelante las \u201cCGV\u201d) definen los t\u00e9rminos y condiciones bajo los cuales TECHNO BAM:\r\n\r\n&#8211; vende terminales antimosquitos y consumibles relacionados, en forma de paquetes definidos a continuaci\u00f3n, a consumidores individuales y profesionales (en adelante, el \u201cCliente(s)\u201d)\r\n&#8211; y pone a disposici\u00f3n de sus Clientes que hayan adquirido un terminal antimosquitos en su Sitio Web (www.qista.com), una o m\u00e1s bombonas de gas (en adelante denominadas \u201cbotellas de gas\u201d) compatibles. con dichos terminales antimosquitos dise\u00f1ados y comercializados por TECHNO BAM.\r\n\r\nLos productos comercializados en el sitio www.qista.com y a los que se aplican estos T\u00e9rminos y Condiciones Generales son los siguientes:\r\n\r\nEl pack \u201cSmart BAM\u201d, compuesto por un terminal antimosquitos Smart BAM, un bono de canje por una bombona de gas de 10 kg, un se\u00f1uelo tradicional para mosquitos y\/o un se\u00f1uelo para mosquitos tigre, y un paquete prepago para el suministro de la bombona de gas. durante dos meses.\r\nLa red para atrapar mosquitos.\r\nSe\u00f1uelos sint\u00e9ticos TECHNO BAM.\r\nProtecci\u00f3n impermeable.\r\nVales de canje por recargas de bombonas de gas para propietarios de BAM.\r\nLa comercializaci\u00f3n de los productos definidos anteriormente obedece, en su caso, a un r\u00e9gimen jur\u00eddico diferente, distingui\u00e9ndose en estas Condiciones Generales entre el suministro y recarga de bombonas de gas, y la comercializaci\u00f3n del resto de productos.\r\n\r\n<strong>Las presentes condiciones generales de venta no son aplicables a los pedidos realizados por autoridades p\u00fablicas, a los que se les aplican condiciones espec\u00edficas y que pueden obtenerse enviando un correo electr\u00f3nico a la siguiente direcci\u00f3n: contact@qista.com.<\/strong>\t\t\t\t\t\t\t\t<\/div>\n\t\t\t\t<\/div>\n\t\t\t\t<div class=\"elementor-element elementor-element-581ea4a elementor-widget elementor-widget-heading\" data-id=\"581ea4a\" data-element_type=\"widget\" data-widget_type=\"heading.default\">\n\t\t\t\t<div class=\"elementor-widget-container\">\n\t\t\t\t\t<h2 class=\"elementor-heading-title elementor-size-default\">MAPA DE CONDICIONES GENERALES DE VENTA<\/h2>\t\t\t\t<\/div>\n\t\t\t\t<\/div>\n\t\t\t\t<div class=\"elementor-element elementor-element-3cd9dd2b elementor-widget elementor-widget-text-editor\" data-id=\"3cd9dd2b\" data-element_type=\"widget\" data-widget_type=\"text-editor.default\">\n\t\t\t\t<div class=\"elementor-widget-container\">\n\t\t\t\t\t\t\t\t\tParte 1: estipulaciones generales.\r\nParte 2: Condiciones especiales relativas a la compra de todos los productos excepto dep\u00f3sitos de gas.\r\n3. Parte: Condiciones especiales relativas al suministro de dep\u00f3sitos de gas.\r\n\r\nPARTE 1: ESTIPULACIONES GENERALES\r\nArt\u00edculo 1 \u2013 Integridad\r\n1.1 Estas condiciones generales expresan la totalidad de las obligaciones de las partes. En este sentido, se entiende que el comprador los acepta sin reservas.\r\n\r\n1.2 El vendedor y el comprador reconocen que estas condiciones generales se aplican exclusivamente a nuestras relaciones. El vendedor se reserva el derecho de modificar peri\u00f3dicamente las presentes condiciones generales. Estas modificaciones ser\u00e1n aplicables inmediatamente a medida que se hagan p\u00fablicas en l\u00ednea.\r\n\r\n1.3 Si no cumple alguna de las condiciones de venta, tenga en cuenta que estas pr\u00e1cticas se aplican en el sector de la venta a distancia y que sus empresas operan en Francia.\r\n\r\nArt\u00edculo 2 \u2013 Objeto\r\n2.1 El objetivo de estas condiciones generales es definir los derechos y obligaciones de las partes en el contexto de la venta en l\u00ednea de bienes ofrecidos por el vendedor al comprador.\r\n\r\n2.2 Estas condiciones se refieren \u00fanicamente a las ventas realizadas por compradores ubicados en Francia continental y vendidas exclusivamente en territorios franceses. Si viaja a Francia, env\u00ede un mensaje a la siguiente direcci\u00f3n: contact@qista.com.\r\n\r\nArt\u00edculo 3 &#8211; Condiciones del ni\u00f1o\r\nArt\u00edculo 3.1 &#8211; Creaci\u00f3n y gesti\u00f3n de una cue\r\nPara realizar un tutorial en el sitio web www.qista.com, primero debes crear una cue.\r\n\r\nEl internauta se registrar\u00e1 en Internet en el sitio www.qista.com, cumplimentando correctamente el formulario de suscripci\u00f3n que le aparecer\u00e1 en pantalla.\r\n\r\nEl internauta menciona espec\u00edficamente la informaci\u00f3n necesaria para su identificaci\u00f3n (incluyendo voz, n\u00famero, direcci\u00f3n de correo electr\u00f3nico v\u00e1lida y un contraste de su elecci\u00f3n) que posteriormente se utiliza para identificar el sitio.\r\n\r\nTodo internauta que tenga alguna pista deber\u00e1 ser identificado en el sitio con su direcci\u00f3n de conexi\u00f3n electr\u00f3nica y al contrario en la secci\u00f3n \u201cConexi\u00f3n\u201d.\r\n\r\nEl internauta acepta que la introducci\u00f3n de estos identificadores constituye una prueba de su identidad.\r\n\r\nEl resumen de datos personales recopilados en la venta a distancia es necesario para la transmisi\u00f3n del pedido y el suministro de los Productos, as\u00ed como para el establecimiento de facturas para el Cliente, que se compromete a proporcionar informaci\u00f3n veraz.\r\n\r\nEsta informaci\u00f3n es estrictamente confidencial.\r\n\r\nNo obstante, el internauta deber\u00e1 acceder y corregir esta informaci\u00f3n de conformidad con el art\u00edculo 11 de estas condiciones generales de venta.\r\n\r\nEl internauta recibir\u00e1 un enlace electr\u00f3nico de confirmaci\u00f3n para la creaci\u00f3n del cue a la direcci\u00f3n que le fue proporcionada durante su creaci\u00f3n.\r\n\r\nDesde el primer contacto hasta la ubicaci\u00f3n, TECHNO BAM completa la informaci\u00f3n del cliente en la que se registran todos los datos de contacto recopilados (direcci\u00f3n de facturaci\u00f3n, direcci\u00f3n comercial y n\u00famero de tel\u00e9fono), adem\u00e1s del identificador y la contrase\u00f1a.\r\n\r\nEn caso de cambio de rumbo por parte del Cliente, esta modificaci\u00f3n quedar\u00e1 sujeta a futuros pedidos.\r\n\r\nEn el caso de un pedido r\u00e1pido, el Cliente se pondr\u00e1 en contacto con el Servicio de Atenci\u00f3n al Cliente en el n\u00famero 08 06 11 06 40 (coste de llamada local).\r\n\r\nArt\u00edculo 3.2 \u2013 Condiciones del ni\u00f1o\r\nPara realizar el tr\u00e1mite, el Cliente deber\u00e1 introducir los elementos de su solicitud, identificar o crear una pista (ver Art\u00edculo 1) y verificar que la direcci\u00f3n de recepci\u00f3n, los Productos y las cantidades solicitadas, el precio de los Productos, el precio de El env\u00edo y el total del pedido es correcto.\r\n\r\nDurante el proceso de pedido, el Cliente podr\u00e1 volver a los pasos anteriores en cualquier momento para modificar los datos introducidos.\r\n\r\nAntes de proceder al pago, son visibles en pantalla todos los datos introducidos por el Cliente correspondientes al pedido.\r\n\r\nUna vez le\u00eddo el pedido, y una vez cumplimentada toda la informaci\u00f3n solicitada por el Cliente, \u00e9ste s\u00f3lo podr\u00e1 acceder al siguiente paso certificando que ha le\u00eddo y aceptado las presentes condiciones generales de venta marcando la casilla \u201cHe le\u00eddo y\u201d. aceptado las Condiciones Generales de Venta\u201d.\r\n\r\nA continuaci\u00f3n, el Cliente proceder\u00e1 al procedimiento de pago en las formas y condiciones que se indican a continuaci\u00f3n en el art\u00edculo 3.4 \u2013 Pago.\r\n\r\nDespu\u00e9s de la validaci\u00f3n y finalizaci\u00f3n del procedimiento de pago de su pedido, el Cliente recibe una confirmaci\u00f3n del pedido por correo electr\u00f3nico. Incluye todos los elementos esenciales que constituyen el contrato entre el Cliente y TECHNO BAM.\r\n\r\nTECHNO BAM se reserva el derecho de no validar el pedido en caso de litigio(s) existente(s) con el Cliente, impago total o parcial de un pedido anterior por parte del Cliente, denegaci\u00f3n de autorizaci\u00f3n de pago con tarjeta bancaria por parte de organizaciones bancarias, o disputa sobre.\t\t\t\t\t\t\t\t<\/div>\n\t\t\t\t<\/div>\n\t\t\t\t\t<\/div>\n\t\t<\/div>\n\t\t\t\t\t<\/div>\n\t\t<\/section>\n\t\t\t\t<\/div>\n\t\t","protected":false},"excerpt":{"rendered":"<p>Condiciones generales de venta ART\u00cdCULO PRELIMINAR \u2013 DEFINICIONES Y CAMPOS DE APLICACI\u00d3N El sitio www.qista.com es un sitio comercial de \u201ccomercio electr\u00f3nico\u201d (en adelante el \u201cSitio\u201d) accesible a trav\u00e9s de Internet, publicado por la Sociedad TECHNO BAM, SAS, con un capital de 114.285 euros, inscrita en el RCS de TARASCON bajo n\u00famero 802 951 467, [&hellip;]<\/p>\n","protected":false},"author":8329,"featured_media":0,"parent":0,"menu_order":0,"comment_status":"closed","ping_status":"open","template":"elementor_header_footer","meta":{"_acf_changed":false,"_mo_disable_npp":"","footnotes":""},"class_list":["post-38876","page","type-page","status-publish","hentry"],"acf":[],"yoast_head":"<!-- This site is optimized with the Yoast SEO plugin v25.3 - https:\/\/yoast.com\/wordpress\/plugins\/seo\/ -->\n<title>Condiciones generales de venta - Qista<\/title>\n<meta name=\"description\" content=\"Todas las condiciones generales de venta de los terminales repelentes de mosquitos Qista se detallan en esta p\u00e1gina.\" \/>\n<meta name=\"robots\" content=\"index, follow, max-snippet:-1, max-image-preview:large, max-video-preview:-1\" \/>\n<link rel=\"canonical\" href=\"https:\/\/qista.com\/es\/condiciones-generales-de-venta\/\" \/>\n<meta property=\"og:locale\" content=\"es_ES\" \/>\n<meta property=\"og:type\" content=\"article\" \/>\n<meta property=\"og:title\" content=\"Condiciones generales de venta - Qista\" \/>\n<meta property=\"og:description\" content=\"Todas las condiciones generales de venta de los terminales repelentes de mosquitos Qista se detallan en esta p\u00e1gina.\" \/>\n<meta property=\"og:url\" content=\"https:\/\/qista.com\/es\/condiciones-generales-de-venta\/\" \/>\n<meta property=\"og:site_name\" content=\"Qista.com\" \/>\n<meta property=\"article:modified_time\" content=\"2024-08-13T09:25:25+00:00\" \/>\n<meta property=\"og:image\" content=\"https:\/\/qista.com\/wp-content\/uploads\/2023\/09\/quista-borne-visioplus.webp\" \/>\n\t<meta property=\"og:image:width\" content=\"1200\" \/>\n\t<meta property=\"og:image:height\" content=\"1196\" \/>\n\t<meta property=\"og:image:type\" content=\"image\/webp\" \/>\n<meta name=\"twitter:card\" content=\"summary_large_image\" \/>\n<meta name=\"twitter:label1\" content=\"Tiempo de lectura\" \/>\n\t<meta name=\"twitter:data1\" content=\"6 minutos\" \/>\n<script type=\"application\/ld+json\" class=\"yoast-schema-graph\">{\"@context\":\"https:\/\/schema.org\",\"@graph\":[{\"@type\":\"WebPage\",\"@id\":\"https:\/\/qista.com\/es\/condiciones-generales-de-venta\/\",\"url\":\"https:\/\/qista.com\/es\/condiciones-generales-de-venta\/\",\"name\":\"Condiciones generales de venta - Qista\",\"isPartOf\":{\"@id\":\"https:\/\/qista.com\/es\/#website\"},\"datePublished\":\"2023-04-14T13:00:02+00:00\",\"dateModified\":\"2024-08-13T09:25:25+00:00\",\"description\":\"Todas las condiciones generales de venta de los terminales repelentes de mosquitos Qista se detallan en esta p\u00e1gina.\",\"breadcrumb\":{\"@id\":\"https:\/\/qista.com\/es\/condiciones-generales-de-venta\/#breadcrumb\"},\"inLanguage\":\"es\",\"potentialAction\":[{\"@type\":\"ReadAction\",\"target\":[\"https:\/\/qista.com\/es\/condiciones-generales-de-venta\/\"]}]},{\"@type\":\"BreadcrumbList\",\"@id\":\"https:\/\/qista.com\/es\/condiciones-generales-de-venta\/#breadcrumb\",\"itemListElement\":[{\"@type\":\"ListItem\",\"position\":1,\"name\":\"Accueil\",\"item\":\"https:\/\/qista.com\/es\/\"},{\"@type\":\"ListItem\",\"position\":2,\"name\":\"Condiciones generales de venta\"}]},{\"@type\":\"WebSite\",\"@id\":\"https:\/\/qista.com\/es\/#website\",\"url\":\"https:\/\/qista.com\/es\/\",\"name\":\"QISTA\",\"description\":\"L&#039;aspiration MosqiVortex 788\",\"publisher\":{\"@id\":\"https:\/\/qista.com\/es\/#organization\"},\"potentialAction\":[{\"@type\":\"SearchAction\",\"target\":{\"@type\":\"EntryPoint\",\"urlTemplate\":\"https:\/\/qista.com\/es\/?s={search_term_string}\"},\"query-input\":{\"@type\":\"PropertyValueSpecification\",\"valueRequired\":true,\"valueName\":\"search_term_string\"}}],\"inLanguage\":\"es\"},{\"@type\":\"Organization\",\"@id\":\"https:\/\/qista.com\/es\/#organization\",\"name\":\"QISTA\",\"url\":\"https:\/\/qista.com\/es\/\",\"logo\":{\"@type\":\"ImageObject\",\"inLanguage\":\"es\",\"@id\":\"https:\/\/qista.com\/es\/#\/schema\/logo\/image\/\",\"url\":\"https:\/\/qista.com\/wp-content\/uploads\/2023\/03\/LogoB_Qista_MosqiVortex.webp\",\"contentUrl\":\"https:\/\/qista.com\/wp-content\/uploads\/2023\/03\/LogoB_Qista_MosqiVortex.webp\",\"width\":537,\"height\":164,\"caption\":\"QISTA\"},\"image\":{\"@id\":\"https:\/\/qista.com\/es\/#\/schema\/logo\/image\/\"}}]}<\/script>\n<!-- \/ Yoast SEO plugin. -->","yoast_head_json":{"title":"Condiciones generales de venta - Qista","description":"Todas las condiciones generales de venta de los terminales repelentes de mosquitos Qista se detallan en esta p\u00e1gina.","robots":{"index":"index","follow":"follow","max-snippet":"max-snippet:-1","max-image-preview":"max-image-preview:large","max-video-preview":"max-video-preview:-1"},"canonical":"https:\/\/qista.com\/es\/condiciones-generales-de-venta\/","og_locale":"es_ES","og_type":"article","og_title":"Condiciones generales de venta - Qista","og_description":"Todas las condiciones generales de venta de los terminales repelentes de mosquitos Qista se detallan en esta p\u00e1gina.","og_url":"https:\/\/qista.com\/es\/condiciones-generales-de-venta\/","og_site_name":"Qista.com","article_modified_time":"2024-08-13T09:25:25+00:00","og_image":[{"width":1200,"height":1196,"url":"https:\/\/qista.com\/wp-content\/uploads\/2023\/09\/quista-borne-visioplus.webp","type":"image\/webp"}],"twitter_card":"summary_large_image","twitter_misc":{"Tiempo de lectura":"6 minutos"},"schema":{"@context":"https:\/\/schema.org","@graph":[{"@type":"WebPage","@id":"https:\/\/qista.com\/es\/condiciones-generales-de-venta\/","url":"https:\/\/qista.com\/es\/condiciones-generales-de-venta\/","name":"Condiciones generales de venta - Qista","isPartOf":{"@id":"https:\/\/qista.com\/es\/#website"},"datePublished":"2023-04-14T13:00:02+00:00","dateModified":"2024-08-13T09:25:25+00:00","description":"Todas las condiciones generales de venta de los terminales repelentes de mosquitos Qista se detallan en esta p\u00e1gina.","breadcrumb":{"@id":"https:\/\/qista.com\/es\/condiciones-generales-de-venta\/#breadcrumb"},"inLanguage":"es","potentialAction":[{"@type":"ReadAction","target":["https:\/\/qista.com\/es\/condiciones-generales-de-venta\/"]}]},{"@type":"BreadcrumbList","@id":"https:\/\/qista.com\/es\/condiciones-generales-de-venta\/#breadcrumb","itemListElement":[{"@type":"ListItem","position":1,"name":"Accueil","item":"https:\/\/qista.com\/es\/"},{"@type":"ListItem","position":2,"name":"Condiciones generales de venta"}]},{"@type":"WebSite","@id":"https:\/\/qista.com\/es\/#website","url":"https:\/\/qista.com\/es\/","name":"QISTA","description":"L&#039;aspiration MosqiVortex 788","publisher":{"@id":"https:\/\/qista.com\/es\/#organization"},"potentialAction":[{"@type":"SearchAction","target":{"@type":"EntryPoint","urlTemplate":"https:\/\/qista.com\/es\/?s={search_term_string}"},"query-input":{"@type":"PropertyValueSpecification","valueRequired":true,"valueName":"search_term_string"}}],"inLanguage":"es"},{"@type":"Organization","@id":"https:\/\/qista.com\/es\/#organization","name":"QISTA","url":"https:\/\/qista.com\/es\/","logo":{"@type":"ImageObject","inLanguage":"es","@id":"https:\/\/qista.com\/es\/#\/schema\/logo\/image\/","url":"https:\/\/qista.com\/wp-content\/uploads\/2023\/03\/LogoB_Qista_MosqiVortex.webp","contentUrl":"https:\/\/qista.com\/wp-content\/uploads\/2023\/03\/LogoB_Qista_MosqiVortex.webp","width":537,"height":164,"caption":"QISTA"},"image":{"@id":"https:\/\/qista.com\/es\/#\/schema\/logo\/image\/"}}]}},"_links":{"self":[{"href":"https:\/\/qista.com\/es\/wp-json\/wp\/v2\/pages\/38876","targetHints":{"allow":["GET"]}}],"collection":[{"href":"https:\/\/qista.com\/es\/wp-json\/wp\/v2\/pages"}],"about":[{"href":"https:\/\/qista.com\/es\/wp-json\/wp\/v2\/types\/page"}],"author":[{"embeddable":true,"href":"https:\/\/qista.com\/es\/wp-json\/wp\/v2\/users\/8329"}],"replies":[{"embeddable":true,"href":"https:\/\/qista.com\/es\/wp-json\/wp\/v2\/comments?post=38876"}],"version-history":[{"count":0,"href":"https:\/\/qista.com\/es\/wp-json\/wp\/v2\/pages\/38876\/revisions"}],"wp:attachment":[{"href":"https:\/\/qista.com\/es\/wp-json\/wp\/v2\/media?parent=38876"}],"curies":[{"name":"wp","href":"https:\/\/api.w.org\/{rel}","templated":true}]}}