{"id":32001,"date":"2024-02-09T16:42:41","date_gmt":"2024-02-09T15:42:41","guid":{"rendered":"https:\/\/qista.com\/?post_type=product&#038;p=32001"},"modified":"2024-06-02T20:40:20","modified_gmt":"2024-06-02T18:40:20","slug":"bam-visio","status":"publish","type":"product","link":"https:\/\/qista.com\/en\/boutique\/bam-visio\/","title":{"rendered":"Bam Visio +"},"content":{"rendered":"","protected":false},"excerpt":{"rendered":"<h3><b>Dedicated to private spaces<\/b><\/h3>\n<p><i><span style=\"font-weight: 300;\">BAM VISIO cedes its place to BAM VISIO+. Discover our new model!<br \/>\n<\/span><\/i><span style=\"font-weight: 300;\">For mosquito control, choose QISTA: the simple, effective, and eco-friendly solution :\u00a0<\/span><\/p>\n<ul>\n<li><strong>\u00a0Smart trap<\/strong><\/li>\n<li><strong>Traditional and tiger mosquito control<\/strong><\/li>\n<li><strong><i><\/i>Zero toxicity<\/strong><\/li>\n<li><strong>Optimized consumables diffusion<\/strong><\/li>\n<li><strong>Mosquito counted by optical sensor<\/strong><\/li>\n<li><strong>Made in France<\/strong><\/li>\n<\/ul>\n<p>&nbsp;<\/p>\n","protected":false},"featured_media":11827,"comment_status":"closed","ping_status":"closed","template":"","meta":{"_acf_changed":false,"_mo_disable_npp":""},"product_brand":[],"product_cat":[180,177],"product_tag":[182],"class_list":{"0":"post-32001","1":"product","2":"type-product","3":"status-publish","4":"has-post-thumbnail","6":"product_cat-bam-en","7":"product_cat-bam-config-en","8":"product_tag-bam-visio","10":"first","11":"instock","12":"taxable","13":"shipping-taxable","14":"purchasable","15":"product-type-variable"},"acf":[],"yoast_head":"<!-- This site is optimized with the Yoast SEO plugin v25.3 - https:\/\/yoast.com\/wordpress\/plugins\/seo\/ -->\n<title>BAM VISIO - Borne antimoustique connect\u00e9e - Qista<\/title>\n<meta name=\"description\" content=\"Programmable et contr\u00f4lable \u00e0 distance gr\u00e2ce \u00e0 son application pour smartphone, la BAM VISIO+ de Qista adapte son fonctionnement pour vous prot\u00e9ger au mieux des moustiques.\" \/>\n<meta name=\"robots\" content=\"index, follow, max-snippet:-1, max-image-preview:large, max-video-preview:-1\" \/>\n<link rel=\"canonical\" href=\"https:\/\/qista.com\/en\/boutique\/bam-visio\/\" \/>\n<meta property=\"og:locale\" content=\"en_US\" \/>\n<meta property=\"og:type\" content=\"article\" \/>\n<meta property=\"og:title\" content=\"BAM VISIO - Borne antimoustique connect\u00e9e - Qista\" \/>\n<meta property=\"og:description\" content=\"Programmable et contr\u00f4lable \u00e0 distance gr\u00e2ce \u00e0 son application pour smartphone, la BAM VISIO+ de Qista adapte son fonctionnement pour vous prot\u00e9ger au mieux des moustiques.\" \/>\n<meta property=\"og:url\" content=\"https:\/\/qista.com\/en\/boutique\/bam-visio\/\" \/>\n<meta property=\"og:site_name\" content=\"Qista.com\" \/>\n<meta property=\"article:modified_time\" content=\"2024-06-02T18:40:20+00:00\" \/>\n<meta property=\"og:image\" content=\"https:\/\/qista.com\/wp-content\/uploads\/2023\/08\/01quista-081-scaled.webp\" \/>\n\t<meta property=\"og:image:width\" content=\"2560\" \/>\n\t<meta property=\"og:image:height\" content=\"2552\" \/>\n\t<meta property=\"og:image:type\" content=\"image\/webp\" \/>\n<meta name=\"twitter:card\" content=\"summary_large_image\" \/>\n<meta name=\"twitter:label1\" content=\"Est. reading time\" \/>\n\t<meta name=\"twitter:data1\" content=\"1 minute\" \/>\n<script type=\"application\/ld+json\" class=\"yoast-schema-graph\">{\"@context\":\"https:\/\/schema.org\",\"@graph\":[{\"@type\":\"WebPage\",\"@id\":\"https:\/\/qista.com\/en\/boutique\/bam-visio\/\",\"url\":\"https:\/\/qista.com\/en\/boutique\/bam-visio\/\",\"name\":\"BAM VISIO - Borne antimoustique connect\u00e9e - Qista\",\"isPartOf\":{\"@id\":\"https:\/\/qista.com\/en\/#website\"},\"primaryImageOfPage\":{\"@id\":\"https:\/\/qista.com\/en\/boutique\/bam-visio\/#primaryimage\"},\"image\":{\"@id\":\"https:\/\/qista.com\/en\/boutique\/bam-visio\/#primaryimage\"},\"thumbnailUrl\":\"https:\/\/qista.com\/wp-content\/uploads\/2023\/08\/01quista-081-scaled.webp\",\"datePublished\":\"2024-02-09T15:42:41+00:00\",\"dateModified\":\"2024-06-02T18:40:20+00:00\",\"description\":\"Programmable et contr\u00f4lable \u00e0 distance gr\u00e2ce \u00e0 son application pour smartphone, la BAM VISIO+ de Qista adapte son fonctionnement pour vous prot\u00e9ger au mieux des moustiques.\",\"breadcrumb\":{\"@id\":\"https:\/\/qista.com\/en\/boutique\/bam-visio\/#breadcrumb\"},\"inLanguage\":\"en-US\",\"potentialAction\":[{\"@type\":\"ReadAction\",\"target\":[\"https:\/\/qista.com\/en\/boutique\/bam-visio\/\"]}]},{\"@type\":\"ImageObject\",\"inLanguage\":\"en-US\",\"@id\":\"https:\/\/qista.com\/en\/boutique\/bam-visio\/#primaryimage\",\"url\":\"https:\/\/qista.com\/wp-content\/uploads\/2023\/08\/01quista-081-scaled.webp\",\"contentUrl\":\"https:\/\/qista.com\/wp-content\/uploads\/2023\/08\/01quista-081-scaled.webp\",\"width\":2560,\"height\":2552},{\"@type\":\"BreadcrumbList\",\"@id\":\"https:\/\/qista.com\/en\/boutique\/bam-visio\/#breadcrumb\",\"itemListElement\":[{\"@type\":\"ListItem\",\"position\":1,\"name\":\"Home\",\"item\":\"https:\/\/qista.com\/en\/\"},{\"@type\":\"ListItem\",\"position\":2,\"name\":\"Bam Visio +\"}]},{\"@type\":\"WebSite\",\"@id\":\"https:\/\/qista.com\/en\/#website\",\"url\":\"https:\/\/qista.com\/en\/\",\"name\":\"QISTA\",\"description\":\"L&#039;aspiration MosqiVortex 788\",\"publisher\":{\"@id\":\"https:\/\/qista.com\/en\/#organization\"},\"potentialAction\":[{\"@type\":\"SearchAction\",\"target\":{\"@type\":\"EntryPoint\",\"urlTemplate\":\"https:\/\/qista.com\/en\/?s={search_term_string}\"},\"query-input\":{\"@type\":\"PropertyValueSpecification\",\"valueRequired\":true,\"valueName\":\"search_term_string\"}}],\"inLanguage\":\"en-US\"},{\"@type\":\"Organization\",\"@id\":\"https:\/\/qista.com\/en\/#organization\",\"name\":\"QISTA\",\"url\":\"https:\/\/qista.com\/en\/\",\"logo\":{\"@type\":\"ImageObject\",\"inLanguage\":\"en-US\",\"@id\":\"https:\/\/qista.com\/en\/#\/schema\/logo\/image\/\",\"url\":\"https:\/\/qista.com\/wp-content\/uploads\/2023\/03\/LogoB_Qista_MosqiVortex.webp\",\"contentUrl\":\"https:\/\/qista.com\/wp-content\/uploads\/2023\/03\/LogoB_Qista_MosqiVortex.webp\",\"width\":537,\"height\":164,\"caption\":\"QISTA\"},\"image\":{\"@id\":\"https:\/\/qista.com\/en\/#\/schema\/logo\/image\/\"}}]}<\/script>\n<!-- \/ Yoast SEO plugin. -->","yoast_head_json":{"title":"BAM VISIO - Borne antimoustique connect\u00e9e - Qista","description":"Programmable et contr\u00f4lable \u00e0 distance gr\u00e2ce \u00e0 son application pour smartphone, la BAM VISIO+ de Qista adapte son fonctionnement pour vous prot\u00e9ger au mieux des moustiques.","robots":{"index":"index","follow":"follow","max-snippet":"max-snippet:-1","max-image-preview":"max-image-preview:large","max-video-preview":"max-video-preview:-1"},"canonical":"https:\/\/qista.com\/en\/boutique\/bam-visio\/","og_locale":"en_US","og_type":"article","og_title":"BAM VISIO - Borne antimoustique connect\u00e9e - Qista","og_description":"Programmable et contr\u00f4lable \u00e0 distance gr\u00e2ce \u00e0 son application pour smartphone, la BAM VISIO+ de Qista adapte son fonctionnement pour vous prot\u00e9ger au mieux des moustiques.","og_url":"https:\/\/qista.com\/en\/boutique\/bam-visio\/","og_site_name":"Qista.com","article_modified_time":"2024-06-02T18:40:20+00:00","og_image":[{"width":2560,"height":2552,"url":"https:\/\/qista.com\/wp-content\/uploads\/2023\/08\/01quista-081-scaled.webp","type":"image\/webp"}],"twitter_card":"summary_large_image","twitter_misc":{"Est. reading time":"1 minute"},"schema":{"@context":"https:\/\/schema.org","@graph":[{"@type":"WebPage","@id":"https:\/\/qista.com\/en\/boutique\/bam-visio\/","url":"https:\/\/qista.com\/en\/boutique\/bam-visio\/","name":"BAM VISIO - Borne antimoustique connect\u00e9e - Qista","isPartOf":{"@id":"https:\/\/qista.com\/en\/#website"},"primaryImageOfPage":{"@id":"https:\/\/qista.com\/en\/boutique\/bam-visio\/#primaryimage"},"image":{"@id":"https:\/\/qista.com\/en\/boutique\/bam-visio\/#primaryimage"},"thumbnailUrl":"https:\/\/qista.com\/wp-content\/uploads\/2023\/08\/01quista-081-scaled.webp","datePublished":"2024-02-09T15:42:41+00:00","dateModified":"2024-06-02T18:40:20+00:00","description":"Programmable et contr\u00f4lable \u00e0 distance gr\u00e2ce \u00e0 son application pour smartphone, la BAM VISIO+ de Qista adapte son fonctionnement pour vous prot\u00e9ger au mieux des moustiques.","breadcrumb":{"@id":"https:\/\/qista.com\/en\/boutique\/bam-visio\/#breadcrumb"},"inLanguage":"en-US","potentialAction":[{"@type":"ReadAction","target":["https:\/\/qista.com\/en\/boutique\/bam-visio\/"]}]},{"@type":"ImageObject","inLanguage":"en-US","@id":"https:\/\/qista.com\/en\/boutique\/bam-visio\/#primaryimage","url":"https:\/\/qista.com\/wp-content\/uploads\/2023\/08\/01quista-081-scaled.webp","contentUrl":"https:\/\/qista.com\/wp-content\/uploads\/2023\/08\/01quista-081-scaled.webp","width":2560,"height":2552},{"@type":"BreadcrumbList","@id":"https:\/\/qista.com\/en\/boutique\/bam-visio\/#breadcrumb","itemListElement":[{"@type":"ListItem","position":1,"name":"Home","item":"https:\/\/qista.com\/en\/"},{"@type":"ListItem","position":2,"name":"Bam Visio +"}]},{"@type":"WebSite","@id":"https:\/\/qista.com\/en\/#website","url":"https:\/\/qista.com\/en\/","name":"QISTA","description":"L&#039;aspiration MosqiVortex 788","publisher":{"@id":"https:\/\/qista.com\/en\/#organization"},"potentialAction":[{"@type":"SearchAction","target":{"@type":"EntryPoint","urlTemplate":"https:\/\/qista.com\/en\/?s={search_term_string}"},"query-input":{"@type":"PropertyValueSpecification","valueRequired":true,"valueName":"search_term_string"}}],"inLanguage":"en-US"},{"@type":"Organization","@id":"https:\/\/qista.com\/en\/#organization","name":"QISTA","url":"https:\/\/qista.com\/en\/","logo":{"@type":"ImageObject","inLanguage":"en-US","@id":"https:\/\/qista.com\/en\/#\/schema\/logo\/image\/","url":"https:\/\/qista.com\/wp-content\/uploads\/2023\/03\/LogoB_Qista_MosqiVortex.webp","contentUrl":"https:\/\/qista.com\/wp-content\/uploads\/2023\/03\/LogoB_Qista_MosqiVortex.webp","width":537,"height":164,"caption":"QISTA"},"image":{"@id":"https:\/\/qista.com\/en\/#\/schema\/logo\/image\/"}}]}},"_links":{"self":[{"href":"https:\/\/qista.com\/en\/wp-json\/wp\/v2\/product\/32001","targetHints":{"allow":["GET"]}}],"collection":[{"href":"https:\/\/qista.com\/en\/wp-json\/wp\/v2\/product"}],"about":[{"href":"https:\/\/qista.com\/en\/wp-json\/wp\/v2\/types\/product"}],"replies":[{"embeddable":true,"href":"https:\/\/qista.com\/en\/wp-json\/wp\/v2\/comments?post=32001"}],"version-history":[{"count":0,"href":"https:\/\/qista.com\/en\/wp-json\/wp\/v2\/product\/32001\/revisions"}],"wp:featuredmedia":[{"embeddable":true,"href":"https:\/\/qista.com\/en\/wp-json\/wp\/v2\/media\/11827"}],"wp:attachment":[{"href":"https:\/\/qista.com\/en\/wp-json\/wp\/v2\/media?parent=32001"}],"wp:term":[{"taxonomy":"product_brand","embeddable":true,"href":"https:\/\/qista.com\/en\/wp-json\/wp\/v2\/product_brand?post=32001"},{"taxonomy":"product_cat","embeddable":true,"href":"https:\/\/qista.com\/en\/wp-json\/wp\/v2\/product_cat?post=32001"},{"taxonomy":"product_tag","embeddable":true,"href":"https:\/\/qista.com\/en\/wp-json\/wp\/v2\/product_tag?post=32001"}],"curies":[{"name":"wp","href":"https:\/\/api.w.org\/{rel}","templated":true}]}}