{"id":29063,"date":"2023-08-13T19:05:22","date_gmt":"2023-08-13T17:05:22","guid":{"rendered":"https:\/\/qista.com\/boutique\/smart-bam-urbaine\/"},"modified":"2024-11-06T12:11:35","modified_gmt":"2024-11-06T11:11:35","slug":"bam-urban-visio","status":"publish","type":"product","link":"https:\/\/qista.com\/en\/boutique\/bam-urban-visio\/","title":{"rendered":"URBAN VISIO"},"content":{"rendered":"","protected":false},"excerpt":{"rendered":"<h3><strong>Dedicated to the public highway<\/strong><\/h3>\n<p>To combat mosquitoes, choose the URBAN VISIO BAM: the simple, effective and environmentally-friendly solution.<\/p>\n<ul class=\"puces-liste\">\n<li><i class=\"fas fa-check\" style=\"color: #a8d15f;\" aria-hidden=\"true\"><\/i><strong>Connected<\/strong><\/li>\n<li><strong><i class=\"fas fa-check\" style=\"color: #a8d15f;\" aria-hidden=\"true\"><\/i> Anti-mosquito traditional and tiger<\/strong><\/li>\n<li><strong><i class=\"fas fa-check\" style=\"color: #a8d15f;\" aria-hidden=\"true\"><\/i> Selectivity<\/strong><\/li>\n<li><strong><i class=\"fas fa-check\" style=\"color: #a8d15f;\" aria-hidden=\"true\"><\/i> No toxicity<\/strong><\/li>\n<li><strong><i class=\"fas fa-check\" style=\"color: #a8d15f;\" aria-hidden=\"true\"><\/i> Made in France<\/strong><\/li>\n<\/ul>\n","protected":false},"featured_media":41450,"comment_status":"closed","ping_status":"closed","template":"","meta":{"_acf_changed":false,"_mo_disable_npp":""},"product_brand":[],"product_cat":[180],"product_tag":[184],"class_list":{"0":"post-29063","1":"product","2":"type-product","3":"status-publish","4":"has-post-thumbnail","6":"product_cat-bam-en","7":"product_tag-bam-urbaine-en","9":"first","10":"instock","11":"taxable","12":"shipping-taxable","13":"purchasable","14":"product-type-simple"},"acf":[],"yoast_head":"<!-- This site is optimized with the Yoast SEO plugin v25.3 - https:\/\/yoast.com\/wordpress\/plugins\/seo\/ -->\n<title>Professional and community mosquito repellent<\/title>\n<meta name=\"description\" content=\"Borne anti-moustique connect\u00e9e pour les professionnels et collectivit\u00e9s. BAM Visio Urbaine est pilotable \u00e0 distance via une application mobile. Le Starter Kit BAM permet d\u2019acqu\u00e9rir l\u2019ensemble de vos \u00e9quipements pour la premi\u00e8re saison.\" \/>\n<meta name=\"robots\" content=\"index, follow, max-snippet:-1, max-image-preview:large, max-video-preview:-1\" \/>\n<link rel=\"canonical\" href=\"https:\/\/qista.com\/en\/boutique\/bam-urban-visio\/\" \/>\n<meta property=\"og:locale\" content=\"en_US\" \/>\n<meta property=\"og:type\" content=\"article\" \/>\n<meta property=\"og:title\" content=\"Professional and community mosquito repellent\" \/>\n<meta property=\"og:description\" content=\"Borne anti-moustique connect\u00e9e pour les professionnels et collectivit\u00e9s. BAM Visio Urbaine est pilotable \u00e0 distance via une application mobile. Le Starter Kit BAM permet d\u2019acqu\u00e9rir l\u2019ensemble de vos \u00e9quipements pour la premi\u00e8re saison.\" \/>\n<meta property=\"og:url\" content=\"https:\/\/qista.com\/en\/boutique\/bam-urban-visio\/\" \/>\n<meta property=\"og:site_name\" content=\"Qista.com\" \/>\n<meta property=\"article:modified_time\" content=\"2024-11-06T11:11:35+00:00\" \/>\n<meta property=\"og:image\" content=\"https:\/\/qista.com\/wp-content\/uploads\/2023\/08\/20240927_143759.png\" \/>\n\t<meta property=\"og:image:width\" content=\"1868\" \/>\n\t<meta property=\"og:image:height\" content=\"1921\" \/>\n\t<meta property=\"og:image:type\" content=\"image\/png\" \/>\n<meta name=\"twitter:card\" content=\"summary_large_image\" \/>\n<meta name=\"twitter:label1\" content=\"Est. reading time\" \/>\n\t<meta name=\"twitter:data1\" content=\"1 minute\" \/>\n<script type=\"application\/ld+json\" class=\"yoast-schema-graph\">{\"@context\":\"https:\/\/schema.org\",\"@graph\":[{\"@type\":\"WebPage\",\"@id\":\"https:\/\/qista.com\/en\/boutique\/bam-urban-visio\/\",\"url\":\"https:\/\/qista.com\/en\/boutique\/bam-urban-visio\/\",\"name\":\"Professional and community mosquito repellent\",\"isPartOf\":{\"@id\":\"https:\/\/qista.com\/en\/#website\"},\"primaryImageOfPage\":{\"@id\":\"https:\/\/qista.com\/en\/boutique\/bam-urban-visio\/#primaryimage\"},\"image\":{\"@id\":\"https:\/\/qista.com\/en\/boutique\/bam-urban-visio\/#primaryimage\"},\"thumbnailUrl\":\"https:\/\/qista.com\/wp-content\/uploads\/2023\/08\/20240927_143759.png\",\"datePublished\":\"2023-08-13T17:05:22+00:00\",\"dateModified\":\"2024-11-06T11:11:35+00:00\",\"description\":\"Borne anti-moustique connect\u00e9e pour les professionnels et collectivit\u00e9s. BAM Visio Urbaine est pilotable \u00e0 distance via une application mobile. Le Starter Kit BAM permet d\u2019acqu\u00e9rir l\u2019ensemble de vos \u00e9quipements pour la premi\u00e8re saison.\",\"breadcrumb\":{\"@id\":\"https:\/\/qista.com\/en\/boutique\/bam-urban-visio\/#breadcrumb\"},\"inLanguage\":\"en-US\",\"potentialAction\":[{\"@type\":\"ReadAction\",\"target\":[\"https:\/\/qista.com\/en\/boutique\/bam-urban-visio\/\"]}]},{\"@type\":\"ImageObject\",\"inLanguage\":\"en-US\",\"@id\":\"https:\/\/qista.com\/en\/boutique\/bam-urban-visio\/#primaryimage\",\"url\":\"https:\/\/qista.com\/wp-content\/uploads\/2023\/08\/20240927_143759.png\",\"contentUrl\":\"https:\/\/qista.com\/wp-content\/uploads\/2023\/08\/20240927_143759.png\",\"width\":1868,\"height\":1921},{\"@type\":\"BreadcrumbList\",\"@id\":\"https:\/\/qista.com\/en\/boutique\/bam-urban-visio\/#breadcrumb\",\"itemListElement\":[{\"@type\":\"ListItem\",\"position\":1,\"name\":\"Home\",\"item\":\"https:\/\/qista.com\/en\/\"},{\"@type\":\"ListItem\",\"position\":2,\"name\":\"URBAN VISIO\"}]},{\"@type\":\"WebSite\",\"@id\":\"https:\/\/qista.com\/en\/#website\",\"url\":\"https:\/\/qista.com\/en\/\",\"name\":\"QISTA\",\"description\":\"L&#039;aspiration MosqiVortex 788\",\"publisher\":{\"@id\":\"https:\/\/qista.com\/en\/#organization\"},\"potentialAction\":[{\"@type\":\"SearchAction\",\"target\":{\"@type\":\"EntryPoint\",\"urlTemplate\":\"https:\/\/qista.com\/en\/?s={search_term_string}\"},\"query-input\":{\"@type\":\"PropertyValueSpecification\",\"valueRequired\":true,\"valueName\":\"search_term_string\"}}],\"inLanguage\":\"en-US\"},{\"@type\":\"Organization\",\"@id\":\"https:\/\/qista.com\/en\/#organization\",\"name\":\"QISTA\",\"url\":\"https:\/\/qista.com\/en\/\",\"logo\":{\"@type\":\"ImageObject\",\"inLanguage\":\"en-US\",\"@id\":\"https:\/\/qista.com\/en\/#\/schema\/logo\/image\/\",\"url\":\"https:\/\/qista.com\/wp-content\/uploads\/2023\/03\/LogoB_Qista_MosqiVortex.webp\",\"contentUrl\":\"https:\/\/qista.com\/wp-content\/uploads\/2023\/03\/LogoB_Qista_MosqiVortex.webp\",\"width\":537,\"height\":164,\"caption\":\"QISTA\"},\"image\":{\"@id\":\"https:\/\/qista.com\/en\/#\/schema\/logo\/image\/\"}}]}<\/script>\n<!-- \/ Yoast SEO plugin. -->","yoast_head_json":{"title":"Professional and community mosquito repellent","description":"Borne anti-moustique connect\u00e9e pour les professionnels et collectivit\u00e9s. BAM Visio Urbaine est pilotable \u00e0 distance via une application mobile. Le Starter Kit BAM permet d\u2019acqu\u00e9rir l\u2019ensemble de vos \u00e9quipements pour la premi\u00e8re saison.","robots":{"index":"index","follow":"follow","max-snippet":"max-snippet:-1","max-image-preview":"max-image-preview:large","max-video-preview":"max-video-preview:-1"},"canonical":"https:\/\/qista.com\/en\/boutique\/bam-urban-visio\/","og_locale":"en_US","og_type":"article","og_title":"Professional and community mosquito repellent","og_description":"Borne anti-moustique connect\u00e9e pour les professionnels et collectivit\u00e9s. BAM Visio Urbaine est pilotable \u00e0 distance via une application mobile. Le Starter Kit BAM permet d\u2019acqu\u00e9rir l\u2019ensemble de vos \u00e9quipements pour la premi\u00e8re saison.","og_url":"https:\/\/qista.com\/en\/boutique\/bam-urban-visio\/","og_site_name":"Qista.com","article_modified_time":"2024-11-06T11:11:35+00:00","og_image":[{"width":1868,"height":1921,"url":"https:\/\/qista.com\/wp-content\/uploads\/2023\/08\/20240927_143759.png","type":"image\/png"}],"twitter_card":"summary_large_image","twitter_misc":{"Est. reading time":"1 minute"},"schema":{"@context":"https:\/\/schema.org","@graph":[{"@type":"WebPage","@id":"https:\/\/qista.com\/en\/boutique\/bam-urban-visio\/","url":"https:\/\/qista.com\/en\/boutique\/bam-urban-visio\/","name":"Professional and community mosquito repellent","isPartOf":{"@id":"https:\/\/qista.com\/en\/#website"},"primaryImageOfPage":{"@id":"https:\/\/qista.com\/en\/boutique\/bam-urban-visio\/#primaryimage"},"image":{"@id":"https:\/\/qista.com\/en\/boutique\/bam-urban-visio\/#primaryimage"},"thumbnailUrl":"https:\/\/qista.com\/wp-content\/uploads\/2023\/08\/20240927_143759.png","datePublished":"2023-08-13T17:05:22+00:00","dateModified":"2024-11-06T11:11:35+00:00","description":"Borne anti-moustique connect\u00e9e pour les professionnels et collectivit\u00e9s. BAM Visio Urbaine est pilotable \u00e0 distance via une application mobile. Le Starter Kit BAM permet d\u2019acqu\u00e9rir l\u2019ensemble de vos \u00e9quipements pour la premi\u00e8re saison.","breadcrumb":{"@id":"https:\/\/qista.com\/en\/boutique\/bam-urban-visio\/#breadcrumb"},"inLanguage":"en-US","potentialAction":[{"@type":"ReadAction","target":["https:\/\/qista.com\/en\/boutique\/bam-urban-visio\/"]}]},{"@type":"ImageObject","inLanguage":"en-US","@id":"https:\/\/qista.com\/en\/boutique\/bam-urban-visio\/#primaryimage","url":"https:\/\/qista.com\/wp-content\/uploads\/2023\/08\/20240927_143759.png","contentUrl":"https:\/\/qista.com\/wp-content\/uploads\/2023\/08\/20240927_143759.png","width":1868,"height":1921},{"@type":"BreadcrumbList","@id":"https:\/\/qista.com\/en\/boutique\/bam-urban-visio\/#breadcrumb","itemListElement":[{"@type":"ListItem","position":1,"name":"Home","item":"https:\/\/qista.com\/en\/"},{"@type":"ListItem","position":2,"name":"URBAN VISIO"}]},{"@type":"WebSite","@id":"https:\/\/qista.com\/en\/#website","url":"https:\/\/qista.com\/en\/","name":"QISTA","description":"L&#039;aspiration MosqiVortex 788","publisher":{"@id":"https:\/\/qista.com\/en\/#organization"},"potentialAction":[{"@type":"SearchAction","target":{"@type":"EntryPoint","urlTemplate":"https:\/\/qista.com\/en\/?s={search_term_string}"},"query-input":{"@type":"PropertyValueSpecification","valueRequired":true,"valueName":"search_term_string"}}],"inLanguage":"en-US"},{"@type":"Organization","@id":"https:\/\/qista.com\/en\/#organization","name":"QISTA","url":"https:\/\/qista.com\/en\/","logo":{"@type":"ImageObject","inLanguage":"en-US","@id":"https:\/\/qista.com\/en\/#\/schema\/logo\/image\/","url":"https:\/\/qista.com\/wp-content\/uploads\/2023\/03\/LogoB_Qista_MosqiVortex.webp","contentUrl":"https:\/\/qista.com\/wp-content\/uploads\/2023\/03\/LogoB_Qista_MosqiVortex.webp","width":537,"height":164,"caption":"QISTA"},"image":{"@id":"https:\/\/qista.com\/en\/#\/schema\/logo\/image\/"}}]}},"_links":{"self":[{"href":"https:\/\/qista.com\/en\/wp-json\/wp\/v2\/product\/29063","targetHints":{"allow":["GET"]}}],"collection":[{"href":"https:\/\/qista.com\/en\/wp-json\/wp\/v2\/product"}],"about":[{"href":"https:\/\/qista.com\/en\/wp-json\/wp\/v2\/types\/product"}],"replies":[{"embeddable":true,"href":"https:\/\/qista.com\/en\/wp-json\/wp\/v2\/comments?post=29063"}],"version-history":[{"count":0,"href":"https:\/\/qista.com\/en\/wp-json\/wp\/v2\/product\/29063\/revisions"}],"wp:featuredmedia":[{"embeddable":true,"href":"https:\/\/qista.com\/en\/wp-json\/wp\/v2\/media\/41450"}],"wp:attachment":[{"href":"https:\/\/qista.com\/en\/wp-json\/wp\/v2\/media?parent=29063"}],"wp:term":[{"taxonomy":"product_brand","embeddable":true,"href":"https:\/\/qista.com\/en\/wp-json\/wp\/v2\/product_brand?post=29063"},{"taxonomy":"product_cat","embeddable":true,"href":"https:\/\/qista.com\/en\/wp-json\/wp\/v2\/product_cat?post=29063"},{"taxonomy":"product_tag","embeddable":true,"href":"https:\/\/qista.com\/en\/wp-json\/wp\/v2\/product_tag?post=29063"}],"curies":[{"name":"wp","href":"https:\/\/api.w.org\/{rel}","templated":true}]}}