{"id":28706,"date":"2023-01-14T16:37:54","date_gmt":"2023-01-14T15:37:54","guid":{"rendered":"https:\/\/qista.com\/boutique\/bam-visio\/"},"modified":"2024-06-02T20:40:58","modified_gmt":"2024-06-02T18:40:58","slug":"bam-visio-2","status":"publish","type":"product","link":"https:\/\/qista.com\/en\/boutique\/bam-visio-2\/","title":{"rendered":"Bam Visio +"},"content":{"rendered":"","protected":false},"excerpt":{"rendered":"<h3><b>Dedicated to private spaces<\/b><\/h3>\n<p><i><span style=\"font-weight: 300;\">BAM VISIO cedes its place to BAM VISIO+. Discover our new model!<br \/>\n<\/span><\/i><span style=\"font-weight: 300;\">For mosquito control, choose QISTA: the simple, effective, and eco-friendly solution :\u00a0<\/span><\/p>\n<ul>\n<li><strong>\u00a0Smart trap<\/strong><\/li>\n<li><strong>Traditional and tiger mosquito control<\/strong><\/li>\n<li><strong><i><\/i>Zero toxicity<\/strong><\/li>\n<li><strong>Optimized consumables diffusion<\/strong><\/li>\n<li><strong>Mosquito counted by optical sensor<\/strong><\/li>\n<li><strong>Made in France<\/strong><\/li>\n<\/ul>\n<p>&nbsp;<\/p>\n","protected":false},"featured_media":44207,"comment_status":"closed","ping_status":"closed","template":"","meta":{"_acf_changed":false,"_mo_disable_npp":""},"product_brand":[],"product_cat":[180,177],"product_tag":[182],"class_list":{"0":"post-28706","1":"product","2":"type-product","3":"status-publish","4":"has-post-thumbnail","6":"product_cat-bam-en","7":"product_cat-bam-config-en","8":"product_tag-bam-visio","10":"first","11":"instock","12":"taxable","13":"shipping-taxable","14":"purchasable","15":"product-type-simple"},"acf":[],"yoast_head":"<!-- This site is optimized with the Yoast SEO plugin v25.3 - https:\/\/yoast.com\/wordpress\/plugins\/seo\/ -->\n<title>BAM VISIO - Borne antimoustique connect\u00e9e - Qista<\/title>\n<meta name=\"description\" content=\"Programmable et contr\u00f4lable \u00e0 distance gr\u00e2ce \u00e0 son application pour smartphone, la BAM VISIO+ de Qista adapte son fonctionnement pour vous prot\u00e9ger au mieux des moustiques.\" \/>\n<meta name=\"robots\" content=\"noindex, nofollow\" \/>\n<meta property=\"og:locale\" content=\"en_US\" \/>\n<meta property=\"og:type\" content=\"article\" \/>\n<meta property=\"og:title\" content=\"BAM VISIO - Borne antimoustique connect\u00e9e - Qista\" \/>\n<meta property=\"og:description\" content=\"Programmable et contr\u00f4lable \u00e0 distance gr\u00e2ce \u00e0 son application pour smartphone, la BAM VISIO+ de Qista adapte son fonctionnement pour vous prot\u00e9ger au mieux des moustiques.\" \/>\n<meta property=\"og:url\" content=\"https:\/\/qista.com\/en\/boutique\/bam-visio-2\/\" \/>\n<meta property=\"og:site_name\" content=\"Qista.com\" \/>\n<meta property=\"article:modified_time\" content=\"2024-06-02T18:40:58+00:00\" \/>\n<meta property=\"og:image\" content=\"https:\/\/qista.com\/wp-content\/uploads\/2025\/07\/PACKSHOT-NL-Bam-Optima-3_4-blanc.png\" \/>\n\t<meta property=\"og:image:width\" content=\"500\" \/>\n\t<meta property=\"og:image:height\" content=\"667\" \/>\n\t<meta property=\"og:image:type\" content=\"image\/png\" \/>\n<meta name=\"twitter:card\" content=\"summary_large_image\" \/>\n<script type=\"application\/ld+json\" class=\"yoast-schema-graph\">{\"@context\":\"https:\/\/schema.org\",\"@graph\":[{\"@type\":\"WebPage\",\"@id\":\"https:\/\/qista.com\/en\/boutique\/bam-visio-2\/\",\"url\":\"https:\/\/qista.com\/en\/boutique\/bam-visio-2\/\",\"name\":\"BAM VISIO - Borne antimoustique connect\u00e9e - Qista\",\"isPartOf\":{\"@id\":\"https:\/\/qista.com\/en\/#website\"},\"primaryImageOfPage\":{\"@id\":\"https:\/\/qista.com\/en\/boutique\/bam-visio-2\/#primaryimage\"},\"image\":{\"@id\":\"https:\/\/qista.com\/en\/boutique\/bam-visio-2\/#primaryimage\"},\"thumbnailUrl\":\"https:\/\/qista.com\/wp-content\/uploads\/2025\/07\/PACKSHOT-NL-Bam-Optima-3_4-blanc.png\",\"datePublished\":\"2023-01-14T15:37:54+00:00\",\"dateModified\":\"2024-06-02T18:40:58+00:00\",\"description\":\"Programmable et contr\u00f4lable \u00e0 distance gr\u00e2ce \u00e0 son application pour smartphone, la BAM VISIO+ de Qista adapte son fonctionnement pour vous prot\u00e9ger au mieux des moustiques.\",\"breadcrumb\":{\"@id\":\"https:\/\/qista.com\/en\/boutique\/bam-visio-2\/#breadcrumb\"},\"inLanguage\":\"en-US\",\"potentialAction\":[{\"@type\":\"ReadAction\",\"target\":[\"https:\/\/qista.com\/en\/boutique\/bam-visio-2\/\"]}]},{\"@type\":\"ImageObject\",\"inLanguage\":\"en-US\",\"@id\":\"https:\/\/qista.com\/en\/boutique\/bam-visio-2\/#primaryimage\",\"url\":\"https:\/\/qista.com\/wp-content\/uploads\/2025\/07\/PACKSHOT-NL-Bam-Optima-3_4-blanc.png\",\"contentUrl\":\"https:\/\/qista.com\/wp-content\/uploads\/2025\/07\/PACKSHOT-NL-Bam-Optima-3_4-blanc.png\",\"width\":500,\"height\":667,\"caption\":\"Borne anti moustiques Optima Qista\"},{\"@type\":\"BreadcrumbList\",\"@id\":\"https:\/\/qista.com\/en\/boutique\/bam-visio-2\/#breadcrumb\",\"itemListElement\":[{\"@type\":\"ListItem\",\"position\":1,\"name\":\"Home\",\"item\":\"https:\/\/qista.com\/en\/\"},{\"@type\":\"ListItem\",\"position\":2,\"name\":\"Bam Visio +\"}]},{\"@type\":\"WebSite\",\"@id\":\"https:\/\/qista.com\/en\/#website\",\"url\":\"https:\/\/qista.com\/en\/\",\"name\":\"QISTA\",\"description\":\"L&#039;aspiration MosqiVortex 788\",\"publisher\":{\"@id\":\"https:\/\/qista.com\/en\/#organization\"},\"potentialAction\":[{\"@type\":\"SearchAction\",\"target\":{\"@type\":\"EntryPoint\",\"urlTemplate\":\"https:\/\/qista.com\/en\/?s={search_term_string}\"},\"query-input\":{\"@type\":\"PropertyValueSpecification\",\"valueRequired\":true,\"valueName\":\"search_term_string\"}}],\"inLanguage\":\"en-US\"},{\"@type\":\"Organization\",\"@id\":\"https:\/\/qista.com\/en\/#organization\",\"name\":\"QISTA\",\"url\":\"https:\/\/qista.com\/en\/\",\"logo\":{\"@type\":\"ImageObject\",\"inLanguage\":\"en-US\",\"@id\":\"https:\/\/qista.com\/en\/#\/schema\/logo\/image\/\",\"url\":\"https:\/\/qista.com\/wp-content\/uploads\/2023\/03\/LogoB_Qista_MosqiVortex.webp\",\"contentUrl\":\"https:\/\/qista.com\/wp-content\/uploads\/2023\/03\/LogoB_Qista_MosqiVortex.webp\",\"width\":537,\"height\":164,\"caption\":\"QISTA\"},\"image\":{\"@id\":\"https:\/\/qista.com\/en\/#\/schema\/logo\/image\/\"}}]}<\/script>\n<!-- \/ Yoast SEO plugin. -->","yoast_head_json":{"title":"BAM VISIO - Borne antimoustique connect\u00e9e - Qista","description":"Programmable et contr\u00f4lable \u00e0 distance gr\u00e2ce \u00e0 son application pour smartphone, la BAM VISIO+ de Qista adapte son fonctionnement pour vous prot\u00e9ger au mieux des moustiques.","robots":{"index":"noindex","follow":"nofollow"},"og_locale":"en_US","og_type":"article","og_title":"BAM VISIO - Borne antimoustique connect\u00e9e - Qista","og_description":"Programmable et contr\u00f4lable \u00e0 distance gr\u00e2ce \u00e0 son application pour smartphone, la BAM VISIO+ de Qista adapte son fonctionnement pour vous prot\u00e9ger au mieux des moustiques.","og_url":"https:\/\/qista.com\/en\/boutique\/bam-visio-2\/","og_site_name":"Qista.com","article_modified_time":"2024-06-02T18:40:58+00:00","og_image":[{"width":500,"height":667,"url":"https:\/\/qista.com\/wp-content\/uploads\/2025\/07\/PACKSHOT-NL-Bam-Optima-3_4-blanc.png","type":"image\/png"}],"twitter_card":"summary_large_image","schema":{"@context":"https:\/\/schema.org","@graph":[{"@type":"WebPage","@id":"https:\/\/qista.com\/en\/boutique\/bam-visio-2\/","url":"https:\/\/qista.com\/en\/boutique\/bam-visio-2\/","name":"BAM VISIO - Borne antimoustique connect\u00e9e - Qista","isPartOf":{"@id":"https:\/\/qista.com\/en\/#website"},"primaryImageOfPage":{"@id":"https:\/\/qista.com\/en\/boutique\/bam-visio-2\/#primaryimage"},"image":{"@id":"https:\/\/qista.com\/en\/boutique\/bam-visio-2\/#primaryimage"},"thumbnailUrl":"https:\/\/qista.com\/wp-content\/uploads\/2025\/07\/PACKSHOT-NL-Bam-Optima-3_4-blanc.png","datePublished":"2023-01-14T15:37:54+00:00","dateModified":"2024-06-02T18:40:58+00:00","description":"Programmable et contr\u00f4lable \u00e0 distance gr\u00e2ce \u00e0 son application pour smartphone, la BAM VISIO+ de Qista adapte son fonctionnement pour vous prot\u00e9ger au mieux des moustiques.","breadcrumb":{"@id":"https:\/\/qista.com\/en\/boutique\/bam-visio-2\/#breadcrumb"},"inLanguage":"en-US","potentialAction":[{"@type":"ReadAction","target":["https:\/\/qista.com\/en\/boutique\/bam-visio-2\/"]}]},{"@type":"ImageObject","inLanguage":"en-US","@id":"https:\/\/qista.com\/en\/boutique\/bam-visio-2\/#primaryimage","url":"https:\/\/qista.com\/wp-content\/uploads\/2025\/07\/PACKSHOT-NL-Bam-Optima-3_4-blanc.png","contentUrl":"https:\/\/qista.com\/wp-content\/uploads\/2025\/07\/PACKSHOT-NL-Bam-Optima-3_4-blanc.png","width":500,"height":667,"caption":"Borne anti moustiques Optima Qista"},{"@type":"BreadcrumbList","@id":"https:\/\/qista.com\/en\/boutique\/bam-visio-2\/#breadcrumb","itemListElement":[{"@type":"ListItem","position":1,"name":"Home","item":"https:\/\/qista.com\/en\/"},{"@type":"ListItem","position":2,"name":"Bam Visio +"}]},{"@type":"WebSite","@id":"https:\/\/qista.com\/en\/#website","url":"https:\/\/qista.com\/en\/","name":"QISTA","description":"L&#039;aspiration MosqiVortex 788","publisher":{"@id":"https:\/\/qista.com\/en\/#organization"},"potentialAction":[{"@type":"SearchAction","target":{"@type":"EntryPoint","urlTemplate":"https:\/\/qista.com\/en\/?s={search_term_string}"},"query-input":{"@type":"PropertyValueSpecification","valueRequired":true,"valueName":"search_term_string"}}],"inLanguage":"en-US"},{"@type":"Organization","@id":"https:\/\/qista.com\/en\/#organization","name":"QISTA","url":"https:\/\/qista.com\/en\/","logo":{"@type":"ImageObject","inLanguage":"en-US","@id":"https:\/\/qista.com\/en\/#\/schema\/logo\/image\/","url":"https:\/\/qista.com\/wp-content\/uploads\/2023\/03\/LogoB_Qista_MosqiVortex.webp","contentUrl":"https:\/\/qista.com\/wp-content\/uploads\/2023\/03\/LogoB_Qista_MosqiVortex.webp","width":537,"height":164,"caption":"QISTA"},"image":{"@id":"https:\/\/qista.com\/en\/#\/schema\/logo\/image\/"}}]}},"_links":{"self":[{"href":"https:\/\/qista.com\/en\/wp-json\/wp\/v2\/product\/28706","targetHints":{"allow":["GET"]}}],"collection":[{"href":"https:\/\/qista.com\/en\/wp-json\/wp\/v2\/product"}],"about":[{"href":"https:\/\/qista.com\/en\/wp-json\/wp\/v2\/types\/product"}],"replies":[{"embeddable":true,"href":"https:\/\/qista.com\/en\/wp-json\/wp\/v2\/comments?post=28706"}],"version-history":[{"count":0,"href":"https:\/\/qista.com\/en\/wp-json\/wp\/v2\/product\/28706\/revisions"}],"wp:featuredmedia":[{"embeddable":true,"href":"https:\/\/qista.com\/en\/wp-json\/wp\/v2\/media\/44207"}],"wp:attachment":[{"href":"https:\/\/qista.com\/en\/wp-json\/wp\/v2\/media?parent=28706"}],"wp:term":[{"taxonomy":"product_brand","embeddable":true,"href":"https:\/\/qista.com\/en\/wp-json\/wp\/v2\/product_brand?post=28706"},{"taxonomy":"product_cat","embeddable":true,"href":"https:\/\/qista.com\/en\/wp-json\/wp\/v2\/product_cat?post=28706"},{"taxonomy":"product_tag","embeddable":true,"href":"https:\/\/qista.com\/en\/wp-json\/wp\/v2\/product_tag?post=28706"}],"curies":[{"name":"wp","href":"https:\/\/api.w.org\/{rel}","templated":true}]}}